{"id":4419,"date":"2014-08-22T11:28:30","date_gmt":"2014-08-22T11:28:30","guid":{"rendered":"https:\/\/www.molloparc.com\/regala-mollo-parc-2\/"},"modified":"2017-11-28T09:56:43","modified_gmt":"2017-11-28T09:56:43","slug":"gift-mollo-parc","status":"publish","type":"page","link":"https:\/\/www.molloparc.com\/en\/gift-mollo-parc\/","title":{"rendered":"Gift Moll\u00f3 Parc"},"content":{"rendered":"<h1>This Christmas, gift Moll\u00f3 Parc!<\/h1>\n<p>Would you like to make a gisfft to surprise \u00a0who receives\u00a0it?<br \/>\nGIFT MOLL\u00d3 PARC<\/p>\n<p>From\u00a0Moll\u00f3 Parc\u00a0we present you \u00a0two gift\u00a0cards \u00a0that we \u00a0can prepare for your:<\/p>\n<ul>\n<li>Moll\u00f3 Parc animals<\/li>\n<li>Moll\u00f3 Parc animals+<a href=\"http:\/\/www.molloparcaventura.com\" target=\"_blank\" rel=\"noopener\">Moll\u00f3 Parc Aventura<\/a><\/li>\n<\/ul>\n<p>To make it only you have to fill in the following form and in a maximum of 7 days we will send you your gift letter.<\/p>\n<div class=\"wpcf7 no-js\" id=\"wpcf7-f4869-o1\" lang=\"ca\" dir=\"ltr\">\n<div class=\"screen-reader-response\"><p role=\"status\" aria-live=\"polite\" aria-atomic=\"true\"><\/p> <ul><\/ul><\/div>\n<form action=\"\/en\/wp-json\/wp\/v2\/pages\/4419#wpcf7-f4869-o1\" method=\"post\" class=\"wpcf7-form init\" aria-label=\"Formulari de contacte\" novalidate=\"novalidate\" data-status=\"init\">\n<div style=\"display: none;\">\n<input type=\"hidden\" name=\"_wpcf7\" value=\"4869\" \/>\n<input type=\"hidden\" name=\"_wpcf7_version\" value=\"5.7.2\" \/>\n<input type=\"hidden\" name=\"_wpcf7_locale\" value=\"ca\" \/>\n<input type=\"hidden\" name=\"_wpcf7_unit_tag\" value=\"wpcf7-f4869-o1\" \/>\n<input type=\"hidden\" name=\"_wpcf7_container_post\" value=\"0\" \/>\n<input type=\"hidden\" name=\"_wpcf7_posted_data_hash\" value=\"\" \/>\n<input type=\"hidden\" name=\"_wpcf7_recaptcha_response\" value=\"\" \/>\n<\/div>\n<p><label> Receiver's name<br \/>\n<span class=\"wpcf7-form-control-wrap\" data-name=\"Nombredelreceptor\"><input size=\"40\" class=\"wpcf7-form-control wpcf7-text\" aria-invalid=\"false\" value=\"\" type=\"text\" name=\"Nombredelreceptor\" \/><\/span><\/label>\n<\/p>\n<p><label> Name of that one who makes the gift (obligated)<br \/>\n<span class=\"wpcf7-form-control-wrap\" data-name=\"your-name\"><input size=\"40\" class=\"wpcf7-form-control wpcf7-text wpcf7-validates-as-required\" aria-required=\"true\" aria-invalid=\"false\" value=\"\" type=\"text\" name=\"your-name\" \/><\/span> <\/label>\n<\/p>\n<p><label> Cantact mail(obligatorio)<br \/>\n<span class=\"wpcf7-form-control-wrap\" data-name=\"your-email\"><input size=\"40\" class=\"wpcf7-form-control wpcf7-text wpcf7-email wpcf7-validates-as-required wpcf7-validates-as-email\" aria-required=\"true\" aria-invalid=\"false\" value=\"\" type=\"email\" name=\"your-email\" \/><\/span> <\/label>\n<\/p>\n<p><label> Number of adult tickets for the PARK OF ANIMALS (from 14 to 64 years)<br \/>\n<span class=\"wpcf7-form-control-wrap\" data-name=\"Numentradasadulto\"><input size=\"40\" class=\"wpcf7-form-control wpcf7-text\" aria-invalid=\"false\" value=\"\" type=\"text\" name=\"Numentradasadulto\" \/><\/span><\/label>\n<\/p>\n<p><label> Number of children tickets for the PARK OF ANIMALS (from 3 to 13 years.Children under 3 years free entry)<br \/>\n<span class=\"wpcf7-form-control-wrap\" data-name=\"Numentradasmenor\"><input size=\"40\" class=\"wpcf7-form-control wpcf7-text\" aria-invalid=\"false\" value=\"\" type=\"text\" name=\"Numentradasmenor\" \/><\/span><\/label>\n<\/p>\n<p><label> Visa number (obligated)<br \/>\n<span class=\"wpcf7-form-control-wrap\" data-name=\"Numvisa\"><input size=\"40\" class=\"wpcf7-form-control wpcf7-text\" aria-invalid=\"false\" value=\"\" type=\"text\" name=\"Numvisa\" \/><\/span><\/label>\n<\/p>\n<p><label> Expiration date (obligated)<br \/>\n<span class=\"wpcf7-form-control-wrap\" data-name=\"fechacaducidad\"><input size=\"40\" class=\"wpcf7-form-control wpcf7-text\" aria-invalid=\"false\" value=\"\" type=\"text\" name=\"fechacaducidad\" \/><\/span><\/label>\n<\/p>\n<p>WOULD YOU LIKE TO ADD TIQUETS FOR THE ADVENTURE PARK?\n<\/p>\n<p><label>Number of Tickets of the SMALL CHILD circuit<br \/>\n<span class=\"wpcf7-form-control-wrap\" data-name=\"EntradasPetitInfantil\"><input size=\"40\" class=\"wpcf7-form-control wpcf7-text\" aria-invalid=\"false\" value=\"\" type=\"text\" name=\"EntradasPetitInfantil\" \/><\/span><\/label>\n<\/p>\n<p><label>NNumber of Tickets of the CHILD circuit<br \/>\n<span class=\"wpcf7-form-control-wrap\" data-name=\"EntradasInfantil\"><input size=\"40\" class=\"wpcf7-form-control wpcf7-text\" aria-invalid=\"false\" value=\"\" type=\"text\" name=\"EntradasInfantil\" \/><\/span><\/label>\n<\/p>\n<p><label>Number of Tickets of the BLUE circuit<br \/>\n<span class=\"wpcf7-form-control-wrap\" data-name=\"EntradasAzul\"><input size=\"40\" class=\"wpcf7-form-control wpcf7-text\" aria-invalid=\"false\" value=\"\" type=\"text\" name=\"EntradasAzul\" \/><\/span><\/label>\n<\/p>\n<p><label>Number of Tickets of the RED circuit (INCLUDING BLUE)<br \/>\n<span class=\"wpcf7-form-control-wrap\" data-name=\"EntradasRojo\"><input size=\"40\" class=\"wpcf7-form-control wpcf7-text\" aria-invalid=\"false\" value=\"\" type=\"text\" name=\"EntradasRojo\" \/><\/span><\/label>\n<\/p>\n<p><label>Comments<br \/>\n<span class=\"wpcf7-form-control-wrap\" data-name=\"Comentarios\"><textarea cols=\"40\" rows=\"10\" class=\"wpcf7-form-control wpcf7-textarea\" aria-invalid=\"false\" name=\"Comentarios\"><\/textarea><\/span><\/label>\n<\/p>\n<p>Verifiation code\n<\/p>\n\n<p><input class=\"wpcf7-form-control has-spinner wpcf7-submit\" type=\"submit\" value=\"Send\" \/>\n<\/p><div class=\"wpcf7-response-output\" aria-hidden=\"true\"><\/div><\/form><\/div>\n","protected":false},"excerpt":{"rendered":"<p>This Christmas, gift Moll\u00f3 Parc! Would you like to make a gisfft to surprise \u00a0who receives\u00a0it? GIFT MOLL\u00d3 PARC From\u00a0Moll\u00f3 Parc\u00a0we present you \u00a0two gift\u00a0cards \u00a0that we \u00a0can prepare for your: Moll\u00f3 Parc animals Moll\u00f3 Parc animals+Moll\u00f3 Parc Aventura To make it only you have to fill in the following form and in a maximum [&hellip;]<\/p>\n","protected":false},"author":2,"featured_media":0,"parent":0,"menu_order":0,"comment_status":"open","ping_status":"closed","template":"","meta":{"ngg_post_thumbnail":0},"yoast_head":"<!-- This site is optimized with the Yoast SEO plugin v19.13 - https:\/\/yoast.com\/wordpress\/plugins\/seo\/ -->\n<title>Gift Moll\u00f3 Parc - Moll\u00f3 Parc<\/title>\n<meta name=\"robots\" content=\"index, follow, max-snippet:-1, max-image-preview:large, max-video-preview:-1\" \/>\n<link rel=\"canonical\" href=\"https:\/\/www.molloparc.com\/en\/gift-mollo-parc\/\" \/>\n<meta property=\"og:locale\" content=\"en_US\" \/>\n<meta property=\"og:type\" content=\"article\" \/>\n<meta property=\"og:title\" content=\"Gift Moll\u00f3 Parc - Moll\u00f3 Parc\" \/>\n<meta property=\"og:description\" content=\"This Christmas, gift Moll\u00f3 Parc! Would you like to make a gisfft to surprise \u00a0who receives\u00a0it? GIFT MOLL\u00d3 PARC From\u00a0Moll\u00f3 Parc\u00a0we present you \u00a0two gift\u00a0cards \u00a0that we \u00a0can prepare for your: Moll\u00f3 Parc animals Moll\u00f3 Parc animals+Moll\u00f3 Parc Aventura To make it only you have to fill in the following form and in a maximum [&hellip;]\" \/>\n<meta property=\"og:url\" content=\"https:\/\/www.molloparc.com\/en\/gift-mollo-parc\/\" \/>\n<meta property=\"og:site_name\" content=\"Moll\u00f3 Parc\" \/>\n<meta property=\"article:modified_time\" content=\"2017-11-28T09:56:43+00:00\" \/>\n<meta name=\"twitter:card\" content=\"summary_large_image\" \/>\n<script type=\"application\/ld+json\" class=\"yoast-schema-graph\">{\"@context\":\"https:\/\/schema.org\",\"@graph\":[{\"@type\":\"WebPage\",\"@id\":\"https:\/\/www.molloparc.com\/en\/gift-mollo-parc\/\",\"url\":\"https:\/\/www.molloparc.com\/en\/gift-mollo-parc\/\",\"name\":\"Gift Moll\u00f3 Parc - Moll\u00f3 Parc\",\"isPartOf\":{\"@id\":\"https:\/\/www.molloparc.com\/#website\"},\"datePublished\":\"2014-08-22T11:28:30+00:00\",\"dateModified\":\"2017-11-28T09:56:43+00:00\",\"breadcrumb\":{\"@id\":\"https:\/\/www.molloparc.com\/en\/gift-mollo-parc\/#breadcrumb\"},\"inLanguage\":\"en-US\",\"potentialAction\":[{\"@type\":\"ReadAction\",\"target\":[\"https:\/\/www.molloparc.com\/en\/gift-mollo-parc\/\"]}]},{\"@type\":\"BreadcrumbList\",\"@id\":\"https:\/\/www.molloparc.com\/en\/gift-mollo-parc\/#breadcrumb\",\"itemListElement\":[{\"@type\":\"ListItem\",\"position\":1,\"name\":\"Inici\",\"item\":\"https:\/\/www.molloparc.com\/en\/\"},{\"@type\":\"ListItem\",\"position\":2,\"name\":\"Gift Moll\u00f3 Parc\"}]},{\"@type\":\"WebSite\",\"@id\":\"https:\/\/www.molloparc.com\/#website\",\"url\":\"https:\/\/www.molloparc.com\/\",\"name\":\"Moll\u00f3 Parc\",\"description\":\"Parc d&#039;animals dels Prineus a la Vall de Camprodon\",\"potentialAction\":[{\"@type\":\"SearchAction\",\"target\":{\"@type\":\"EntryPoint\",\"urlTemplate\":\"https:\/\/www.molloparc.com\/?s={search_term_string}\"},\"query-input\":\"required name=search_term_string\"}],\"inLanguage\":\"en-US\"}]}<\/script>\n<!-- \/ Yoast SEO plugin. -->","yoast_head_json":{"title":"Gift Moll\u00f3 Parc - Moll\u00f3 Parc","robots":{"index":"index","follow":"follow","max-snippet":"max-snippet:-1","max-image-preview":"max-image-preview:large","max-video-preview":"max-video-preview:-1"},"canonical":"https:\/\/www.molloparc.com\/en\/gift-mollo-parc\/","og_locale":"en_US","og_type":"article","og_title":"Gift Moll\u00f3 Parc - Moll\u00f3 Parc","og_description":"This Christmas, gift Moll\u00f3 Parc! Would you like to make a gisfft to surprise \u00a0who receives\u00a0it? GIFT MOLL\u00d3 PARC From\u00a0Moll\u00f3 Parc\u00a0we present you \u00a0two gift\u00a0cards \u00a0that we \u00a0can prepare for your: Moll\u00f3 Parc animals Moll\u00f3 Parc animals+Moll\u00f3 Parc Aventura To make it only you have to fill in the following form and in a maximum [&hellip;]","og_url":"https:\/\/www.molloparc.com\/en\/gift-mollo-parc\/","og_site_name":"Moll\u00f3 Parc","article_modified_time":"2017-11-28T09:56:43+00:00","twitter_card":"summary_large_image","schema":{"@context":"https:\/\/schema.org","@graph":[{"@type":"WebPage","@id":"https:\/\/www.molloparc.com\/en\/gift-mollo-parc\/","url":"https:\/\/www.molloparc.com\/en\/gift-mollo-parc\/","name":"Gift Moll\u00f3 Parc - Moll\u00f3 Parc","isPartOf":{"@id":"https:\/\/www.molloparc.com\/#website"},"datePublished":"2014-08-22T11:28:30+00:00","dateModified":"2017-11-28T09:56:43+00:00","breadcrumb":{"@id":"https:\/\/www.molloparc.com\/en\/gift-mollo-parc\/#breadcrumb"},"inLanguage":"en-US","potentialAction":[{"@type":"ReadAction","target":["https:\/\/www.molloparc.com\/en\/gift-mollo-parc\/"]}]},{"@type":"BreadcrumbList","@id":"https:\/\/www.molloparc.com\/en\/gift-mollo-parc\/#breadcrumb","itemListElement":[{"@type":"ListItem","position":1,"name":"Inici","item":"https:\/\/www.molloparc.com\/en\/"},{"@type":"ListItem","position":2,"name":"Gift Moll\u00f3 Parc"}]},{"@type":"WebSite","@id":"https:\/\/www.molloparc.com\/#website","url":"https:\/\/www.molloparc.com\/","name":"Moll\u00f3 Parc","description":"Parc d&#039;animals dels Prineus a la Vall de Camprodon","potentialAction":[{"@type":"SearchAction","target":{"@type":"EntryPoint","urlTemplate":"https:\/\/www.molloparc.com\/?s={search_term_string}"},"query-input":"required name=search_term_string"}],"inLanguage":"en-US"}]}},"_links":{"self":[{"href":"https:\/\/www.molloparc.com\/en\/wp-json\/wp\/v2\/pages\/4419"}],"collection":[{"href":"https:\/\/www.molloparc.com\/en\/wp-json\/wp\/v2\/pages"}],"about":[{"href":"https:\/\/www.molloparc.com\/en\/wp-json\/wp\/v2\/types\/page"}],"author":[{"embeddable":true,"href":"https:\/\/www.molloparc.com\/en\/wp-json\/wp\/v2\/users\/2"}],"replies":[{"embeddable":true,"href":"https:\/\/www.molloparc.com\/en\/wp-json\/wp\/v2\/comments?post=4419"}],"version-history":[{"count":3,"href":"https:\/\/www.molloparc.com\/en\/wp-json\/wp\/v2\/pages\/4419\/revisions"}],"predecessor-version":[{"id":4900,"href":"https:\/\/www.molloparc.com\/en\/wp-json\/wp\/v2\/pages\/4419\/revisions\/4900"}],"wp:attachment":[{"href":"https:\/\/www.molloparc.com\/en\/wp-json\/wp\/v2\/media?parent=4419"}],"curies":[{"name":"wp","href":"https:\/\/api.w.org\/{rel}","templated":true}]}}