{"id":4424,"date":"2015-03-25T12:10:18","date_gmt":"2015-03-25T12:10:18","guid":{"rendered":"https:\/\/www.molloparc.com\/es-mollo-parc-2\/"},"modified":"2017-01-03T12:45:17","modified_gmt":"2017-01-03T12:45:17","slug":"es-mollo-parc","status":"publish","type":"page","link":"https:\/\/www.molloparc.com\/en\/es-mollo-parc\/","title":{"rendered":"Where is Moll\u00f3 Parc?"},"content":{"rendered":"<p><strong>WHERE IS MOLL\u00d3?<\/strong><\/p>\n<p><a title=\"Com arribar a Moll\u00f3 Parc\" href=\"https:\/\/www.google.es\/maps\/dir\/\/Moll%C3%B3+Parc,+Moll%C3%B3,+Girona\/@42.3526853,2.3319615,12z\/data=!3m1!4b1!4m8!4m7!1m0!1m5!1m1!1s0x12a54d941f5779cd:0x3c2ae5d4bcec54dd!2m2!1d2.405779!2d42.352709?hl=es\"><img decoding=\"async\" loading=\"lazy\" class=\"alignright\" alt=\"situacio-mollo-parc\" src=\"https:\/\/www.molloparc.com\/wp-content\/uploads\/2015\/03\/situacio-mollo-parc-300x285.jpg\" width=\"250\" height=\"285\" \/><\/a>Moll\u00f3 BLEONGS to Girona&#8217;s \u00a0province, in Ripoll\u00e8s region, situated in \u00a0the \u00a0Camprodon&#8217;s Valley.<\/p>\n<ul>\n<li>From Barcelona: 1h i 50 min<\/li>\n<li>From\u00a0Girona:\u00a01h i 17 min<\/li>\n<li>From Vic 59 min.<\/li>\n<li>FromCamprodon:9 min.<\/li>\n<\/ul>\n<p><a href=\"https:\/\/www.google.es\/maps\/place\/Moll%C3%B3+Parc\/@42.3527129,2.4035849,412m\/data=!3m1!1e3!4m2!3m1!1s0x12a54d941f5779cd:0x3c2ae5d4bcec54dd?hl=es\">Coordinats \u00a0GPS\u00a0<\/a><\/p>\n<p>If you entered the aquest enlla\u00e7 conu\u00e9\u00e9 the distance and l&#8217;estona of the vostre viatge:<\/p>\n<p><a style=\"line-height: 1.5em;\" href=\"https:\/\/www.google.es\/maps\/dir\/\/Moll%C3%B3+Parc,+Moll%C3%B3,+Girona\/@42.3526853,2.3319615,12z\/data=!3m1!4b1!4m8!4m7!1m0!1m5!1m1!1s0x12a54d941f5779cd:0x3c2ae5d4bcec54dd!2m2!1d2.405779!2d42.352709?hl=es\" target=\"_blank\">How to arribe? (Google Maps)<\/a><\/p>\n<p style=\"text-align: left;\"><small>See\u00a0<a href=\"http:\/\/maps.google.com\/maps\/ms?ie=UTF8&amp;hl=es&amp;msa=0&amp;msid=201266675413093782408.00047f54e058f7590e93e&amp;ll=42.22445,2.114868&amp;spn=2.64402,3.510132&amp;z=8&amp;source=embed\">Moll\u00f3 Parc<\/a> in a bigger map<\/small><br \/>\n<a href=\"https:\/\/www.google.es\/maps\/dir\/\/Moll%C3%B3+Parc,+Moll%C3%B3,+Girona\/@42.3526853,2.3319615,12z\/data=!3m1!4b1!4m8!4m7!1m0!1m5!1m1!1s0x12a54d941f5779cd:0x3c2ae5d4bcec54dd!2m2!1d2.405779!2d42.352709?hl=es\" target=\"_blank\"><iframe loading=\"lazy\" src=\"http:\/\/maps.google.com\/maps\/ms?ie=UTF8&amp;hl=es&amp;msa=0&amp;msid=201266675413093782408.00047f54e058f7590e93e&amp;ll=42.22445,2.114868&amp;spn=2.64402,3.510132&amp;z=8&amp;output=embed\" height=\"300\" width=\"570\" frameborder=\"0\" marginwidth=\"0\" marginheight=\"0\" scrolling=\"no\"><\/iframe><\/a><br \/>\n<small><\/small><small><\/small><\/p>\n","protected":false},"excerpt":{"rendered":"<p>WHERE IS MOLL\u00d3? Moll\u00f3 BLEONGS to Girona&#8217;s \u00a0province, in Ripoll\u00e8s region, situated in \u00a0the \u00a0Camprodon&#8217;s Valley. From Barcelona: 1h i 50 min From\u00a0Girona:\u00a01h i 17 min From Vic 59 min. FromCamprodon:9 min. Coordinats \u00a0GPS\u00a0 If you entered the aquest enlla\u00e7 conu\u00e9\u00e9 the distance and l&#8217;estona of the vostre viatge: How to arribe? (Google Maps) See\u00a0Moll\u00f3 [&hellip;]<\/p>\n","protected":false},"author":2,"featured_media":0,"parent":0,"menu_order":0,"comment_status":"open","ping_status":"closed","template":"","meta":{"ngg_post_thumbnail":0},"yoast_head":"<!-- This site is optimized with the Yoast SEO plugin v19.13 - https:\/\/yoast.com\/wordpress\/plugins\/seo\/ -->\n<title>Where is Moll\u00f3 Parc? - Moll\u00f3 Parc<\/title>\n<meta name=\"robots\" content=\"index, follow, max-snippet:-1, max-image-preview:large, max-video-preview:-1\" \/>\n<link rel=\"canonical\" href=\"https:\/\/www.molloparc.com\/en\/es-mollo-parc\/\" \/>\n<meta property=\"og:locale\" content=\"en_US\" \/>\n<meta property=\"og:type\" content=\"article\" \/>\n<meta property=\"og:title\" content=\"Where is Moll\u00f3 Parc? - Moll\u00f3 Parc\" \/>\n<meta property=\"og:description\" content=\"WHERE IS MOLL\u00d3? Moll\u00f3 BLEONGS to Girona&#8217;s \u00a0province, in Ripoll\u00e8s region, situated in \u00a0the \u00a0Camprodon&#8217;s Valley. From Barcelona: 1h i 50 min From\u00a0Girona:\u00a01h i 17 min From Vic 59 min. FromCamprodon:9 min. Coordinats \u00a0GPS\u00a0 If you entered the aquest enlla\u00e7 conu\u00e9\u00e9 the distance and l&#8217;estona of the vostre viatge: How to arribe? (Google Maps) See\u00a0Moll\u00f3 [&hellip;]\" \/>\n<meta property=\"og:url\" content=\"https:\/\/www.molloparc.com\/en\/es-mollo-parc\/\" \/>\n<meta property=\"og:site_name\" content=\"Moll\u00f3 Parc\" \/>\n<meta property=\"article:modified_time\" content=\"2017-01-03T12:45:17+00:00\" \/>\n<meta property=\"og:image\" content=\"https:\/\/www.molloparc.com\/wp-content\/uploads\/2015\/03\/situacio-mollo-parc-300x285.jpg\" \/>\n<meta name=\"twitter:card\" content=\"summary_large_image\" \/>\n<script type=\"application\/ld+json\" class=\"yoast-schema-graph\">{\"@context\":\"https:\/\/schema.org\",\"@graph\":[{\"@type\":\"WebPage\",\"@id\":\"https:\/\/www.molloparc.com\/en\/es-mollo-parc\/\",\"url\":\"https:\/\/www.molloparc.com\/en\/es-mollo-parc\/\",\"name\":\"Where is Moll\u00f3 Parc? - Moll\u00f3 Parc\",\"isPartOf\":{\"@id\":\"https:\/\/www.molloparc.com\/#website\"},\"datePublished\":\"2015-03-25T12:10:18+00:00\",\"dateModified\":\"2017-01-03T12:45:17+00:00\",\"breadcrumb\":{\"@id\":\"https:\/\/www.molloparc.com\/en\/es-mollo-parc\/#breadcrumb\"},\"inLanguage\":\"en-US\",\"potentialAction\":[{\"@type\":\"ReadAction\",\"target\":[\"https:\/\/www.molloparc.com\/en\/es-mollo-parc\/\"]}]},{\"@type\":\"BreadcrumbList\",\"@id\":\"https:\/\/www.molloparc.com\/en\/es-mollo-parc\/#breadcrumb\",\"itemListElement\":[{\"@type\":\"ListItem\",\"position\":1,\"name\":\"Inici\",\"item\":\"https:\/\/www.molloparc.com\/en\/\"},{\"@type\":\"ListItem\",\"position\":2,\"name\":\"Where is Moll\u00f3 Parc?\"}]},{\"@type\":\"WebSite\",\"@id\":\"https:\/\/www.molloparc.com\/#website\",\"url\":\"https:\/\/www.molloparc.com\/\",\"name\":\"Moll\u00f3 Parc\",\"description\":\"Parc d&#039;animals dels Prineus a la Vall de Camprodon\",\"potentialAction\":[{\"@type\":\"SearchAction\",\"target\":{\"@type\":\"EntryPoint\",\"urlTemplate\":\"https:\/\/www.molloparc.com\/?s={search_term_string}\"},\"query-input\":\"required name=search_term_string\"}],\"inLanguage\":\"en-US\"}]}<\/script>\n<!-- \/ Yoast SEO plugin. -->","yoast_head_json":{"title":"Where is Moll\u00f3 Parc? - Moll\u00f3 Parc","robots":{"index":"index","follow":"follow","max-snippet":"max-snippet:-1","max-image-preview":"max-image-preview:large","max-video-preview":"max-video-preview:-1"},"canonical":"https:\/\/www.molloparc.com\/en\/es-mollo-parc\/","og_locale":"en_US","og_type":"article","og_title":"Where is Moll\u00f3 Parc? - Moll\u00f3 Parc","og_description":"WHERE IS MOLL\u00d3? Moll\u00f3 BLEONGS to Girona&#8217;s \u00a0province, in Ripoll\u00e8s region, situated in \u00a0the \u00a0Camprodon&#8217;s Valley. From Barcelona: 1h i 50 min From\u00a0Girona:\u00a01h i 17 min From Vic 59 min. FromCamprodon:9 min. Coordinats \u00a0GPS\u00a0 If you entered the aquest enlla\u00e7 conu\u00e9\u00e9 the distance and l&#8217;estona of the vostre viatge: How to arribe? (Google Maps) See\u00a0Moll\u00f3 [&hellip;]","og_url":"https:\/\/www.molloparc.com\/en\/es-mollo-parc\/","og_site_name":"Moll\u00f3 Parc","article_modified_time":"2017-01-03T12:45:17+00:00","og_image":[{"url":"https:\/\/www.molloparc.com\/wp-content\/uploads\/2015\/03\/situacio-mollo-parc-300x285.jpg"}],"twitter_card":"summary_large_image","schema":{"@context":"https:\/\/schema.org","@graph":[{"@type":"WebPage","@id":"https:\/\/www.molloparc.com\/en\/es-mollo-parc\/","url":"https:\/\/www.molloparc.com\/en\/es-mollo-parc\/","name":"Where is Moll\u00f3 Parc? - Moll\u00f3 Parc","isPartOf":{"@id":"https:\/\/www.molloparc.com\/#website"},"datePublished":"2015-03-25T12:10:18+00:00","dateModified":"2017-01-03T12:45:17+00:00","breadcrumb":{"@id":"https:\/\/www.molloparc.com\/en\/es-mollo-parc\/#breadcrumb"},"inLanguage":"en-US","potentialAction":[{"@type":"ReadAction","target":["https:\/\/www.molloparc.com\/en\/es-mollo-parc\/"]}]},{"@type":"BreadcrumbList","@id":"https:\/\/www.molloparc.com\/en\/es-mollo-parc\/#breadcrumb","itemListElement":[{"@type":"ListItem","position":1,"name":"Inici","item":"https:\/\/www.molloparc.com\/en\/"},{"@type":"ListItem","position":2,"name":"Where is Moll\u00f3 Parc?"}]},{"@type":"WebSite","@id":"https:\/\/www.molloparc.com\/#website","url":"https:\/\/www.molloparc.com\/","name":"Moll\u00f3 Parc","description":"Parc d&#039;animals dels Prineus a la Vall de Camprodon","potentialAction":[{"@type":"SearchAction","target":{"@type":"EntryPoint","urlTemplate":"https:\/\/www.molloparc.com\/?s={search_term_string}"},"query-input":"required name=search_term_string"}],"inLanguage":"en-US"}]}},"_links":{"self":[{"href":"https:\/\/www.molloparc.com\/en\/wp-json\/wp\/v2\/pages\/4424"}],"collection":[{"href":"https:\/\/www.molloparc.com\/en\/wp-json\/wp\/v2\/pages"}],"about":[{"href":"https:\/\/www.molloparc.com\/en\/wp-json\/wp\/v2\/types\/page"}],"author":[{"embeddable":true,"href":"https:\/\/www.molloparc.com\/en\/wp-json\/wp\/v2\/users\/2"}],"replies":[{"embeddable":true,"href":"https:\/\/www.molloparc.com\/en\/wp-json\/wp\/v2\/comments?post=4424"}],"version-history":[{"count":2,"href":"https:\/\/www.molloparc.com\/en\/wp-json\/wp\/v2\/pages\/4424\/revisions"}],"predecessor-version":[{"id":4426,"href":"https:\/\/www.molloparc.com\/en\/wp-json\/wp\/v2\/pages\/4424\/revisions\/4426"}],"wp:attachment":[{"href":"https:\/\/www.molloparc.com\/en\/wp-json\/wp\/v2\/media?parent=4424"}],"curies":[{"name":"wp","href":"https:\/\/api.w.org\/{rel}","templated":true}]}}