{"id":4650,"date":"2017-07-25T07:46:41","date_gmt":"2017-07-25T07:46:41","guid":{"rendered":"https:\/\/www.molloparc.com\/mapa-interactiu-2-2\/"},"modified":"2024-08-22T15:04:43","modified_gmt":"2024-08-22T15:04:43","slug":"interactive-map","status":"publish","type":"page","link":"https:\/\/www.molloparc.com\/en\/interactive-map\/","title":{"rendered":"INTERACTIVE MAP"},"content":{"rendered":"<p>&nbsp;<\/p>\n<p><img decoding=\"async\" class=\"alignnone size-full wp-image-605\" title=\"Interactive map dels animals del Moll\u00f3 Parc\" src=\"https:\/\/www.molloparc.com\/wp-content\/uploads\/2017\/04\/image003.jpg\" alt=\"Interactive map dels animals del Moll\u00f3 Parc\" usemap=\"#Map\" width=\"100%\"><\/p>\n<map id=\"Map\" name=\"Map\">\n<area alt=\"Wild cat\" coords=\"839,675,935,766\" shape=\"rect\" href=\"https:\/\/www.molloparc.com\/en\/portfolio\/wild-cat\/\">\n<area alt=\"Gall salvatge\" coords=\"746,675,839,766\" shape=\"rect\" href=\"#\">\n<area alt=\"Vulture\" coords=\"654,675,746,766\" shape=\"rect\" href=\"https:\/\/www.molloparc.com\/en\/portfolio\/vulture\/\">\n<area alt=\"Squirrel\" coords=\"567,675,654,766\" shape=\"rect\" href=\"https:\/\/www.molloparc.com\/en\/portfolio\/squirrel\/\">\n<area alt=\"The fox\" coords=\"479,675,567,766\" shape=\"rect\" href=\"https:\/\/www.molloparc.com\/en\/portfolio\/the-fox\/\">\n<area alt=\"Linx\" coords=\"391,675,479,766\" shape=\"rect\" href=\"https:\/\/www.molloparc.com\/en\/portfolio\/the-lynx\/\">\n<area alt=\"\u00c0guila reial\" coords=\"301,675,391,766\" shape=\"rect\" href=\"#\">\n<area alt=\"The boar\" coords=\"208,675,301,766\" shape=\"rect\" href=\"https:\/\/www.molloparc.com\/en\/portfolio\/the-boar\/\">\n<area alt=\"Birds of prey\" coords=\"219,504,310,592\" shape=\"rect\" href=\"https:\/\/www.molloparc.com\/en\/portfolio\/birds-of-prey\/\">\n<area alt=\"The wolf\" coords=\"803,592,895,675\" shape=\"rect\" href=\"https:\/\/www.molloparc.com\/en\/portfolio\/the-wolf\/\">\n<area alt=\"The wild goat\" coords=\"715,592,803,675\" shape=\"rect\" href=\"https:\/\/www.molloparc.com\/en\/portfolio\/the-wild-goat\/\">\n<area alt=\"The fallow deer\" coords=\"624,592,715,675\" shape=\"rect\" href=\"https:\/\/www.molloparc.com\/en\/portfolio\/the-fallow-deer\/\">\n<area alt=\"The otter\" coords=\"531,592,625,675\" shape=\"rect\" href=\"https:\/\/www.molloparc.com\/en\/portfolio\/les-lludries\/\">\n<area alt=\"The red deer\" coords=\"442,592,531,675\" shape=\"rect\" href=\"https:\/\/www.molloparc.com\/en\/portfolio\/the-red-deer\/\">\n<area alt=\"The chamois\" coords=\"350,592,442,675\" shape=\"rect\" href=\"https:\/\/www.molloparc.com\/en\/portfolio\/the-chamois\/\">\n<area alt=\"The marmots\" coords=\"846,504,938,592\" shape=\"rect\" href=\"https:\/\/www.molloparc.com\/en\/portfolio\/the-marmots\/\">\n<area alt=\"The roe deer\" coords=\"756,504,846,592\" shape=\"rect\" href=\"https:\/\/www.molloparc.com\/en\/portfolio\/the-roe-deer\/\">\n<area alt=\"Brown bear\" coords=\"667,504,756,592\" shape=\"rect\" href=\"https:\/\/www.molloparc.com\/en\/portfolio\/brown-bear\/\">\n<area alt=\"Night birds\" coords=\"580,504,667,592\" shape=\"rect\" href=\"https:\/\/www.molloparc.com\/en\/portfolio\/night-birds\/\">\n<area alt=\"Pony\" coords=\"490,504,580,592\" shape=\"rect\" href=\"https:\/\/www.molloparc.com\/en\/the-farm\/\">\n<area alt=\"The farm\" coords=\"400,504,490,592\" shape=\"rect\" href=\"https:\/\/www.molloparc.com\/en\/the-farm\/\">\n<area alt=\"The genet\" coords=\"310,504,400,592\" shape=\"rect\" href=\"https:\/\/www.molloparc.com\/en\/portfolio\/the-genet\/\">\n<area alt=\"The moflons\" coords=\"257,592,350,675\" shape=\"rect\" href=\"https:\/\/www.molloparc.com\/en\/portfolio\/the-moflons\/\">\n <\/map>\n<div class=\"magaziner-column magaziner-one-third magaziner-column-first \">\n<ul class=\"mapa-list\">\n<li><a href=\"https:\/\/www.molloparc.com\/en\/portfolio\/birds-of-prey\/\"><span class=\"num10\">1<\/span> Birds of prey<\/a><\/li>\n<li><a href=\"https:\/\/www.molloparc.com\/en\/portfolio\/the-genet\/\"><span class=\"num10\">2<\/span> The genet<\/a><\/li>\n<li><a href=\"https:\/\/www.molloparc.com\/en\/the-farm\/\"><span class=\"num10\">3<\/span> The farm<\/a><\/li>\n<li><a href=\"https:\/\/www.molloparc.com\/en\/the-farm\/\"><span class=\"num10\">4<\/span> Pony<\/a><\/li>\n<li><a href=\"https:\/\/www.molloparc.com\/en\/portfolio\/night-birds\/\"><span class=\"num10\">5<\/span> Night birds<\/a><\/li>\n<li><a href=\"https:\/\/www.molloparc.com\/en\/portfolio\/brown-bear\/\"><span class=\"num10\">6<\/span> Brown bear<\/a><\/li>\n<li><a href=\"https:\/\/www.molloparc.com\/en\/portfolio\/the-roe-deer\/\"><span class=\"num10\">7<\/span> The roe deer<\/a><\/li>\n<li><a href=\"https:\/\/www.molloparc.com\/en\/portfolio\/the-marmots\/\"><span class=\"num10\">8<\/span> The marmots<\/a><\/li>\n<\/ul>\n<p><\/div><div class=\"magaziner-column magaziner-one-third magaziner-column-first \"><\/p>\n<ul class=\"mapa-list\">\n<li><a href=\"https:\/\/www.molloparc.com\/en\/portfolio\/the-moflons\/\"><span class=\"num10\">9<\/span> The moflons<\/a><\/li>\n<li><a href=\"https:\/\/www.molloparc.com\/en\/portfolio\/the-chamois\/\"><span class=\"num\">10<\/span> The chamois<\/a><\/li>\n<li><a href=\"https:\/\/www.molloparc.com\/en\/portfolio\/les-lludries\/\"><span class=\"num\">12<\/span> The otter<\/a><\/li>\n<li><a href=\"https:\/\/www.molloparc.com\/en\/portfolio\/the-red-deer\/\"><span class=\"num\">11<\/span> The red deer<\/a><\/li>\n<li><a href=\"https:\/\/www.molloparc.com\/en\/portfolio\/the-fallow-deer\/\"><span class=\"num\">13<\/span> The fallow deer<\/a><\/li>\n<li><a href=\"https:\/\/www.molloparc.com\/en\/portfolio\/the-wild-goat\/\"><span class=\"num\">14<\/span> The wild goat<\/a><\/li>\n<li><a href=\"https:\/\/www.molloparc.com\/en\/portfolio\/the-wolf\/\"><span class=\"num\">15<\/span> The wolf<\/a><\/li>\n<li><a href=\"https:\/\/www.molloparc.com\/en\/portfolio\/the-boar\/\"><span class=\"num\">16<\/span> The boar<\/a><\/li>\n<\/ul>\n<p><\/div><div class=\"magaziner-column magaziner-one-third magaziner-column-last \"><\/p>\n<ul class=\"mapa-list\">\n<li><a href=\"#\"><span class=\"num\">17<\/span> \u00c0guila Reial<\/a><\/li>\n<li><a href=\"https:\/\/www.molloparc.com\/en\/portfolio\/the-lynx\/\"><span class=\"num\">18<\/span> Linx<\/a><\/li>\n<li><a href=\"https:\/\/www.molloparc.com\/en\/portfolio\/the-fox\/\"><span class=\"num\">19<\/span> The fox<\/a><\/li>\n<li><a href=\"https:\/\/www.molloparc.com\/en\/portfolio\/squirrel\/\"><span class=\"num\">20<\/span> Squirrel<\/a><\/li>\n<li><a href=\"https:\/\/www.molloparc.com\/en\/portfolio\/vulture\/\"><span class=\"num\">21<\/span> Vulture<\/a><\/li>\n<li><a href=\"https:\/\/www.molloparc.com\/en\/portfolio\/wild-cat\/\"><span class=\"num\">23<\/span> Wild cat<\/a><\/li>\n<\/ul>\n<p><\/div><\/p>\n","protected":false},"excerpt":{"rendered":"<p>&nbsp;<\/p>\n","protected":false},"author":1,"featured_media":0,"parent":0,"menu_order":0,"comment_status":"open","ping_status":"closed","template":"page-templates\/template-full-width.php","meta":{"ngg_post_thumbnail":0},"yoast_head":"<!-- This site is optimized with the Yoast SEO plugin v19.13 - https:\/\/yoast.com\/wordpress\/plugins\/seo\/ -->\n<title>Mapa del parc | Moll\u00f3 Parc parc animalier des Pyr\u00e9n\u00e9es (vall\u00e9e de Camprodon)<\/title>\n<meta name=\"description\" content=\"Mapa Interactiu dels animals del Moll\u00f3 Parc\" \/>\n<meta name=\"robots\" content=\"index, follow, max-snippet:-1, max-image-preview:large, max-video-preview:-1\" \/>\n<link rel=\"canonical\" href=\"https:\/\/www.molloparc.com\/en\/interactive-map\/\" \/>\n<meta property=\"og:locale\" content=\"en_US\" \/>\n<meta property=\"og:type\" content=\"article\" \/>\n<meta property=\"og:title\" content=\"Mapa del parc | Moll\u00f3 Parc parc animalier des Pyr\u00e9n\u00e9es (vall\u00e9e de Camprodon)\" \/>\n<meta property=\"og:description\" content=\"Mapa Interactiu dels animals del Moll\u00f3 Parc\" \/>\n<meta property=\"og:url\" content=\"https:\/\/www.molloparc.com\/en\/interactive-map\/\" \/>\n<meta property=\"og:site_name\" content=\"Moll\u00f3 Parc\" \/>\n<meta property=\"article:modified_time\" content=\"2024-08-22T15:04:43+00:00\" \/>\n<meta property=\"og:image\" content=\"https:\/\/www.molloparc.com\/wp-content\/uploads\/2017\/04\/image003.jpg\" \/>\n<meta name=\"twitter:card\" content=\"summary_large_image\" \/>\n<meta name=\"twitter:label1\" content=\"Est. reading time\" \/>\n\t<meta name=\"twitter:data1\" content=\"1 minute\" \/>\n<script type=\"application\/ld+json\" class=\"yoast-schema-graph\">{\"@context\":\"https:\/\/schema.org\",\"@graph\":[{\"@type\":\"WebPage\",\"@id\":\"https:\/\/www.molloparc.com\/en\/interactive-map\/\",\"url\":\"https:\/\/www.molloparc.com\/en\/interactive-map\/\",\"name\":\"Mapa del parc | Moll\u00f3 Parc parc animalier des Pyr\u00e9n\u00e9es (vall\u00e9e de Camprodon)\",\"isPartOf\":{\"@id\":\"https:\/\/www.molloparc.com\/#website\"},\"datePublished\":\"2017-07-25T07:46:41+00:00\",\"dateModified\":\"2024-08-22T15:04:43+00:00\",\"description\":\"Mapa Interactiu dels animals del Moll\u00f3 Parc\",\"breadcrumb\":{\"@id\":\"https:\/\/www.molloparc.com\/en\/interactive-map\/#breadcrumb\"},\"inLanguage\":\"en-US\",\"potentialAction\":[{\"@type\":\"ReadAction\",\"target\":[\"https:\/\/www.molloparc.com\/en\/interactive-map\/\"]}]},{\"@type\":\"BreadcrumbList\",\"@id\":\"https:\/\/www.molloparc.com\/en\/interactive-map\/#breadcrumb\",\"itemListElement\":[{\"@type\":\"ListItem\",\"position\":1,\"name\":\"Inici\",\"item\":\"https:\/\/www.molloparc.com\/en\/\"},{\"@type\":\"ListItem\",\"position\":2,\"name\":\"INTERACTIVE MAP\"}]},{\"@type\":\"WebSite\",\"@id\":\"https:\/\/www.molloparc.com\/#website\",\"url\":\"https:\/\/www.molloparc.com\/\",\"name\":\"Moll\u00f3 Parc\",\"description\":\"Parc d&#039;animals dels Prineus a la Vall de Camprodon\",\"potentialAction\":[{\"@type\":\"SearchAction\",\"target\":{\"@type\":\"EntryPoint\",\"urlTemplate\":\"https:\/\/www.molloparc.com\/?s={search_term_string}\"},\"query-input\":\"required name=search_term_string\"}],\"inLanguage\":\"en-US\"}]}<\/script>\n<!-- \/ Yoast SEO plugin. -->","yoast_head_json":{"title":"Mapa del parc | Moll\u00f3 Parc parc animalier des Pyr\u00e9n\u00e9es (vall\u00e9e de Camprodon)","description":"Mapa Interactiu dels animals del Moll\u00f3 Parc","robots":{"index":"index","follow":"follow","max-snippet":"max-snippet:-1","max-image-preview":"max-image-preview:large","max-video-preview":"max-video-preview:-1"},"canonical":"https:\/\/www.molloparc.com\/en\/interactive-map\/","og_locale":"en_US","og_type":"article","og_title":"Mapa del parc | Moll\u00f3 Parc parc animalier des Pyr\u00e9n\u00e9es (vall\u00e9e de Camprodon)","og_description":"Mapa Interactiu dels animals del Moll\u00f3 Parc","og_url":"https:\/\/www.molloparc.com\/en\/interactive-map\/","og_site_name":"Moll\u00f3 Parc","article_modified_time":"2024-08-22T15:04:43+00:00","og_image":[{"url":"https:\/\/www.molloparc.com\/wp-content\/uploads\/2017\/04\/image003.jpg"}],"twitter_card":"summary_large_image","twitter_misc":{"Est. reading time":"1 minute"},"schema":{"@context":"https:\/\/schema.org","@graph":[{"@type":"WebPage","@id":"https:\/\/www.molloparc.com\/en\/interactive-map\/","url":"https:\/\/www.molloparc.com\/en\/interactive-map\/","name":"Mapa del parc | Moll\u00f3 Parc parc animalier des Pyr\u00e9n\u00e9es (vall\u00e9e de Camprodon)","isPartOf":{"@id":"https:\/\/www.molloparc.com\/#website"},"datePublished":"2017-07-25T07:46:41+00:00","dateModified":"2024-08-22T15:04:43+00:00","description":"Mapa Interactiu dels animals del Moll\u00f3 Parc","breadcrumb":{"@id":"https:\/\/www.molloparc.com\/en\/interactive-map\/#breadcrumb"},"inLanguage":"en-US","potentialAction":[{"@type":"ReadAction","target":["https:\/\/www.molloparc.com\/en\/interactive-map\/"]}]},{"@type":"BreadcrumbList","@id":"https:\/\/www.molloparc.com\/en\/interactive-map\/#breadcrumb","itemListElement":[{"@type":"ListItem","position":1,"name":"Inici","item":"https:\/\/www.molloparc.com\/en\/"},{"@type":"ListItem","position":2,"name":"INTERACTIVE MAP"}]},{"@type":"WebSite","@id":"https:\/\/www.molloparc.com\/#website","url":"https:\/\/www.molloparc.com\/","name":"Moll\u00f3 Parc","description":"Parc d&#039;animals dels Prineus a la Vall de Camprodon","potentialAction":[{"@type":"SearchAction","target":{"@type":"EntryPoint","urlTemplate":"https:\/\/www.molloparc.com\/?s={search_term_string}"},"query-input":"required name=search_term_string"}],"inLanguage":"en-US"}]}},"_links":{"self":[{"href":"https:\/\/www.molloparc.com\/en\/wp-json\/wp\/v2\/pages\/4650"}],"collection":[{"href":"https:\/\/www.molloparc.com\/en\/wp-json\/wp\/v2\/pages"}],"about":[{"href":"https:\/\/www.molloparc.com\/en\/wp-json\/wp\/v2\/types\/page"}],"author":[{"embeddable":true,"href":"https:\/\/www.molloparc.com\/en\/wp-json\/wp\/v2\/users\/1"}],"replies":[{"embeddable":true,"href":"https:\/\/www.molloparc.com\/en\/wp-json\/wp\/v2\/comments?post=4650"}],"version-history":[{"count":6,"href":"https:\/\/www.molloparc.com\/en\/wp-json\/wp\/v2\/pages\/4650\/revisions"}],"predecessor-version":[{"id":9112,"href":"https:\/\/www.molloparc.com\/en\/wp-json\/wp\/v2\/pages\/4650\/revisions\/9112"}],"wp:attachment":[{"href":"https:\/\/www.molloparc.com\/en\/wp-json\/wp\/v2\/media?parent=4650"}],"curies":[{"name":"wp","href":"https:\/\/api.w.org\/{rel}","templated":true}]}}