{"id":1205,"date":"2014-05-09T07:35:35","date_gmt":"2014-05-09T07:35:35","guid":{"rendered":"https:\/\/www.molloparc.com\/mapa-interactiu-2\/"},"modified":"2017-08-03T07:56:51","modified_gmt":"2017-08-03T07:56:51","slug":"mapa-interactivo4","status":"publish","type":"page","link":"https:\/\/www.molloparc.com\/es\/mapa-interactivo4\/","title":{"rendered":"MAPA INTERACTIVO"},"content":{"rendered":"<p>Haz clic a \u00a0los diferntes animales y \u00a1desc\u00fabreolos!<\/p>\n<p>E<img decoding=\"async\" loading=\"lazy\" class=\"alignnone size-full wp-image-605\" title=\"Mapa interactivo de los animales de Moll\u00f3 Parc\" alt=\"Mapa interactivo de los animales de Moll\u00f3 Parc\" src=\"https:\/\/www.molloparc.com\/wp-content\/uploads\/2015\/10\/planol_2014-2.jpg\" usemap=\"#Map\" width=\"623\" height=\"436\" \/><\/p>\n<map id=\"Map\" name=\"Map\">\n<area alt=\"\" coords=\"11,104,70,186\" shape=\"rect\" href=\"https:\/\/www.molloparc.com\/es\/portfolio\/oso-pardo\/\" \/>\n<area alt=\"\" coords=\"69,56,121,134\" shape=\"rect\" href=\"https:\/\/www.molloparc.com\/es\/portfolio\/el-carnero\/\" \/>\n<area alt=\"\" coords=\"121,39,177,131\" shape=\"rect\" href=\"https:\/\/www.molloparc.com\/es\/portfolio\/aves-nocturnas\/\" \/>\n<area alt=\"\" coords=\"179,51,232,128\" shape=\"rect\" href=\"https:\/\/www.molloparc.com\/es\/portfolio\/aves-rapaces\/\" \/>\n<area alt=\"\" coords=\"234,58,288,134\" shape=\"rect\" href=\"https:\/\/www.molloparc.com\/es\/la-granja\/\" \/>\n<area alt=\"\" coords=\"346,78,400,159\" shape=\"rect\" href=\"https:\/\/www.molloparc.com\/es\/portfolio\/la-gamuza\/\" \/>\n<area alt=\"\" coords=\"401,76,457,158\" shape=\"rect\" href=\"https:\/\/www.molloparc.com\/es\/portfolio\/gamos\/\" \/>\n<area alt=\"\" coords=\"555,97,615,174\" shape=\"rect\" href=\"https:\/\/www.molloparc.com\/es\/portfolio\/el-jabali\/\" \/>\n<area alt=\"\" coords=\"549,228,613,303\" shape=\"rect\" href=\"https:\/\/www.molloparc.com\/es\/portfolio\/el-lobo\/\" \/>\n<area alt=\"\" coords=\"513,303,571,393\" shape=\"rect\" href=\"https:\/\/www.molloparc.com\/es\/portfolio\/la-cabra-salvaje\/\" \/>\n<area alt=\"\" coords=\"449,316,509,396\" shape=\"rect\" href=\"https:\/\/www.molloparc.com\/es\/portfolio\/el-lince\/\" \/>\n<area alt=\"\" coords=\"388,300,445,383\" shape=\"rect\" href=\"https:\/\/www.molloparc.com\/es\/portfolio\/el-zorro\/\" \/>\n<area alt=\"\" coords=\"327,296,385,379\" shape=\"rect\" href=\"https:\/\/www.molloparc.com\/es\/portfolio\/el-buitre\/\" \/>\n<area alt=\"\" coords=\"264,293,324,374\" shape=\"rect\" href=\"https:\/\/www.molloparc.com\/es\/portfolio\/la-ardilla\/\" \/>\n<area alt=\"\" coords=\"144,309,201,387\" shape=\"rect\" href=\"https:\/\/www.molloparc.com\/es\/portfolio\/el-ciervo\/\" \/>\n<area alt=\"\" coords=\"86,254,142,333\" shape=\"rect\" href=\"https:\/\/www.molloparc.com\/es\/portfolio\/el-corzo\/\" \/>\n<area alt=\"\" coords=\"25,230,85,311\" shape=\"rect\" href=\"https:\/\/www.molloparc.com\/es\/portfolio\/las-marmotas\/\" \/>\n<area alt=\"\" coords=\"413,158,453,191\" shape=\"rect\" href=\"http:\/\/www.molloparcaventura.com\" target=\"_blank\" \/>\n<area alt=\"\" coords=\"204,298,263,380\" shape=\"rect\" href=\"https:\/\/www.molloparc.com\/es\/portfolio\/las-nutrias\/\" \/> <!--\n\n\n\n<area shape=\"rect\" coords=\"290,70,346,147\" href=\"javascript:;\" alt=\"\" \/>\n\n\n\n<area shape=\"rect\" coords=\"518,16,590,97\" href=\"javascript:;\" alt=\"\" \/>\n\n--> <\/map>\n<p>&nbsp;<\/p>\n<p>&nbsp;<\/p>\n<p>&nbsp;<\/p>\n","protected":false},"excerpt":{"rendered":"<p>Haz clic a \u00a0los diferntes animales y \u00a1desc\u00fabreolos! E &nbsp; &nbsp; &nbsp;<\/p>\n","protected":false},"author":1,"featured_media":0,"parent":0,"menu_order":0,"comment_status":"open","ping_status":"closed","template":"","meta":{"ngg_post_thumbnail":0},"yoast_head":"<!-- This site is optimized with the Yoast SEO plugin v19.13 - https:\/\/yoast.com\/wordpress\/plugins\/seo\/ -->\n<title>Mapa interactivo| Moll\u00f3 Parc, Parque de animales de los Pirineos (Valle de Camprod\u00f3n)<\/title>\n<meta name=\"description\" content=\"Mapa Interactivo de animales de Moll\u00f3 Parc\" \/>\n<meta name=\"robots\" content=\"index, follow, max-snippet:-1, max-image-preview:large, max-video-preview:-1\" \/>\n<link rel=\"canonical\" href=\"https:\/\/www.molloparc.com\/es\/mapa-interactivo4\/\" \/>\n<meta property=\"og:locale\" content=\"es_ES\" \/>\n<meta property=\"og:type\" content=\"article\" \/>\n<meta property=\"og:title\" content=\"Mapa interactivo| Moll\u00f3 Parc, Parque de animales de los Pirineos (Valle de Camprod\u00f3n)\" \/>\n<meta property=\"og:description\" content=\"Mapa Interactivo de animales de Moll\u00f3 Parc\" \/>\n<meta property=\"og:url\" content=\"https:\/\/www.molloparc.com\/es\/mapa-interactivo4\/\" \/>\n<meta property=\"og:site_name\" content=\"Moll\u00f3 Parc\" \/>\n<meta property=\"article:modified_time\" content=\"2017-08-03T07:56:51+00:00\" \/>\n<meta property=\"og:image\" content=\"https:\/\/www.molloparc.com\/wp-content\/uploads\/2015\/10\/planol_2014-2.jpg\" \/>\n<meta name=\"twitter:card\" content=\"summary_large_image\" \/>\n<script type=\"application\/ld+json\" class=\"yoast-schema-graph\">{\"@context\":\"https:\/\/schema.org\",\"@graph\":[{\"@type\":\"WebPage\",\"@id\":\"https:\/\/www.molloparc.com\/es\/mapa-interactivo4\/\",\"url\":\"https:\/\/www.molloparc.com\/es\/mapa-interactivo4\/\",\"name\":\"Mapa interactivo| Moll\u00f3 Parc, Parque de animales de los Pirineos (Valle de Camprod\u00f3n)\",\"isPartOf\":{\"@id\":\"https:\/\/www.molloparc.com\/#website\"},\"datePublished\":\"2014-05-09T07:35:35+00:00\",\"dateModified\":\"2017-08-03T07:56:51+00:00\",\"description\":\"Mapa Interactivo de animales de Moll\u00f3 Parc\",\"breadcrumb\":{\"@id\":\"https:\/\/www.molloparc.com\/es\/mapa-interactivo4\/#breadcrumb\"},\"inLanguage\":\"es\",\"potentialAction\":[{\"@type\":\"ReadAction\",\"target\":[\"https:\/\/www.molloparc.com\/es\/mapa-interactivo4\/\"]}]},{\"@type\":\"BreadcrumbList\",\"@id\":\"https:\/\/www.molloparc.com\/es\/mapa-interactivo4\/#breadcrumb\",\"itemListElement\":[{\"@type\":\"ListItem\",\"position\":1,\"name\":\"Inici\",\"item\":\"https:\/\/www.molloparc.com\/es\/\"},{\"@type\":\"ListItem\",\"position\":2,\"name\":\"MAPA INTERACTIVO\"}]},{\"@type\":\"WebSite\",\"@id\":\"https:\/\/www.molloparc.com\/#website\",\"url\":\"https:\/\/www.molloparc.com\/\",\"name\":\"Moll\u00f3 Parc\",\"description\":\"Parc d&#039;animals dels Prineus a la Vall de Camprodon\",\"potentialAction\":[{\"@type\":\"SearchAction\",\"target\":{\"@type\":\"EntryPoint\",\"urlTemplate\":\"https:\/\/www.molloparc.com\/?s={search_term_string}\"},\"query-input\":\"required name=search_term_string\"}],\"inLanguage\":\"es\"}]}<\/script>\n<!-- \/ Yoast SEO plugin. -->","yoast_head_json":{"title":"Mapa interactivo| Moll\u00f3 Parc, Parque de animales de los Pirineos (Valle de Camprod\u00f3n)","description":"Mapa Interactivo de animales de Moll\u00f3 Parc","robots":{"index":"index","follow":"follow","max-snippet":"max-snippet:-1","max-image-preview":"max-image-preview:large","max-video-preview":"max-video-preview:-1"},"canonical":"https:\/\/www.molloparc.com\/es\/mapa-interactivo4\/","og_locale":"es_ES","og_type":"article","og_title":"Mapa interactivo| Moll\u00f3 Parc, Parque de animales de los Pirineos (Valle de Camprod\u00f3n)","og_description":"Mapa Interactivo de animales de Moll\u00f3 Parc","og_url":"https:\/\/www.molloparc.com\/es\/mapa-interactivo4\/","og_site_name":"Moll\u00f3 Parc","article_modified_time":"2017-08-03T07:56:51+00:00","og_image":[{"url":"https:\/\/www.molloparc.com\/wp-content\/uploads\/2015\/10\/planol_2014-2.jpg"}],"twitter_card":"summary_large_image","schema":{"@context":"https:\/\/schema.org","@graph":[{"@type":"WebPage","@id":"https:\/\/www.molloparc.com\/es\/mapa-interactivo4\/","url":"https:\/\/www.molloparc.com\/es\/mapa-interactivo4\/","name":"Mapa interactivo| Moll\u00f3 Parc, Parque de animales de los Pirineos (Valle de Camprod\u00f3n)","isPartOf":{"@id":"https:\/\/www.molloparc.com\/#website"},"datePublished":"2014-05-09T07:35:35+00:00","dateModified":"2017-08-03T07:56:51+00:00","description":"Mapa Interactivo de animales de Moll\u00f3 Parc","breadcrumb":{"@id":"https:\/\/www.molloparc.com\/es\/mapa-interactivo4\/#breadcrumb"},"inLanguage":"es","potentialAction":[{"@type":"ReadAction","target":["https:\/\/www.molloparc.com\/es\/mapa-interactivo4\/"]}]},{"@type":"BreadcrumbList","@id":"https:\/\/www.molloparc.com\/es\/mapa-interactivo4\/#breadcrumb","itemListElement":[{"@type":"ListItem","position":1,"name":"Inici","item":"https:\/\/www.molloparc.com\/es\/"},{"@type":"ListItem","position":2,"name":"MAPA INTERACTIVO"}]},{"@type":"WebSite","@id":"https:\/\/www.molloparc.com\/#website","url":"https:\/\/www.molloparc.com\/","name":"Moll\u00f3 Parc","description":"Parc d&#039;animals dels Prineus a la Vall de Camprodon","potentialAction":[{"@type":"SearchAction","target":{"@type":"EntryPoint","urlTemplate":"https:\/\/www.molloparc.com\/?s={search_term_string}"},"query-input":"required name=search_term_string"}],"inLanguage":"es"}]}},"_links":{"self":[{"href":"https:\/\/www.molloparc.com\/es\/wp-json\/wp\/v2\/pages\/1205"}],"collection":[{"href":"https:\/\/www.molloparc.com\/es\/wp-json\/wp\/v2\/pages"}],"about":[{"href":"https:\/\/www.molloparc.com\/es\/wp-json\/wp\/v2\/types\/page"}],"author":[{"embeddable":true,"href":"https:\/\/www.molloparc.com\/es\/wp-json\/wp\/v2\/users\/1"}],"replies":[{"embeddable":true,"href":"https:\/\/www.molloparc.com\/es\/wp-json\/wp\/v2\/comments?post=1205"}],"version-history":[{"count":10,"href":"https:\/\/www.molloparc.com\/es\/wp-json\/wp\/v2\/pages\/1205\/revisions"}],"predecessor-version":[{"id":4665,"href":"https:\/\/www.molloparc.com\/es\/wp-json\/wp\/v2\/pages\/1205\/revisions\/4665"}],"wp:attachment":[{"href":"https:\/\/www.molloparc.com\/es\/wp-json\/wp\/v2\/media?parent=1205"}],"curies":[{"name":"wp","href":"https:\/\/api.w.org\/{rel}","templated":true}]}}