{"id":1272,"date":"2014-03-01T14:47:55","date_gmt":"2014-03-01T14:47:55","guid":{"rendered":"https:\/\/www.molloparc.com\/visites-escolars-2\/"},"modified":"2025-03-25T12:40:46","modified_gmt":"2025-03-25T12:40:46","slug":"visitas-escolares","status":"publish","type":"page","link":"https:\/\/www.molloparc.com\/es\/visitas-escolares\/","title":{"rendered":"VISITAS ESCOLARES"},"content":{"rendered":"<p><a href=\"https:\/\/www.molloparc.com\/wp-content\/uploads\/2014\/03\/visites-escolars-mollo-parc.png\"><img decoding=\"async\" loading=\"lazy\" class=\"alignleft\" src=\"https:\/\/www.molloparc.com\/wp-content\/uploads\/2014\/03\/visites-escolars-mollo-parc.png\" alt=\"visites-escolars-mollo-parc\" width=\"270\" height=\"465\"><\/a>Visitas escolares al Moll\u00f3 Parc<br \/>\nReservas:<a href=\"mailto:visites@molloparc.com\">visites@molloparc.com<\/a><\/p>\n<p>Las actividades para escuelas en <strong>Moll\u00f3 Parc<\/strong> Se desarrollan en el marco de la educaci\u00f3n ambiental.<br \/>\nLos objetivos son promover el inter\u00e9s por la protecci\u00f3n y salvaguardia de los animales salvajes que &nbsp;habitan los Pirineos y sus h\u00e1bitats. La informaci\u00f3n y el conocimiento son fundamentales para conseguir actitudes de respeto por el entorno natural.<\/p>\n<p>El conocimiento de la biolog\u00eda de las diferentes especies, su comportamiento, la funci\u00f3n que desarrollan en el ecosistema, los peligros que las amenazan&#8230;, son los aspectos que se tratan en las actividades que se llevan a cabo.<\/p>\n<p><span style=\"text-decoration: underline;\">\u00bfA qui\u00e9n va dirigida la visita de Moll\u00f3 Parc?<\/span><br \/>\nA los escolares de primaria y primer ciclo de secundaria.<br \/>\n<strong><br \/>\n<\/strong><span style=\"text-decoration: underline;\">Organizaci\u00f3n de la visita<\/span><\/p>\n<p>La visita a Mollo\u0301 Parc &nbsp;se puede hacer con o sin monitor. Cuando es &nbsp;con monitor, \u00e9l mimo desarrolla &nbsp;las actividades y &nbsp;acompa\u00f1a al grupo de alumnos (M\u00e1ximo 25 alumnos por monitor).<\/p>\n<p>El punto de encuentro de inicio y &nbsp;final de la visita est\u00e1 en la primera zona de p\u00edcnic, \u00abEl mirador dels \u00f3ssos\u00bb, donde, si se quiere, se puede desayunar antes de empezar la visita y comer al finalizarla.<\/p>\n<p>Seguidamente &nbsp;se inicia la visita propiamente dicha con una breve presentaci\u00f3n del parque y el origen de los animales que encontramos, la mayor\u00eda irrecuperables. Se explican las caracter\u00edsticas y costumbres de los animales &nbsp;conforme se va avanzando en la visita del parque.<\/p>\n<p><span style=\"line-height: 1.5em;\">El parque tiene una superficie de 10 hect\u00e1reas que conforman un recorrido, a medida que se va adelantando por el recorrido podemos disfrutar de un entorno \u00fanico por su ubicaci\u00f3n en medio de bosques y prados del pueblo de Moll\u00f3 en el Valle de Camprodon. A lo largo del recorridos ver\u00e9is marmotas, muflones, ciervos, rebecos, gamos, cabras salvajes, ardillas, lobos, lince, jabal\u00edes, zorros, osos y hasta 22 especies de animales salvajes diferentes.<\/span><\/p>\n<p><span style=\"line-height: 1.5em;\">El parque tambi\u00e9n dispone de una peque\u00f1a granja con gallinas, cabras, patos y animales de razas aut\u00f3ctonas catalanas como el burro catal\u00e1n y la oca ampurdanesa. En caso de querer hacer una parada hace falta que nos lo notifiqu\u00e9is cuando hac\u00e9is la reserva&nbsp;ya que de normal s\u00f3lo se explican los salvajes porque los de la granja son m\u00e1s comunes.<\/span><\/p>\n<p>Durante toda la visita el monitor explica las caracter\u00edsticas de cada una de las especies que encontramos, as\u00ed como alguna singularidad de algunos de los animales que hay en el parque.<\/p>\n<p>&nbsp;<\/p>\n<p><span style=\"text-decoration: underline;\">Mediod\u00eda: P\u00edcnic<\/span><\/p>\n<p><span style=\"line-height: 1.5em;\">El parque tiene dos zonas de Picnic donde los ni\u00f1os y ni\u00f1as pueden comer y jugar un rato aunque la visita empieza y acaba en la primera zona de&nbsp;<\/span>p\u00edcnic<span style=\"line-height: 1.5em;\">, \u00abEl&nbsp;mirador dels \u00f3sosos\u00bb.<\/span><\/p>\n<p><span style=\"text-decoration: underline;\"><span style=\"line-height: 1.5em;\">Talleres<\/span><\/span><\/p>\n<p><span style=\"line-height: 1.5em;\">Estas actividades se adaptan en funci\u00f3n del nivel escolar. Se desarrollan por la ma\u00f1ana; y despu\u00e9s de comer, para los que quieran pasar el d\u00eda en Moll\u00f3 Parc, pueden hacerse el&nbsp; taller:<\/span><\/p>\n<p>1. Taller de mam\u00edferos:<\/p>\n<p style=\"padding-left: 30px;\">&#8211; Juego para identificar huellas y otros rastros de los mam\u00edferos.<br \/>\n&#8211; Hacemos de exploradores: itinerario de rastros<br \/>\n&#8211; Taller de huellas de barro<\/p>\n<p>La duraci\u00f3n del taller es de una hora y media y el precio es de 4 \u20ac\/alumno (educador y material incluidos). La proporci\u00f3n deber\u00eda ser de un educador por cada veinte alumnos; respetar esta proporci\u00f3n es muy importante ya que se precisa una mayor atenci\u00f3n directa a los alumnos cuando se hace un taller (en caso de ser menos, el precio es de 100 \u20ac por grupo).<\/p>\n<p><span style=\"text-decoration: underline;\">Moll\u00f3 Parc Aventura (Activitdad &nbsp;f\u00edsica para potenciar la habilidad motora y lacoordinaci\u00f3n y equilibrio<\/span><br \/>\nSi se prefiere por la tarde se puede ir al Moll\u00f3 Parc Aventura, este nuevo espacio, tiene una hecta\u00e1rea, cuenta con un bosque de abetos -algunos hacen 40 metros- y aprovecha el desnivel del&nbsp;suelo para la&nbsp;instal\u00b7lacio\u0301n de 54 juegos, entre ellos, tirolinas y puentes tibetanos. En total, hay cuatro circuitos con<\/p>\n<p>Los circuitos&nbsp;so\u0301n&nbsp;para ni\u00f1os que van desde los 2 a\u00f1os hasta personas adultas y se limitanpor|para&nbsp;edad y\/o&nbsp;alc\u0327ada&nbsp;de la persona. La duraci\u00f3n de la actividad depende del circuito y de la habilidad del ni\u00f1o.<\/p>\n<p>Uno de los temas en&nbsp;que\u0300&nbsp;se ha dado vital&nbsp;importa\u0300ncia&nbsp;en la nueva&nbsp;instal\u00b7lacio\u0301 e\u0301s&nbsp;la seguridad, por este motivo se ha apostado por un modelo innovador que garantiza la&nbsp;ma\u0300xima&nbsp;seguridad en estos tipos de circuitos. Este sistema que se ha instalado en nuestro parque&nbsp;e\u0301s&nbsp;el primero en Catalu\u00f1a, se trata de un modelo lineal, de \u201cvida contin\u00faa\u201d,&nbsp;e\u0301s&nbsp;un sistema que permite no tener que manipular los mosquetones ni elementos de seguridad durante todo el circuito, lo que hace su utilitzacio\u0301&nbsp;mucho&nbsp;me\u0301s&nbsp;segura y sencilla sobre todo&nbsp;por|para&nbsp;los me\u00e1s&nbsp;peque\u00f1os.<\/p>\n<p><span style=\"text-decoration: underline;\">Material did\u00e1ctico<\/span><\/p>\n<p>Al hacer la reserva del grupo se enviar\u00e1 por correo electr\u00f3nico un dossier educativo (por alumno y por profesor) para el ciclo que se solicite (infantil, inicial, medio o superior). Este material ofrece la posibilidad de repasar en la escuela los conceptos m\u00e1s importantes. Finalizada la visita, entregamos un peque\u00f1o trabajo para hacer en casa o en la escuela.<\/p>\n<p><span style=\"text-decoration: underline;\">Horarios y visitas:<\/span><br \/>\n<strong>Horarios<\/strong><\/p>\n<p>De martes a viernes previa reserva.<\/p>\n<ul>\n<li>10:00 h. Llegada al parque. Presentaci\u00f3n del monitor.<\/li>\n<li>10:30 h. Visita\/excursi\u00f3n por el parque.<\/li>\n<\/ul>\n<p><strong style=\"line-height: 1.5em;\">Duraci\u00f3n:<\/strong><\/p>\n<ul>\n<li>Descoberta del Parc amb monitoratge: 3 hores<\/li>\n<li>Taller de rastres: 1,5 hores<\/li>\n<li>Paquets del Parc aventura de 40 a 90 min. Depenen del paquet i l\u2019habilitat dels alumnes<\/li>\n<\/ul>\n<p><strong style=\"line-height: 1.5em;\">Precios<\/strong><\/p>\n<ul>\n<li>Precio por ni\u00f1o 8,00\u20ac sin monitor<\/li>\n<li>Precio por ni\u00f1o con monitor: a&nbsp;<a href=\"mailto:visites@molloparc.com\">consultar<\/a><\/li>\n<\/ul>\n<p><span style=\"text-decoration: underline;\">Para m\u00e1s informaci\u00f3n y reservas:<\/span><br \/>\n<a href=\"mailto:visites@molloparc.com\">visites@molloparc.com<\/a><\/p>\n","protected":false},"excerpt":{"rendered":"<p>Visitas escolares al Moll\u00f3 Parc Reservas:visites@molloparc.com Las actividades para escuelas en Moll\u00f3 Parc Se desarrollan en el marco de la educaci\u00f3n ambiental. Los objetivos son promover el inter\u00e9s por la protecci\u00f3n y salvaguardia de los animales salvajes que &nbsp;habitan los Pirineos y sus h\u00e1bitats. La informaci\u00f3n y el conocimiento son fundamentales para conseguir actitudes de [&hellip;]<\/p>\n","protected":false},"author":1,"featured_media":0,"parent":0,"menu_order":0,"comment_status":"open","ping_status":"closed","template":"","meta":{"ngg_post_thumbnail":0},"yoast_head":"<!-- This site is optimized with the Yoast SEO plugin v19.13 - https:\/\/yoast.com\/wordpress\/plugins\/seo\/ -->\n<title>VISITAS ESCOLARES - Moll\u00f3 Parc<\/title>\n<meta name=\"robots\" content=\"index, follow, max-snippet:-1, max-image-preview:large, max-video-preview:-1\" \/>\n<link rel=\"canonical\" href=\"https:\/\/www.molloparc.com\/es\/visitas-escolares\/\" \/>\n<meta property=\"og:locale\" content=\"es_ES\" \/>\n<meta property=\"og:type\" content=\"article\" \/>\n<meta property=\"og:title\" content=\"VISITAS ESCOLARES - Moll\u00f3 Parc\" \/>\n<meta property=\"og:description\" content=\"Visitas escolares al Moll\u00f3 Parc Reservas:visites@molloparc.com Las actividades para escuelas en Moll\u00f3 Parc Se desarrollan en el marco de la educaci\u00f3n ambiental. Los objetivos son promover el inter\u00e9s por la protecci\u00f3n y salvaguardia de los animales salvajes que &nbsp;habitan los Pirineos y sus h\u00e1bitats. La informaci\u00f3n y el conocimiento son fundamentales para conseguir actitudes de [&hellip;]\" \/>\n<meta property=\"og:url\" content=\"https:\/\/www.molloparc.com\/es\/visitas-escolares\/\" \/>\n<meta property=\"og:site_name\" content=\"Moll\u00f3 Parc\" \/>\n<meta property=\"article:modified_time\" content=\"2025-03-25T12:40:46+00:00\" \/>\n<meta property=\"og:image\" content=\"https:\/\/www.molloparc.com\/wp-content\/uploads\/2014\/03\/visites-escolars-mollo-parc.png\" \/>\n<meta name=\"twitter:card\" content=\"summary_large_image\" \/>\n<meta name=\"twitter:label1\" content=\"Tiempo de lectura\" \/>\n\t<meta name=\"twitter:data1\" content=\"6 minutos\" \/>\n<script type=\"application\/ld+json\" class=\"yoast-schema-graph\">{\"@context\":\"https:\/\/schema.org\",\"@graph\":[{\"@type\":\"WebPage\",\"@id\":\"https:\/\/www.molloparc.com\/es\/visitas-escolares\/\",\"url\":\"https:\/\/www.molloparc.com\/es\/visitas-escolares\/\",\"name\":\"VISITAS ESCOLARES - Moll\u00f3 Parc\",\"isPartOf\":{\"@id\":\"https:\/\/www.molloparc.com\/#website\"},\"datePublished\":\"2014-03-01T14:47:55+00:00\",\"dateModified\":\"2025-03-25T12:40:46+00:00\",\"breadcrumb\":{\"@id\":\"https:\/\/www.molloparc.com\/es\/visitas-escolares\/#breadcrumb\"},\"inLanguage\":\"es\",\"potentialAction\":[{\"@type\":\"ReadAction\",\"target\":[\"https:\/\/www.molloparc.com\/es\/visitas-escolares\/\"]}]},{\"@type\":\"BreadcrumbList\",\"@id\":\"https:\/\/www.molloparc.com\/es\/visitas-escolares\/#breadcrumb\",\"itemListElement\":[{\"@type\":\"ListItem\",\"position\":1,\"name\":\"Inici\",\"item\":\"https:\/\/www.molloparc.com\/es\/\"},{\"@type\":\"ListItem\",\"position\":2,\"name\":\"VISITAS ESCOLARES\"}]},{\"@type\":\"WebSite\",\"@id\":\"https:\/\/www.molloparc.com\/#website\",\"url\":\"https:\/\/www.molloparc.com\/\",\"name\":\"Moll\u00f3 Parc\",\"description\":\"Parc d&#039;animals dels Prineus a la Vall de Camprodon\",\"potentialAction\":[{\"@type\":\"SearchAction\",\"target\":{\"@type\":\"EntryPoint\",\"urlTemplate\":\"https:\/\/www.molloparc.com\/?s={search_term_string}\"},\"query-input\":\"required name=search_term_string\"}],\"inLanguage\":\"es\"}]}<\/script>\n<!-- \/ Yoast SEO plugin. -->","yoast_head_json":{"title":"VISITAS ESCOLARES - Moll\u00f3 Parc","robots":{"index":"index","follow":"follow","max-snippet":"max-snippet:-1","max-image-preview":"max-image-preview:large","max-video-preview":"max-video-preview:-1"},"canonical":"https:\/\/www.molloparc.com\/es\/visitas-escolares\/","og_locale":"es_ES","og_type":"article","og_title":"VISITAS ESCOLARES - Moll\u00f3 Parc","og_description":"Visitas escolares al Moll\u00f3 Parc Reservas:visites@molloparc.com Las actividades para escuelas en Moll\u00f3 Parc Se desarrollan en el marco de la educaci\u00f3n ambiental. Los objetivos son promover el inter\u00e9s por la protecci\u00f3n y salvaguardia de los animales salvajes que &nbsp;habitan los Pirineos y sus h\u00e1bitats. La informaci\u00f3n y el conocimiento son fundamentales para conseguir actitudes de [&hellip;]","og_url":"https:\/\/www.molloparc.com\/es\/visitas-escolares\/","og_site_name":"Moll\u00f3 Parc","article_modified_time":"2025-03-25T12:40:46+00:00","og_image":[{"url":"https:\/\/www.molloparc.com\/wp-content\/uploads\/2014\/03\/visites-escolars-mollo-parc.png"}],"twitter_card":"summary_large_image","twitter_misc":{"Tiempo de lectura":"6 minutos"},"schema":{"@context":"https:\/\/schema.org","@graph":[{"@type":"WebPage","@id":"https:\/\/www.molloparc.com\/es\/visitas-escolares\/","url":"https:\/\/www.molloparc.com\/es\/visitas-escolares\/","name":"VISITAS ESCOLARES - Moll\u00f3 Parc","isPartOf":{"@id":"https:\/\/www.molloparc.com\/#website"},"datePublished":"2014-03-01T14:47:55+00:00","dateModified":"2025-03-25T12:40:46+00:00","breadcrumb":{"@id":"https:\/\/www.molloparc.com\/es\/visitas-escolares\/#breadcrumb"},"inLanguage":"es","potentialAction":[{"@type":"ReadAction","target":["https:\/\/www.molloparc.com\/es\/visitas-escolares\/"]}]},{"@type":"BreadcrumbList","@id":"https:\/\/www.molloparc.com\/es\/visitas-escolares\/#breadcrumb","itemListElement":[{"@type":"ListItem","position":1,"name":"Inici","item":"https:\/\/www.molloparc.com\/es\/"},{"@type":"ListItem","position":2,"name":"VISITAS ESCOLARES"}]},{"@type":"WebSite","@id":"https:\/\/www.molloparc.com\/#website","url":"https:\/\/www.molloparc.com\/","name":"Moll\u00f3 Parc","description":"Parc d&#039;animals dels Prineus a la Vall de Camprodon","potentialAction":[{"@type":"SearchAction","target":{"@type":"EntryPoint","urlTemplate":"https:\/\/www.molloparc.com\/?s={search_term_string}"},"query-input":"required name=search_term_string"}],"inLanguage":"es"}]}},"_links":{"self":[{"href":"https:\/\/www.molloparc.com\/es\/wp-json\/wp\/v2\/pages\/1272"}],"collection":[{"href":"https:\/\/www.molloparc.com\/es\/wp-json\/wp\/v2\/pages"}],"about":[{"href":"https:\/\/www.molloparc.com\/es\/wp-json\/wp\/v2\/types\/page"}],"author":[{"embeddable":true,"href":"https:\/\/www.molloparc.com\/es\/wp-json\/wp\/v2\/users\/1"}],"replies":[{"embeddable":true,"href":"https:\/\/www.molloparc.com\/es\/wp-json\/wp\/v2\/comments?post=1272"}],"version-history":[{"count":15,"href":"https:\/\/www.molloparc.com\/es\/wp-json\/wp\/v2\/pages\/1272\/revisions"}],"predecessor-version":[{"id":9332,"href":"https:\/\/www.molloparc.com\/es\/wp-json\/wp\/v2\/pages\/1272\/revisions\/9332"}],"wp:attachment":[{"href":"https:\/\/www.molloparc.com\/es\/wp-json\/wp\/v2\/media?parent=1272"}],"curies":[{"name":"wp","href":"https:\/\/api.w.org\/{rel}","templated":true}]}}