{"id":1288,"date":"2014-06-02T13:49:36","date_gmt":"2014-06-02T13:49:36","guid":{"rendered":"https:\/\/www.molloparc.com\/valors-2\/"},"modified":"2025-02-19T13:45:18","modified_gmt":"2025-02-19T13:45:18","slug":"valores","status":"publish","type":"page","link":"https:\/\/www.molloparc.com\/es\/valores\/","title":{"rendered":"VALORES"},"content":{"rendered":"<h1 style=\"text-align: center;\">Prop\u00f3sito de Moll\u00f3 Parc<\/h1>\n<h2 style=\"text-align: center;\"><span style=\"color: #99cc00;\">Sensibilizar a los humanos hacia los animales y su h\u00e1bitat<\/span><\/h2>\n<p>Para conseguir este prop\u00f3sito adquirimos los siguientes compromisos:<\/p>\n<p><strong><span style=\"color: #99cc00;\">COMPROMISO CON LA SENSIBILIZACI\u00d3N DE TODOS LOS P\u00daBLICOS<\/span><\/strong><\/p>\n<p>Creemos que un centro como Moll\u00f3 Parc es un espacio ideal para sensibilizar a la opini\u00f3n p\u00fablica sobre la problem\u00e1tica en la conservaci\u00f3n de la fauna y de la biodiversidad en general, as\u00ed como de sus h\u00e1bitats naturales.<\/p>\n<p>Es por eso que uno de los objetivos principales del Moll\u00f3 Parc es sensibilizar en la problem\u00e1tica de la conservaci\u00f3n de la fauna silvestre a trav\u00e9s de todos los mecanismos que est\u00e1n en nuestras manos a los visitantes de todas las edades a trav\u00e9s de diferentes iniciativas seg\u00fan su tipolog\u00eda :<\/p>\n<ul>\n<li><strong>Las visitas escolares:<\/strong> a trav\u00e9s de programas educativos y guiajes espec\u00edficos de informaci\u00f3n y sensibilizaci\u00f3n de las especies, buenas pr\u00e1cticas en la naturaleza, etc. Para poder transmitir a las futuras generaciones la fragilidad de los ecosistemas naturales y la incidencia que la actividad humana tiene sobre ellos. Por este motivo, existe un programa educativo dise\u00f1ado para escolares de diferentes edades. \u00c9ste, se ha enfocado al estudio y conocimiento de la flora y la fauna del bosque mixto de los Pirineos, as\u00ed como los problemas medioambientales de la zona.<\/li>\n<li><strong>El visitante particular<\/strong>: a trav\u00e9s de los mismos carteles informativos que se encuentran a lo largo de la visita, tambi\u00e9n en la informaci\u00f3n que se facilita en la caseta divulgativa, que se puede encontrar al inicio y final de la vista, en forma de exposiciones y cartelera var\u00eda, as\u00ed como en talleres y actividades puntuales y programadas, como a trav\u00e9s de medios on-line.<\/li>\n<\/ul>\n<p>Desde el Moll\u00f3 Parc estamos convencidos de que el hecho de aproximar y tener un mejor conocimiento de los animales de nuestro entorno har\u00e1 inevitablemente que surja un mayor deseo de protegerlos a ellos y por tanto, a su h\u00e1bitat natural: monta\u00f1as, prados, r\u00edos , y la naturaleza en general. Es por ello, para realizar la visita m\u00e1s real y m\u00e1s parecida a un paseo por la naturaleza ya los animales que podemos encontrar en libertad, se ha intentado proyectar la menor presencia posible de barreras f\u00edsicas y ofrecer as\u00ed al visitante una experiencia m\u00e1s aut\u00e9ntica e inmersiva en un bosque mixto del Pirineo, dando conocimiento tambi\u00e9n de la flora aut\u00f3ctona de la zona.<\/p>\n<p>Se incentiva a los visitantes a realizar una visita de observaci\u00f3n de especies y disfrutando del entorno natural que les rodea, sin prisa, con actitud discreta y respetuosa y as\u00ed poder disfrutar realmente de la experiencia y de los habitantes del parque.<\/p>\n<p>Al inicio y final de la vista se encuentra la \u201ccasita divulgativa\u201d donde se encuentran diferentes paneles informativos de buenas pr\u00e1cticas en la naturaleza, exposiciones informativas itinerantes de especies aut\u00f3ctonas amenazadas o no, conservaci\u00f3n de h\u00e1bitats naturales, explicaci\u00f3n de los proyectos de conservaci\u00f3n en que se colabore en ese momento, exposiciones naturales, etc. Con el fin de sensibilizar al visitante en la protecci\u00f3n de la vida animal y sus entornos naturales frente a las actuaciones humanas.<\/p>\n<p>Consecuentemente en nuestra tienda tambi\u00e9n se encontrar\u00e1n objetos para la observaci\u00f3n animal, peluches de material reciclado, libros pedag\u00f3gicos para dar continuidad en la filosof\u00eda del cuidado del entorno despu\u00e9s de la visita al parque.<\/p>\n<p>Tambi\u00e9n se colabora con una entidad de Educaci\u00f3n Ambiental para los guiajes de escuelas y grupos, as\u00ed como con otras entidades p\u00fablicas y privadas para realizar actividades concretas de educaci\u00f3n y sensibilizaci\u00f3n en materia de conservaci\u00f3n de la fauna silvestre.<\/p>\n<p>&nbsp;<\/p>\n<p><strong><span style=\"color: #99cc00;\">COMPROMISO CON LA CONSERVACI\u00d3N DE LA BIODIVERSIDAD<\/span><\/strong><\/p>\n<p>En relaci\u00f3n a la conservaci\u00f3n de la fauna silvestre y de la biodiversidad en general, el parque act\u00faa en los siguientes aspectos:<\/p>\n<ul>\n<li>Tiene una funci\u00f3n de reservorio gen\u00e9tico.<\/li>\n<li>Es un Centro autorizado colaborador con los Centros de Recuperaci\u00f3n de Fauna de la Generalitat, en caso de que un animal sea irrecuperable (no puede volver a liberarse a naturaleza por las lesiones ocasionadas), si el parque tiene la instalaci\u00f3n pertinente se deriva o se valora la adecuaci\u00f3n de una instalaci\u00f3n o incluso creaci\u00f3n de una nueva instalaci\u00f3n (como fue el caso de la instalaci\u00f3n del Teix\u00f3 creada en 2020).<\/li>\n<li>Colabora, puntualmente (s\u00f3lo si se da el caso, ya que nuestra funci\u00f3n no es la reproducci\u00f3n), en programas de reintroducci\u00f3n\/repoblaci\u00f3n (ej. de 2 duques nacidos en el parque de progenitores irrecuperables que en 2020 a trav\u00e9s de un de los Centros de Recuperaci\u00f3n de Fauna Salvaje de la Generalitat se introdujeron en naturaleza y de los que se hace un seguimiento).<\/li>\n<li>Participa en la conservaci\u00f3n de especies con planes de actuaci\u00f3n en el habitat salvaje. Proyectos ex-situ del parque . (ej. A\u00f1o 2024-2025 participa, entre otros, en colaboraci\u00f3n con el Parque Natural de Las Cabeceras del Ter y del Freser, en el programa de conservaci\u00f3n de la perdiz blanca, especie vulnerable, clasificada como especie aut\u00f3ctona amenazada y protegida).<\/li>\n<\/ul>\n<p>&nbsp;<\/p>\n<p><strong><span style=\"color: #99cc00;\">COMPROMISO CON EL BIENESTAR DE LOS ANIMALES<\/span><\/strong><\/p>\n<p>Desde el inicio el parque se cre\u00f3 para acoger sobre todo a especies aut\u00f3ctonas, tambi\u00e9n se han incorporado algunas Ib\u00e9ricas y\/o europeas, de tal manera que el hecho de que los habitantes del parque est\u00e9n en su h\u00e1bitat natural o en condiciones que se parecen mucho, favorece intr\u00ednsecamente su propio bienestar, ya que crecen en su propio ecosistema y est\u00e1n perfectamente adaptados a \u00e9l. Por esta misma raz\u00f3n, las instalaciones se proyectan pensando en las necesidades de cada especie en la naturaleza siguiendo las recomendaciones m\u00e1s estrictas de las instituciones europeas que elaboran las gu\u00edas de manejo de animales salvajes; y todo el equipo trabajamos para que puedan mostrar al m\u00e1ximo sus conductas naturales a pesar de estar en un recinto limitado, algo muy importante por su bienestar.<\/p>\n<p>Los cuidadores y el veterinario del Parque vigilan constantemente la salud de los animales, se les proporciona una dieta supervisada por una experta en nutrici\u00f3n animales, as\u00ed como se colabora con expertos en comportamiento y bienestar animal para dise\u00f1ar programas de enriquecimiento ambiental a fin de que puedan mostrar estas conductas necesarias para su bienestar a pesar de la presencia de personas, ya que algunas especies pueden tener un comportamiento m\u00e1s t\u00edmido en presencia humana.<\/p>\n<p><span style=\"color: #99cc00;\"><strong>COMPROMISO EN REDUCIR NUESTRO IMPACTO AMBIENTAL<\/strong><\/span><\/p>\n<p>Para minimizar la producci\u00f3n de residuos, potenciar el reciclaje y reutilizar lo posible:<\/p>\n<p>Instalaci\u00f3n de papeleras de reciclaje en las \u00e1reas de picnic.<br \/>\nA nivel interno se seleccionan los residuos en los diferentes materiales (envases, papel, materia org\u00e1nica, vidrio, general, punto limpio: pilas, bombillas, etc.).<br \/>\nEn los bares se utilizan envases reciclables y material de productos reciclado, as\u00ed como se optimiza su utilizaci\u00f3n intentando limitarla al m\u00ednimo o seg\u00fan petici\u00f3n espec\u00edfica.<\/p>\n<p>Luchamos por no tirar comida: en temporada media y baja en los bares s\u00f3lo se hacen comidas bajo pedido. Y en alimentaci\u00f3n de los animales se pactan colaboraciones con empresas que tienen excedentes o alimentos invendibles (ej. Fruta tocada que las grandes superficies o que el sector HORECA (Hoteles, Restaurantes y Cafeter\u00edas) no quiere).<\/p>\n<p>&nbsp;<\/p>\n","protected":false},"excerpt":{"rendered":"<p>Prop\u00f3sito de Moll\u00f3 Parc Sensibilizar a los humanos hacia los animales y su h\u00e1bitat Para conseguir este prop\u00f3sito adquirimos los siguientes compromisos: COMPROMISO CON LA SENSIBILIZACI\u00d3N DE TODOS LOS P\u00daBLICOS Creemos que un centro como Moll\u00f3 Parc es un espacio ideal para sensibilizar a la opini\u00f3n p\u00fablica sobre la problem\u00e1tica en la conservaci\u00f3n de la [&hellip;]<\/p>\n","protected":false},"author":2,"featured_media":0,"parent":0,"menu_order":0,"comment_status":"open","ping_status":"closed","template":"","meta":{"ngg_post_thumbnail":0},"yoast_head":"<!-- This site is optimized with the Yoast SEO plugin v19.13 - https:\/\/yoast.com\/wordpress\/plugins\/seo\/ -->\n<title>VALORES - Moll\u00f3 Parc<\/title>\n<meta name=\"robots\" content=\"index, follow, max-snippet:-1, max-image-preview:large, max-video-preview:-1\" \/>\n<link rel=\"canonical\" href=\"https:\/\/www.molloparc.com\/es\/valores\/\" \/>\n<meta property=\"og:locale\" content=\"es_ES\" \/>\n<meta property=\"og:type\" content=\"article\" \/>\n<meta property=\"og:title\" content=\"VALORES - Moll\u00f3 Parc\" \/>\n<meta property=\"og:description\" content=\"Prop\u00f3sito de Moll\u00f3 Parc Sensibilizar a los humanos hacia los animales y su h\u00e1bitat Para conseguir este prop\u00f3sito adquirimos los siguientes compromisos: COMPROMISO CON LA SENSIBILIZACI\u00d3N DE TODOS LOS P\u00daBLICOS Creemos que un centro como Moll\u00f3 Parc es un espacio ideal para sensibilizar a la opini\u00f3n p\u00fablica sobre la problem\u00e1tica en la conservaci\u00f3n de la [&hellip;]\" \/>\n<meta property=\"og:url\" content=\"https:\/\/www.molloparc.com\/es\/valores\/\" \/>\n<meta property=\"og:site_name\" content=\"Moll\u00f3 Parc\" \/>\n<meta property=\"article:modified_time\" content=\"2025-02-19T13:45:18+00:00\" \/>\n<meta name=\"twitter:card\" content=\"summary_large_image\" \/>\n<meta name=\"twitter:label1\" content=\"Tiempo de lectura\" \/>\n\t<meta name=\"twitter:data1\" content=\"7 minutos\" \/>\n<script type=\"application\/ld+json\" class=\"yoast-schema-graph\">{\"@context\":\"https:\/\/schema.org\",\"@graph\":[{\"@type\":\"WebPage\",\"@id\":\"https:\/\/www.molloparc.com\/es\/valores\/\",\"url\":\"https:\/\/www.molloparc.com\/es\/valores\/\",\"name\":\"VALORES - Moll\u00f3 Parc\",\"isPartOf\":{\"@id\":\"https:\/\/www.molloparc.com\/#website\"},\"datePublished\":\"2014-06-02T13:49:36+00:00\",\"dateModified\":\"2025-02-19T13:45:18+00:00\",\"breadcrumb\":{\"@id\":\"https:\/\/www.molloparc.com\/es\/valores\/#breadcrumb\"},\"inLanguage\":\"es\",\"potentialAction\":[{\"@type\":\"ReadAction\",\"target\":[\"https:\/\/www.molloparc.com\/es\/valores\/\"]}]},{\"@type\":\"BreadcrumbList\",\"@id\":\"https:\/\/www.molloparc.com\/es\/valores\/#breadcrumb\",\"itemListElement\":[{\"@type\":\"ListItem\",\"position\":1,\"name\":\"Inici\",\"item\":\"https:\/\/www.molloparc.com\/es\/\"},{\"@type\":\"ListItem\",\"position\":2,\"name\":\"VALORES\"}]},{\"@type\":\"WebSite\",\"@id\":\"https:\/\/www.molloparc.com\/#website\",\"url\":\"https:\/\/www.molloparc.com\/\",\"name\":\"Moll\u00f3 Parc\",\"description\":\"Parc d&#039;animals dels Prineus a la Vall de Camprodon\",\"potentialAction\":[{\"@type\":\"SearchAction\",\"target\":{\"@type\":\"EntryPoint\",\"urlTemplate\":\"https:\/\/www.molloparc.com\/?s={search_term_string}\"},\"query-input\":\"required name=search_term_string\"}],\"inLanguage\":\"es\"}]}<\/script>\n<!-- \/ Yoast SEO plugin. -->","yoast_head_json":{"title":"VALORES - Moll\u00f3 Parc","robots":{"index":"index","follow":"follow","max-snippet":"max-snippet:-1","max-image-preview":"max-image-preview:large","max-video-preview":"max-video-preview:-1"},"canonical":"https:\/\/www.molloparc.com\/es\/valores\/","og_locale":"es_ES","og_type":"article","og_title":"VALORES - Moll\u00f3 Parc","og_description":"Prop\u00f3sito de Moll\u00f3 Parc Sensibilizar a los humanos hacia los animales y su h\u00e1bitat Para conseguir este prop\u00f3sito adquirimos los siguientes compromisos: COMPROMISO CON LA SENSIBILIZACI\u00d3N DE TODOS LOS P\u00daBLICOS Creemos que un centro como Moll\u00f3 Parc es un espacio ideal para sensibilizar a la opini\u00f3n p\u00fablica sobre la problem\u00e1tica en la conservaci\u00f3n de la [&hellip;]","og_url":"https:\/\/www.molloparc.com\/es\/valores\/","og_site_name":"Moll\u00f3 Parc","article_modified_time":"2025-02-19T13:45:18+00:00","twitter_card":"summary_large_image","twitter_misc":{"Tiempo de lectura":"7 minutos"},"schema":{"@context":"https:\/\/schema.org","@graph":[{"@type":"WebPage","@id":"https:\/\/www.molloparc.com\/es\/valores\/","url":"https:\/\/www.molloparc.com\/es\/valores\/","name":"VALORES - Moll\u00f3 Parc","isPartOf":{"@id":"https:\/\/www.molloparc.com\/#website"},"datePublished":"2014-06-02T13:49:36+00:00","dateModified":"2025-02-19T13:45:18+00:00","breadcrumb":{"@id":"https:\/\/www.molloparc.com\/es\/valores\/#breadcrumb"},"inLanguage":"es","potentialAction":[{"@type":"ReadAction","target":["https:\/\/www.molloparc.com\/es\/valores\/"]}]},{"@type":"BreadcrumbList","@id":"https:\/\/www.molloparc.com\/es\/valores\/#breadcrumb","itemListElement":[{"@type":"ListItem","position":1,"name":"Inici","item":"https:\/\/www.molloparc.com\/es\/"},{"@type":"ListItem","position":2,"name":"VALORES"}]},{"@type":"WebSite","@id":"https:\/\/www.molloparc.com\/#website","url":"https:\/\/www.molloparc.com\/","name":"Moll\u00f3 Parc","description":"Parc d&#039;animals dels Prineus a la Vall de Camprodon","potentialAction":[{"@type":"SearchAction","target":{"@type":"EntryPoint","urlTemplate":"https:\/\/www.molloparc.com\/?s={search_term_string}"},"query-input":"required name=search_term_string"}],"inLanguage":"es"}]}},"_links":{"self":[{"href":"https:\/\/www.molloparc.com\/es\/wp-json\/wp\/v2\/pages\/1288"}],"collection":[{"href":"https:\/\/www.molloparc.com\/es\/wp-json\/wp\/v2\/pages"}],"about":[{"href":"https:\/\/www.molloparc.com\/es\/wp-json\/wp\/v2\/types\/page"}],"author":[{"embeddable":true,"href":"https:\/\/www.molloparc.com\/es\/wp-json\/wp\/v2\/users\/2"}],"replies":[{"embeddable":true,"href":"https:\/\/www.molloparc.com\/es\/wp-json\/wp\/v2\/comments?post=1288"}],"version-history":[{"count":8,"href":"https:\/\/www.molloparc.com\/es\/wp-json\/wp\/v2\/pages\/1288\/revisions"}],"predecessor-version":[{"id":9310,"href":"https:\/\/www.molloparc.com\/es\/wp-json\/wp\/v2\/pages\/1288\/revisions\/9310"}],"wp:attachment":[{"href":"https:\/\/www.molloparc.com\/es\/wp-json\/wp\/v2\/media?parent=1288"}],"curies":[{"name":"wp","href":"https:\/\/api.w.org\/{rel}","templated":true}]}}