{"id":1309,"date":"2014-06-02T14:54:52","date_gmt":"2014-06-02T14:54:52","guid":{"rendered":"https:\/\/www.molloparc.com\/la-granja-2\/"},"modified":"2017-01-19T09:24:39","modified_gmt":"2017-01-19T09:24:39","slug":"la-granja","status":"publish","type":"page","link":"https:\/\/www.molloparc.com\/es\/la-granja\/","title":{"rendered":"LA GRANJA"},"content":{"rendered":"<h1>La granja de Moll\u00f3 Parc<\/h1>\n<h2>La granja<\/h2>\n<p>No te olvides de visitar y disfrutar de nuestra granja, donde encontrar\u00e1s animales como patos, ocas, gallinas, conejos, cabras, corderos del Ripoll\u00e8s, entre otros, y \u00a1c\u00f3mo no!: \u00a1el aut\u00e9ntico burro catal\u00e1n! Podr\u00e1s observarlos , darles de comer y acariciarlos.<\/p>\n<h2>PASEO EN PONI:<\/h2>\n<p>Disfruta de interesantes y divertidos paseos en poni por\u00a0<strong>Moll\u00f3 Parc<\/strong>. Te permitir\u00e1 estar y sentirte en contacto con la naturaleza (actividad con coste adicional)<\/p>\nngg_shortcode_0_placeholder\n","protected":false},"excerpt":{"rendered":"<p>La granja de Moll\u00f3 Parc La granja No te olvides de visitar y disfrutar de nuestra granja, donde encontrar\u00e1s animales como patos, ocas, gallinas, conejos, cabras, corderos del Ripoll\u00e8s, entre otros, y \u00a1c\u00f3mo no!: \u00a1el aut\u00e9ntico burro catal\u00e1n! Podr\u00e1s observarlos , darles de comer y acariciarlos. PASEO EN PONI: Disfruta de interesantes y divertidos paseos [&hellip;]<\/p>\n","protected":false},"author":2,"featured_media":0,"parent":0,"menu_order":0,"comment_status":"open","ping_status":"closed","template":"","meta":{"ngg_post_thumbnail":0},"yoast_head":"<!-- This site is optimized with the Yoast SEO plugin v19.13 - https:\/\/yoast.com\/wordpress\/plugins\/seo\/ -->\n<title>La granja | Moll\u00f3 Parc, Parque de animales de los Pirineos (Valle de Camprod\u00f3n)<\/title>\n<meta name=\"description\" content=\"En la granja de Moll\u00f3 Parc encontrar\u00e1s animales como patos, ocas, gallinas, conejos, cabras, corderos del Ripoll\u00e8s, perros, gatos, entre otros, y \u00a1c\u00f3mo no!: \u00a1el aut\u00e9ntico burro catal\u00e1n!\" \/>\n<meta name=\"robots\" content=\"index, follow, max-snippet:-1, max-image-preview:large, max-video-preview:-1\" \/>\n<link rel=\"canonical\" href=\"https:\/\/www.molloparc.com\/es\/la-granja\/\" \/>\n<meta property=\"og:locale\" content=\"es_ES\" \/>\n<meta property=\"og:type\" content=\"article\" \/>\n<meta property=\"og:title\" content=\"La granja | Moll\u00f3 Parc, Parque de animales de los Pirineos (Valle de Camprod\u00f3n)\" \/>\n<meta property=\"og:description\" content=\"En la granja de Moll\u00f3 Parc encontrar\u00e1s animales como patos, ocas, gallinas, conejos, cabras, corderos del Ripoll\u00e8s, perros, gatos, entre otros, y \u00a1c\u00f3mo no!: \u00a1el aut\u00e9ntico burro catal\u00e1n!\" \/>\n<meta property=\"og:url\" content=\"https:\/\/www.molloparc.com\/es\/la-granja\/\" \/>\n<meta property=\"og:site_name\" content=\"Moll\u00f3 Parc\" \/>\n<meta property=\"article:modified_time\" content=\"2017-01-19T09:24:39+00:00\" \/>\n<meta name=\"twitter:card\" content=\"summary_large_image\" \/>\n<script type=\"application\/ld+json\" class=\"yoast-schema-graph\">{\"@context\":\"https:\/\/schema.org\",\"@graph\":[{\"@type\":\"WebPage\",\"@id\":\"https:\/\/www.molloparc.com\/es\/la-granja\/\",\"url\":\"https:\/\/www.molloparc.com\/es\/la-granja\/\",\"name\":\"La granja | Moll\u00f3 Parc, Parque de animales de los Pirineos (Valle de Camprod\u00f3n)\",\"isPartOf\":{\"@id\":\"https:\/\/www.molloparc.com\/#website\"},\"datePublished\":\"2014-06-02T14:54:52+00:00\",\"dateModified\":\"2017-01-19T09:24:39+00:00\",\"description\":\"En la granja de Moll\u00f3 Parc encontrar\u00e1s animales como patos, ocas, gallinas, conejos, cabras, corderos del Ripoll\u00e8s, perros, gatos, entre otros, y \u00a1c\u00f3mo no!: \u00a1el aut\u00e9ntico burro catal\u00e1n!\",\"breadcrumb\":{\"@id\":\"https:\/\/www.molloparc.com\/es\/la-granja\/#breadcrumb\"},\"inLanguage\":\"es\",\"potentialAction\":[{\"@type\":\"ReadAction\",\"target\":[\"https:\/\/www.molloparc.com\/es\/la-granja\/\"]}]},{\"@type\":\"BreadcrumbList\",\"@id\":\"https:\/\/www.molloparc.com\/es\/la-granja\/#breadcrumb\",\"itemListElement\":[{\"@type\":\"ListItem\",\"position\":1,\"name\":\"Inici\",\"item\":\"https:\/\/www.molloparc.com\/es\/\"},{\"@type\":\"ListItem\",\"position\":2,\"name\":\"LA GRANJA\"}]},{\"@type\":\"WebSite\",\"@id\":\"https:\/\/www.molloparc.com\/#website\",\"url\":\"https:\/\/www.molloparc.com\/\",\"name\":\"Moll\u00f3 Parc\",\"description\":\"Parc d&#039;animals dels Prineus a la Vall de Camprodon\",\"potentialAction\":[{\"@type\":\"SearchAction\",\"target\":{\"@type\":\"EntryPoint\",\"urlTemplate\":\"https:\/\/www.molloparc.com\/?s={search_term_string}\"},\"query-input\":\"required name=search_term_string\"}],\"inLanguage\":\"es\"}]}<\/script>\n<!-- \/ Yoast SEO plugin. -->","yoast_head_json":{"title":"La granja | Moll\u00f3 Parc, Parque de animales de los Pirineos (Valle de Camprod\u00f3n)","description":"En la granja de Moll\u00f3 Parc encontrar\u00e1s animales como patos, ocas, gallinas, conejos, cabras, corderos del Ripoll\u00e8s, perros, gatos, entre otros, y \u00a1c\u00f3mo no!: \u00a1el aut\u00e9ntico burro catal\u00e1n!","robots":{"index":"index","follow":"follow","max-snippet":"max-snippet:-1","max-image-preview":"max-image-preview:large","max-video-preview":"max-video-preview:-1"},"canonical":"https:\/\/www.molloparc.com\/es\/la-granja\/","og_locale":"es_ES","og_type":"article","og_title":"La granja | Moll\u00f3 Parc, Parque de animales de los Pirineos (Valle de Camprod\u00f3n)","og_description":"En la granja de Moll\u00f3 Parc encontrar\u00e1s animales como patos, ocas, gallinas, conejos, cabras, corderos del Ripoll\u00e8s, perros, gatos, entre otros, y \u00a1c\u00f3mo no!: \u00a1el aut\u00e9ntico burro catal\u00e1n!","og_url":"https:\/\/www.molloparc.com\/es\/la-granja\/","og_site_name":"Moll\u00f3 Parc","article_modified_time":"2017-01-19T09:24:39+00:00","twitter_card":"summary_large_image","schema":{"@context":"https:\/\/schema.org","@graph":[{"@type":"WebPage","@id":"https:\/\/www.molloparc.com\/es\/la-granja\/","url":"https:\/\/www.molloparc.com\/es\/la-granja\/","name":"La granja | Moll\u00f3 Parc, Parque de animales de los Pirineos (Valle de Camprod\u00f3n)","isPartOf":{"@id":"https:\/\/www.molloparc.com\/#website"},"datePublished":"2014-06-02T14:54:52+00:00","dateModified":"2017-01-19T09:24:39+00:00","description":"En la granja de Moll\u00f3 Parc encontrar\u00e1s animales como patos, ocas, gallinas, conejos, cabras, corderos del Ripoll\u00e8s, perros, gatos, entre otros, y \u00a1c\u00f3mo no!: \u00a1el aut\u00e9ntico burro catal\u00e1n!","breadcrumb":{"@id":"https:\/\/www.molloparc.com\/es\/la-granja\/#breadcrumb"},"inLanguage":"es","potentialAction":[{"@type":"ReadAction","target":["https:\/\/www.molloparc.com\/es\/la-granja\/"]}]},{"@type":"BreadcrumbList","@id":"https:\/\/www.molloparc.com\/es\/la-granja\/#breadcrumb","itemListElement":[{"@type":"ListItem","position":1,"name":"Inici","item":"https:\/\/www.molloparc.com\/es\/"},{"@type":"ListItem","position":2,"name":"LA GRANJA"}]},{"@type":"WebSite","@id":"https:\/\/www.molloparc.com\/#website","url":"https:\/\/www.molloparc.com\/","name":"Moll\u00f3 Parc","description":"Parc d&#039;animals dels Prineus a la Vall de Camprodon","potentialAction":[{"@type":"SearchAction","target":{"@type":"EntryPoint","urlTemplate":"https:\/\/www.molloparc.com\/?s={search_term_string}"},"query-input":"required name=search_term_string"}],"inLanguage":"es"}]}},"_links":{"self":[{"href":"https:\/\/www.molloparc.com\/es\/wp-json\/wp\/v2\/pages\/1309"}],"collection":[{"href":"https:\/\/www.molloparc.com\/es\/wp-json\/wp\/v2\/pages"}],"about":[{"href":"https:\/\/www.molloparc.com\/es\/wp-json\/wp\/v2\/types\/page"}],"author":[{"embeddable":true,"href":"https:\/\/www.molloparc.com\/es\/wp-json\/wp\/v2\/users\/2"}],"replies":[{"embeddable":true,"href":"https:\/\/www.molloparc.com\/es\/wp-json\/wp\/v2\/comments?post=1309"}],"version-history":[{"count":6,"href":"https:\/\/www.molloparc.com\/es\/wp-json\/wp\/v2\/pages\/1309\/revisions"}],"predecessor-version":[{"id":4485,"href":"https:\/\/www.molloparc.com\/es\/wp-json\/wp\/v2\/pages\/1309\/revisions\/4485"}],"wp:attachment":[{"href":"https:\/\/www.molloparc.com\/es\/wp-json\/wp\/v2\/media?parent=1309"}],"curies":[{"name":"wp","href":"https:\/\/api.w.org\/{rel}","templated":true}]}}