{"id":21,"date":"2014-03-01T14:35:06","date_gmt":"2014-03-01T14:35:06","guid":{"rendered":"https:\/\/www.molloparc.com\/?page_id=21"},"modified":"2014-05-28T13:26:49","modified_gmt":"2014-05-28T13:26:49","slug":"el-parque-de-animales-de-los-pirineos","status":"publish","type":"page","link":"https:\/\/www.molloparc.com\/es\/el-parque-de-animales-de-los-pirineos\/","title":{"rendered":"EL PARQUE DE ANIMALES DE  LOS PIRINEOS"},"content":{"rendered":"<h1>MOLL\u00d3 PARC- EL PARQUE DE ANIMALES DE LOS PIRINEOS-<\/h1>\n<p><div class=\"magaziner-column magaziner-two-fifth magaziner-column-first \"><img decoding=\"async\" loading=\"lazy\" class=\"alignnone size-full wp-image-225\" title=\"EL PARQUE DE ANIMALES DE  LOS PIRINEOS\" alt=\"EL PARQUE DE ANIMALES DE  LOS PIRINEOS\" src=\"https:\/\/www.molloparc.com\/wp-content\/uploads\/2014\/03\/elparc.jpg\" width=\"252\" height=\"206\" \/><\/p>\n<p class=\"destacat\"><strong>Moll\u00f3 Parc, el parque de animales de los Pirineos<\/strong>. Es un parque natural situado en un bosque en el que la animaci\u00f3n surge del mismo espacio a trav\u00e9s de su fauna y su flora. Y en el que, adem\u00e1s, el visitante no es un espectador cualquiera, sino que pasa a ser un actor de su propio recorrido al aire libre mientras pasea por el bosque y prados ubicados en el coraz\u00f3n de la Vall de Camprodon.<\/p>\n<p><\/div><div class=\"magaziner-column magaziner-three-fifth magaziner-column-last \"><strong>Moll\u00f3 Parc<\/strong>\u00a0ocupa una superficie de 10 hect\u00e1reas dentro del t\u00e9rmino municipal de Moll\u00f3 (Ripoll\u00e8s) y a unos 600 metros de su n\u00facleo urbano. El parque ofrece al visitante un recorrido para disfrutar de la naturaleza durante 2 y 3 horas. Pero si el visitante quiere pasar todo el d\u00eda, el espacio de\u00a0<strong>Moll\u00f3 Parc<\/strong>\u00a0ofrece zonas de descanso y una cafeter\u00eda donde comprar bocadillos fr\u00edos o calientes, refrescos, caf\u00e9s y helados para poder consumirlos en la zona de p\u00edcnic.<\/p>\n<p>El recorrido indicado permite caminar entre ciervos, gamos y corzos; ver c\u00f3mo se alimentan y descansan los animales, c\u00f3mo se relacionan entre s\u00ed, juegan y cuidan a sus cr\u00edas, entre otros. As\u00ed mismo, el parque gu\u00eda al visitante hacia el recinto de los cabrunos, ocupado por la cabra hisp\u00e1nica, y hacia otros recintos en los que podr\u00e1n observarse carneros, osos, gamuzas y marmotas.<\/p>\n<p>Amantes de la natura, senderistas, monta\u00f1eros y p\u00fablico tanto infantil como juvenil se citan aqu\u00ed en\u00a0<strong>Moll\u00f3 Parc<\/strong>, p\u00fablico para el que se han previsto diversas iniciativas educativas y culturales. En este sentido, durante el recorrido y mediante varias actividades, el visitante puede apreciar la flora, aprendiendo a distinguir pinos, robles, encinas, fresnos, acebos, \u00e1lamos, hayas, etc.; y a disfrutar de sus prados y del encanto del bosque mixto de los Pirineos.<span style=\"font-size: 14px; line-height: 1.5em;\"><\/div><\/span><\/p>\n<p>&nbsp;<\/p>\n<p>&nbsp;<\/p>\n","protected":false},"excerpt":{"rendered":"<p>MOLL\u00d3 PARC- EL PARQUE DE ANIMALES DE LOS PIRINEOS- &nbsp; &nbsp;<\/p>\n","protected":false},"author":1,"featured_media":0,"parent":0,"menu_order":0,"comment_status":"open","ping_status":"closed","template":"","meta":{"ngg_post_thumbnail":0},"yoast_head":"<!-- This site is optimized with the Yoast SEO plugin v19.13 - https:\/\/yoast.com\/wordpress\/plugins\/seo\/ -->\n<title>Parque de animales de los pirineos | Moll\u00f3 Parc (Valle de Camprod\u00f3n)<\/title>\n<meta name=\"description\" content=\"Moll\u00f3 Parc, el parque de animales de los Pirineos, situado en Valle de Camprodon,donde el visitante puede ver animales t\u00edpicos de los pirienos: osos, lobos, ciervos.\" \/>\n<meta name=\"robots\" content=\"index, follow, max-snippet:-1, max-image-preview:large, max-video-preview:-1\" \/>\n<link rel=\"canonical\" href=\"https:\/\/www.molloparc.com\/es\/el-parque-de-animales-de-los-pirineos\/\" \/>\n<meta property=\"og:locale\" content=\"es_ES\" \/>\n<meta property=\"og:type\" content=\"article\" \/>\n<meta property=\"og:title\" content=\"Parque de animales de los pirineos | Moll\u00f3 Parc (Valle de Camprod\u00f3n)\" \/>\n<meta property=\"og:description\" content=\"Moll\u00f3 Parc, el parque de animales de los Pirineos, situado en Valle de Camprodon,donde el visitante puede ver animales t\u00edpicos de los pirienos: osos, lobos, ciervos.\" \/>\n<meta property=\"og:url\" content=\"https:\/\/www.molloparc.com\/es\/el-parque-de-animales-de-los-pirineos\/\" \/>\n<meta property=\"og:site_name\" content=\"Moll\u00f3 Parc\" \/>\n<meta property=\"article:modified_time\" content=\"2014-05-28T13:26:49+00:00\" \/>\n<meta property=\"og:image\" content=\"https:\/\/www.molloparc.com\/wp-content\/uploads\/2014\/03\/elparc.jpg\" \/>\n<meta name=\"twitter:card\" content=\"summary_large_image\" \/>\n<meta name=\"twitter:label1\" content=\"Tiempo de lectura\" \/>\n\t<meta name=\"twitter:data1\" content=\"2 minutos\" \/>\n<script type=\"application\/ld+json\" class=\"yoast-schema-graph\">{\"@context\":\"https:\/\/schema.org\",\"@graph\":[{\"@type\":\"WebPage\",\"@id\":\"https:\/\/www.molloparc.com\/es\/el-parque-de-animales-de-los-pirineos\/\",\"url\":\"https:\/\/www.molloparc.com\/es\/el-parque-de-animales-de-los-pirineos\/\",\"name\":\"Parque de animales de los pirineos | Moll\u00f3 Parc (Valle de Camprod\u00f3n)\",\"isPartOf\":{\"@id\":\"https:\/\/www.molloparc.com\/#website\"},\"datePublished\":\"2014-03-01T14:35:06+00:00\",\"dateModified\":\"2014-05-28T13:26:49+00:00\",\"description\":\"Moll\u00f3 Parc, el parque de animales de los Pirineos, situado en Valle de Camprodon,donde el visitante puede ver animales t\u00edpicos de los pirienos: osos, lobos, ciervos.\",\"breadcrumb\":{\"@id\":\"https:\/\/www.molloparc.com\/es\/el-parque-de-animales-de-los-pirineos\/#breadcrumb\"},\"inLanguage\":\"es\",\"potentialAction\":[{\"@type\":\"ReadAction\",\"target\":[\"https:\/\/www.molloparc.com\/es\/el-parque-de-animales-de-los-pirineos\/\"]}]},{\"@type\":\"BreadcrumbList\",\"@id\":\"https:\/\/www.molloparc.com\/es\/el-parque-de-animales-de-los-pirineos\/#breadcrumb\",\"itemListElement\":[{\"@type\":\"ListItem\",\"position\":1,\"name\":\"Inici\",\"item\":\"https:\/\/www.molloparc.com\/es\/\"},{\"@type\":\"ListItem\",\"position\":2,\"name\":\"EL PARQUE DE ANIMALES DE LOS PIRINEOS\"}]},{\"@type\":\"WebSite\",\"@id\":\"https:\/\/www.molloparc.com\/#website\",\"url\":\"https:\/\/www.molloparc.com\/\",\"name\":\"Moll\u00f3 Parc\",\"description\":\"Parc d&#039;animals dels Prineus a la Vall de Camprodon\",\"potentialAction\":[{\"@type\":\"SearchAction\",\"target\":{\"@type\":\"EntryPoint\",\"urlTemplate\":\"https:\/\/www.molloparc.com\/?s={search_term_string}\"},\"query-input\":\"required name=search_term_string\"}],\"inLanguage\":\"es\"}]}<\/script>\n<!-- \/ Yoast SEO plugin. -->","yoast_head_json":{"title":"Parque de animales de los pirineos | Moll\u00f3 Parc (Valle de Camprod\u00f3n)","description":"Moll\u00f3 Parc, el parque de animales de los Pirineos, situado en Valle de Camprodon,donde el visitante puede ver animales t\u00edpicos de los pirienos: osos, lobos, ciervos.","robots":{"index":"index","follow":"follow","max-snippet":"max-snippet:-1","max-image-preview":"max-image-preview:large","max-video-preview":"max-video-preview:-1"},"canonical":"https:\/\/www.molloparc.com\/es\/el-parque-de-animales-de-los-pirineos\/","og_locale":"es_ES","og_type":"article","og_title":"Parque de animales de los pirineos | Moll\u00f3 Parc (Valle de Camprod\u00f3n)","og_description":"Moll\u00f3 Parc, el parque de animales de los Pirineos, situado en Valle de Camprodon,donde el visitante puede ver animales t\u00edpicos de los pirienos: osos, lobos, ciervos.","og_url":"https:\/\/www.molloparc.com\/es\/el-parque-de-animales-de-los-pirineos\/","og_site_name":"Moll\u00f3 Parc","article_modified_time":"2014-05-28T13:26:49+00:00","og_image":[{"url":"https:\/\/www.molloparc.com\/wp-content\/uploads\/2014\/03\/elparc.jpg"}],"twitter_card":"summary_large_image","twitter_misc":{"Tiempo de lectura":"2 minutos"},"schema":{"@context":"https:\/\/schema.org","@graph":[{"@type":"WebPage","@id":"https:\/\/www.molloparc.com\/es\/el-parque-de-animales-de-los-pirineos\/","url":"https:\/\/www.molloparc.com\/es\/el-parque-de-animales-de-los-pirineos\/","name":"Parque de animales de los pirineos | Moll\u00f3 Parc (Valle de Camprod\u00f3n)","isPartOf":{"@id":"https:\/\/www.molloparc.com\/#website"},"datePublished":"2014-03-01T14:35:06+00:00","dateModified":"2014-05-28T13:26:49+00:00","description":"Moll\u00f3 Parc, el parque de animales de los Pirineos, situado en Valle de Camprodon,donde el visitante puede ver animales t\u00edpicos de los pirienos: osos, lobos, ciervos.","breadcrumb":{"@id":"https:\/\/www.molloparc.com\/es\/el-parque-de-animales-de-los-pirineos\/#breadcrumb"},"inLanguage":"es","potentialAction":[{"@type":"ReadAction","target":["https:\/\/www.molloparc.com\/es\/el-parque-de-animales-de-los-pirineos\/"]}]},{"@type":"BreadcrumbList","@id":"https:\/\/www.molloparc.com\/es\/el-parque-de-animales-de-los-pirineos\/#breadcrumb","itemListElement":[{"@type":"ListItem","position":1,"name":"Inici","item":"https:\/\/www.molloparc.com\/es\/"},{"@type":"ListItem","position":2,"name":"EL PARQUE DE ANIMALES DE LOS PIRINEOS"}]},{"@type":"WebSite","@id":"https:\/\/www.molloparc.com\/#website","url":"https:\/\/www.molloparc.com\/","name":"Moll\u00f3 Parc","description":"Parc d&#039;animals dels Prineus a la Vall de Camprodon","potentialAction":[{"@type":"SearchAction","target":{"@type":"EntryPoint","urlTemplate":"https:\/\/www.molloparc.com\/?s={search_term_string}"},"query-input":"required name=search_term_string"}],"inLanguage":"es"}]}},"_links":{"self":[{"href":"https:\/\/www.molloparc.com\/es\/wp-json\/wp\/v2\/pages\/21"}],"collection":[{"href":"https:\/\/www.molloparc.com\/es\/wp-json\/wp\/v2\/pages"}],"about":[{"href":"https:\/\/www.molloparc.com\/es\/wp-json\/wp\/v2\/types\/page"}],"author":[{"embeddable":true,"href":"https:\/\/www.molloparc.com\/es\/wp-json\/wp\/v2\/users\/1"}],"replies":[{"embeddable":true,"href":"https:\/\/www.molloparc.com\/es\/wp-json\/wp\/v2\/comments?post=21"}],"version-history":[{"count":8,"href":"https:\/\/www.molloparc.com\/es\/wp-json\/wp\/v2\/pages\/21\/revisions"}],"predecessor-version":[{"id":413,"href":"https:\/\/www.molloparc.com\/es\/wp-json\/wp\/v2\/pages\/21\/revisions\/413"}],"wp:attachment":[{"href":"https:\/\/www.molloparc.com\/es\/wp-json\/wp\/v2\/media?parent=21"}],"curies":[{"name":"wp","href":"https:\/\/api.w.org\/{rel}","templated":true}]}}