{"id":2127,"date":"2014-09-02T10:14:30","date_gmt":"2014-09-02T10:14:30","guid":{"rendered":"https:\/\/www.molloparc.com\/zones-de-picnic-2\/"},"modified":"2025-07-17T08:31:17","modified_gmt":"2025-07-17T08:31:17","slug":"zonas-de-picnic","status":"publish","type":"page","link":"https:\/\/www.molloparc.com\/es\/zonas-de-picnic\/","title":{"rendered":"Zonas de p\u00edcnic-Servicio de Bar"},"content":{"rendered":"<h1 style=\"text-align: center;\">Zonas de P\u00edcnic &#8211; Servicio de Bar<\/h1>\n<h2 style=\"text-align: center;\"><span style=\"color: #808000;\">\u00a1\u00a1Ven y pasa todo el d\u00eda en el Parque!!<\/span><\/h2>\n<p style=\"text-align: center;\"><span style=\"color: #ff0000;\"><strong>No se permite comer durante el recorrido, solo en las&nbsp; zonas de p\u00edcnic. Se permite llevar agua durante el recorrido<\/strong><\/span><\/p>\n<p style=\"text-align: center;\"><span style=\"color: #ff0000;\">La zona de pic-nic \u00abMirador de los ossos\u00bb la mayoria de mesas son de uso exclusivo para las personas que consuman los bocadillos adquiridos en nuestro bar. La mesa queda automaticamente reservada cuando se reserva la comida al entrar al parque.<\/span><\/p>\n<p>Moll\u00f3 Parc&nbsp;dispone de dos zonas de p\u00edcnic, al aire libre, d\u00f3nde los &nbsp;visitantes pueden descansar, comer y pasar ratos de reposo mientras visitan el parque. En las dos zonas &nbsp;hay m\u00e1quina de bebidas y snacks disponibles durante todo el a\u00f1o (admiten s\u00f3lo monedas), &nbsp;un &nbsp;servicio de bar\/cafeter\u00eda donde poder adquirir: pizzas, bocadillos, hamburguesas, helados&#8230; abiertos seg\u00fan calendario indicado a continuaci\u00f3n.<\/p>\n<p>Hay que tener presente las siguientes normas:<\/p>\n<p style=\"text-align: center;\"><strong><span style=\"color: #ff0000;\">EN NINGUNA DE LAS DOS ZONAS DE PICNIC SE PERMITE LA ENTRADA DE BEBIDAS<\/span><\/strong><\/p>\n<p style=\"text-align: center;\"><span style=\"color: #99cc00;\"><strong>(En ambas zonas hay M\u00c1QUINA DE BEBIDAS Y SNACKS que funcionan todo el a\u00f1o).<\/strong><\/span><\/p>\n<p style=\"text-align: center;\"><strong><span style=\"color: #99cc00;\">Se permite la entrada de comida pero en la zona de p\u00edcnic del r\u00edo, s\u00f3lo se permite la entrada de comida guardada en mochilas.<\/span><\/strong><\/p>\n<div class=\"magaziner-column magaziner-one-half magaziner-column-fist \"><\/p>\n<h3 style=\"text-align: center;\"><span style=\"color: #808000;\">SERVICIO DE BAR: Mirador de los osos<\/span><\/h3>\n<p style=\"text-align: center;\"><span style=\"color: #808000;\">(Situado en la entrada\/salida del parque)<\/span><\/p>\n<p style=\"text-align: center;\">El bar cerrar\u00e1 45 min antes de la hora de cierre del parque.<\/p>\n<p><a href=\"https:\/\/www.molloparc.com\/wp-content\/uploads\/2014\/09\/zones-de-picnic-mollo-parc.jpg\"><img decoding=\"async\" loading=\"lazy\" class=\"aligncenter\" src=\"https:\/\/www.molloparc.com\/wp-content\/uploads\/2014\/09\/zones-de-picnic-mollo-parc.jpg\" alt=\"zones-de-picnic-mollo-parc\" width=\"360\" height=\"203\"><\/a><\/p>\n<p>Esta \u00e1rea tiene vistas al recinto de los osos y es d\u00f3nde se encuentra el <a href=\"https:\/\/www.molloparc.com\/es\/nueva-actividad-inflables-de-mollo-parc\/\">hinchable de Moll\u00f3 Parc<\/a>.<\/p>\n<p><span style=\"text-decoration: underline;\">Calendario del bar\/cafeteria del Mirador de los osos:<\/span><\/p>\n<ul>\n<li>Enero, febrero y marzo, abierto los s\u00e1bados, domingos, festivos y puentes s\u00f3lo con la posibilidad de adquirir caf\u00e9s y bebidas (no comidas).<\/li>\n<li>Semana Santa, abierto&nbsp; (bebidas, caf\u00e9s y comida).<\/li>\n<li>Abril, Mayo y junio, abierto s\u00e1bados, domingos, festivos y puentes (bebidas, caf\u00e9s y comida).<\/li>\n<li>Julio y agosto abierto todos los d\u00edas (bebidas, caf\u00e9s y comida).<\/li>\n<li>De setiembre hasta diciembre (incluido) abierto s\u00e1bados, domingos, festivos y puentes. En caso de querer bocadillos deber\u00e1n encargarse con una antelaci\u00f3n de 2h m\u00ednimo al mismo bar, sino se tardar\u00e1 un m\u00ednimo de 20 minutos para hacerlo los.Entre semana no se hacen comidas.<\/li>\n<\/ul>\n<p><\/div>\n<div class=\"magaziner-column magaziner-one-half magaziner-column-last \"><\/p>\n<h3 style=\"text-align: center;\"><span style=\"color: #808000;\">SERVICIO BAR DEL R\u00cdO<\/span><\/h3>\n<p style=\"text-align: center;\"><span style=\"color: #808000;\">(Situado a medio recorrido)<\/span><\/p>\n<p><a href=\"https:\/\/www.molloparc.com\/wp-content\/uploads\/2014\/09\/zones-de-picnic-riu-mollo-parc.jpg\"><img decoding=\"async\" loading=\"lazy\" class=\"size-full wp-image-3884 aligncenter\" src=\"https:\/\/www.molloparc.com\/wp-content\/uploads\/2014\/09\/zones-de-picnic-riu-mollo-parc.jpg\" alt=\"zones-de-picnic-riu-mollo-parc\" width=\"360\" height=\"203\" srcset=\"https:\/\/www.molloparc.com\/wp-content\/uploads\/2014\/09\/zones-de-picnic-riu-mollo-parc.jpg 360w, https:\/\/www.molloparc.com\/wp-content\/uploads\/2014\/09\/zones-de-picnic-riu-mollo-parc-300x169.jpg 300w\" sizes=\"(max-width: 360px) 100vw, 360px\" \/><\/a><\/p>\n<p>Esta \u00e1rea se encuentra a mitad del recorrido del parque, justo al lado del r\u00edo que lo rodea y al lado de la zona de juegos por los m\u00e1s peque\u00f1os.<\/p>\n<p>En el bar del r\u00edo no es posible pagar con tarjeta de cr\u00e9dito.<\/p>\n<p><span style=\"text-decoration: underline;\">Calendario del Bar\/Cafeter\u00eda:<\/span><\/p>\n<ul>\n<li>Puente de Semana Santa, abierto los 4 d\u00edas, de viernes a lunes.<\/li>\n<li>Des del 27 de julio y hasta el 24 de agosto&nbsp; abierto todos los d\u00edas (de 11.00 h. A 17.00h).<\/li>\n<li>Resta de meses: cerrado.<\/li>\n<\/ul>\n<p>La direcci\u00f3n se reserva la posibilidad de no abrir este bar seg\u00fan la climatolog\u00eda o afluencia de visitantes.<\/p>\n<p>En este bar \/ cafeter\u00eda no se puede pagar con tarjeta de cr\u00e9dito.<\/p>\n<p><\/div>\n","protected":false},"excerpt":{"rendered":"<p>Zonas de P\u00edcnic &#8211; Servicio de Bar \u00a1\u00a1Ven y pasa todo el d\u00eda en el Parque!! No se permite comer durante el recorrido, solo en las&nbsp; zonas de p\u00edcnic. Se permite llevar agua durante el recorrido La zona de pic-nic \u00abMirador de los ossos\u00bb la mayoria de mesas son de uso exclusivo para las personas [&hellip;]<\/p>\n","protected":false},"author":2,"featured_media":0,"parent":0,"menu_order":0,"comment_status":"open","ping_status":"closed","template":"page-templates\/template-full-width.php","meta":{"ngg_post_thumbnail":0},"yoast_head":"<!-- This site is optimized with the Yoast SEO plugin v19.13 - https:\/\/yoast.com\/wordpress\/plugins\/seo\/ -->\n<title>Zonas de P\u00edcnic| Moll\u00f3 Parc Parque de animales de los Pirineos (Vall de Camprodon)<\/title>\n<meta name=\"description\" content=\"Moll\u00f3 Parc dispone de dos zonas de picnic d\u00f3nde los visitantes pueden descansar, comer y pasar ratos de reposo mientras visitan el parque.\" \/>\n<meta name=\"robots\" content=\"index, follow, max-snippet:-1, max-image-preview:large, max-video-preview:-1\" \/>\n<link rel=\"canonical\" href=\"https:\/\/www.molloparc.com\/es\/zonas-de-picnic\/\" \/>\n<meta property=\"og:locale\" content=\"es_ES\" \/>\n<meta property=\"og:type\" content=\"article\" \/>\n<meta property=\"og:title\" content=\"Zonas de P\u00edcnic| Moll\u00f3 Parc Parque de animales de los Pirineos (Vall de Camprodon)\" \/>\n<meta property=\"og:description\" content=\"Moll\u00f3 Parc dispone de dos zonas de picnic d\u00f3nde los visitantes pueden descansar, comer y pasar ratos de reposo mientras visitan el parque.\" \/>\n<meta property=\"og:url\" content=\"https:\/\/www.molloparc.com\/es\/zonas-de-picnic\/\" \/>\n<meta property=\"og:site_name\" content=\"Moll\u00f3 Parc\" \/>\n<meta property=\"article:modified_time\" content=\"2025-07-17T08:31:17+00:00\" \/>\n<meta property=\"og:image\" content=\"https:\/\/www.molloparc.com\/wp-content\/uploads\/2014\/09\/zones-de-picnic-mollo-parc.jpg\" \/>\n<meta name=\"twitter:card\" content=\"summary_large_image\" \/>\n<meta name=\"twitter:label1\" content=\"Tiempo de lectura\" \/>\n\t<meta name=\"twitter:data1\" content=\"3 minutos\" \/>\n<script type=\"application\/ld+json\" class=\"yoast-schema-graph\">{\"@context\":\"https:\/\/schema.org\",\"@graph\":[{\"@type\":\"WebPage\",\"@id\":\"https:\/\/www.molloparc.com\/es\/zonas-de-picnic\/\",\"url\":\"https:\/\/www.molloparc.com\/es\/zonas-de-picnic\/\",\"name\":\"Zonas de P\u00edcnic| Moll\u00f3 Parc Parque de animales de los Pirineos (Vall de Camprodon)\",\"isPartOf\":{\"@id\":\"https:\/\/www.molloparc.com\/#website\"},\"datePublished\":\"2014-09-02T10:14:30+00:00\",\"dateModified\":\"2025-07-17T08:31:17+00:00\",\"description\":\"Moll\u00f3 Parc dispone de dos zonas de picnic d\u00f3nde los visitantes pueden descansar, comer y pasar ratos de reposo mientras visitan el parque.\",\"breadcrumb\":{\"@id\":\"https:\/\/www.molloparc.com\/es\/zonas-de-picnic\/#breadcrumb\"},\"inLanguage\":\"es\",\"potentialAction\":[{\"@type\":\"ReadAction\",\"target\":[\"https:\/\/www.molloparc.com\/es\/zonas-de-picnic\/\"]}]},{\"@type\":\"BreadcrumbList\",\"@id\":\"https:\/\/www.molloparc.com\/es\/zonas-de-picnic\/#breadcrumb\",\"itemListElement\":[{\"@type\":\"ListItem\",\"position\":1,\"name\":\"Inici\",\"item\":\"https:\/\/www.molloparc.com\/es\/\"},{\"@type\":\"ListItem\",\"position\":2,\"name\":\"Zonas de p\u00edcnic-Servicio de Bar\"}]},{\"@type\":\"WebSite\",\"@id\":\"https:\/\/www.molloparc.com\/#website\",\"url\":\"https:\/\/www.molloparc.com\/\",\"name\":\"Moll\u00f3 Parc\",\"description\":\"Parc d&#039;animals dels Prineus a la Vall de Camprodon\",\"potentialAction\":[{\"@type\":\"SearchAction\",\"target\":{\"@type\":\"EntryPoint\",\"urlTemplate\":\"https:\/\/www.molloparc.com\/?s={search_term_string}\"},\"query-input\":\"required name=search_term_string\"}],\"inLanguage\":\"es\"}]}<\/script>\n<!-- \/ Yoast SEO plugin. -->","yoast_head_json":{"title":"Zonas de P\u00edcnic| Moll\u00f3 Parc Parque de animales de los Pirineos (Vall de Camprodon)","description":"Moll\u00f3 Parc dispone de dos zonas de picnic d\u00f3nde los visitantes pueden descansar, comer y pasar ratos de reposo mientras visitan el parque.","robots":{"index":"index","follow":"follow","max-snippet":"max-snippet:-1","max-image-preview":"max-image-preview:large","max-video-preview":"max-video-preview:-1"},"canonical":"https:\/\/www.molloparc.com\/es\/zonas-de-picnic\/","og_locale":"es_ES","og_type":"article","og_title":"Zonas de P\u00edcnic| Moll\u00f3 Parc Parque de animales de los Pirineos (Vall de Camprodon)","og_description":"Moll\u00f3 Parc dispone de dos zonas de picnic d\u00f3nde los visitantes pueden descansar, comer y pasar ratos de reposo mientras visitan el parque.","og_url":"https:\/\/www.molloparc.com\/es\/zonas-de-picnic\/","og_site_name":"Moll\u00f3 Parc","article_modified_time":"2025-07-17T08:31:17+00:00","og_image":[{"url":"https:\/\/www.molloparc.com\/wp-content\/uploads\/2014\/09\/zones-de-picnic-mollo-parc.jpg"}],"twitter_card":"summary_large_image","twitter_misc":{"Tiempo de lectura":"3 minutos"},"schema":{"@context":"https:\/\/schema.org","@graph":[{"@type":"WebPage","@id":"https:\/\/www.molloparc.com\/es\/zonas-de-picnic\/","url":"https:\/\/www.molloparc.com\/es\/zonas-de-picnic\/","name":"Zonas de P\u00edcnic| Moll\u00f3 Parc Parque de animales de los Pirineos (Vall de Camprodon)","isPartOf":{"@id":"https:\/\/www.molloparc.com\/#website"},"datePublished":"2014-09-02T10:14:30+00:00","dateModified":"2025-07-17T08:31:17+00:00","description":"Moll\u00f3 Parc dispone de dos zonas de picnic d\u00f3nde los visitantes pueden descansar, comer y pasar ratos de reposo mientras visitan el parque.","breadcrumb":{"@id":"https:\/\/www.molloparc.com\/es\/zonas-de-picnic\/#breadcrumb"},"inLanguage":"es","potentialAction":[{"@type":"ReadAction","target":["https:\/\/www.molloparc.com\/es\/zonas-de-picnic\/"]}]},{"@type":"BreadcrumbList","@id":"https:\/\/www.molloparc.com\/es\/zonas-de-picnic\/#breadcrumb","itemListElement":[{"@type":"ListItem","position":1,"name":"Inici","item":"https:\/\/www.molloparc.com\/es\/"},{"@type":"ListItem","position":2,"name":"Zonas de p\u00edcnic-Servicio de Bar"}]},{"@type":"WebSite","@id":"https:\/\/www.molloparc.com\/#website","url":"https:\/\/www.molloparc.com\/","name":"Moll\u00f3 Parc","description":"Parc d&#039;animals dels Prineus a la Vall de Camprodon","potentialAction":[{"@type":"SearchAction","target":{"@type":"EntryPoint","urlTemplate":"https:\/\/www.molloparc.com\/?s={search_term_string}"},"query-input":"required name=search_term_string"}],"inLanguage":"es"}]}},"_links":{"self":[{"href":"https:\/\/www.molloparc.com\/es\/wp-json\/wp\/v2\/pages\/2127"}],"collection":[{"href":"https:\/\/www.molloparc.com\/es\/wp-json\/wp\/v2\/pages"}],"about":[{"href":"https:\/\/www.molloparc.com\/es\/wp-json\/wp\/v2\/types\/page"}],"author":[{"embeddable":true,"href":"https:\/\/www.molloparc.com\/es\/wp-json\/wp\/v2\/users\/2"}],"replies":[{"embeddable":true,"href":"https:\/\/www.molloparc.com\/es\/wp-json\/wp\/v2\/comments?post=2127"}],"version-history":[{"count":71,"href":"https:\/\/www.molloparc.com\/es\/wp-json\/wp\/v2\/pages\/2127\/revisions"}],"predecessor-version":[{"id":9377,"href":"https:\/\/www.molloparc.com\/es\/wp-json\/wp\/v2\/pages\/2127\/revisions\/9377"}],"wp:attachment":[{"href":"https:\/\/www.molloparc.com\/es\/wp-json\/wp\/v2\/media?parent=2127"}],"curies":[{"name":"wp","href":"https:\/\/api.w.org\/{rel}","templated":true}]}}