{"id":2361,"date":"2014-10-20T11:22:56","date_gmt":"2014-10-20T11:22:56","guid":{"rendered":"https:\/\/www.molloparc.com\/qui-som-2\/"},"modified":"2025-01-24T13:11:13","modified_gmt":"2025-01-24T13:11:13","slug":"quienes-somos","status":"publish","type":"page","link":"https:\/\/www.molloparc.com\/es\/quienes-somos\/","title":{"rendered":"Quienes somos"},"content":{"rendered":"<p>Os presentamos el equipo de Moll\u00f3 Parc y <a href=\"http:\/\/www.molloparcaventura.com\">Moll\u00f3 Parc Aventura<\/a>, debajo encontrar\u00e9is m\u00e1s informaci\u00f3n de cada uno de ellos!<\/p>\n<p>&nbsp;<\/p>\n<div class=\"magaziner-column magaziner-one-third magaziner-column-first \"><a href=\"https:\/\/www.molloparc.com\/es\/portfolio\/neus-toni\/\"><img decoding=\"async\" loading=\"lazy\" class=\"alignnone size-medium wp-image-9191\" src=\"https:\/\/www.molloparc.com\/wp-content\/uploads\/2025\/01\/8-1-300x150.png\" alt=\"\" width=\"300\" height=\"150\" srcset=\"https:\/\/www.molloparc.com\/wp-content\/uploads\/2025\/01\/8-1-300x150.png 300w, https:\/\/www.molloparc.com\/wp-content\/uploads\/2025\/01\/8-1.png 600w\" sizes=\"(max-width: 300px) 100vw, 300px\" \/><\/a><\/p>\n<p>Lee m\u00e1s sobre&nbsp;<a href=\"https:\/\/www.molloparc.com\/es\/portfolio\/neus-toni\/\">Neus y Toni&nbsp;<\/a>&nbsp; <\/div>\n<div class=\"magaziner-column magaziner-one-third magaziner-column-second \"><a href=\"https:\/\/www.molloparc.com\/es\/portfolio\/carles\/\"><img decoding=\"async\" loading=\"lazy\" class=\"alignnone size-medium wp-image-9204\" src=\"https:\/\/www.molloparc.com\/wp-content\/uploads\/2025\/01\/6-300x150.png\" alt=\"\" width=\"300\" height=\"150\" srcset=\"https:\/\/www.molloparc.com\/wp-content\/uploads\/2025\/01\/6-300x150.png 300w, https:\/\/www.molloparc.com\/wp-content\/uploads\/2025\/01\/6.png 600w\" sizes=\"(max-width: 300px) 100vw, 300px\" \/><\/a><br \/>\nLee m\u00e1s sobre&nbsp;<a href=\"https:\/\/www.molloparc.com\/es\/portfolio\/carles\/\">Carles <\/a><\/div>\n<div class=\"magaziner-column magaziner-one-third magaziner-column-last \"><a href=\"https:\/\/www.molloparc.com\/es\/portfolio\/ester\/\"><img decoding=\"async\" loading=\"lazy\" class=\"alignnone size-medium wp-image-9208\" src=\"https:\/\/www.molloparc.com\/wp-content\/uploads\/2025\/01\/5-300x150.png\" alt=\"\" width=\"300\" height=\"150\" srcset=\"https:\/\/www.molloparc.com\/wp-content\/uploads\/2025\/01\/5-300x150.png 300w, https:\/\/www.molloparc.com\/wp-content\/uploads\/2025\/01\/5.png 600w\" sizes=\"(max-width: 300px) 100vw, 300px\" \/><\/a><br \/>\nLee m\u00e1s sobre <a href=\"https:\/\/www.molloparc.com\/es\/portfolio\/ester\/\">Ester<\/a><\/div>\n<p>&nbsp;<\/p>\n<div class=\"magaziner-column magaziner-one-third magaziner-column-first \"><a href=\"https:\/\/www.molloparc.com\/es\/portfolio\/veterinario\/\"><img decoding=\"async\" loading=\"lazy\" class=\"alignnone size-medium wp-image-9212\" src=\"https:\/\/www.molloparc.com\/wp-content\/uploads\/2025\/01\/7-300x150.png\" alt=\"\" width=\"300\" height=\"150\" srcset=\"https:\/\/www.molloparc.com\/wp-content\/uploads\/2025\/01\/7-300x150.png 300w, https:\/\/www.molloparc.com\/wp-content\/uploads\/2025\/01\/7.png 600w\" sizes=\"(max-width: 300px) 100vw, 300px\" \/><\/a><\/p>\n<p>Lee m\u00e1s sobre nuestro veterinari\u00f3&nbsp;<a href=\"https:\/\/www.molloparc.com\/es\/portfolio\/veterinario\/\">&nbsp;Josep<\/a> <\/div>\n<div class=\"magaziner-column magaziner-one-third magaziner-column-second \"> <a href=\"https:\/\/www.molloparc.com\/es\/portfolio\/cuidador-granja\/\"><img decoding=\"async\" loading=\"lazy\" class=\"alignnone size-medium wp-image-9200\" src=\"https:\/\/www.molloparc.com\/wp-content\/uploads\/2014\/10\/3-300x150.png\" alt=\"\" width=\"300\" height=\"150\" srcset=\"https:\/\/www.molloparc.com\/wp-content\/uploads\/2014\/10\/3-300x150.png 300w, https:\/\/www.molloparc.com\/wp-content\/uploads\/2014\/10\/3.png 600w\" sizes=\"(max-width: 300px) 100vw, 300px\" \/><\/a><br \/>\nLee m\u00e1s sobre <a href=\"https:\/\/www.molloparc.com\/es\/portfolio\/cuidador-granja\/\">Carlos<\/a> <\/div>\n<div class=\"magaziner-column magaziner-one-third magaziner-column-last \"> <a href=\"https:\/\/www.molloparc.com\/es\/portfolio\/cuidador\/\"><img decoding=\"async\" loading=\"lazy\" class=\"alignnone size-medium wp-image-9219\" src=\"https:\/\/www.molloparc.com\/wp-content\/uploads\/2025\/01\/2-300x150.png\" alt=\"\" width=\"300\" height=\"150\" srcset=\"https:\/\/www.molloparc.com\/wp-content\/uploads\/2025\/01\/2-300x150.png 300w, https:\/\/www.molloparc.com\/wp-content\/uploads\/2025\/01\/2.png 600w\" sizes=\"(max-width: 300px) 100vw, 300px\" \/><\/a><br \/>\nLee m\u00e1s sobre <a href=\"https:\/\/www.molloparc.com\/es\/portfolio\/cuidador\/\">Jan<\/a> <\/div>\n<p>&nbsp;<\/p>\n<div class=\"magaziner-column magaziner-one-third magaziner-column-first \"><a href=\"https:\/\/www.molloparc.com\/es\/portfolio\/taquilla\/\"><img decoding=\"async\" loading=\"lazy\" class=\"alignnone size-medium wp-image-9196\" src=\"https:\/\/www.molloparc.com\/wp-content\/uploads\/2014\/10\/1-300x150.png\" alt=\"\" width=\"300\" height=\"150\" srcset=\"https:\/\/www.molloparc.com\/wp-content\/uploads\/2014\/10\/1-300x150.png 300w, https:\/\/www.molloparc.com\/wp-content\/uploads\/2014\/10\/1.png 600w\" sizes=\"(max-width: 300px) 100vw, 300px\" \/><\/a><\/p>\n<p>Lee m\u00e1s sobre <a href=\"https:\/\/www.molloparc.com\/es\/portfolio\/taquilla\/\">Emma <\/a><\/div>\n<div class=\"magaziner-column magaziner-one-third magaziner-column-second \"><a href=\"https:\/\/www.molloparc.com\/es\/portfolio\/parcaventura\/\"><img decoding=\"async\" loading=\"lazy\" class=\"alignnone wp-image-9238 size-medium\" src=\"https:\/\/www.molloparc.com\/wp-content\/uploads\/2025\/01\/4-300x150.png\" alt=\"\" width=\"300\" height=\"150\" srcset=\"https:\/\/www.molloparc.com\/wp-content\/uploads\/2025\/01\/4-300x150.png 300w, https:\/\/www.molloparc.com\/wp-content\/uploads\/2025\/01\/4.png 600w\" sizes=\"(max-width: 300px) 100vw, 300px\" \/><\/a><\/p>\n<p>Llegeix m\u00e9s sobre la <a href=\"https:\/\/www.molloparc.com\/es\/portfolio\/parcaventura\/\">Junior<\/a> <\/div>\n<p>&nbsp;<\/p>\n<p>&nbsp;<\/p>\n<p>&nbsp;<\/p>\n<p>&nbsp;<\/p>\n<p>&nbsp;<\/p>\n<p>&nbsp;<\/p>\n<p>&nbsp;<\/p>\n","protected":false},"excerpt":{"rendered":"<p>Os presentamos el equipo de Moll\u00f3 Parc y Moll\u00f3 Parc Aventura, debajo encontrar\u00e9is m\u00e1s informaci\u00f3n de cada uno de ellos! &nbsp; &nbsp; &nbsp; &nbsp; &nbsp; &nbsp; &nbsp; &nbsp; &nbsp; &nbsp; &nbsp;<\/p>\n","protected":false},"author":2,"featured_media":0,"parent":0,"menu_order":0,"comment_status":"closed","ping_status":"closed","template":"page-templates\/template-full-width.php","meta":{"ngg_post_thumbnail":0},"yoast_head":"<!-- This site is optimized with the Yoast SEO plugin v19.13 - https:\/\/yoast.com\/wordpress\/plugins\/seo\/ -->\n<title>Quienes somos - Moll\u00f3 Parc<\/title>\n<meta name=\"robots\" content=\"index, nofollow, max-snippet:-1, max-image-preview:large, max-video-preview:-1\" \/>\n<link rel=\"canonical\" href=\"https:\/\/www.molloparc.com\/es\/quienes-somos\/\" \/>\n<meta property=\"og:locale\" content=\"es_ES\" \/>\n<meta property=\"og:type\" content=\"article\" \/>\n<meta property=\"og:title\" content=\"Quienes somos - Moll\u00f3 Parc\" \/>\n<meta property=\"og:description\" content=\"Os presentamos el equipo de Moll\u00f3 Parc y Moll\u00f3 Parc Aventura, debajo encontrar\u00e9is m\u00e1s informaci\u00f3n de cada uno de ellos! &nbsp; &nbsp; &nbsp; &nbsp; &nbsp; &nbsp; &nbsp; &nbsp; &nbsp; &nbsp; &nbsp;\" \/>\n<meta property=\"og:url\" content=\"https:\/\/www.molloparc.com\/es\/quienes-somos\/\" \/>\n<meta property=\"og:site_name\" content=\"Moll\u00f3 Parc\" \/>\n<meta property=\"article:modified_time\" content=\"2025-01-24T13:11:13+00:00\" \/>\n<meta property=\"og:image\" content=\"https:\/\/www.molloparc.com\/wp-content\/uploads\/2025\/01\/8-1-300x150.png\" \/>\n<meta name=\"twitter:card\" content=\"summary_large_image\" \/>\n<meta name=\"twitter:label1\" content=\"Tiempo de lectura\" \/>\n\t<meta name=\"twitter:data1\" content=\"3 minutos\" \/>\n<script type=\"application\/ld+json\" class=\"yoast-schema-graph\">{\"@context\":\"https:\/\/schema.org\",\"@graph\":[{\"@type\":\"WebPage\",\"@id\":\"https:\/\/www.molloparc.com\/es\/quienes-somos\/\",\"url\":\"https:\/\/www.molloparc.com\/es\/quienes-somos\/\",\"name\":\"Quienes somos - Moll\u00f3 Parc\",\"isPartOf\":{\"@id\":\"https:\/\/www.molloparc.com\/#website\"},\"datePublished\":\"2014-10-20T11:22:56+00:00\",\"dateModified\":\"2025-01-24T13:11:13+00:00\",\"breadcrumb\":{\"@id\":\"https:\/\/www.molloparc.com\/es\/quienes-somos\/#breadcrumb\"},\"inLanguage\":\"es\",\"potentialAction\":[{\"@type\":\"ReadAction\",\"target\":[\"https:\/\/www.molloparc.com\/es\/quienes-somos\/\"]}]},{\"@type\":\"BreadcrumbList\",\"@id\":\"https:\/\/www.molloparc.com\/es\/quienes-somos\/#breadcrumb\",\"itemListElement\":[{\"@type\":\"ListItem\",\"position\":1,\"name\":\"Inici\",\"item\":\"https:\/\/www.molloparc.com\/es\/\"},{\"@type\":\"ListItem\",\"position\":2,\"name\":\"Quienes somos\"}]},{\"@type\":\"WebSite\",\"@id\":\"https:\/\/www.molloparc.com\/#website\",\"url\":\"https:\/\/www.molloparc.com\/\",\"name\":\"Moll\u00f3 Parc\",\"description\":\"Parc d&#039;animals dels Prineus a la Vall de Camprodon\",\"potentialAction\":[{\"@type\":\"SearchAction\",\"target\":{\"@type\":\"EntryPoint\",\"urlTemplate\":\"https:\/\/www.molloparc.com\/?s={search_term_string}\"},\"query-input\":\"required name=search_term_string\"}],\"inLanguage\":\"es\"}]}<\/script>\n<!-- \/ Yoast SEO plugin. -->","yoast_head_json":{"title":"Quienes somos - Moll\u00f3 Parc","robots":{"index":"index","follow":"nofollow","max-snippet":"max-snippet:-1","max-image-preview":"max-image-preview:large","max-video-preview":"max-video-preview:-1"},"canonical":"https:\/\/www.molloparc.com\/es\/quienes-somos\/","og_locale":"es_ES","og_type":"article","og_title":"Quienes somos - Moll\u00f3 Parc","og_description":"Os presentamos el equipo de Moll\u00f3 Parc y Moll\u00f3 Parc Aventura, debajo encontrar\u00e9is m\u00e1s informaci\u00f3n de cada uno de ellos! &nbsp; &nbsp; &nbsp; &nbsp; &nbsp; &nbsp; &nbsp; &nbsp; &nbsp; &nbsp; &nbsp;","og_url":"https:\/\/www.molloparc.com\/es\/quienes-somos\/","og_site_name":"Moll\u00f3 Parc","article_modified_time":"2025-01-24T13:11:13+00:00","og_image":[{"url":"https:\/\/www.molloparc.com\/wp-content\/uploads\/2025\/01\/8-1-300x150.png"}],"twitter_card":"summary_large_image","twitter_misc":{"Tiempo de lectura":"3 minutos"},"schema":{"@context":"https:\/\/schema.org","@graph":[{"@type":"WebPage","@id":"https:\/\/www.molloparc.com\/es\/quienes-somos\/","url":"https:\/\/www.molloparc.com\/es\/quienes-somos\/","name":"Quienes somos - Moll\u00f3 Parc","isPartOf":{"@id":"https:\/\/www.molloparc.com\/#website"},"datePublished":"2014-10-20T11:22:56+00:00","dateModified":"2025-01-24T13:11:13+00:00","breadcrumb":{"@id":"https:\/\/www.molloparc.com\/es\/quienes-somos\/#breadcrumb"},"inLanguage":"es","potentialAction":[{"@type":"ReadAction","target":["https:\/\/www.molloparc.com\/es\/quienes-somos\/"]}]},{"@type":"BreadcrumbList","@id":"https:\/\/www.molloparc.com\/es\/quienes-somos\/#breadcrumb","itemListElement":[{"@type":"ListItem","position":1,"name":"Inici","item":"https:\/\/www.molloparc.com\/es\/"},{"@type":"ListItem","position":2,"name":"Quienes somos"}]},{"@type":"WebSite","@id":"https:\/\/www.molloparc.com\/#website","url":"https:\/\/www.molloparc.com\/","name":"Moll\u00f3 Parc","description":"Parc d&#039;animals dels Prineus a la Vall de Camprodon","potentialAction":[{"@type":"SearchAction","target":{"@type":"EntryPoint","urlTemplate":"https:\/\/www.molloparc.com\/?s={search_term_string}"},"query-input":"required name=search_term_string"}],"inLanguage":"es"}]}},"_links":{"self":[{"href":"https:\/\/www.molloparc.com\/es\/wp-json\/wp\/v2\/pages\/2361"}],"collection":[{"href":"https:\/\/www.molloparc.com\/es\/wp-json\/wp\/v2\/pages"}],"about":[{"href":"https:\/\/www.molloparc.com\/es\/wp-json\/wp\/v2\/types\/page"}],"author":[{"embeddable":true,"href":"https:\/\/www.molloparc.com\/es\/wp-json\/wp\/v2\/users\/2"}],"replies":[{"embeddable":true,"href":"https:\/\/www.molloparc.com\/es\/wp-json\/wp\/v2\/comments?post=2361"}],"version-history":[{"count":45,"href":"https:\/\/www.molloparc.com\/es\/wp-json\/wp\/v2\/pages\/2361\/revisions"}],"predecessor-version":[{"id":9289,"href":"https:\/\/www.molloparc.com\/es\/wp-json\/wp\/v2\/pages\/2361\/revisions\/9289"}],"wp:attachment":[{"href":"https:\/\/www.molloparc.com\/es\/wp-json\/wp\/v2\/media?parent=2361"}],"curies":[{"name":"wp","href":"https:\/\/api.w.org\/{rel}","templated":true}]}}