{"id":2738,"date":"2015-03-18T10:31:18","date_gmt":"2015-03-18T10:31:18","guid":{"rendered":"https:\/\/www.molloparc.com\/preguntes-frequents-2\/"},"modified":"2023-05-11T10:43:23","modified_gmt":"2023-05-11T10:43:23","slug":"preguntas-frecuentes","status":"publish","type":"page","link":"https:\/\/www.molloparc.com\/es\/preguntas-frecuentes\/","title":{"rendered":"Preguntas frecuentes"},"content":{"rendered":"<p>En este apartado os dejamos algunas de las preguntas que a menudo nos hac\u00e9is llegar. Esperamos que os sirva como gu\u00eda antes de venir en el parque y, si no encontr\u00e1is respuesta no dud\u00e1is de poneros en <a href=\"https:\/\/www.molloparc.com\/es\/contacto\/\" target=\"_blank\" rel=\"noopener\">contacto con nosotros<\/a> y os atenderemos el m\u00e1s bien posible.<\/p>\n<p><span style=\"font-size: 24px;\"><strong><span style=\"color: #99cc00;\">ES NECESARIO RESERVAR PREVIAMENTE?<\/span><\/strong><\/span><\/p>\n<p>No, no hace falta hacer reserva previa ni comprar las entradas antes de venir al parque.<\/p>\n<p><span style=\"font-size: 24px;\"><strong><span style=\"color: #99cc00;\">DONDE EST\u00c1 MOLL\u00d3?<\/span><\/strong><\/span><\/p>\n<p style=\"text-align: left;\"><a title=\"Com arribar a Moll\u00f3 Parc\" href=\"Dist\u00e0ncia a Moll\u00f3 Parc (Google Maps)\"><img decoding=\"async\" loading=\"lazy\" class=\" wp-image-2596 alignright\" src=\"https:\/\/www.molloparc.com\/wp-content\/uploads\/2015\/03\/situacio-mollo-parc-300x285.jpg\" alt=\"situacio-mollo-parc\" width=\"250\" height=\"285\"><\/a>Moll\u00f3 Pertenece a la provincia de Gerona, en la comarca del&nbsp;Ripoll\u00e8s. Moll\u00f3 se encuentra &nbsp;situado en el Valle de Camprod\u00f3n.<\/p>\n<p>Tiempo que se tarda en llegar desde:<\/p>\n<ul>\n<li>Desde Barcelona: 1h y 50 min<\/li>\n<li>Desde Gerona: 1h y 17 min<\/li>\n<li>Desde&nbsp;Vic&nbsp;59 min.<\/li>\n<li>Desde Camprodon:9 min.<\/li>\n<\/ul>\n<p>Si entr\u00e1is en este enlace pod\u00e9is conocer la distancia y el rato de vuestro viaje:<span style=\"line-height: 1.5em;\">&nbsp;<\/span><\/p>\n<p><a href=\"https:\/\/www.google.es\/maps\/dir\/\/Moll%C3%B3+Parc,+Moll%C3%B3,+Girona\/@42.3526853,2.3319615,12z\/data=!3m1!4b1!4m8!4m7!1m0!1m5!1m1!1s0x12a54d941f5779cd:0x3c2ae5d4bcec54dd!2m2!1d2.405779!2d42.352709?hl=es\" target=\"_blank\" rel=\"noopener\">\u00bfC\u00f3mo llego desde casa? (Google Maps)<\/a><\/p>\n<p><strong><span style=\"font-size: 24px;\"><span style=\"color: #99cc00;\">\u00bfC\u00d3MO LLEGAR AL PARQUE CON TRANSPORTE P\u00daBLICO?<\/span><\/span><\/strong><\/p>\n<ul>\n<li>Desde Barcelona: en tren (Renfe) hasta Ripoll y de Ripoll en Camprodon en autob\u00fas (Teisa).<\/li>\n<li>Desde Girona: En autob\u00fas hasta Olot y de Olot a Camprodon tambi\u00e9n (Teisa).<\/li>\n<li>Desde Camprod\u00f3n consultar autob\u00fas <a href=\"http:\/\/www.teisa-bus.com\/ca\/horaris\">Teisa<\/a> o bien con servicio de taxi.<\/li>\n<\/ul>\n<p>&nbsp;<\/p>\n<p><span style=\"font-size: 24px;\"><span style=\"color: #99cc00;\"><strong>\u00bfQU\u00c9 HORARIOS Y TARIFAS TIENE EL PARQUE?<\/strong><\/span><\/span><\/p>\n<p>En el siguiente apartado encontrar\u00e9is los <a href=\"https:\/\/www.molloparc.com\/es\/horarios-y-calendario-mollo-parc\/\">horario<\/a> y <a href=\"https:\/\/www.molloparc.com\/es\/tarifas-y-horarios\/\">tarifas<\/a> del parque.&nbsp;Recordad que dos horas antes de cerrar las puertas del parque, se cierra la&nbsp;entrada.<\/p>\n<p>&nbsp;<\/p>\n<p><span style=\"font-size: 24px;\"><span style=\"color: #99cc00;\"><strong>\u00bfEL PARQUE EST\u00c1 ABIERTO SIEMPRE? \u00bfTODOS LOS D\u00cdAS DEL A\u00d1O?<\/strong><\/span><\/span><\/p>\n<p>El parque est\u00e1 abierto todo los d\u00edas del a\u00f1o excepto los d\u00edas 25 y 26 de diciembre, 1 y 6 de enero. El resto de d\u00edas del a\u00f1o tanto el fin de semana como entre semana est\u00e1 abierto.<\/p>\n<p>&nbsp;<\/p>\n<p><strong style=\"color: #99cc00; font-size: 24px;\">\u00bfQU\u00c9&nbsp;<\/strong><strong style=\"color: #99cc00; font-size: 24px;\">TIEMPO HACE?<\/strong><\/p>\n<p>Moll\u00f3 Parc no tiene un centro meteorol\u00f3gico privado, si desea saber el tiempo que hace en Moll\u00f3 puede consultar la <a href=\"http:\/\/www.meteo.cat\/prediccio\/municipal\/171077\">predicci\u00f3n municipal a Meteocat<\/a>, o bien el tiempo en TV3 (Pirineo oriental). En nuestra p\u00e1gina web tambi\u00e9n encontrar\u00e1 un enlace a la webcam del Ayuntamiento de Moll\u00f3.<\/p>\n<p>&nbsp;<\/p>\n<p><strong><span style=\"font-size: 24px;\"><span style=\"color: #99cc00;\">\u00bfPODEMOS VENIR CON COCHECITO?<\/span><\/span><\/strong><\/p>\n<p id=\"tw-target-text\" class=\"tw-data-text tw-ta tw-text-small\" dir=\"ltr\" data-placeholder=\"Traducci\u00f3\"><span lang=\"es\">Los caminos son asequibles por los cochecitos porque los caminos son suficientemente anchos y sin escalones, pero lo que s\u00ed debe tener en cuenta, es que es un camino de tierra, con grava, piedras y alg\u00fan tramo irregular y un par de subidas un poco fuertes. No obstante, si lo desea, el parque dispone de un cochecito para poder alquilar, puede hacer la reserva en el siguiente enlace <a href=\"https:\/\/www.molloparc.com\/es\/formulario-reserva-carrito\/\">reserva aqu\u00ed.<\/a><\/span><\/p>\n<p>&nbsp;<\/p>\n<p><strong><span style=\"font-size: 24px;\"><span style=\"color: #99cc00;\">\u00bfEL PARQUE ES ACCESIBLE POR PERSONAS QUE VAN CON SILLA DE RUEDAS?<\/span><\/span><\/strong><\/p>\n<p>No. Los caminos son de tierra y con piedras y hay dos subidas fuertes que ser\u00edan de bastante dificultad para personas que vayan con una silla de ruedas normal. Si la silla es 4&#215;4, el\u00e9ctrica y se est\u00e1 acostumbrado a ir por monte s\u00ed. No obstante, si lo desea, el parque dispone de un veh\u00edculo a motor a disposici\u00f3n para poder alquilar el d\u00eda de la visita, puede hacer la reserva en el siguiente enlace: <a href=\"https:\/\/www.molloparc.com\/es\/formulario-de-reserva-silla-de-ruedas\/\">reserva veh\u00edculo con motor el\u00e9ctrico.<\/a><\/p>\n<p>&nbsp;<\/p>\n<p><span style=\"font-size: 24px;\"><strong><span style=\"color: #99cc00;\">\u00bfCUANTO DURA LA VISITA?<\/span><\/strong><\/span><\/p>\n<p>La visita al parque se suele hacer en dos o tres horas, considerando que es una visita libre paseando y mirando los animales. Cada uno se marcar\u00e1 su ritmo pudiendo estar en el parque hasta la hora de cierre.<\/p>\n<p>&nbsp;<\/p>\n<p><span style=\"font-size: 24px;\"><span style=\"color: #99cc00;\"><strong>ACCESO AL PARQUE CON AUTOCARAVANAS, CARAVANAS O VEH\u00cdCULOS LARGOS<\/strong><\/span><\/span><\/p>\n<p>El acceso al aparcamiento del parque tiene una curva muy cerrada que hace dif\u00edcil la maniobra de entrada y salida, por este motivo este tipo de veh\u00edculos tienen el acceso prohibido al aparcamiento de dentro el parque y que el parque no dispone de aparcamiento para este tipo de veh\u00edculos.<\/p>\n<p>En caso de venir con este tipo de veh\u00edculos, s\u00f3lo os podemos informar que los laterales de la carretera hay algunos espacios donde las podr\u00edais dejar (uno antes de llegar al cruce y otro justo despu\u00e9s del rompiendo del parque de aventura). En todos estos casos entonces deber\u00e1 venir caminando por la orilla de la carretera. Lo lamentamos pero en lugares de alta monta\u00f1a no podemos escoger mucho los accesos adapt\u00e1ndonos siempre a la geograf\u00eda del terreno en la medida de lo posible.<\/p>\n<p>&nbsp;<\/p>\n<p><strong><span style=\"font-size: 24px;\"><span style=\"color: #99cc00;\">\u00bfCU\u00c1NDO INVIERNAN LOS ANIMALES?<\/span><\/span><\/strong><\/p>\n<p>Los \u00fanicos animales que inviernan en el parque son las marmotas, comienzan a mediados de octubre hasta mediados de abril. Si sigue nuestro <a href=\"https:\/\/www.facebook.com\/MolloParcPirineus\">Facebook<\/a> o visite el apartado de noticias de nuestra web, avisamos en cuanto se despiertan. Lo \u00fanico a considerar es que los animales durante el invierno est\u00e1n menos activos.<\/p>\n<p>&nbsp;<\/p>\n<p><strong style=\"font-size: 24px; line-height: 1.5em;\"><span style=\"color: #99cc00;\">\u00bfPODEMOS DAR COMIDA A LOS ANIMALES?<\/span><\/strong><\/p>\n<p>A los \u00fanicos animales que pueden dar de comer son las cabritas de la <a href=\"https:\/\/www.molloparc.com\/es\/la-granja\/\">minigranja<\/a>, pero s\u00f3lo la comida autorizada por el parque que lo encontrar\u00e1 en un expendedor justo en frente de su recinto (50 c\u00e9ntimos la raci\u00f3n, este sistema hace que se regule la comida proporcionada y ayuda el control alimentario a los cuidadores).<\/p>\n<p>La otra especie animal que se puede alimentar son las marmotas, s\u00f3lo durante los meses de junio, julio, agosto y septiembre, pero estas s\u00f3lo con la autorizaci\u00f3n del cuidador, siempre acompa\u00f1ado de uno de ellos, suministrando el alimento que ellos os facilitar\u00e1n y respetando sus instrucciones.<\/p>\n<p>Al resto de animales del parque no se les puede alimentar particularmente bajo ning\u00fan concepto,&nbsp; ya que podr\u00eda desencadenar actuaciones no deseables para con los mismos visitantes. Aparte, los animales deben tener una dieta equilibrada y dirigida por el nutricionista y veterinario del parque, siempre controlada por los cuidadores. Sin embargo puede coincidir con cuidadores que los alimentan durante su visita, los cuales podr\u00e1 observar.<\/p>\n<p>Por otra parte si desea participar en el proceso de alimentaci\u00f3n de los animales que habitan en el parque puede reservar la experiencia \u00ab<a href=\"https:\/\/www.molloparc.com\/es\/cuidador-por-un-dia-2\/\">Cuidador por un d\u00eda<\/a>\u00bb en la que ayudar\u00e1 y participar\u00e1 en el proceso diario que hacen nuestros cuidadores en el manejo de los animales.<\/p>\n<p>&nbsp;<\/p>\n<p><strong><span style=\"font-size: 24px;\"><span style=\"color: #99cc00;\">\u00bfSE VEN TODOS LOS ANIMALES?<\/span><\/span><\/strong><\/p>\n<p id=\"tw-target-text\" class=\"tw-data-text tw-ta tw-text-small\" dir=\"ltr\" data-placeholder=\"Traducci\u00f3\"><span lang=\"es\">&nbsp;Moll\u00f3 Parc no podr\u00e1 garantizar&nbsp; la visualizaci\u00f3n del 100% de los animales: <\/span><\/p>\n<ul>\n<li class=\"tw-data-text tw-ta tw-text-small\" dir=\"ltr\" data-placeholder=\"Traducci\u00f3\"><span lang=\"es\">Los animales viven en madrigueras, ellos decidir\u00e1n si quieren estar dentro o fuera de la madriguera en el momento que el visitante pase. <\/span><\/li>\n<li class=\"tw-data-text tw-ta tw-text-small\" dir=\"ltr\" data-placeholder=\"Traducci\u00f3\"><span lang=\"es\">Moll\u00f3 Parc prioriza en bienestar de los animales, lo que entre otras implica que puedan hacer lo que ellos deseen en cada momento (comer, dormir, descansar, jugar &#8230;). Por lo tanto es el visitante que debe tomar conciencia observando y poniendo atenci\u00f3n durante el recorrido.<\/span><\/li>\n<\/ul>\n<p>&nbsp;<\/p>\n<p><strong><span style=\"font-size: 24px;\"><span style=\"color: #99cc00;\">\u00bfDE D\u00d3NDE PROVIENEN LOS ANIMALES DEL PARQUE?<\/span><\/span><\/strong><\/p>\n<p id=\"tw-target-text\" class=\"tw-data-text tw-ta tw-text-small\" dir=\"ltr\" data-placeholder=\"Traducci\u00f3\"><span lang=\"es\">Los animales del parque provienen de: <\/span><\/p>\n<ul>\n<li class=\"tw-data-text tw-ta tw-text-small\" dir=\"ltr\" data-placeholder=\"Traducci\u00f3\"><span lang=\"es\">De centros de recuperaci\u00f3n de la Generalitat: son animales que han sufrido alg\u00fan tipo de lesi\u00f3n en la naturaleza y no pueden ser reintroducidos ya que no lograr\u00edan sobrevivir. <\/span><\/li>\n<li class=\"tw-data-text tw-ta tw-text-small\" dir=\"ltr\" data-placeholder=\"Traducci\u00f3\"><span lang=\"es\">Animales que llegan al parque provenientes de centros de recuperaci\u00f3n y que venden la parque a seguir un proceso de habituaci\u00f3n para un posterior liberaci\u00f3n. <\/span><\/li>\n<li class=\"tw-data-text tw-ta tw-text-small\" dir=\"ltr\" data-placeholder=\"Traducci\u00f3\"><span lang=\"es\">Animales que provienen de otros parques que han sido criados en cautividad, han tenido una dependencia larga del ser humano la que hace dif\u00edcil su reintroducci\u00f3n en a naturaleza para poder garantizar la supervivencia.<\/span><\/li>\n<\/ul>\n<p>&nbsp;<\/p>\n<p><span style=\"font-size: 24px;\"><strong><span style=\"color: #99cc00;\">\u00bfPUEDE VENIR NUESTRA MASCOTA?<\/span><\/strong><\/span><\/p>\n<p>No, no puede entrar ninguna mascota dentro del recinto del parque para garantizar el bienestar de los animales que habitan.Para los perros&nbsp; el parque tiene unas instalaciones que por un peque\u00f1o coste adicional, 4,00\u20ac, el animal estar\u00e1 en la sombra y con agua a disposici\u00f3n. <a href=\"https:\/\/www.molloparc.com\/es\/formulario-de-reserva-para-tu-perro\/\">Inf\u00f3rmese antes de hacer la visita ya que las plazas ser\u00e1n limitadas.<\/a><\/p>\n<p>&nbsp;<\/p>\n<p><span style=\"font-size: 24px;\"><strong><span style=\"color: #99cc00;\">\u00bfPODEMOS PASAR TODO EL DIA EN EL PARQUE?<\/span><\/strong><\/span><\/p>\n<p>S\u00ed, pod\u00e9is venir a primera hora, hacer la visita al parque y quedarse a comer en el mismo parque y por la tarde puede venir al <a href=\"http:\/\/www.molloparcaventura.com\/es\">Moll\u00f3 Parc Aventura<\/a> para completar el d\u00eda.<\/p>\n<p>&nbsp;<\/p>\n<p><span style=\"font-size: 24px;\"><strong><span style=\"color: #99cc00;\">\u00bfPODEMOS LLEVAR BEBIDAS?<\/span><\/strong><\/span><\/p>\n<p id=\"tw-target-text\" class=\"tw-data-text tw-ta tw-text-small\" dir=\"ltr\" data-placeholder=\"Traducci\u00f3\"><span lang=\"es\">No se permite la entrada de bebidas en el parque. S\u00f3lo se permite llevar agua para el recorrido.<\/span><\/p>\n<p class=\"tw-data-text tw-ta tw-text-small\" dir=\"ltr\" data-placeholder=\"Traducci\u00f3\"><span lang=\"es\"> En las dos <a href=\"https:\/\/www.molloparc.com\/es\/zonas-de-picnic\/\">zonas de picnic<\/a> hay m\u00e1quina de bebidas y servicio de bar.<\/span><\/p>\n<p><span style=\"font-size: 24px;\"><span style=\"color: #99cc00;\"><strong>\u00bfPODEMOS COMER EN EL PARQUE?<\/strong><\/span><\/span><\/p>\n<p>En el parque hay dos<a href=\"https:\/\/www.molloparc.com\/es\/zonas-de-picnic\/\"> zonas de p\u00edcnic<\/a>, en la del R\u00edo encontrar\u00e9is un Servicio de bar donde se puede adquirir: pizzas, bocadillos y hamburguesas adem\u00e1s de bebidas y helados.<\/p>\n<p>Puede consultar los horarios de los bares y cafeter\u00edas en el siguiente <a href=\"https:\/\/www.molloparc.com\/es\/zonas-de-picnic\/\">enlace<\/a>.<\/p>\n<p>&nbsp;<\/p>\n<p><span style=\"font-size: 24px;\"><span style=\"color: #99cc00;\"><strong>\u00bfPODEMOS LLEVAR LA COMIDA DE CASA?<\/strong><\/span><\/span><\/p>\n<p>S\u00ed teniendo en cuenta que no se pueden entrar bebidas dentro del parque. Se puede llevar la comida de casa y puede comer &#8211; usted mismo en cualquiera de las dos zonas de picnic que estando provistas con servicio de bar o m\u00e1quinas dispensadores de bebidas. Considerandos que:<\/p>\n<ul>\n<li style=\"list-style-type: none;\">\n<ul>\n<li style=\"list-style-type: none;\">\n<ul>\n<li>Zona de picnic del Mirador de los osos (Entrada \/ Salida): se permite la entrada de mochilas, capazos y neveras con bocadillos, fruta &#8230;<\/li>\n<li>Zona de picnic del r\u00edo: s\u00f3lo se permite la entrada de mochilas y bocadillos.<\/li>\n<\/ul>\n<\/li>\n<\/ul>\n<\/li>\n<\/ul>\n<p>&nbsp;<\/p>\n<p style=\"text-align: center;\"><strong>EN NINGUNA DE LAS DOS ZONAS DE PICNIC SE PERMITE LA ENTRADA DE BEBIDAS<\/strong><\/p>\n<hr class=\"magaziner-spacing \" style=\"height: 60px\" \/>\n","protected":false},"excerpt":{"rendered":"<p>En este apartado os dejamos algunas de las preguntas que a menudo nos hac\u00e9is llegar. Esperamos que os sirva como gu\u00eda antes de venir en el parque y, si no encontr\u00e1is respuesta no dud\u00e1is de poneros en contacto con nosotros y os atenderemos el m\u00e1s bien posible. ES NECESARIO RESERVAR PREVIAMENTE? No, no hace falta [&hellip;]<\/p>\n","protected":false},"author":2,"featured_media":0,"parent":0,"menu_order":0,"comment_status":"open","ping_status":"closed","template":"page-templates\/template-full-width.php","meta":{"ngg_post_thumbnail":0},"yoast_head":"<!-- This site is optimized with the Yoast SEO plugin v19.13 - https:\/\/yoast.com\/wordpress\/plugins\/seo\/ -->\n<title>Preguntas frecuentes - Moll\u00f3 Parc<\/title>\n<meta name=\"robots\" content=\"index, follow, max-snippet:-1, max-image-preview:large, max-video-preview:-1\" \/>\n<link rel=\"canonical\" href=\"https:\/\/www.molloparc.com\/es\/preguntas-frecuentes\/\" \/>\n<meta property=\"og:locale\" content=\"es_ES\" \/>\n<meta property=\"og:type\" content=\"article\" \/>\n<meta property=\"og:title\" content=\"Preguntas frecuentes - Moll\u00f3 Parc\" \/>\n<meta property=\"og:description\" content=\"En este apartado os dejamos algunas de las preguntas que a menudo nos hac\u00e9is llegar. Esperamos que os sirva como gu\u00eda antes de venir en el parque y, si no encontr\u00e1is respuesta no dud\u00e1is de poneros en contacto con nosotros y os atenderemos el m\u00e1s bien posible. ES NECESARIO RESERVAR PREVIAMENTE? No, no hace falta [&hellip;]\" \/>\n<meta property=\"og:url\" content=\"https:\/\/www.molloparc.com\/es\/preguntas-frecuentes\/\" \/>\n<meta property=\"og:site_name\" content=\"Moll\u00f3 Parc\" \/>\n<meta property=\"article:modified_time\" content=\"2023-05-11T10:43:23+00:00\" \/>\n<meta property=\"og:image\" content=\"https:\/\/www.molloparc.com\/wp-content\/uploads\/2015\/03\/situacio-mollo-parc-300x285.jpg\" \/>\n<meta name=\"twitter:card\" content=\"summary_large_image\" \/>\n<meta name=\"twitter:label1\" content=\"Tiempo de lectura\" \/>\n\t<meta name=\"twitter:data1\" content=\"8 minutos\" \/>\n<script type=\"application\/ld+json\" class=\"yoast-schema-graph\">{\"@context\":\"https:\/\/schema.org\",\"@graph\":[{\"@type\":\"WebPage\",\"@id\":\"https:\/\/www.molloparc.com\/es\/preguntas-frecuentes\/\",\"url\":\"https:\/\/www.molloparc.com\/es\/preguntas-frecuentes\/\",\"name\":\"Preguntas frecuentes - Moll\u00f3 Parc\",\"isPartOf\":{\"@id\":\"https:\/\/www.molloparc.com\/#website\"},\"datePublished\":\"2015-03-18T10:31:18+00:00\",\"dateModified\":\"2023-05-11T10:43:23+00:00\",\"breadcrumb\":{\"@id\":\"https:\/\/www.molloparc.com\/es\/preguntas-frecuentes\/#breadcrumb\"},\"inLanguage\":\"es\",\"potentialAction\":[{\"@type\":\"ReadAction\",\"target\":[\"https:\/\/www.molloparc.com\/es\/preguntas-frecuentes\/\"]}]},{\"@type\":\"BreadcrumbList\",\"@id\":\"https:\/\/www.molloparc.com\/es\/preguntas-frecuentes\/#breadcrumb\",\"itemListElement\":[{\"@type\":\"ListItem\",\"position\":1,\"name\":\"Inici\",\"item\":\"https:\/\/www.molloparc.com\/es\/\"},{\"@type\":\"ListItem\",\"position\":2,\"name\":\"Preguntas frecuentes\"}]},{\"@type\":\"WebSite\",\"@id\":\"https:\/\/www.molloparc.com\/#website\",\"url\":\"https:\/\/www.molloparc.com\/\",\"name\":\"Moll\u00f3 Parc\",\"description\":\"Parc d&#039;animals dels Prineus a la Vall de Camprodon\",\"potentialAction\":[{\"@type\":\"SearchAction\",\"target\":{\"@type\":\"EntryPoint\",\"urlTemplate\":\"https:\/\/www.molloparc.com\/?s={search_term_string}\"},\"query-input\":\"required name=search_term_string\"}],\"inLanguage\":\"es\"}]}<\/script>\n<!-- \/ Yoast SEO plugin. -->","yoast_head_json":{"title":"Preguntas frecuentes - Moll\u00f3 Parc","robots":{"index":"index","follow":"follow","max-snippet":"max-snippet:-1","max-image-preview":"max-image-preview:large","max-video-preview":"max-video-preview:-1"},"canonical":"https:\/\/www.molloparc.com\/es\/preguntas-frecuentes\/","og_locale":"es_ES","og_type":"article","og_title":"Preguntas frecuentes - Moll\u00f3 Parc","og_description":"En este apartado os dejamos algunas de las preguntas que a menudo nos hac\u00e9is llegar. Esperamos que os sirva como gu\u00eda antes de venir en el parque y, si no encontr\u00e1is respuesta no dud\u00e1is de poneros en contacto con nosotros y os atenderemos el m\u00e1s bien posible. ES NECESARIO RESERVAR PREVIAMENTE? No, no hace falta [&hellip;]","og_url":"https:\/\/www.molloparc.com\/es\/preguntas-frecuentes\/","og_site_name":"Moll\u00f3 Parc","article_modified_time":"2023-05-11T10:43:23+00:00","og_image":[{"url":"https:\/\/www.molloparc.com\/wp-content\/uploads\/2015\/03\/situacio-mollo-parc-300x285.jpg"}],"twitter_card":"summary_large_image","twitter_misc":{"Tiempo de lectura":"8 minutos"},"schema":{"@context":"https:\/\/schema.org","@graph":[{"@type":"WebPage","@id":"https:\/\/www.molloparc.com\/es\/preguntas-frecuentes\/","url":"https:\/\/www.molloparc.com\/es\/preguntas-frecuentes\/","name":"Preguntas frecuentes - Moll\u00f3 Parc","isPartOf":{"@id":"https:\/\/www.molloparc.com\/#website"},"datePublished":"2015-03-18T10:31:18+00:00","dateModified":"2023-05-11T10:43:23+00:00","breadcrumb":{"@id":"https:\/\/www.molloparc.com\/es\/preguntas-frecuentes\/#breadcrumb"},"inLanguage":"es","potentialAction":[{"@type":"ReadAction","target":["https:\/\/www.molloparc.com\/es\/preguntas-frecuentes\/"]}]},{"@type":"BreadcrumbList","@id":"https:\/\/www.molloparc.com\/es\/preguntas-frecuentes\/#breadcrumb","itemListElement":[{"@type":"ListItem","position":1,"name":"Inici","item":"https:\/\/www.molloparc.com\/es\/"},{"@type":"ListItem","position":2,"name":"Preguntas frecuentes"}]},{"@type":"WebSite","@id":"https:\/\/www.molloparc.com\/#website","url":"https:\/\/www.molloparc.com\/","name":"Moll\u00f3 Parc","description":"Parc d&#039;animals dels Prineus a la Vall de Camprodon","potentialAction":[{"@type":"SearchAction","target":{"@type":"EntryPoint","urlTemplate":"https:\/\/www.molloparc.com\/?s={search_term_string}"},"query-input":"required name=search_term_string"}],"inLanguage":"es"}]}},"_links":{"self":[{"href":"https:\/\/www.molloparc.com\/es\/wp-json\/wp\/v2\/pages\/2738"}],"collection":[{"href":"https:\/\/www.molloparc.com\/es\/wp-json\/wp\/v2\/pages"}],"about":[{"href":"https:\/\/www.molloparc.com\/es\/wp-json\/wp\/v2\/types\/page"}],"author":[{"embeddable":true,"href":"https:\/\/www.molloparc.com\/es\/wp-json\/wp\/v2\/users\/2"}],"replies":[{"embeddable":true,"href":"https:\/\/www.molloparc.com\/es\/wp-json\/wp\/v2\/comments?post=2738"}],"version-history":[{"count":23,"href":"https:\/\/www.molloparc.com\/es\/wp-json\/wp\/v2\/pages\/2738\/revisions"}],"predecessor-version":[{"id":8878,"href":"https:\/\/www.molloparc.com\/es\/wp-json\/wp\/v2\/pages\/2738\/revisions\/8878"}],"wp:attachment":[{"href":"https:\/\/www.molloparc.com\/es\/wp-json\/wp\/v2\/media?parent=2738"}],"curies":[{"name":"wp","href":"https:\/\/api.w.org\/{rel}","templated":true}]}}