{"id":4059,"date":"2016-11-08T13:14:51","date_gmt":"2016-11-08T13:14:51","guid":{"rendered":"https:\/\/www.molloparc.com\/horaris-mollo-parc-2\/"},"modified":"2026-04-01T15:28:04","modified_gmt":"2026-04-01T15:28:04","slug":"horarios-y-calendario-mollo-parc","status":"publish","type":"page","link":"https:\/\/www.molloparc.com\/es\/horarios-y-calendario-mollo-parc\/","title":{"rendered":"Horarios y calendario Moll\u00f3 Parc"},"content":{"rendered":"<h1 style=\"text-align: center;\"><strong>Horario &nbsp;y &nbsp;calendario Moll\u00f3 Parc<\/strong><\/h1>\n<p style=\"text-align: center;\"><span style=\"font-size: 32px;\"><span style=\"font-size: 42px;\"><strong><span style=\"color: #99cc00;\">Moll\u00f3 Parc<\/span><\/strong><\/span><\/span><\/p>\n<p style=\"text-align: center;\"><span style=\"color: #ff0000;\"><strong><span style=\"font-size: 24px;\">Parque ABIERTO<\/span><\/strong><\/span><\/p>\n<p style=\"text-align: center;\"><a href=\"https:\/\/www.molloparc.com\/wp-content\/uploads\/2016\/11\/horaris-i-calendari-mollo-parc.png\"><img decoding=\"async\" loading=\"lazy\" class=\"alignnone size-full wp-image-4008\" src=\"https:\/\/www.molloparc.com\/wp-content\/uploads\/2016\/11\/horaris-i-calendari-mollo-parc.png\" alt=\"horaris-i-calendari-mollo-parc\" width=\"1200\" height=\"152\" srcset=\"https:\/\/www.molloparc.com\/wp-content\/uploads\/2016\/11\/horaris-i-calendari-mollo-parc.png 1200w, https:\/\/www.molloparc.com\/wp-content\/uploads\/2016\/11\/horaris-i-calendari-mollo-parc-300x38.png 300w, https:\/\/www.molloparc.com\/wp-content\/uploads\/2016\/11\/horaris-i-calendari-mollo-parc-1024x129.png 1024w\" sizes=\"(max-width: 1200px) 100vw, 1200px\" \/><\/a><\/p>\n<div style=\"text-align: left;\">\n<p>&nbsp;<\/p>\n<div style=\"text-align: left;\"><span style=\"font-size: 24px;\"><span style=\"color: #ffffff;\"><span style=\"background-color: #dedb00;\">&nbsp; &nbsp; INICIO DE VERANO E INICIOS DE OTO\u00d1O <span style=\"font-size: 16px;\">(21\/6 al 5\/7)&nbsp; y&nbsp; (1-9 al 12\/10)&nbsp;<\/span><\/span><\/span><\/span><\/div>\n<p>Laborables: 10.30-18.00 h.&nbsp; Cierre taquilla 15:30 &#8211; Cierre parque 18.00 h.<br \/>\nFestivos, puentes y fines de semana: 10.00-18.00 h. Cierre taquilla 15.30 h. -Cierre parque 18.00 h.<\/p>\n<div style=\"text-align: left;\"><span style=\"font-size: 24px;\"><span style=\"color: #ffffff;\"><span style=\"background-color: #97c00e;\">&nbsp; &nbsp; OTO\u00d1O, INVIERNO Y PRIMAVERA <span style=\"font-size: 16px;\">(13\/10 al 6\/1) y (28\/3 al 20\/6)&nbsp;<\/span><\/span><\/span><\/span><\/div>\n<p>De 10.30-18.00 h.&nbsp; Cierre taquilla 15.30 h. &#8211; Cierre parque 18.00 h.<\/p>\n<div style=\"text-align: left;\"><span style=\"font-size: 24px;\"><span style=\"color: #ffffff;\"><span style=\"background-color: #97c00e;\">&nbsp; &nbsp; INVIERNO <span style=\"font-size: 16px;\">(7\/1 al 27\/3)&nbsp;<\/span><\/span><\/span><\/span><\/div>\n<p>De 10.30-17.30 h.&nbsp; Cierre taquilla 15.00 h. &#8211; Cierre parque 17.30 h..<\/p>\n<p>Festivos, puentes y fines de semana: 10.30-18.00 h.Cierre taquilla 15:30 h. -Cierre parque 18.00 h.<\/p>\n<div style=\"text-align: left;\"><span style=\"font-size: 24px;\"><span style=\"color: #97c00e;\"><span style=\"background-color: #fcf9c4;\">&nbsp; &nbsp; VERANO&nbsp;<span style=\"font-size: 16px;\">(6\/7 al 31\/8)&nbsp;&nbsp;<\/span><\/span><\/span><\/span><\/div>\n<p>De 10.00-19.00 h. Cierre taquilla 16.30 h.- Cierre parque 19.00 h.<\/p>\n<p>*<span style=\"color: #ff0000;\">EL PARQUE S\u00d3LO EST\u00c1 CERRADO EL D\u00cdA 25 y 26 DE DICIEMBRE, 1 Y 6 DE ENERO.<\/span><\/p>\n<hr class=\"magaziner-spacing \" style=\"height: 80px\" \/>\n<\/div>\n","protected":false},"excerpt":{"rendered":"<p>Horario &nbsp;y &nbsp;calendario Moll\u00f3 Parc Moll\u00f3 Parc Parque ABIERTO &nbsp; &nbsp; &nbsp; INICIO DE VERANO E INICIOS DE OTO\u00d1O (21\/6 al 5\/7)&nbsp; y&nbsp; (1-9 al 12\/10)&nbsp; Laborables: 10.30-18.00 h.&nbsp; Cierre taquilla 15:30 &#8211; Cierre parque 18.00 h. Festivos, puentes y fines de semana: 10.00-18.00 h. Cierre taquilla 15.30 h. -Cierre parque 18.00 h. &nbsp; &nbsp; [&hellip;]<\/p>\n","protected":false},"author":2,"featured_media":0,"parent":0,"menu_order":0,"comment_status":"open","ping_status":"closed","template":"page-templates\/template-full-width.php","meta":{"ngg_post_thumbnail":0},"yoast_head":"<!-- This site is optimized with the Yoast SEO plugin v19.13 - https:\/\/yoast.com\/wordpress\/plugins\/seo\/ -->\n<title>Horarios y calendario Moll\u00f3 Parc - Moll\u00f3 Parc<\/title>\n<meta name=\"robots\" content=\"noindex, nofollow\" \/>\n<meta property=\"og:locale\" content=\"es_ES\" \/>\n<meta property=\"og:type\" content=\"article\" \/>\n<meta property=\"og:title\" content=\"Horarios y calendario Moll\u00f3 Parc - Moll\u00f3 Parc\" \/>\n<meta property=\"og:description\" content=\"Horario &nbsp;y &nbsp;calendario Moll\u00f3 Parc Moll\u00f3 Parc Parque ABIERTO &nbsp; &nbsp; &nbsp; INICIO DE VERANO E INICIOS DE OTO\u00d1O (21\/6 al 5\/7)&nbsp; y&nbsp; (1-9 al 12\/10)&nbsp; Laborables: 10.30-18.00 h.&nbsp; Cierre taquilla 15:30 &#8211; Cierre parque 18.00 h. Festivos, puentes y fines de semana: 10.00-18.00 h. Cierre taquilla 15.30 h. -Cierre parque 18.00 h. &nbsp; &nbsp; [&hellip;]\" \/>\n<meta property=\"og:url\" content=\"https:\/\/www.molloparc.com\/es\/horarios-y-calendario-mollo-parc\/\" \/>\n<meta property=\"og:site_name\" content=\"Moll\u00f3 Parc\" \/>\n<meta property=\"article:modified_time\" content=\"2026-04-01T15:28:04+00:00\" \/>\n<meta property=\"og:image\" content=\"https:\/\/www.molloparc.com\/wp-content\/uploads\/2016\/11\/horaris-i-calendari-mollo-parc.png\" \/>\n<meta name=\"twitter:card\" content=\"summary_large_image\" \/>\n<meta name=\"twitter:label1\" content=\"Tiempo de lectura\" \/>\n\t<meta name=\"twitter:data1\" content=\"1 minuto\" \/>\n<script type=\"application\/ld+json\" class=\"yoast-schema-graph\">{\"@context\":\"https:\/\/schema.org\",\"@graph\":[{\"@type\":\"WebPage\",\"@id\":\"https:\/\/www.molloparc.com\/es\/horarios-y-calendario-mollo-parc\/\",\"url\":\"https:\/\/www.molloparc.com\/es\/horarios-y-calendario-mollo-parc\/\",\"name\":\"Horarios y calendario Moll\u00f3 Parc - Moll\u00f3 Parc\",\"isPartOf\":{\"@id\":\"https:\/\/www.molloparc.com\/#website\"},\"datePublished\":\"2016-11-08T13:14:51+00:00\",\"dateModified\":\"2026-04-01T15:28:04+00:00\",\"breadcrumb\":{\"@id\":\"https:\/\/www.molloparc.com\/es\/horarios-y-calendario-mollo-parc\/#breadcrumb\"},\"inLanguage\":\"es\",\"potentialAction\":[{\"@type\":\"ReadAction\",\"target\":[\"https:\/\/www.molloparc.com\/es\/horarios-y-calendario-mollo-parc\/\"]}]},{\"@type\":\"BreadcrumbList\",\"@id\":\"https:\/\/www.molloparc.com\/es\/horarios-y-calendario-mollo-parc\/#breadcrumb\",\"itemListElement\":[{\"@type\":\"ListItem\",\"position\":1,\"name\":\"Inici\",\"item\":\"https:\/\/www.molloparc.com\/es\/\"},{\"@type\":\"ListItem\",\"position\":2,\"name\":\"Horarios y calendario Moll\u00f3 Parc\"}]},{\"@type\":\"WebSite\",\"@id\":\"https:\/\/www.molloparc.com\/#website\",\"url\":\"https:\/\/www.molloparc.com\/\",\"name\":\"Moll\u00f3 Parc\",\"description\":\"Parc d&#039;animals dels Prineus a la Vall de Camprodon\",\"potentialAction\":[{\"@type\":\"SearchAction\",\"target\":{\"@type\":\"EntryPoint\",\"urlTemplate\":\"https:\/\/www.molloparc.com\/?s={search_term_string}\"},\"query-input\":\"required name=search_term_string\"}],\"inLanguage\":\"es\"}]}<\/script>\n<!-- \/ Yoast SEO plugin. -->","yoast_head_json":{"title":"Horarios y calendario Moll\u00f3 Parc - Moll\u00f3 Parc","robots":{"index":"noindex","follow":"nofollow"},"og_locale":"es_ES","og_type":"article","og_title":"Horarios y calendario Moll\u00f3 Parc - Moll\u00f3 Parc","og_description":"Horario &nbsp;y &nbsp;calendario Moll\u00f3 Parc Moll\u00f3 Parc Parque ABIERTO &nbsp; &nbsp; &nbsp; INICIO DE VERANO E INICIOS DE OTO\u00d1O (21\/6 al 5\/7)&nbsp; y&nbsp; (1-9 al 12\/10)&nbsp; Laborables: 10.30-18.00 h.&nbsp; Cierre taquilla 15:30 &#8211; Cierre parque 18.00 h. Festivos, puentes y fines de semana: 10.00-18.00 h. Cierre taquilla 15.30 h. -Cierre parque 18.00 h. &nbsp; &nbsp; [&hellip;]","og_url":"https:\/\/www.molloparc.com\/es\/horarios-y-calendario-mollo-parc\/","og_site_name":"Moll\u00f3 Parc","article_modified_time":"2026-04-01T15:28:04+00:00","og_image":[{"url":"https:\/\/www.molloparc.com\/wp-content\/uploads\/2016\/11\/horaris-i-calendari-mollo-parc.png"}],"twitter_card":"summary_large_image","twitter_misc":{"Tiempo de lectura":"1 minuto"},"schema":{"@context":"https:\/\/schema.org","@graph":[{"@type":"WebPage","@id":"https:\/\/www.molloparc.com\/es\/horarios-y-calendario-mollo-parc\/","url":"https:\/\/www.molloparc.com\/es\/horarios-y-calendario-mollo-parc\/","name":"Horarios y calendario Moll\u00f3 Parc - Moll\u00f3 Parc","isPartOf":{"@id":"https:\/\/www.molloparc.com\/#website"},"datePublished":"2016-11-08T13:14:51+00:00","dateModified":"2026-04-01T15:28:04+00:00","breadcrumb":{"@id":"https:\/\/www.molloparc.com\/es\/horarios-y-calendario-mollo-parc\/#breadcrumb"},"inLanguage":"es","potentialAction":[{"@type":"ReadAction","target":["https:\/\/www.molloparc.com\/es\/horarios-y-calendario-mollo-parc\/"]}]},{"@type":"BreadcrumbList","@id":"https:\/\/www.molloparc.com\/es\/horarios-y-calendario-mollo-parc\/#breadcrumb","itemListElement":[{"@type":"ListItem","position":1,"name":"Inici","item":"https:\/\/www.molloparc.com\/es\/"},{"@type":"ListItem","position":2,"name":"Horarios y calendario Moll\u00f3 Parc"}]},{"@type":"WebSite","@id":"https:\/\/www.molloparc.com\/#website","url":"https:\/\/www.molloparc.com\/","name":"Moll\u00f3 Parc","description":"Parc d&#039;animals dels Prineus a la Vall de Camprodon","potentialAction":[{"@type":"SearchAction","target":{"@type":"EntryPoint","urlTemplate":"https:\/\/www.molloparc.com\/?s={search_term_string}"},"query-input":"required name=search_term_string"}],"inLanguage":"es"}]}},"_links":{"self":[{"href":"https:\/\/www.molloparc.com\/es\/wp-json\/wp\/v2\/pages\/4059"}],"collection":[{"href":"https:\/\/www.molloparc.com\/es\/wp-json\/wp\/v2\/pages"}],"about":[{"href":"https:\/\/www.molloparc.com\/es\/wp-json\/wp\/v2\/types\/page"}],"author":[{"embeddable":true,"href":"https:\/\/www.molloparc.com\/es\/wp-json\/wp\/v2\/users\/2"}],"replies":[{"embeddable":true,"href":"https:\/\/www.molloparc.com\/es\/wp-json\/wp\/v2\/comments?post=4059"}],"version-history":[{"count":76,"href":"https:\/\/www.molloparc.com\/es\/wp-json\/wp\/v2\/pages\/4059\/revisions"}],"predecessor-version":[{"id":9589,"href":"https:\/\/www.molloparc.com\/es\/wp-json\/wp\/v2\/pages\/4059\/revisions\/9589"}],"wp:attachment":[{"href":"https:\/\/www.molloparc.com\/es\/wp-json\/wp\/v2\/media?parent=4059"}],"curies":[{"name":"wp","href":"https:\/\/api.w.org\/{rel}","templated":true}]}}