{"id":4453,"date":"2017-01-02T12:09:26","date_gmt":"2017-01-02T12:09:26","guid":{"rendered":"https:\/\/www.molloparc.com\/carnet-fidelitat-mollo-parc-2\/"},"modified":"2022-05-02T08:06:43","modified_gmt":"2022-05-02T08:06:43","slug":"carnet-fidelitat-mollo-parc","status":"publish","type":"page","link":"https:\/\/www.molloparc.com\/es\/carnet-fidelitat-mollo-parc\/","title":{"rendered":"ABONO ANUAL MOLL\u00d3 PARC ANIMALES"},"content":{"rendered":"<h1 style=\"text-align: center;\">ABONO ANUAL MOLL\u00d3 PARC ANIMALES<\/h1>\n<p><a href=\"https:\/\/www.molloparc.com\/wp-content\/uploads\/2018\/10\/tarja-abonamet-anual_es.jpg\"><img decoding=\"async\" loading=\"lazy\" class=\"size-medium wp-image-5822 alignright\" src=\"https:\/\/www.molloparc.com\/wp-content\/uploads\/2018\/10\/tarja-abonamet-anual_es-300x202.jpg\" alt=\"tarja-abonamet-anual_es\" width=\"300\" height=\"202\" \/><\/a>El abono anual a Moll\u00f3 Parc animales est\u00e1 pensado por visitantes m\u00e1s asiduos en el Parque de animales. Con el abono pagas una tarifa al inicio y te da derecho a venir al parque tantas veces como quieras a la manteca de un a\u00f1o natural.<\/p>\n<p><strong>Tarifas<\/strong>:<\/p>\n<ul>\n<li>Adultos de 14 a 64 a\u00f1os (ambos incluidos): 45,00 \u20ac\/pers.<\/li>\n<li>\u00a0NI\u00f1os de 3 a 13a\u00f1os (ambos incluidos): 33,00 \u20ac\/pers.<\/li>\n<li>Mayores de 65a\u00f1os : 33,00 \u20ac\/pers.<\/li>\n<\/ul>\n<p><b>Pol\u00edticas de uso:<\/b><\/p>\n<ul>\n<li>El abono anual es personal e intransferible.<\/li>\n<li>Hay dos modelos de abono: familiar (4 personas) o individual.<\/li>\n<li>Validez de un a\u00f1o desde el d\u00eda de pago.<\/li>\n<li>OBLIGATORIO presentar el abono en cada visita en las taquillas del parque de animales, si no se presenta tendr\u00e1 que pagar la visita.<\/li>\n<li>Moll\u00f3 Parc no se hace responsable en caso de p\u00e9rdida del carn\u00e9. Se deber\u00e1 hacer uno nuevo con el consecuente pago de la totalidad.<\/li>\n<\/ul>\n<p>P\u00eddelo directamente en las taquillas en tu pr\u00f3xima visita o si quieres que ya lo tengamos a punto cuando vengas ponte en contacto con nosotros a trav\u00e9s de nuestro <a title=\"Interesado carn\u00e9 fidelidad\" href=\"mailto:info@molloparc.com\">mail<\/a> y te diremos lo que necesitamos para prepararlo.<hr class=\"magaziner-spacing \" style=\"height: 40px\" \/><\/p>\n<p>&nbsp;<\/p>\n","protected":false},"excerpt":{"rendered":"<p>ABONO ANUAL MOLL\u00d3 PARC ANIMALES El abono anual a Moll\u00f3 Parc animales est\u00e1 pensado por visitantes m\u00e1s asiduos en el Parque de animales. Con el abono pagas una tarifa al inicio y te da derecho a venir al parque tantas veces como quieras a la manteca de un a\u00f1o natural. Tarifas: Adultos de 14 a [&hellip;]<\/p>\n","protected":false},"author":2,"featured_media":0,"parent":0,"menu_order":0,"comment_status":"open","ping_status":"closed","template":"page-templates\/template-full-width.php","meta":{"ngg_post_thumbnail":0},"yoast_head":"<!-- This site is optimized with the Yoast SEO plugin v19.13 - https:\/\/yoast.com\/wordpress\/plugins\/seo\/ -->\n<title>ABONO ANUAL MOLL\u00d3 PARC ANIMALES - Moll\u00f3 Parc<\/title>\n<meta name=\"robots\" content=\"index, follow, max-snippet:-1, max-image-preview:large, max-video-preview:-1\" \/>\n<link rel=\"canonical\" href=\"https:\/\/www.molloparc.com\/es\/carnet-fidelitat-mollo-parc\/\" \/>\n<meta property=\"og:locale\" content=\"es_ES\" \/>\n<meta property=\"og:type\" content=\"article\" \/>\n<meta property=\"og:title\" content=\"ABONO ANUAL MOLL\u00d3 PARC ANIMALES - Moll\u00f3 Parc\" \/>\n<meta property=\"og:description\" content=\"ABONO ANUAL MOLL\u00d3 PARC ANIMALES El abono anual a Moll\u00f3 Parc animales est\u00e1 pensado por visitantes m\u00e1s asiduos en el Parque de animales. Con el abono pagas una tarifa al inicio y te da derecho a venir al parque tantas veces como quieras a la manteca de un a\u00f1o natural. Tarifas: Adultos de 14 a [&hellip;]\" \/>\n<meta property=\"og:url\" content=\"https:\/\/www.molloparc.com\/es\/carnet-fidelitat-mollo-parc\/\" \/>\n<meta property=\"og:site_name\" content=\"Moll\u00f3 Parc\" \/>\n<meta property=\"article:modified_time\" content=\"2022-05-02T08:06:43+00:00\" \/>\n<meta property=\"og:image\" content=\"https:\/\/www.molloparc.com\/wp-content\/uploads\/2018\/10\/tarja-abonamet-anual_es-300x202.jpg\" \/>\n<meta name=\"twitter:card\" content=\"summary_large_image\" \/>\n<meta name=\"twitter:label1\" content=\"Tiempo de lectura\" \/>\n\t<meta name=\"twitter:data1\" content=\"1 minuto\" \/>\n<script type=\"application\/ld+json\" class=\"yoast-schema-graph\">{\"@context\":\"https:\/\/schema.org\",\"@graph\":[{\"@type\":\"WebPage\",\"@id\":\"https:\/\/www.molloparc.com\/es\/carnet-fidelitat-mollo-parc\/\",\"url\":\"https:\/\/www.molloparc.com\/es\/carnet-fidelitat-mollo-parc\/\",\"name\":\"ABONO ANUAL MOLL\u00d3 PARC ANIMALES - Moll\u00f3 Parc\",\"isPartOf\":{\"@id\":\"https:\/\/www.molloparc.com\/#website\"},\"datePublished\":\"2017-01-02T12:09:26+00:00\",\"dateModified\":\"2022-05-02T08:06:43+00:00\",\"breadcrumb\":{\"@id\":\"https:\/\/www.molloparc.com\/es\/carnet-fidelitat-mollo-parc\/#breadcrumb\"},\"inLanguage\":\"es\",\"potentialAction\":[{\"@type\":\"ReadAction\",\"target\":[\"https:\/\/www.molloparc.com\/es\/carnet-fidelitat-mollo-parc\/\"]}]},{\"@type\":\"BreadcrumbList\",\"@id\":\"https:\/\/www.molloparc.com\/es\/carnet-fidelitat-mollo-parc\/#breadcrumb\",\"itemListElement\":[{\"@type\":\"ListItem\",\"position\":1,\"name\":\"Inici\",\"item\":\"https:\/\/www.molloparc.com\/es\/\"},{\"@type\":\"ListItem\",\"position\":2,\"name\":\"ABONO ANUAL MOLL\u00d3 PARC ANIMALES\"}]},{\"@type\":\"WebSite\",\"@id\":\"https:\/\/www.molloparc.com\/#website\",\"url\":\"https:\/\/www.molloparc.com\/\",\"name\":\"Moll\u00f3 Parc\",\"description\":\"Parc d&#039;animals dels Prineus a la Vall de Camprodon\",\"potentialAction\":[{\"@type\":\"SearchAction\",\"target\":{\"@type\":\"EntryPoint\",\"urlTemplate\":\"https:\/\/www.molloparc.com\/?s={search_term_string}\"},\"query-input\":\"required name=search_term_string\"}],\"inLanguage\":\"es\"}]}<\/script>\n<!-- \/ Yoast SEO plugin. -->","yoast_head_json":{"title":"ABONO ANUAL MOLL\u00d3 PARC ANIMALES - Moll\u00f3 Parc","robots":{"index":"index","follow":"follow","max-snippet":"max-snippet:-1","max-image-preview":"max-image-preview:large","max-video-preview":"max-video-preview:-1"},"canonical":"https:\/\/www.molloparc.com\/es\/carnet-fidelitat-mollo-parc\/","og_locale":"es_ES","og_type":"article","og_title":"ABONO ANUAL MOLL\u00d3 PARC ANIMALES - Moll\u00f3 Parc","og_description":"ABONO ANUAL MOLL\u00d3 PARC ANIMALES El abono anual a Moll\u00f3 Parc animales est\u00e1 pensado por visitantes m\u00e1s asiduos en el Parque de animales. Con el abono pagas una tarifa al inicio y te da derecho a venir al parque tantas veces como quieras a la manteca de un a\u00f1o natural. Tarifas: Adultos de 14 a [&hellip;]","og_url":"https:\/\/www.molloparc.com\/es\/carnet-fidelitat-mollo-parc\/","og_site_name":"Moll\u00f3 Parc","article_modified_time":"2022-05-02T08:06:43+00:00","og_image":[{"url":"https:\/\/www.molloparc.com\/wp-content\/uploads\/2018\/10\/tarja-abonamet-anual_es-300x202.jpg"}],"twitter_card":"summary_large_image","twitter_misc":{"Tiempo de lectura":"1 minuto"},"schema":{"@context":"https:\/\/schema.org","@graph":[{"@type":"WebPage","@id":"https:\/\/www.molloparc.com\/es\/carnet-fidelitat-mollo-parc\/","url":"https:\/\/www.molloparc.com\/es\/carnet-fidelitat-mollo-parc\/","name":"ABONO ANUAL MOLL\u00d3 PARC ANIMALES - Moll\u00f3 Parc","isPartOf":{"@id":"https:\/\/www.molloparc.com\/#website"},"datePublished":"2017-01-02T12:09:26+00:00","dateModified":"2022-05-02T08:06:43+00:00","breadcrumb":{"@id":"https:\/\/www.molloparc.com\/es\/carnet-fidelitat-mollo-parc\/#breadcrumb"},"inLanguage":"es","potentialAction":[{"@type":"ReadAction","target":["https:\/\/www.molloparc.com\/es\/carnet-fidelitat-mollo-parc\/"]}]},{"@type":"BreadcrumbList","@id":"https:\/\/www.molloparc.com\/es\/carnet-fidelitat-mollo-parc\/#breadcrumb","itemListElement":[{"@type":"ListItem","position":1,"name":"Inici","item":"https:\/\/www.molloparc.com\/es\/"},{"@type":"ListItem","position":2,"name":"ABONO ANUAL MOLL\u00d3 PARC ANIMALES"}]},{"@type":"WebSite","@id":"https:\/\/www.molloparc.com\/#website","url":"https:\/\/www.molloparc.com\/","name":"Moll\u00f3 Parc","description":"Parc d&#039;animals dels Prineus a la Vall de Camprodon","potentialAction":[{"@type":"SearchAction","target":{"@type":"EntryPoint","urlTemplate":"https:\/\/www.molloparc.com\/?s={search_term_string}"},"query-input":"required name=search_term_string"}],"inLanguage":"es"}]}},"_links":{"self":[{"href":"https:\/\/www.molloparc.com\/es\/wp-json\/wp\/v2\/pages\/4453"}],"collection":[{"href":"https:\/\/www.molloparc.com\/es\/wp-json\/wp\/v2\/pages"}],"about":[{"href":"https:\/\/www.molloparc.com\/es\/wp-json\/wp\/v2\/types\/page"}],"author":[{"embeddable":true,"href":"https:\/\/www.molloparc.com\/es\/wp-json\/wp\/v2\/users\/2"}],"replies":[{"embeddable":true,"href":"https:\/\/www.molloparc.com\/es\/wp-json\/wp\/v2\/comments?post=4453"}],"version-history":[{"count":7,"href":"https:\/\/www.molloparc.com\/es\/wp-json\/wp\/v2\/pages\/4453\/revisions"}],"predecessor-version":[{"id":6768,"href":"https:\/\/www.molloparc.com\/es\/wp-json\/wp\/v2\/pages\/4453\/revisions\/6768"}],"wp:attachment":[{"href":"https:\/\/www.molloparc.com\/es\/wp-json\/wp\/v2\/media?parent=4453"}],"curies":[{"name":"wp","href":"https:\/\/api.w.org\/{rel}","templated":true}]}}