{"id":4652,"date":"2017-07-25T07:46:41","date_gmt":"2017-07-25T07:46:41","guid":{"rendered":"https:\/\/www.molloparc.com\/mapa-interactiu-2-2\/"},"modified":"2024-08-22T15:03:21","modified_gmt":"2024-08-22T15:03:21","slug":"mapa-interactivo","status":"publish","type":"page","link":"https:\/\/www.molloparc.com\/es\/mapa-interactivo\/","title":{"rendered":"MAPA INTERACTIU"},"content":{"rendered":"<p>Haz clic a &nbsp;los diferentes animales y \u00a1desc\u00fabreolos!<\/p>\n<p><img decoding=\"async\" class=\"alignnone size-full wp-image-605\" title=\"Mapa interactivo de los animales de Moll\u00f3 Parc\" src=\"https:\/\/www.molloparc.com\/wp-content\/uploads\/2017\/04\/image003.jpg\" alt=\"Mapa interactivo de los animales de Moll\u00f3 Parc\" usemap=\"#Map\" width=\"100%\"><\/p>\n<map id=\"Map\" name=\"Map\">\n<area alt=\"Gato salvaje\" coords=\"839,675,935,766\" shape=\"rect\" href=\"https:\/\/www.molloparc.com\/es\/portfolio\/gato-salvaje\/\">\n<area alt=\"Gall salvatge\" coords=\"746,675,839,766\" shape=\"rect\" href=\"#\">\n<area alt=\"El buitre\" coords=\"654,675,746,766\" shape=\"rect\" href=\"https:\/\/www.molloparc.com\/es\/portfolio\/el-buitre\/\">\n<area alt=\"La ardilla\" coords=\"567,675,654,766\" shape=\"rect\" href=\"https:\/\/www.molloparc.com\/es\/portfolio\/la-ardilla\/\">\n<area alt=\"El zorro\" coords=\"479,675,567,766\" shape=\"rect\" href=\"https:\/\/www.molloparc.com\/es\/portfolio\/el-zorro\/\">\n<area alt=\"El lince\" coords=\"391,675,479,766\" shape=\"rect\" href=\"https:\/\/www.molloparc.com\/es\/portfolio\/el-lince\/\">\n<area alt=\"\u00c0guila reial\" coords=\"301,675,391,766\" shape=\"rect\" href=\"#\">\n<area alt=\"El jabali\" coords=\"208,675,301,766\" shape=\"rect\" href=\"https:\/\/www.molloparc.com\/es\/portfolio\/el-jabali\/\">\n<area alt=\"Aves rapaces\" coords=\"219,504,310,592\" shape=\"rect\" href=\"https:\/\/www.molloparc.com\/es\/portfolio\/aves-rapaces\/\">\n<area alt=\"El lobo\" coords=\"803,592,895,675\" shape=\"rect\" href=\"https:\/\/www.molloparc.com\/es\/portfolio\/el-lobo\/\">\n<area alt=\"La cabra salvaje\" coords=\"715,592,803,675\" shape=\"rect\" href=\"https:\/\/www.molloparc.com\/es\/portfolio\/la-cabra-salvaje\/\">\n<area alt=\"Gamos\" coords=\"624,592,715,675\" shape=\"rect\" href=\"https:\/\/www.molloparc.com\/es\/portfolio\/gamos\/\">\n<area alt=\"Las nutrias\" coords=\"531,592,625,675\" shape=\"rect\" href=\"https:\/\/www.molloparc.com\/es\/portfolio\/las-nutrias\/\">\n<area alt=\"El ciervo\" coords=\"442,592,531,675\" shape=\"rect\" href=\"https:\/\/www.molloparc.com\/es\/portfolio\/el-ciervo\/\">\n<area alt=\"El rebeco\" coords=\"350,592,442,675\" shape=\"rect\" href=\"https:\/\/www.molloparc.com\/es\/portfolio\/el-rebeco\/\">\n<area alt=\"Las marmotas\" coords=\"846,504,938,592\" shape=\"rect\" href=\"https:\/\/www.molloparc.com\/es\/portfolio\/las-marmotas\/\">\n<area alt=\"El corzo\" coords=\"756,504,846,592\" shape=\"rect\" href=\"https:\/\/www.molloparc.com\/es\/portfolio\/el-corzo\/\">\n<area alt=\"Oso pardo\" coords=\"667,504,756,592\" shape=\"rect\" href=\"https:\/\/www.molloparc.com\/es\/portfolio\/oso-pardo\/\">\n<area alt=\"Aves nocturnas\" coords=\"580,504,667,592\" shape=\"rect\" href=\"https:\/\/www.molloparc.com\/es\/portfolio\/aves-nocturnas\/\">\n<area alt=\"Ponis\" coords=\"490,504,580,592\" shape=\"rect\" href=\"https:\/\/www.molloparc.com\/es\/la-granja\/\">\n<area alt=\"Granja\" coords=\"400,504,490,592\" shape=\"rect\" href=\"https:\/\/www.molloparc.com\/es\/la-granja\/\">\n<area alt=\"La gineta\" coords=\"310,504,400,592\" shape=\"rect\" href=\"https:\/\/www.molloparc.com\/es\/portfolio\/la-gineta\/\">\n<area alt=\"El carnero\" coords=\"257,592,350,675\" shape=\"rect\" href=\"https:\/\/www.molloparc.com\/es\/portfolio\/el-carnero\/\">\n <\/map>\n<div class=\"magaziner-column magaziner-one-third magaziner-column-first \">\n<ul class=\"mapa-list\">\n<li><a href=\"https:\/\/www.molloparc.com\/es\/portfolio\/aves-rapaces\/\"><span class=\"num10\">1<\/span> Aves rapaces<\/a><\/li>\n<li><a href=\"https:\/\/www.molloparc.com\/es\/portfolio\/la-gineta\/\"><span class=\"num10\">2<\/span> La gineta<\/a><\/li>\n<li><a href=\"https:\/\/www.molloparc.com\/es\/la-granja\/\"><span class=\"num10\">3<\/span> Granja<\/a><\/li>\n<li><a href=\"https:\/\/www.molloparc.com\/es\/la-granja\/\"><span class=\"num10\">4<\/span> Ponis<\/a><\/li>\n<li><a href=\"https:\/\/www.molloparc.com\/es\/portfolio\/aves-nocturnas\/\"><span class=\"num10\">5<\/span> Aves nocturnas<\/a><\/li>\n<li><a href=\"https:\/\/www.molloparc.com\/es\/portfolio\/oso-pardo\/\"><span class=\"num10\">6<\/span> Oso pardo<\/a><\/li>\n<li><a href=\"https:\/\/www.molloparc.com\/es\/portfolio\/el-corzo\/\"><span class=\"num10\">7<\/span> El corzo<\/a><\/li>\n<li><a href=\"https:\/\/www.molloparc.com\/es\/portfolio\/las-marmotas\/\"><span class=\"num10\">8<\/span> Las marmotas<\/a><\/li>\n<\/ul>\n<p><\/div><div class=\"magaziner-column magaziner-one-third magaziner-column-first \"><\/p>\n<ul class=\"mapa-list\">\n<li><a href=\"https:\/\/www.molloparc.com\/es\/portfolio\/el-carnero\/\"><span class=\"num10\">9<\/span> El carnero<\/a><\/li>\n<li><a href=\"https:\/\/www.molloparc.com\/es\/portfolio\/el-rebeco\/\"><span class=\"num\">10<\/span> El rebeco<\/a><\/li>\n<li><a href=\"https:\/\/www.molloparc.com\/es\/portfolio\/las-nutrias\/\"><span class=\"num\">12<\/span> Las nutrias<\/a><\/li>\n<li><a href=\"https:\/\/www.molloparc.com\/es\/portfolio\/el-ciervo\/\"><span class=\"num\">11<\/span> El ciervo<\/a><\/li>\n<li><a href=\"https:\/\/www.molloparc.com\/es\/portfolio\/gamos\/\"><span class=\"num\">13<\/span> Gamos<\/a><\/li>\n<li><a href=\"https:\/\/www.molloparc.com\/es\/portfolio\/la-cabra-salvaje\/\"><span class=\"num\">14<\/span> La cabra salvaje<\/a><\/li>\n<li><a href=\"https:\/\/www.molloparc.com\/es\/portfolio\/el-lobo\/\"><span class=\"num\">15<\/span> El lobo<\/a><\/li>\n<li><a href=\"https:\/\/www.molloparc.com\/es\/portfolio\/el-jabali\/\"><span class=\"num\">16<\/span> El jabali<\/a><\/li>\n<\/ul>\n<p><\/div><div class=\"magaziner-column magaziner-one-third magaziner-column-last \"><\/p>\n<ul class=\"mapa-list\">\n<li><a href=\"#\"><span class=\"num\">17<\/span> \u00c0guila Reial<\/a><\/li>\n<li><a href=\"https:\/\/www.molloparc.com\/es\/portfolio\/el-lince\/\"><span class=\"num\">18<\/span> El lince<\/a><\/li>\n<li><a href=\"https:\/\/www.molloparc.com\/es\/portfolio\/el-zorro\/\"><span class=\"num\">19<\/span> El zorro<\/a><\/li>\n<li><a href=\"https:\/\/www.molloparc.com\/es\/portfolio\/la-ardilla\/\"><span class=\"num\">20<\/span> La ardilla<\/a><\/li>\n<li><a href=\"https:\/\/www.molloparc.com\/es\/portfolio\/el-buitre\/\"><span class=\"num\">21<\/span> El buitre<\/a><\/li>\n<li><a href=\"https:\/\/www.molloparc.com\/es\/portfolio\/gato-salvaje\/\"><span class=\"num\">23<\/span> Gato salvaje<\/a><\/li>\n<\/ul>\n<p><\/div><\/p>\n","protected":false},"excerpt":{"rendered":"<p>Haz clic a &nbsp;los diferentes animales y \u00a1desc\u00fabreolos!<\/p>\n","protected":false},"author":1,"featured_media":0,"parent":0,"menu_order":0,"comment_status":"open","ping_status":"closed","template":"page-templates\/template-full-width.php","meta":{"ngg_post_thumbnail":0},"yoast_head":"<!-- This site is optimized with the Yoast SEO plugin v19.13 - https:\/\/yoast.com\/wordpress\/plugins\/seo\/ -->\n<title>Mapa del parc | Moll\u00f3 Parc parc animalier des Pyr\u00e9n\u00e9es (vall\u00e9e de Camprodon)<\/title>\n<meta name=\"description\" content=\"Mapa Interactiu dels animals del Moll\u00f3 Parc\" \/>\n<meta name=\"robots\" content=\"index, follow, max-snippet:-1, max-image-preview:large, max-video-preview:-1\" \/>\n<link rel=\"canonical\" href=\"https:\/\/www.molloparc.com\/es\/mapa-interactivo\/\" \/>\n<meta property=\"og:locale\" content=\"es_ES\" \/>\n<meta property=\"og:type\" content=\"article\" \/>\n<meta property=\"og:title\" content=\"Mapa del parc | Moll\u00f3 Parc parc animalier des Pyr\u00e9n\u00e9es (vall\u00e9e de Camprodon)\" \/>\n<meta property=\"og:description\" content=\"Mapa Interactiu dels animals del Moll\u00f3 Parc\" \/>\n<meta property=\"og:url\" content=\"https:\/\/www.molloparc.com\/es\/mapa-interactivo\/\" \/>\n<meta property=\"og:site_name\" content=\"Moll\u00f3 Parc\" \/>\n<meta property=\"article:modified_time\" content=\"2024-08-22T15:03:21+00:00\" \/>\n<meta property=\"og:image\" content=\"https:\/\/www.molloparc.com\/wp-content\/uploads\/2017\/04\/image003.jpg\" \/>\n<meta name=\"twitter:card\" content=\"summary_large_image\" \/>\n<meta name=\"twitter:label1\" content=\"Tiempo de lectura\" \/>\n\t<meta name=\"twitter:data1\" content=\"1 minuto\" \/>\n<script type=\"application\/ld+json\" class=\"yoast-schema-graph\">{\"@context\":\"https:\/\/schema.org\",\"@graph\":[{\"@type\":\"WebPage\",\"@id\":\"https:\/\/www.molloparc.com\/es\/mapa-interactivo\/\",\"url\":\"https:\/\/www.molloparc.com\/es\/mapa-interactivo\/\",\"name\":\"Mapa del parc | Moll\u00f3 Parc parc animalier des Pyr\u00e9n\u00e9es (vall\u00e9e de Camprodon)\",\"isPartOf\":{\"@id\":\"https:\/\/www.molloparc.com\/#website\"},\"datePublished\":\"2017-07-25T07:46:41+00:00\",\"dateModified\":\"2024-08-22T15:03:21+00:00\",\"description\":\"Mapa Interactiu dels animals del Moll\u00f3 Parc\",\"breadcrumb\":{\"@id\":\"https:\/\/www.molloparc.com\/es\/mapa-interactivo\/#breadcrumb\"},\"inLanguage\":\"es\",\"potentialAction\":[{\"@type\":\"ReadAction\",\"target\":[\"https:\/\/www.molloparc.com\/es\/mapa-interactivo\/\"]}]},{\"@type\":\"BreadcrumbList\",\"@id\":\"https:\/\/www.molloparc.com\/es\/mapa-interactivo\/#breadcrumb\",\"itemListElement\":[{\"@type\":\"ListItem\",\"position\":1,\"name\":\"Inici\",\"item\":\"https:\/\/www.molloparc.com\/es\/\"},{\"@type\":\"ListItem\",\"position\":2,\"name\":\"MAPA INTERACTIU\"}]},{\"@type\":\"WebSite\",\"@id\":\"https:\/\/www.molloparc.com\/#website\",\"url\":\"https:\/\/www.molloparc.com\/\",\"name\":\"Moll\u00f3 Parc\",\"description\":\"Parc d&#039;animals dels Prineus a la Vall de Camprodon\",\"potentialAction\":[{\"@type\":\"SearchAction\",\"target\":{\"@type\":\"EntryPoint\",\"urlTemplate\":\"https:\/\/www.molloparc.com\/?s={search_term_string}\"},\"query-input\":\"required name=search_term_string\"}],\"inLanguage\":\"es\"}]}<\/script>\n<!-- \/ Yoast SEO plugin. -->","yoast_head_json":{"title":"Mapa del parc | Moll\u00f3 Parc parc animalier des Pyr\u00e9n\u00e9es (vall\u00e9e de Camprodon)","description":"Mapa Interactiu dels animals del Moll\u00f3 Parc","robots":{"index":"index","follow":"follow","max-snippet":"max-snippet:-1","max-image-preview":"max-image-preview:large","max-video-preview":"max-video-preview:-1"},"canonical":"https:\/\/www.molloparc.com\/es\/mapa-interactivo\/","og_locale":"es_ES","og_type":"article","og_title":"Mapa del parc | Moll\u00f3 Parc parc animalier des Pyr\u00e9n\u00e9es (vall\u00e9e de Camprodon)","og_description":"Mapa Interactiu dels animals del Moll\u00f3 Parc","og_url":"https:\/\/www.molloparc.com\/es\/mapa-interactivo\/","og_site_name":"Moll\u00f3 Parc","article_modified_time":"2024-08-22T15:03:21+00:00","og_image":[{"url":"https:\/\/www.molloparc.com\/wp-content\/uploads\/2017\/04\/image003.jpg"}],"twitter_card":"summary_large_image","twitter_misc":{"Tiempo de lectura":"1 minuto"},"schema":{"@context":"https:\/\/schema.org","@graph":[{"@type":"WebPage","@id":"https:\/\/www.molloparc.com\/es\/mapa-interactivo\/","url":"https:\/\/www.molloparc.com\/es\/mapa-interactivo\/","name":"Mapa del parc | Moll\u00f3 Parc parc animalier des Pyr\u00e9n\u00e9es (vall\u00e9e de Camprodon)","isPartOf":{"@id":"https:\/\/www.molloparc.com\/#website"},"datePublished":"2017-07-25T07:46:41+00:00","dateModified":"2024-08-22T15:03:21+00:00","description":"Mapa Interactiu dels animals del Moll\u00f3 Parc","breadcrumb":{"@id":"https:\/\/www.molloparc.com\/es\/mapa-interactivo\/#breadcrumb"},"inLanguage":"es","potentialAction":[{"@type":"ReadAction","target":["https:\/\/www.molloparc.com\/es\/mapa-interactivo\/"]}]},{"@type":"BreadcrumbList","@id":"https:\/\/www.molloparc.com\/es\/mapa-interactivo\/#breadcrumb","itemListElement":[{"@type":"ListItem","position":1,"name":"Inici","item":"https:\/\/www.molloparc.com\/es\/"},{"@type":"ListItem","position":2,"name":"MAPA INTERACTIU"}]},{"@type":"WebSite","@id":"https:\/\/www.molloparc.com\/#website","url":"https:\/\/www.molloparc.com\/","name":"Moll\u00f3 Parc","description":"Parc d&#039;animals dels Prineus a la Vall de Camprodon","potentialAction":[{"@type":"SearchAction","target":{"@type":"EntryPoint","urlTemplate":"https:\/\/www.molloparc.com\/?s={search_term_string}"},"query-input":"required name=search_term_string"}],"inLanguage":"es"}]}},"_links":{"self":[{"href":"https:\/\/www.molloparc.com\/es\/wp-json\/wp\/v2\/pages\/4652"}],"collection":[{"href":"https:\/\/www.molloparc.com\/es\/wp-json\/wp\/v2\/pages"}],"about":[{"href":"https:\/\/www.molloparc.com\/es\/wp-json\/wp\/v2\/types\/page"}],"author":[{"embeddable":true,"href":"https:\/\/www.molloparc.com\/es\/wp-json\/wp\/v2\/users\/1"}],"replies":[{"embeddable":true,"href":"https:\/\/www.molloparc.com\/es\/wp-json\/wp\/v2\/comments?post=4652"}],"version-history":[{"count":5,"href":"https:\/\/www.molloparc.com\/es\/wp-json\/wp\/v2\/pages\/4652\/revisions"}],"predecessor-version":[{"id":9110,"href":"https:\/\/www.molloparc.com\/es\/wp-json\/wp\/v2\/pages\/4652\/revisions\/9110"}],"wp:attachment":[{"href":"https:\/\/www.molloparc.com\/es\/wp-json\/wp\/v2\/media?parent=4652"}],"curies":[{"name":"wp","href":"https:\/\/api.w.org\/{rel}","templated":true}]}}