{"id":4730,"date":"2013-12-08T16:00:24","date_gmt":"2013-12-08T16:00:24","guid":{"rendered":"https:\/\/www.molloparc.com\/contacte-3\/"},"modified":"2018-08-03T07:44:45","modified_gmt":"2018-08-03T07:44:45","slug":"contacte","status":"publish","type":"page","link":"https:\/\/www.molloparc.com\/es\/contacte\/","title":{"rendered":"FORMULARIO DE CONTACTE"},"content":{"rendered":"<p style=\"text-align: center;\"><strong>PARA VENIR A MOLL\u00d3 PARC <span style=\"color: #99cc00;\">NO ES NECESARIO RESERVAR CON ANTELACI\u00d3N<\/span><\/strong><\/p>\n<p style=\"text-align: center;\">ABIERTO 361 d\u00edas al a\u00f1o<\/p>\n<p style=\"text-align: center;\"><em>(El parque est\u00e1 cerrado el\u00a025 y 26 de diciembre, el d\u00eda 1 y el d\u00eda 6 de enero)<\/em><\/p>\n<p>No podemos garantizar la revisi\u00f3n diaria del mail. Si tiene preguntas tipo el tiempo que hace en el parque, si se pueden llevar perros, si se puede venir con cochecito &#8230; Puede ver las respuestas en el apartado de <a href=\"https:\/\/www.molloparc.com\/es\/preguntas-frecuentes\/\">Preguntas Frecuentes.<\/a><\/p>\n<p style=\"text-align: center;\"><div class=\"wpcf7 no-js\" id=\"wpcf7-f4874-o1\" lang=\"ca\" dir=\"ltr\">\n<div class=\"screen-reader-response\"><p role=\"status\" aria-live=\"polite\" aria-atomic=\"true\"><\/p> <ul><\/ul><\/div>\n<form action=\"\/es\/wp-json\/wp\/v2\/pages\/4730#wpcf7-f4874-o1\" method=\"post\" class=\"wpcf7-form init\" aria-label=\"Formulari de contacte\" novalidate=\"novalidate\" data-status=\"init\">\n<div style=\"display: none;\">\n<input type=\"hidden\" name=\"_wpcf7\" value=\"4874\" \/>\n<input type=\"hidden\" name=\"_wpcf7_version\" value=\"5.7.2\" \/>\n<input type=\"hidden\" name=\"_wpcf7_locale\" value=\"ca\" \/>\n<input type=\"hidden\" name=\"_wpcf7_unit_tag\" value=\"wpcf7-f4874-o1\" \/>\n<input type=\"hidden\" name=\"_wpcf7_container_post\" value=\"0\" \/>\n<input type=\"hidden\" name=\"_wpcf7_posted_data_hash\" value=\"\" \/>\n<input type=\"hidden\" name=\"_wpcf7_recaptcha_response\" value=\"\" \/>\n<\/div>\n<p>Nombre (obligatorio)\n<\/p>\n<p><span class=\"wpcf7-form-control-wrap\" data-name=\"your-name\"><input size=\"40\" class=\"wpcf7-form-control wpcf7-text wpcf7-validates-as-required\" aria-required=\"true\" aria-invalid=\"false\" value=\"\" type=\"text\" name=\"your-name\" \/><\/span>\n<\/p>\n<p>Email (obligatorio)\n<\/p>\n<p><span class=\"wpcf7-form-control-wrap\" data-name=\"your-email\"><input size=\"40\" class=\"wpcf7-form-control wpcf7-text wpcf7-email wpcf7-validates-as-required wpcf7-validates-as-email\" aria-required=\"true\" aria-invalid=\"false\" value=\"\" type=\"email\" name=\"your-email\" \/><\/span>\n<\/p>\n<p>Tu Tel\u00e9fono (obligatorio)\n<\/p>\n<p><span class=\"wpcf7-form-control-wrap\" data-name=\"tel\"><input size=\"40\" class=\"wpcf7-form-control wpcf7-text wpcf7-tel wpcf7-validates-as-required wpcf7-validates-as-tel\" aria-required=\"true\" aria-invalid=\"false\" value=\"\" type=\"tel\" name=\"tel\" \/><\/span>\n<\/p>\n<p>Asunto\n<\/p>\n<p><span class=\"wpcf7-form-control-wrap\" data-name=\"your-subject\"><input size=\"40\" class=\"wpcf7-form-control wpcf7-text\" aria-invalid=\"false\" value=\"\" type=\"text\" name=\"your-subject\" \/><\/span>\n<\/p>\n<p>Mensaje\n<\/p>\n<p><span class=\"wpcf7-form-control-wrap\" data-name=\"your-message\"><textarea cols=\"40\" rows=\"10\" class=\"wpcf7-form-control wpcf7-textarea\" aria-invalid=\"false\" name=\"your-message\"><\/textarea><\/span>\n<\/p>\n\n<p><input class=\"wpcf7-form-control has-spinner wpcf7-submit\" type=\"submit\" value=\"Enviar\" \/>\n<\/p><div class=\"wpcf7-response-output\" aria-hidden=\"true\"><\/div><\/form><\/div><\/p>\n","protected":false},"excerpt":{"rendered":"<p>PARA VENIR A MOLL\u00d3 PARC NO ES NECESARIO RESERVAR CON ANTELACI\u00d3N ABIERTO 361 d\u00edas al a\u00f1o (El parque est\u00e1 cerrado el\u00a025 y 26 de diciembre, el d\u00eda 1 y el d\u00eda 6 de enero) No podemos garantizar la revisi\u00f3n diaria del mail. Si tiene preguntas tipo el tiempo que hace en el parque, si se [&hellip;]<\/p>\n","protected":false},"author":1,"featured_media":0,"parent":0,"menu_order":0,"comment_status":"open","ping_status":"closed","template":"","meta":{"ngg_post_thumbnail":0},"yoast_head":"<!-- This site is optimized with the Yoast SEO plugin v19.13 - https:\/\/yoast.com\/wordpress\/plugins\/seo\/ -->\n<title>FORMULARIO DE CONTACTE - Moll\u00f3 Parc<\/title>\n<meta name=\"robots\" content=\"index, follow, max-snippet:-1, max-image-preview:large, max-video-preview:-1\" \/>\n<link rel=\"canonical\" href=\"https:\/\/www.molloparc.com\/es\/contacte\/\" \/>\n<meta property=\"og:locale\" content=\"es_ES\" \/>\n<meta property=\"og:type\" content=\"article\" \/>\n<meta property=\"og:title\" content=\"FORMULARIO DE CONTACTE - Moll\u00f3 Parc\" \/>\n<meta property=\"og:description\" content=\"PARA VENIR A MOLL\u00d3 PARC NO ES NECESARIO RESERVAR CON ANTELACI\u00d3N ABIERTO 361 d\u00edas al a\u00f1o (El parque est\u00e1 cerrado el\u00a025 y 26 de diciembre, el d\u00eda 1 y el d\u00eda 6 de enero) No podemos garantizar la revisi\u00f3n diaria del mail. Si tiene preguntas tipo el tiempo que hace en el parque, si se [&hellip;]\" \/>\n<meta property=\"og:url\" content=\"https:\/\/www.molloparc.com\/es\/contacte\/\" \/>\n<meta property=\"og:site_name\" content=\"Moll\u00f3 Parc\" \/>\n<meta property=\"article:modified_time\" content=\"2018-08-03T07:44:45+00:00\" \/>\n<meta name=\"twitter:card\" content=\"summary_large_image\" \/>\n<script type=\"application\/ld+json\" class=\"yoast-schema-graph\">{\"@context\":\"https:\/\/schema.org\",\"@graph\":[{\"@type\":\"WebPage\",\"@id\":\"https:\/\/www.molloparc.com\/es\/contacte\/\",\"url\":\"https:\/\/www.molloparc.com\/es\/contacte\/\",\"name\":\"FORMULARIO DE CONTACTE - Moll\u00f3 Parc\",\"isPartOf\":{\"@id\":\"https:\/\/www.molloparc.com\/#website\"},\"datePublished\":\"2013-12-08T16:00:24+00:00\",\"dateModified\":\"2018-08-03T07:44:45+00:00\",\"breadcrumb\":{\"@id\":\"https:\/\/www.molloparc.com\/es\/contacte\/#breadcrumb\"},\"inLanguage\":\"es\",\"potentialAction\":[{\"@type\":\"ReadAction\",\"target\":[\"https:\/\/www.molloparc.com\/es\/contacte\/\"]}]},{\"@type\":\"BreadcrumbList\",\"@id\":\"https:\/\/www.molloparc.com\/es\/contacte\/#breadcrumb\",\"itemListElement\":[{\"@type\":\"ListItem\",\"position\":1,\"name\":\"Inici\",\"item\":\"https:\/\/www.molloparc.com\/es\/\"},{\"@type\":\"ListItem\",\"position\":2,\"name\":\"FORMULARIO DE CONTACTE\"}]},{\"@type\":\"WebSite\",\"@id\":\"https:\/\/www.molloparc.com\/#website\",\"url\":\"https:\/\/www.molloparc.com\/\",\"name\":\"Moll\u00f3 Parc\",\"description\":\"Parc d&#039;animals dels Prineus a la Vall de Camprodon\",\"potentialAction\":[{\"@type\":\"SearchAction\",\"target\":{\"@type\":\"EntryPoint\",\"urlTemplate\":\"https:\/\/www.molloparc.com\/?s={search_term_string}\"},\"query-input\":\"required name=search_term_string\"}],\"inLanguage\":\"es\"}]}<\/script>\n<!-- \/ Yoast SEO plugin. -->","yoast_head_json":{"title":"FORMULARIO DE CONTACTE - Moll\u00f3 Parc","robots":{"index":"index","follow":"follow","max-snippet":"max-snippet:-1","max-image-preview":"max-image-preview:large","max-video-preview":"max-video-preview:-1"},"canonical":"https:\/\/www.molloparc.com\/es\/contacte\/","og_locale":"es_ES","og_type":"article","og_title":"FORMULARIO DE CONTACTE - Moll\u00f3 Parc","og_description":"PARA VENIR A MOLL\u00d3 PARC NO ES NECESARIO RESERVAR CON ANTELACI\u00d3N ABIERTO 361 d\u00edas al a\u00f1o (El parque est\u00e1 cerrado el\u00a025 y 26 de diciembre, el d\u00eda 1 y el d\u00eda 6 de enero) No podemos garantizar la revisi\u00f3n diaria del mail. Si tiene preguntas tipo el tiempo que hace en el parque, si se [&hellip;]","og_url":"https:\/\/www.molloparc.com\/es\/contacte\/","og_site_name":"Moll\u00f3 Parc","article_modified_time":"2018-08-03T07:44:45+00:00","twitter_card":"summary_large_image","schema":{"@context":"https:\/\/schema.org","@graph":[{"@type":"WebPage","@id":"https:\/\/www.molloparc.com\/es\/contacte\/","url":"https:\/\/www.molloparc.com\/es\/contacte\/","name":"FORMULARIO DE CONTACTE - Moll\u00f3 Parc","isPartOf":{"@id":"https:\/\/www.molloparc.com\/#website"},"datePublished":"2013-12-08T16:00:24+00:00","dateModified":"2018-08-03T07:44:45+00:00","breadcrumb":{"@id":"https:\/\/www.molloparc.com\/es\/contacte\/#breadcrumb"},"inLanguage":"es","potentialAction":[{"@type":"ReadAction","target":["https:\/\/www.molloparc.com\/es\/contacte\/"]}]},{"@type":"BreadcrumbList","@id":"https:\/\/www.molloparc.com\/es\/contacte\/#breadcrumb","itemListElement":[{"@type":"ListItem","position":1,"name":"Inici","item":"https:\/\/www.molloparc.com\/es\/"},{"@type":"ListItem","position":2,"name":"FORMULARIO DE CONTACTE"}]},{"@type":"WebSite","@id":"https:\/\/www.molloparc.com\/#website","url":"https:\/\/www.molloparc.com\/","name":"Moll\u00f3 Parc","description":"Parc d&#039;animals dels Prineus a la Vall de Camprodon","potentialAction":[{"@type":"SearchAction","target":{"@type":"EntryPoint","urlTemplate":"https:\/\/www.molloparc.com\/?s={search_term_string}"},"query-input":"required name=search_term_string"}],"inLanguage":"es"}]}},"_links":{"self":[{"href":"https:\/\/www.molloparc.com\/es\/wp-json\/wp\/v2\/pages\/4730"}],"collection":[{"href":"https:\/\/www.molloparc.com\/es\/wp-json\/wp\/v2\/pages"}],"about":[{"href":"https:\/\/www.molloparc.com\/es\/wp-json\/wp\/v2\/types\/page"}],"author":[{"embeddable":true,"href":"https:\/\/www.molloparc.com\/es\/wp-json\/wp\/v2\/users\/1"}],"replies":[{"embeddable":true,"href":"https:\/\/www.molloparc.com\/es\/wp-json\/wp\/v2\/comments?post=4730"}],"version-history":[{"count":8,"href":"https:\/\/www.molloparc.com\/es\/wp-json\/wp\/v2\/pages\/4730\/revisions"}],"predecessor-version":[{"id":5663,"href":"https:\/\/www.molloparc.com\/es\/wp-json\/wp\/v2\/pages\/4730\/revisions\/5663"}],"wp:attachment":[{"href":"https:\/\/www.molloparc.com\/es\/wp-json\/wp\/v2\/media?parent=4730"}],"curies":[{"name":"wp","href":"https:\/\/api.w.org\/{rel}","templated":true}]}}