{"id":5025,"date":"2017-01-19T12:25:37","date_gmt":"2017-01-19T12:25:37","guid":{"rendered":"https:\/\/www.molloparc.com\/visites-per-grups\/"},"modified":"2026-03-26T12:12:56","modified_gmt":"2026-03-26T12:12:56","slug":"visitas-para-grupos","status":"publish","type":"page","link":"https:\/\/www.molloparc.com\/es\/visitas-para-grupos\/","title":{"rendered":"Visitas para grupos"},"content":{"rendered":"<h1>Visites per a grups<\/h1>\n<h2>Ven con los amigos, familia, compa\u00f1eros y pasar un d\u00eda inolvidable!<\/h2>\n<p>Para grupos superiores a las 20 personas el parque ofrece una tarifa especial siempre que se haga una reserva previa con una antelaci\u00f3n de 7 d\u00edas al d\u00eda de la visita (ver condiciones).<\/p>\n<p id=\"tw-target-text\" class=\"tw-data-text tw-ta tw-text-small\" dir=\"ltr\" data-placeholder=\"Traducci\u00f3n\"><span lang=\"es\">Tarifa aplicable: <\/span><\/p>\n<ul>\n<li class=\"tw-data-text tw-ta tw-text-small\" dir=\"ltr\" data-placeholder=\"Traducci\u00f3n\"><span lang=\"es\">Adultos de 14 a 64 a\u00f1os (ambos incluidos): 15,00 \u20ac \/ pers. <\/span><\/li>\n<li class=\"tw-data-text tw-ta tw-text-small\" dir=\"ltr\" data-placeholder=\"Traducci\u00f3n\"><span lang=\"es\">Ni\u00f1os de 3 a 13 a\u00f1os (ambos incluidos): 11,00 \u20ac \/ pers. <\/span><\/li>\n<li class=\"tw-data-text tw-ta tw-text-small\" dir=\"ltr\" data-placeholder=\"Traducci\u00f3n\"><span lang=\"es\">Ni\u00f1os menores de 3 a\u00f1os (m\u00e1ximo 4 ni\u00f1os por grupo): gratis<\/span><\/li>\n<li>Mayores de 65 anys:&nbsp; 11,00 \u20ac\/pers.<\/li>\n<li>Adultos discapacitados (m\u00ednimo 33% de minusv\u00e1lida): 11,00 \u20ac \/ pers. El descuento se aplicar\u00e1 presentando la documentaci\u00f3n acreditativa.<\/li>\n<li>Ni\u00f1os discapacitados (m\u00ednimo 33% de minusv\u00e1lida): 7,50 \u20ac \/ pers. El descuento se aplicar\u00e1 presentando la documentaci\u00f3n acreditativa.<\/li>\n<\/ul>\n<p>A partir de&nbsp;<strong>20 persones<\/strong>, per poder-se acollir a aquests preus&nbsp;<strong>\u00e9s obligatori fer una&nbsp;reserva pr\u00e8via&nbsp;amb una antelaci\u00f3 de 7 dies al dia de la visita.<\/strong><\/p>\n<p id=\"tw-target-text\" class=\"tw-data-text tw-ta tw-text-small\" dir=\"ltr\" data-placeholder=\"Traducci\u00f3n\"><span lang=\"es\">Puede hacer la reserva enviando este <a href=\"https:\/\/www.molloparc.com\/wp-content\/uploads\/2026\/03\/IMPRES-GRUPS-AnAv.-CAST-2026_3_36.pdf\">formulario<\/a> a <a href=\"mailto:info@molloparc.com\">info@molloparc.com<\/a> con antelaci\u00f3n de 7 d\u00edas al d\u00eda de la visita.<\/span><\/p>\n<p>&nbsp;<\/p>\n<p style=\"text-align: center;\"><a href=\"https:\/\/www.molloparc.com\/wp-content\/uploads\/2026\/03\/IMPRES-GRUPS-AnAv.-CAST-2026_3_36.pdf\">FORMULARIO DE RESERVA PARA VISITAS DE GRUPO<\/a><\/p>\n<p id=\"tw-target-text\" class=\"tw-data-text tw-ta tw-text-small\" dir=\"ltr\" data-placeholder=\"Traducci\u00f3n\"><span lang=\"es\">Condiciones: <\/span><\/p>\n<ul>\n<li class=\"tw-data-text tw-ta tw-text-small\" dir=\"ltr\" data-placeholder=\"Traducci\u00f3n\"><span lang=\"es\">Si la reserva incluye gu\u00edas y\/o taller se tendr\u00e1 que realizar una paga y se\u00f1al del 50% del total de la reserva.<\/span><\/li>\n<li>Esta tarifa no ser\u00e1 de aplicaci\u00f3n durante el mes de agosto y los puentes.<\/li>\n<li>Todos los precios tienen IVA incluido.<\/li>\n<li>Se considera grupo a partir de una reserva de 20 personas de pago.<\/li>\n<li>El grupo deber\u00e1 notificar cualquier modificaci\u00f3n de los datos de esta reserva.<\/li>\n<li>La reserva podr\u00e1 cancelarse mediante comunicaci\u00f3n por escrito o mail al menos con 5 d\u00edas de antelaci\u00f3n a la visita. Pero si la reserva incluye gu\u00edas y\/o taller deber\u00e1 cancelarse m\u00ednimo con 20 d\u00edas de antelaci\u00f3n o si no se perder\u00e1 el 50% de la paga y se\u00f1al.<\/li>\n<li>Si Moll\u00f3 Parc debe suspender la visita por motivos t\u00e9cnicos o meteorol\u00f3gicos, se ofrecer\u00e1 al grupo una fecha alternativa.<\/li>\n<\/ul>\n","protected":false},"excerpt":{"rendered":"<p>Visites per a grups Ven con los amigos, familia, compa\u00f1eros y pasar un d\u00eda inolvidable! Para grupos superiores a las 20 personas el parque ofrece una tarifa especial siempre que se haga una reserva previa con una antelaci\u00f3n de 7 d\u00edas al d\u00eda de la visita (ver condiciones). Tarifa aplicable: Adultos de 14 a 64 [&hellip;]<\/p>\n","protected":false},"author":2,"featured_media":0,"parent":0,"menu_order":0,"comment_status":"open","ping_status":"closed","template":"","meta":{"ngg_post_thumbnail":0},"yoast_head":"<!-- This site is optimized with the Yoast SEO plugin v19.13 - https:\/\/yoast.com\/wordpress\/plugins\/seo\/ -->\n<title>Visitas para grupos - Moll\u00f3 Parc<\/title>\n<meta name=\"robots\" content=\"noindex, nofollow\" \/>\n<meta property=\"og:locale\" content=\"es_ES\" \/>\n<meta property=\"og:type\" content=\"article\" \/>\n<meta property=\"og:title\" content=\"Visitas para grupos - Moll\u00f3 Parc\" \/>\n<meta property=\"og:description\" content=\"Visites per a grups Ven con los amigos, familia, compa\u00f1eros y pasar un d\u00eda inolvidable! Para grupos superiores a las 20 personas el parque ofrece una tarifa especial siempre que se haga una reserva previa con una antelaci\u00f3n de 7 d\u00edas al d\u00eda de la visita (ver condiciones). Tarifa aplicable: Adultos de 14 a 64 [&hellip;]\" \/>\n<meta property=\"og:url\" content=\"https:\/\/www.molloparc.com\/es\/visitas-para-grupos\/\" \/>\n<meta property=\"og:site_name\" content=\"Moll\u00f3 Parc\" \/>\n<meta property=\"article:modified_time\" content=\"2026-03-26T12:12:56+00:00\" \/>\n<meta name=\"twitter:card\" content=\"summary_large_image\" \/>\n<meta name=\"twitter:label1\" content=\"Tiempo de lectura\" \/>\n\t<meta name=\"twitter:data1\" content=\"2 minutos\" \/>\n<script type=\"application\/ld+json\" class=\"yoast-schema-graph\">{\"@context\":\"https:\/\/schema.org\",\"@graph\":[{\"@type\":\"WebPage\",\"@id\":\"https:\/\/www.molloparc.com\/es\/visitas-para-grupos\/\",\"url\":\"https:\/\/www.molloparc.com\/es\/visitas-para-grupos\/\",\"name\":\"Visitas para grupos - Moll\u00f3 Parc\",\"isPartOf\":{\"@id\":\"https:\/\/www.molloparc.com\/#website\"},\"datePublished\":\"2017-01-19T12:25:37+00:00\",\"dateModified\":\"2026-03-26T12:12:56+00:00\",\"breadcrumb\":{\"@id\":\"https:\/\/www.molloparc.com\/es\/visitas-para-grupos\/#breadcrumb\"},\"inLanguage\":\"es\",\"potentialAction\":[{\"@type\":\"ReadAction\",\"target\":[\"https:\/\/www.molloparc.com\/es\/visitas-para-grupos\/\"]}]},{\"@type\":\"BreadcrumbList\",\"@id\":\"https:\/\/www.molloparc.com\/es\/visitas-para-grupos\/#breadcrumb\",\"itemListElement\":[{\"@type\":\"ListItem\",\"position\":1,\"name\":\"Inici\",\"item\":\"https:\/\/www.molloparc.com\/es\/\"},{\"@type\":\"ListItem\",\"position\":2,\"name\":\"Visitas para grupos\"}]},{\"@type\":\"WebSite\",\"@id\":\"https:\/\/www.molloparc.com\/#website\",\"url\":\"https:\/\/www.molloparc.com\/\",\"name\":\"Moll\u00f3 Parc\",\"description\":\"Parc d&#039;animals dels Prineus a la Vall de Camprodon\",\"potentialAction\":[{\"@type\":\"SearchAction\",\"target\":{\"@type\":\"EntryPoint\",\"urlTemplate\":\"https:\/\/www.molloparc.com\/?s={search_term_string}\"},\"query-input\":\"required name=search_term_string\"}],\"inLanguage\":\"es\"}]}<\/script>\n<!-- \/ Yoast SEO plugin. -->","yoast_head_json":{"title":"Visitas para grupos - Moll\u00f3 Parc","robots":{"index":"noindex","follow":"nofollow"},"og_locale":"es_ES","og_type":"article","og_title":"Visitas para grupos - Moll\u00f3 Parc","og_description":"Visites per a grups Ven con los amigos, familia, compa\u00f1eros y pasar un d\u00eda inolvidable! Para grupos superiores a las 20 personas el parque ofrece una tarifa especial siempre que se haga una reserva previa con una antelaci\u00f3n de 7 d\u00edas al d\u00eda de la visita (ver condiciones). Tarifa aplicable: Adultos de 14 a 64 [&hellip;]","og_url":"https:\/\/www.molloparc.com\/es\/visitas-para-grupos\/","og_site_name":"Moll\u00f3 Parc","article_modified_time":"2026-03-26T12:12:56+00:00","twitter_card":"summary_large_image","twitter_misc":{"Tiempo de lectura":"2 minutos"},"schema":{"@context":"https:\/\/schema.org","@graph":[{"@type":"WebPage","@id":"https:\/\/www.molloparc.com\/es\/visitas-para-grupos\/","url":"https:\/\/www.molloparc.com\/es\/visitas-para-grupos\/","name":"Visitas para grupos - Moll\u00f3 Parc","isPartOf":{"@id":"https:\/\/www.molloparc.com\/#website"},"datePublished":"2017-01-19T12:25:37+00:00","dateModified":"2026-03-26T12:12:56+00:00","breadcrumb":{"@id":"https:\/\/www.molloparc.com\/es\/visitas-para-grupos\/#breadcrumb"},"inLanguage":"es","potentialAction":[{"@type":"ReadAction","target":["https:\/\/www.molloparc.com\/es\/visitas-para-grupos\/"]}]},{"@type":"BreadcrumbList","@id":"https:\/\/www.molloparc.com\/es\/visitas-para-grupos\/#breadcrumb","itemListElement":[{"@type":"ListItem","position":1,"name":"Inici","item":"https:\/\/www.molloparc.com\/es\/"},{"@type":"ListItem","position":2,"name":"Visitas para grupos"}]},{"@type":"WebSite","@id":"https:\/\/www.molloparc.com\/#website","url":"https:\/\/www.molloparc.com\/","name":"Moll\u00f3 Parc","description":"Parc d&#039;animals dels Prineus a la Vall de Camprodon","potentialAction":[{"@type":"SearchAction","target":{"@type":"EntryPoint","urlTemplate":"https:\/\/www.molloparc.com\/?s={search_term_string}"},"query-input":"required name=search_term_string"}],"inLanguage":"es"}]}},"_links":{"self":[{"href":"https:\/\/www.molloparc.com\/es\/wp-json\/wp\/v2\/pages\/5025"}],"collection":[{"href":"https:\/\/www.molloparc.com\/es\/wp-json\/wp\/v2\/pages"}],"about":[{"href":"https:\/\/www.molloparc.com\/es\/wp-json\/wp\/v2\/types\/page"}],"author":[{"embeddable":true,"href":"https:\/\/www.molloparc.com\/es\/wp-json\/wp\/v2\/users\/2"}],"replies":[{"embeddable":true,"href":"https:\/\/www.molloparc.com\/es\/wp-json\/wp\/v2\/comments?post=5025"}],"version-history":[{"count":10,"href":"https:\/\/www.molloparc.com\/es\/wp-json\/wp\/v2\/pages\/5025\/revisions"}],"predecessor-version":[{"id":9585,"href":"https:\/\/www.molloparc.com\/es\/wp-json\/wp\/v2\/pages\/5025\/revisions\/9585"}],"wp:attachment":[{"href":"https:\/\/www.molloparc.com\/es\/wp-json\/wp\/v2\/media?parent=5025"}],"curies":[{"name":"wp","href":"https:\/\/api.w.org\/{rel}","templated":true}]}}