{"id":5195,"date":"2018-07-20T10:54:06","date_gmt":"2018-07-20T10:54:06","guid":{"rendered":"https:\/\/www.molloparc.com\/?page_id=5195"},"modified":"2025-11-03T18:36:39","modified_gmt":"2025-11-03T18:36:39","slug":"cuidador-por-un-dia-2","status":"publish","type":"page","link":"https:\/\/www.molloparc.com\/es\/cuidador-por-un-dia-2\/","title":{"rendered":"Cuidador por un d\u00eda"},"content":{"rendered":"<h1><span style=\"color: #99cc00;\">Ven a hacer de cuidador de animales por un d\u00eda!<\/span><\/h1>\n<p>Entra dentro de los recintos de algunos animales con uno de nuestros cuidadores. Descubre c\u00f3mo se acercan a los animales, que les dicen, que les dan para comer y c\u00f3mo reaccionan los animales &#8230; Curiosidades,&nbsp; c\u00f3mo trabajamos por su bienestar y \u00a1mucho m\u00e1s!<\/p>\n<p>Acompa\u00f1a a uno de nuestros cuidadores en su d\u00eda a d\u00eda con los animales del parque y haz una visita al parque \u00fanica y totalmente personalizada.<\/p>\n<p><strong>Reserva ahora tu visita de 3 horas y forma parte del equipo de Moll\u00f3 Parc por un d\u00eda !!<\/strong><\/p>\n<h3><span style=\"color: #99cc00;\">EXPERIENCIA \u00abCUIDADOR DE ANIMALES POR UN D\u00cdA\u00bb<\/span><\/h3>\n<p>La experiencia&nbsp; \u00abCuidador de animales por un d\u00eda\u00bb<strong> es una actividad totalmente personalizada de 3 horas de duraci\u00f3n, para un m\u00e1ximo de 3 personas y&nbsp; acompa\u00f1ada exclusivamente por uno de nuestros cuidadores .<\/strong><\/p>\n<p>Cada visita es \u00fanica, nunca se puede repetir porque hacemos visitas a animales y son ellos los que nos dejar\u00e1n disfrutar de un rato con ellos.<\/p>\n<p>La experiencia incluye:<\/p>\n<ul>\n<li>Recepci\u00f3n en la entrada del parque por parte de uno de nuestros cuidadores.<\/li>\n<li>Preparaci\u00f3n de los alimentos.<\/li>\n<li>Distribuci\u00f3n de los alimentos a cada animal (herb\u00edvoros y carn\u00edvoros).<\/li>\n<li>Limpieza y mantenimiento de los espacios de los animales.<\/li>\n<li>Visita libre del parque una vez finalizada la actividad.<\/li>\n<\/ul>\n<h3><span style=\"color: #99cc00;\">PRECIO DE LA ACTIVIDAD<\/span><\/h3>\n<table style=\"height: 99px; border-style: solid; width: 1007px;\" width=\"1168\">\n<tbody>\n<tr style=\"background-color: #92d050;\">\n<td style=\"text-align: center; height: 71px; width: 201.597px; border-style: solid;\"><span style=\"color: #ffffff;\"><strong>1 ADULTO<\/strong><\/span>&nbsp;<\/p>\n<p><span style=\"color: #ffffff;\">(a partir de 13&nbsp;a\u00f1os&nbsp;incluidos)<\/span><\/td>\n<td style=\"height: 71px; width: 202.708px; text-align: center; border-style: solid;\"><span style=\"color: #ffffff;\"><strong>2 ADULTOS<\/strong><\/span>&nbsp;<\/p>\n<p><span style=\"color: #ffffff;\">(a partir de 13&nbsp;a\u00f1os&nbsp;incluidos)<\/span><\/td>\n<td style=\"height: 71px; width: 191.597px; border-style: solid; text-align: center;\"><span style=\"color: #ffffff;\"><strong>PACK:<\/strong><\/span><span style=\"color: #ffffff;\"><strong>1 ADULTO y 1&nbsp;MENOR<\/strong><\/span><br \/>\n<span style=\"color: #ffffff;\">( de 8 a 12&nbsp;a\u00f1os)<\/span><\/td>\n<td style=\"text-align: center; height: 71px; width: 191.597px; border-style: solid;\"><span style=\"color: #ffffff;\"><strong>PACK<\/strong><\/span><span style=\"color: #ffffff;\"><strong>1 ADULTO y 2 MENORS<\/strong><\/span><br \/>\n<span style=\"color: #ffffff;\">( de 8 a 12&nbsp;a\u00f1os)<\/span><\/td>\n<td style=\"text-align: center; height: 71px; width: 192.708px; border-style: solid;\"><span style=\"color: #ffffff;\"><strong>PACK<\/strong><\/span><span style=\"color: #ffffff;\"><strong>2 ADULTOS y&nbsp;1 MENOR<\/strong><\/span><br \/>\n<span style=\"color: #ffffff;\">( de 8 a 12 a\u00f1os)<\/span><\/td>\n<\/tr>\n<tr style=\"height: 19px;\">\n<td style=\"height: 19px; width: 201.597px; border-style: solid; text-align: center;\">145 \u20ac<\/td>\n<td style=\"height: 19px; width: 202.708px; text-align: center; border-style: solid;\">290 \u20ac<\/td>\n<td style=\"height: 19px; width: 191.597px; border-style: solid; text-align: center;\">195 \u20ac<\/td>\n<td style=\"text-align: center; height: 19px; width: 191.597px; border-style: solid;\">245 \u20ac<\/td>\n<td style=\"text-align: center; height: 19px; width: 192.708px; border-style: solid;\">340 \u20ac<\/td>\n<\/tr>\n<\/tbody>\n<\/table>\n<div>\n<div style=\"text-align: center;\">\n<p>&nbsp;<\/p>\n<\/div>\n<\/div>\n<div style=\"text-align: center;\">\n<div style=\"text-align: left;\">Incluido en el precio de la actividad:<\/div>\n<div>\n<ul>\n<li style=\"list-style-type: none;\">\n<ul>\n<li style=\"text-align: left;\">Bebida al incio y al final de la actividada.<\/li>\n<li style=\"text-align: left;\">Camiseta.<\/li>\n<li style=\"text-align: left;\">Taquilla para dejar pertenencias.<\/li>\n<li style=\"text-align: left;\">Diploma acreditativo de la actividad<\/li>\n<\/ul>\n<\/li>\n<\/ul>\n<\/div>\n<\/div>\n<h3><span style=\"color: #99cc00;\">INFORMACI\u00d3N PR\u00c1CTICA- ACTIVIDAD PARA UN M\u00c1XIMO DE 3 PERSONAS<\/span><\/h3>\n<ul>\n<li>\u00abCuidador de animales por un d\u00eda\u00bb tiene dos modalidades:\n<ul>\n<li>Un\/dos adultos&nbsp; m\u00e1s un cuidador (a&nbsp;partir de 13 a\u00f1os se considera \u00abadulto\u00bb).<\/li>\n<li>Un\/dos menores&nbsp; (de 8 a 12 a\u00f1os incluidos), un\/dos adultos y un cuidador<\/li>\n<li><strong>(entre menores y adultos m\u00e1ximo 3 personas)<\/strong>.<\/li>\n<li>. Los menores de 8 a 12 a\u00f1os (incluidos) deben ir acompa\u00f1ados SIEMPRE por un adulto.<\/li>\n<\/ul>\n<\/li>\n<li>Los menores de 8 a\u00f1os no pueden hacer la actividad.<\/li>\n<li>Puede realizar la actividad durante los siguientes turnos:\n<ul>\n<li>De julio a septiembre (incluidos) de 9.00 a 12.00 (3h.).<\/li>\n<li>Junio y octubre laborables de 9.30 a 12.30 (3h.)- Fin de semana de 9.00 a 12.00 (3h).<\/li>\n<li>De noviembre a mayo (incluidos) de 9.30 a 12.30 (3h).&nbsp;<\/li>\n<\/ul>\n<\/li>\n<\/ul>\n<ul>\n<li>Las mujeres embarazadas no pueden participar de la actividad.<\/li>\n<li>Los animales que se visitan son los carn\u00edvoros y herb\u00edvoros.<\/li>\n<li>En caso de ser necesario cancelar la reserva, se puede hacer hasta 15 d\u00edas naturales antes de la fecha de realizaci\u00f3n de la actividad, con la correspondiente devoluci\u00f3n del total del importe de la reserva. Una vez dentro de los 15 d\u00edas previos a realizar la actividad, en caso de que se cancela no hay devoluci\u00f3n.<\/li>\n<\/ul>\n<h3><span style=\"color: #99cc00;\">IMPORTANTE:<\/span><\/h3>\n<ul>\n<li>La persona que participa en la experiencia debe estar sana.<\/li>\n<li>Hay que vestir de forma adecuada.<\/li>\n<li>La actividad se hace independientemente del clima, los animales se cuidan cada d\u00eda y el parque est\u00e1 abierto.<\/li>\n<\/ul>\n<p><a href=\"https:\/\/www.molloparc.com\/es\/cuidador-por-un-dia\/\"><img decoding=\"async\" loading=\"lazy\" class=\"aligncenter wp-image-5614 size-medium\" src=\"https:\/\/www.molloparc.com\/wp-content\/uploads\/2018\/08\/Banner-cuidador-por-un-dia_cas-300x100.png\" alt=\"Banner-cuidador-por-un-dia_cas\" width=\"300\" height=\"100\"><\/a><\/p>\n<p>&nbsp;<\/p>\n<p>&nbsp;<\/p>\n<p>&nbsp;<\/p>\n","protected":false},"excerpt":{"rendered":"<p>Ven a hacer de cuidador de animales por un d\u00eda! Entra dentro de los recintos de algunos animales con uno de nuestros cuidadores. Descubre c\u00f3mo se acercan a los animales, que les dicen, que les dan para comer y c\u00f3mo reaccionan los animales &#8230; Curiosidades,&nbsp; c\u00f3mo trabajamos por su bienestar y \u00a1mucho m\u00e1s! Acompa\u00f1a a [&hellip;]<\/p>\n","protected":false},"author":2,"featured_media":0,"parent":0,"menu_order":0,"comment_status":"closed","ping_status":"closed","template":"page-templates\/template-full-width.php","meta":{"ngg_post_thumbnail":0},"yoast_head":"<!-- This site is optimized with the Yoast SEO plugin v19.13 - https:\/\/yoast.com\/wordpress\/plugins\/seo\/ -->\n<title>Cuidador por un d\u00eda - Moll\u00f3 Parc<\/title>\n<meta name=\"robots\" content=\"index, follow, max-snippet:-1, max-image-preview:large, max-video-preview:-1\" \/>\n<link rel=\"canonical\" href=\"https:\/\/www.molloparc.com\/es\/cuidador-por-un-dia-2\/\" \/>\n<meta property=\"og:locale\" content=\"es_ES\" \/>\n<meta property=\"og:type\" content=\"article\" \/>\n<meta property=\"og:title\" content=\"Cuidador por un d\u00eda - Moll\u00f3 Parc\" \/>\n<meta property=\"og:description\" content=\"Ven a hacer de cuidador de animales por un d\u00eda! Entra dentro de los recintos de algunos animales con uno de nuestros cuidadores. Descubre c\u00f3mo se acercan a los animales, que les dicen, que les dan para comer y c\u00f3mo reaccionan los animales &#8230; Curiosidades,&nbsp; c\u00f3mo trabajamos por su bienestar y \u00a1mucho m\u00e1s! Acompa\u00f1a a [&hellip;]\" \/>\n<meta property=\"og:url\" content=\"https:\/\/www.molloparc.com\/es\/cuidador-por-un-dia-2\/\" \/>\n<meta property=\"og:site_name\" content=\"Moll\u00f3 Parc\" \/>\n<meta property=\"article:modified_time\" content=\"2025-11-03T18:36:39+00:00\" \/>\n<meta property=\"og:image\" content=\"https:\/\/www.molloparc.com\/wp-content\/uploads\/2018\/08\/Banner-cuidador-por-un-dia_cas-300x100.png\" \/>\n<meta name=\"twitter:card\" content=\"summary_large_image\" \/>\n<meta name=\"twitter:label1\" content=\"Tiempo de lectura\" \/>\n\t<meta name=\"twitter:data1\" content=\"4 minutos\" \/>\n<script type=\"application\/ld+json\" class=\"yoast-schema-graph\">{\"@context\":\"https:\/\/schema.org\",\"@graph\":[{\"@type\":\"WebPage\",\"@id\":\"https:\/\/www.molloparc.com\/es\/cuidador-por-un-dia-2\/\",\"url\":\"https:\/\/www.molloparc.com\/es\/cuidador-por-un-dia-2\/\",\"name\":\"Cuidador por un d\u00eda - Moll\u00f3 Parc\",\"isPartOf\":{\"@id\":\"https:\/\/www.molloparc.com\/#website\"},\"datePublished\":\"2018-07-20T10:54:06+00:00\",\"dateModified\":\"2025-11-03T18:36:39+00:00\",\"breadcrumb\":{\"@id\":\"https:\/\/www.molloparc.com\/es\/cuidador-por-un-dia-2\/#breadcrumb\"},\"inLanguage\":\"es\",\"potentialAction\":[{\"@type\":\"ReadAction\",\"target\":[\"https:\/\/www.molloparc.com\/es\/cuidador-por-un-dia-2\/\"]}]},{\"@type\":\"BreadcrumbList\",\"@id\":\"https:\/\/www.molloparc.com\/es\/cuidador-por-un-dia-2\/#breadcrumb\",\"itemListElement\":[{\"@type\":\"ListItem\",\"position\":1,\"name\":\"Inici\",\"item\":\"https:\/\/www.molloparc.com\/es\/\"},{\"@type\":\"ListItem\",\"position\":2,\"name\":\"Cuidador por un d\u00eda\"}]},{\"@type\":\"WebSite\",\"@id\":\"https:\/\/www.molloparc.com\/#website\",\"url\":\"https:\/\/www.molloparc.com\/\",\"name\":\"Moll\u00f3 Parc\",\"description\":\"Parc d&#039;animals dels Prineus a la Vall de Camprodon\",\"potentialAction\":[{\"@type\":\"SearchAction\",\"target\":{\"@type\":\"EntryPoint\",\"urlTemplate\":\"https:\/\/www.molloparc.com\/?s={search_term_string}\"},\"query-input\":\"required name=search_term_string\"}],\"inLanguage\":\"es\"}]}<\/script>\n<!-- \/ Yoast SEO plugin. -->","yoast_head_json":{"title":"Cuidador por un d\u00eda - Moll\u00f3 Parc","robots":{"index":"index","follow":"follow","max-snippet":"max-snippet:-1","max-image-preview":"max-image-preview:large","max-video-preview":"max-video-preview:-1"},"canonical":"https:\/\/www.molloparc.com\/es\/cuidador-por-un-dia-2\/","og_locale":"es_ES","og_type":"article","og_title":"Cuidador por un d\u00eda - Moll\u00f3 Parc","og_description":"Ven a hacer de cuidador de animales por un d\u00eda! Entra dentro de los recintos de algunos animales con uno de nuestros cuidadores. Descubre c\u00f3mo se acercan a los animales, que les dicen, que les dan para comer y c\u00f3mo reaccionan los animales &#8230; Curiosidades,&nbsp; c\u00f3mo trabajamos por su bienestar y \u00a1mucho m\u00e1s! Acompa\u00f1a a [&hellip;]","og_url":"https:\/\/www.molloparc.com\/es\/cuidador-por-un-dia-2\/","og_site_name":"Moll\u00f3 Parc","article_modified_time":"2025-11-03T18:36:39+00:00","og_image":[{"url":"https:\/\/www.molloparc.com\/wp-content\/uploads\/2018\/08\/Banner-cuidador-por-un-dia_cas-300x100.png"}],"twitter_card":"summary_large_image","twitter_misc":{"Tiempo de lectura":"4 minutos"},"schema":{"@context":"https:\/\/schema.org","@graph":[{"@type":"WebPage","@id":"https:\/\/www.molloparc.com\/es\/cuidador-por-un-dia-2\/","url":"https:\/\/www.molloparc.com\/es\/cuidador-por-un-dia-2\/","name":"Cuidador por un d\u00eda - Moll\u00f3 Parc","isPartOf":{"@id":"https:\/\/www.molloparc.com\/#website"},"datePublished":"2018-07-20T10:54:06+00:00","dateModified":"2025-11-03T18:36:39+00:00","breadcrumb":{"@id":"https:\/\/www.molloparc.com\/es\/cuidador-por-un-dia-2\/#breadcrumb"},"inLanguage":"es","potentialAction":[{"@type":"ReadAction","target":["https:\/\/www.molloparc.com\/es\/cuidador-por-un-dia-2\/"]}]},{"@type":"BreadcrumbList","@id":"https:\/\/www.molloparc.com\/es\/cuidador-por-un-dia-2\/#breadcrumb","itemListElement":[{"@type":"ListItem","position":1,"name":"Inici","item":"https:\/\/www.molloparc.com\/es\/"},{"@type":"ListItem","position":2,"name":"Cuidador por un d\u00eda"}]},{"@type":"WebSite","@id":"https:\/\/www.molloparc.com\/#website","url":"https:\/\/www.molloparc.com\/","name":"Moll\u00f3 Parc","description":"Parc d&#039;animals dels Prineus a la Vall de Camprodon","potentialAction":[{"@type":"SearchAction","target":{"@type":"EntryPoint","urlTemplate":"https:\/\/www.molloparc.com\/?s={search_term_string}"},"query-input":"required name=search_term_string"}],"inLanguage":"es"}]}},"_links":{"self":[{"href":"https:\/\/www.molloparc.com\/es\/wp-json\/wp\/v2\/pages\/5195"}],"collection":[{"href":"https:\/\/www.molloparc.com\/es\/wp-json\/wp\/v2\/pages"}],"about":[{"href":"https:\/\/www.molloparc.com\/es\/wp-json\/wp\/v2\/types\/page"}],"author":[{"embeddable":true,"href":"https:\/\/www.molloparc.com\/es\/wp-json\/wp\/v2\/users\/2"}],"replies":[{"embeddable":true,"href":"https:\/\/www.molloparc.com\/es\/wp-json\/wp\/v2\/comments?post=5195"}],"version-history":[{"count":28,"href":"https:\/\/www.molloparc.com\/es\/wp-json\/wp\/v2\/pages\/5195\/revisions"}],"predecessor-version":[{"id":9405,"href":"https:\/\/www.molloparc.com\/es\/wp-json\/wp\/v2\/pages\/5195\/revisions\/9405"}],"wp:attachment":[{"href":"https:\/\/www.molloparc.com\/es\/wp-json\/wp\/v2\/media?parent=5195"}],"curies":[{"name":"wp","href":"https:\/\/api.w.org\/{rel}","templated":true}]}}