{"id":5391,"date":"2018-07-16T12:01:04","date_gmt":"2018-07-16T12:01:04","guid":{"rendered":"https:\/\/www.molloparc.com\/formulari-mollo-parc-lany\/"},"modified":"2018-07-23T09:06:01","modified_gmt":"2018-07-23T09:06:01","slug":"formulario-mollo-parc-todo-el-ano","status":"publish","type":"page","link":"https:\/\/www.molloparc.com\/es\/formulario-mollo-parc-todo-el-ano\/","title":{"rendered":"FORMULARIO MOLLO PARC TODO EL A\u00d1O"},"content":{"rendered":"<div style=\"text-align: center;\"><strong><span style=\"font-size: 32px;\"><span style=\"font-size: 42px;\"><span style=\"color: #99cc00;\">REGALA MOLL\u00d3 PARC POR TODO EL A\u00d1O!!<\/span><\/span><\/span><\/strong><\/div>\n<div style=\"text-align: center;\">(De Enero a Diciembre a\u00f1o en curso)<\/div>\n<div style=\"text-align: center;\"><span style=\"font-size: 24px;\"><span style=\"color: #99cc00;\">Disfruta del parque tantas veces como quieras a lo largo de todo un a\u00f1o.<\/span><\/span><\/div>\n<div style=\"text-align: center;\"><\/div>\n<div style=\"text-align: center;\"><strong>\u00a1\u00a1ABIERTO 361 d\u00edas al a\u00f1o!!<\/strong><\/div>\n<p style=\"text-align: center;\"><em>&#8211; (el parque est\u00e1 cerrado el 25 y 26 de diciembre, el d\u00eda 1 de enero y el d\u00eda 6 de enero) &#8211;<\/em><\/p>\n<p style=\"text-align: center;\"><div class=\"wpcf7 no-js\" id=\"wpcf7-f5512-o1\" lang=\"ca\" dir=\"ltr\">\n<div class=\"screen-reader-response\"><p role=\"status\" aria-live=\"polite\" aria-atomic=\"true\"><\/p> <ul><\/ul><\/div>\n<form action=\"\/es\/wp-json\/wp\/v2\/pages\/5391#wpcf7-f5512-o1\" method=\"post\" class=\"wpcf7-form init\" aria-label=\"Formulari de contacte\" novalidate=\"novalidate\" data-status=\"init\">\n<div style=\"display: none;\">\n<input type=\"hidden\" name=\"_wpcf7\" value=\"5512\" \/>\n<input type=\"hidden\" name=\"_wpcf7_version\" value=\"5.7.2\" \/>\n<input type=\"hidden\" name=\"_wpcf7_locale\" value=\"ca\" \/>\n<input type=\"hidden\" name=\"_wpcf7_unit_tag\" value=\"wpcf7-f5512-o1\" \/>\n<input type=\"hidden\" name=\"_wpcf7_container_post\" value=\"0\" \/>\n<input type=\"hidden\" name=\"_wpcf7_posted_data_hash\" value=\"\" \/>\n<input type=\"hidden\" name=\"_wpcf7_recaptcha_response\" value=\"\" \/>\n<\/div>\n<p><label> Nombre del receptor<br \/>\n<span class=\"wpcf7-form-control-wrap\" data-name=\"Nombredelreceptor\"><input size=\"40\" class=\"wpcf7-form-control wpcf7-text\" aria-invalid=\"false\" value=\"\" type=\"text\" name=\"Nombredelreceptor\" \/><\/span><\/label>\n<\/p>\n<p><label> Nombre de quien hace el regalo(obligatorio)<br \/>\n<span class=\"wpcf7-form-control-wrap\" data-name=\"your-name\"><input size=\"40\" class=\"wpcf7-form-control wpcf7-text wpcf7-validates-as-required\" aria-required=\"true\" aria-invalid=\"false\" value=\"\" type=\"text\" name=\"your-name\" \/><\/span> <\/label>\n<\/p>\n<p><label> Correo electr\u00f3nico de contacto (obligatorio)<br \/>\n<span class=\"wpcf7-form-control-wrap\" data-name=\"your-email\"><input size=\"40\" class=\"wpcf7-form-control wpcf7-text wpcf7-email wpcf7-validates-as-required wpcf7-validates-as-email\" aria-required=\"true\" aria-invalid=\"false\" value=\"\" type=\"email\" name=\"your-email\" \/><\/span> <\/label><br \/>\n<label> Tel\u00e9fono de contacto (obligatorio)<br \/>\n<span class=\"wpcf7-form-control-wrap\" data-name=\"tel\"><input size=\"40\" class=\"wpcf7-form-control wpcf7-text wpcf7-tel wpcf7-validates-as-required wpcf7-validates-as-tel\" aria-required=\"true\" aria-invalid=\"false\" value=\"\" type=\"tel\" name=\"tel\" \/><\/span> <\/label><br \/>\n<label> Cantidad de abonos de adulto (40\u20ac)<br \/>\n<span class=\"wpcf7-form-control-wrap\" data-name=\"Numentradasadulto\"><input size=\"40\" class=\"wpcf7-form-control wpcf7-text\" aria-invalid=\"false\" value=\"\" type=\"text\" name=\"Numentradasadulto\" \/><\/span><\/label>\n<\/p>\n<p><label> Cantidad de abonos infantiles (de 3 a 13 a\u00f1os incluydos) (30\u20ac)<br \/>\n<span class=\"wpcf7-form-control-wrap\" data-name=\"Numentradasmenor\"><input size=\"40\" class=\"wpcf7-form-control wpcf7-text\" aria-invalid=\"false\" value=\"\" type=\"text\" name=\"Numentradasmenor\" \/><\/span><\/label>\n<\/p>\n<p><label> Cantidad de abonos de mayores de 65 anys (30\u20ac)<br \/>\n<span class=\"wpcf7-form-control-wrap\" data-name=\"Numentradasmajors\"><input size=\"40\" class=\"wpcf7-form-control wpcf7-text\" aria-invalid=\"false\" value=\"\" type=\"text\" name=\"Numentradasmajors\" \/><\/span><\/label>\n<\/p>\n<p><label> N\u00famero de Visa (obligatorio)<br \/>\n<span class=\"wpcf7-form-control-wrap\" data-name=\"Numvisa\"><input size=\"40\" class=\"wpcf7-form-control wpcf7-text\" aria-invalid=\"false\" value=\"\" type=\"text\" name=\"Numvisa\" \/><\/span><\/label>\n<\/p>\n<p><label> Fecha de caducidad (obligatorio)<br \/>\n<span class=\"wpcf7-form-control-wrap\" data-name=\"fechacaducidad\"><input size=\"40\" class=\"wpcf7-form-control wpcf7-text\" aria-invalid=\"false\" value=\"\" type=\"text\" name=\"fechacaducidad\" \/><\/span><\/label>\n<\/p>\n<p><label>Comentarios<br \/>\n<span class=\"wpcf7-form-control-wrap\" data-name=\"Comentarios\"><textarea cols=\"40\" rows=\"10\" class=\"wpcf7-form-control wpcf7-textarea\" aria-invalid=\"false\" name=\"Comentarios\"><\/textarea><\/span><\/label>\n<\/p>\n<p>Escrive este c\u00f3digo de verificaci\u00f3n\n<\/p>\n\n<p><input class=\"wpcf7-form-control has-spinner wpcf7-submit\" type=\"submit\" value=\"Enviar\" \/>\n<\/p><div class=\"wpcf7-response-output\" aria-hidden=\"true\"><\/div><\/form><\/div><\/p>\n","protected":false},"excerpt":{"rendered":"<p>REGALA MOLL\u00d3 PARC POR TODO EL A\u00d1O!! (De Enero a Diciembre a\u00f1o en curso) Disfruta del parque tantas veces como quieras a lo largo de todo un a\u00f1o. \u00a1\u00a1ABIERTO 361 d\u00edas al a\u00f1o!! &#8211; (el parque est\u00e1 cerrado el 25 y 26 de diciembre, el d\u00eda 1 de enero y el d\u00eda 6 de enero) [&hellip;]<\/p>\n","protected":false},"author":2,"featured_media":0,"parent":0,"menu_order":0,"comment_status":"closed","ping_status":"closed","template":"page-templates\/template-full-width.php","meta":{"ngg_post_thumbnail":0},"yoast_head":"<!-- This site is optimized with the Yoast SEO plugin v19.13 - https:\/\/yoast.com\/wordpress\/plugins\/seo\/ -->\n<title>FORMULARIO MOLLO PARC TODO EL A\u00d1O - Moll\u00f3 Parc<\/title>\n<meta name=\"robots\" content=\"index, follow, max-snippet:-1, max-image-preview:large, max-video-preview:-1\" \/>\n<link rel=\"canonical\" href=\"https:\/\/www.molloparc.com\/es\/formulario-mollo-parc-todo-el-ano\/\" \/>\n<meta property=\"og:locale\" content=\"es_ES\" \/>\n<meta property=\"og:type\" content=\"article\" \/>\n<meta property=\"og:title\" content=\"FORMULARIO MOLLO PARC TODO EL A\u00d1O - Moll\u00f3 Parc\" \/>\n<meta property=\"og:description\" content=\"REGALA MOLL\u00d3 PARC POR TODO EL A\u00d1O!! (De Enero a Diciembre a\u00f1o en curso) Disfruta del parque tantas veces como quieras a lo largo de todo un a\u00f1o. \u00a1\u00a1ABIERTO 361 d\u00edas al a\u00f1o!! &#8211; (el parque est\u00e1 cerrado el 25 y 26 de diciembre, el d\u00eda 1 de enero y el d\u00eda 6 de enero) [&hellip;]\" \/>\n<meta property=\"og:url\" content=\"https:\/\/www.molloparc.com\/es\/formulario-mollo-parc-todo-el-ano\/\" \/>\n<meta property=\"og:site_name\" content=\"Moll\u00f3 Parc\" \/>\n<meta property=\"article:modified_time\" content=\"2018-07-23T09:06:01+00:00\" \/>\n<meta name=\"twitter:card\" content=\"summary_large_image\" \/>\n<script type=\"application\/ld+json\" class=\"yoast-schema-graph\">{\"@context\":\"https:\/\/schema.org\",\"@graph\":[{\"@type\":\"WebPage\",\"@id\":\"https:\/\/www.molloparc.com\/es\/formulario-mollo-parc-todo-el-ano\/\",\"url\":\"https:\/\/www.molloparc.com\/es\/formulario-mollo-parc-todo-el-ano\/\",\"name\":\"FORMULARIO MOLLO PARC TODO EL A\u00d1O - Moll\u00f3 Parc\",\"isPartOf\":{\"@id\":\"https:\/\/www.molloparc.com\/#website\"},\"datePublished\":\"2018-07-16T12:01:04+00:00\",\"dateModified\":\"2018-07-23T09:06:01+00:00\",\"breadcrumb\":{\"@id\":\"https:\/\/www.molloparc.com\/es\/formulario-mollo-parc-todo-el-ano\/#breadcrumb\"},\"inLanguage\":\"es\",\"potentialAction\":[{\"@type\":\"ReadAction\",\"target\":[\"https:\/\/www.molloparc.com\/es\/formulario-mollo-parc-todo-el-ano\/\"]}]},{\"@type\":\"BreadcrumbList\",\"@id\":\"https:\/\/www.molloparc.com\/es\/formulario-mollo-parc-todo-el-ano\/#breadcrumb\",\"itemListElement\":[{\"@type\":\"ListItem\",\"position\":1,\"name\":\"Inici\",\"item\":\"https:\/\/www.molloparc.com\/es\/\"},{\"@type\":\"ListItem\",\"position\":2,\"name\":\"FORMULARIO MOLLO PARC TODO EL A\u00d1O\"}]},{\"@type\":\"WebSite\",\"@id\":\"https:\/\/www.molloparc.com\/#website\",\"url\":\"https:\/\/www.molloparc.com\/\",\"name\":\"Moll\u00f3 Parc\",\"description\":\"Parc d&#039;animals dels Prineus a la Vall de Camprodon\",\"potentialAction\":[{\"@type\":\"SearchAction\",\"target\":{\"@type\":\"EntryPoint\",\"urlTemplate\":\"https:\/\/www.molloparc.com\/?s={search_term_string}\"},\"query-input\":\"required name=search_term_string\"}],\"inLanguage\":\"es\"}]}<\/script>\n<!-- \/ Yoast SEO plugin. -->","yoast_head_json":{"title":"FORMULARIO MOLLO PARC TODO EL A\u00d1O - Moll\u00f3 Parc","robots":{"index":"index","follow":"follow","max-snippet":"max-snippet:-1","max-image-preview":"max-image-preview:large","max-video-preview":"max-video-preview:-1"},"canonical":"https:\/\/www.molloparc.com\/es\/formulario-mollo-parc-todo-el-ano\/","og_locale":"es_ES","og_type":"article","og_title":"FORMULARIO MOLLO PARC TODO EL A\u00d1O - Moll\u00f3 Parc","og_description":"REGALA MOLL\u00d3 PARC POR TODO EL A\u00d1O!! (De Enero a Diciembre a\u00f1o en curso) Disfruta del parque tantas veces como quieras a lo largo de todo un a\u00f1o. \u00a1\u00a1ABIERTO 361 d\u00edas al a\u00f1o!! &#8211; (el parque est\u00e1 cerrado el 25 y 26 de diciembre, el d\u00eda 1 de enero y el d\u00eda 6 de enero) [&hellip;]","og_url":"https:\/\/www.molloparc.com\/es\/formulario-mollo-parc-todo-el-ano\/","og_site_name":"Moll\u00f3 Parc","article_modified_time":"2018-07-23T09:06:01+00:00","twitter_card":"summary_large_image","schema":{"@context":"https:\/\/schema.org","@graph":[{"@type":"WebPage","@id":"https:\/\/www.molloparc.com\/es\/formulario-mollo-parc-todo-el-ano\/","url":"https:\/\/www.molloparc.com\/es\/formulario-mollo-parc-todo-el-ano\/","name":"FORMULARIO MOLLO PARC TODO EL A\u00d1O - Moll\u00f3 Parc","isPartOf":{"@id":"https:\/\/www.molloparc.com\/#website"},"datePublished":"2018-07-16T12:01:04+00:00","dateModified":"2018-07-23T09:06:01+00:00","breadcrumb":{"@id":"https:\/\/www.molloparc.com\/es\/formulario-mollo-parc-todo-el-ano\/#breadcrumb"},"inLanguage":"es","potentialAction":[{"@type":"ReadAction","target":["https:\/\/www.molloparc.com\/es\/formulario-mollo-parc-todo-el-ano\/"]}]},{"@type":"BreadcrumbList","@id":"https:\/\/www.molloparc.com\/es\/formulario-mollo-parc-todo-el-ano\/#breadcrumb","itemListElement":[{"@type":"ListItem","position":1,"name":"Inici","item":"https:\/\/www.molloparc.com\/es\/"},{"@type":"ListItem","position":2,"name":"FORMULARIO MOLLO PARC TODO EL A\u00d1O"}]},{"@type":"WebSite","@id":"https:\/\/www.molloparc.com\/#website","url":"https:\/\/www.molloparc.com\/","name":"Moll\u00f3 Parc","description":"Parc d&#039;animals dels Prineus a la Vall de Camprodon","potentialAction":[{"@type":"SearchAction","target":{"@type":"EntryPoint","urlTemplate":"https:\/\/www.molloparc.com\/?s={search_term_string}"},"query-input":"required name=search_term_string"}],"inLanguage":"es"}]}},"_links":{"self":[{"href":"https:\/\/www.molloparc.com\/es\/wp-json\/wp\/v2\/pages\/5391"}],"collection":[{"href":"https:\/\/www.molloparc.com\/es\/wp-json\/wp\/v2\/pages"}],"about":[{"href":"https:\/\/www.molloparc.com\/es\/wp-json\/wp\/v2\/types\/page"}],"author":[{"embeddable":true,"href":"https:\/\/www.molloparc.com\/es\/wp-json\/wp\/v2\/users\/2"}],"replies":[{"embeddable":true,"href":"https:\/\/www.molloparc.com\/es\/wp-json\/wp\/v2\/comments?post=5391"}],"version-history":[{"count":3,"href":"https:\/\/www.molloparc.com\/es\/wp-json\/wp\/v2\/pages\/5391\/revisions"}],"predecessor-version":[{"id":5513,"href":"https:\/\/www.molloparc.com\/es\/wp-json\/wp\/v2\/pages\/5391\/revisions\/5513"}],"wp:attachment":[{"href":"https:\/\/www.molloparc.com\/es\/wp-json\/wp\/v2\/media?parent=5391"}],"curies":[{"name":"wp","href":"https:\/\/api.w.org\/{rel}","templated":true}]}}