{"id":5526,"date":"2018-07-23T09:34:37","date_gmt":"2018-07-23T09:34:37","guid":{"rendered":"https:\/\/www.molloparc.com\/formulari-reserva-gos\/"},"modified":"2020-10-23T09:57:50","modified_gmt":"2020-10-23T09:57:50","slug":"formulario-de-reserva-para-tu-perro","status":"publish","type":"page","link":"https:\/\/www.molloparc.com\/es\/formulario-de-reserva-para-tu-perro\/","title":{"rendered":"Formulario de reserva para tu perro"},"content":{"rendered":"<h1>Formulario de reserva para tu perro<\/h1>\n<p>El parque dispone de unas instalaciones que por 4,00 \u20ac adicionales, tu perro \/ perra estar\u00e1 al aire libre con una parte de sombra durante el d\u00eda y una parte cubierta por si llueve y con agua a disposici\u00f3n.<\/p>\n<p>En el parque hay tres instalaciones cada una de dimensiones diferentes seg\u00fan raza de tu animal:<\/p>\n<ul>\n<li>1 por perro de raza grande (2m. X 2,60m.).<\/li>\n<li>1 por perro de raza mediana (2m. X 2m.).<\/li>\n<li>1 por perro de raza peque\u00f1a (2 m. X 1.5m).<\/li>\n<\/ul>\n\n\t\t<style type=\"text\/css\">\n\t\t\t#gallery-1 {\n\t\t\t\tmargin: auto;\n\t\t\t}\n\t\t\t#gallery-1 .gallery-item {\n\t\t\t\tfloat: left;\n\t\t\t\tmargin-top: 10px;\n\t\t\t\ttext-align: center;\n\t\t\t\twidth: 50%;\n\t\t\t}\n\t\t\t#gallery-1 img {\n\t\t\t\tborder: 2px solid #cfcfcf;\n\t\t\t}\n\t\t\t#gallery-1 .gallery-caption {\n\t\t\t\tmargin-left: 0;\n\t\t\t}\n\t\t\t\/* see gallery_shortcode() in wp-includes\/media.php *\/\n\t\t<\/style>\n\t\t<div id='gallery-1' class='gallery galleryid-5526 gallery-columns-2 gallery-size-medium'><dl class='gallery-item'>\n\t\t\t<dt class='gallery-icon landscape'>\n\t\t\t\t<a href='https:\/\/www.molloparc.com\/es\/formulari-reserva-gos\/whatsapp-image-2020-10-08-at-14-59-07\/#main'><img width=\"300\" height=\"169\" src=\"https:\/\/www.molloparc.com\/wp-content\/uploads\/2020\/10\/WhatsApp-Image-2020-10-08-at-14.59.07-300x169.jpeg\" class=\"attachment-medium size-medium\" alt=\"\" decoding=\"async\" loading=\"lazy\" srcset=\"https:\/\/www.molloparc.com\/wp-content\/uploads\/2020\/10\/WhatsApp-Image-2020-10-08-at-14.59.07-300x169.jpeg 300w, https:\/\/www.molloparc.com\/wp-content\/uploads\/2020\/10\/WhatsApp-Image-2020-10-08-at-14.59.07-768x432.jpeg 768w, https:\/\/www.molloparc.com\/wp-content\/uploads\/2020\/10\/WhatsApp-Image-2020-10-08-at-14.59.07-1024x576.jpeg 1024w, https:\/\/www.molloparc.com\/wp-content\/uploads\/2020\/10\/WhatsApp-Image-2020-10-08-at-14.59.07.jpeg 2048w\" sizes=\"(max-width: 300px) 100vw, 300px\" \/><\/a>\n\t\t\t<\/dt><\/dl><dl class='gallery-item'>\n\t\t\t<dt class='gallery-icon landscape'>\n\t\t\t\t<a href='https:\/\/www.molloparc.com\/es\/formulario-de-reserva-para-tu-perro\/whatsapp-image-2020-10-08-at-14-59-05-2\/#main'><img width=\"300\" height=\"169\" src=\"https:\/\/www.molloparc.com\/wp-content\/uploads\/2020\/10\/WhatsApp-Image-2020-10-08-at-14.59.05-300x169.jpeg\" class=\"attachment-medium size-medium\" alt=\"\" decoding=\"async\" loading=\"lazy\" srcset=\"https:\/\/www.molloparc.com\/wp-content\/uploads\/2020\/10\/WhatsApp-Image-2020-10-08-at-14.59.05-300x169.jpeg 300w, https:\/\/www.molloparc.com\/wp-content\/uploads\/2020\/10\/WhatsApp-Image-2020-10-08-at-14.59.05-768x432.jpeg 768w, https:\/\/www.molloparc.com\/wp-content\/uploads\/2020\/10\/WhatsApp-Image-2020-10-08-at-14.59.05-1024x576.jpeg 1024w, https:\/\/www.molloparc.com\/wp-content\/uploads\/2020\/10\/WhatsApp-Image-2020-10-08-at-14.59.05.jpeg 2048w\" sizes=\"(max-width: 300px) 100vw, 300px\" \/><\/a>\n\t\t\t<\/dt><\/dl><br style=\"clear: both\" \/>\n\t\t<\/div>\n\n<p>Pueden reservar a trav\u00e9s del siguiente formulario 7 d\u00edas de antelaci\u00f3n para reservar. ya que las plazas son limitades.<\/p>\n<p>En caso de que la reserva fuera entre 2 y 7 d\u00edas antes de la visita, pueden intentar reservar telef\u00f3nicamente al 972.13.00.94 (en horario de apertura del parque).<\/p>\n<div class=\"wpcf7 no-js\" id=\"wpcf7-f5524-o1\" lang=\"ca\" dir=\"ltr\">\n<div class=\"screen-reader-response\"><p role=\"status\" aria-live=\"polite\" aria-atomic=\"true\"><\/p> <ul><\/ul><\/div>\n<form action=\"\/es\/wp-json\/wp\/v2\/pages\/5526#wpcf7-f5524-o1\" method=\"post\" class=\"wpcf7-form init\" aria-label=\"Formulari de contacte\" novalidate=\"novalidate\" data-status=\"init\">\n<div style=\"display: none;\">\n<input type=\"hidden\" name=\"_wpcf7\" value=\"5524\" \/>\n<input type=\"hidden\" name=\"_wpcf7_version\" value=\"5.7.2\" \/>\n<input type=\"hidden\" name=\"_wpcf7_locale\" value=\"ca\" \/>\n<input type=\"hidden\" name=\"_wpcf7_unit_tag\" value=\"wpcf7-f5524-o1\" \/>\n<input type=\"hidden\" name=\"_wpcf7_container_post\" value=\"0\" \/>\n<input type=\"hidden\" name=\"_wpcf7_posted_data_hash\" value=\"\" \/>\n<input type=\"hidden\" name=\"_wpcf7_recaptcha_response\" value=\"\" \/>\n<\/div>\n<p>Tu nombre (obligatori)\n<\/p>\n<p><span class=\"wpcf7-form-control-wrap\" data-name=\"your-name\"><input size=\"40\" class=\"wpcf7-form-control wpcf7-text wpcf7-validates-as-required\" aria-required=\"true\" aria-invalid=\"false\" value=\"\" type=\"text\" name=\"your-name\" \/><\/span>\n<\/p>\n<p>El nombre de tu perro (obligatori)\n<\/p>\n<p><span class=\"wpcf7-form-control-wrap\" data-name=\"Nomdelgos\"><input size=\"40\" class=\"wpcf7-form-control wpcf7-text wpcf7-validates-as-required\" aria-required=\"true\" aria-invalid=\"false\" value=\"\" type=\"text\" name=\"Nomdelgos\" \/><\/span>\n<\/p>\n<p>Tu email (obligatori)\n<\/p>\n<p><span class=\"wpcf7-form-control-wrap\" data-name=\"your-email\"><input size=\"40\" class=\"wpcf7-form-control wpcf7-text wpcf7-email wpcf7-validates-as-required wpcf7-validates-as-email\" aria-required=\"true\" aria-invalid=\"false\" value=\"\" type=\"email\" name=\"your-email\" \/><\/span>\n<\/p>\n<p>Tu Tel\u00e9fono (obligatorio)\n<\/p>\n<p><span class=\"wpcf7-form-control-wrap\" data-name=\"tel\"><input size=\"40\" class=\"wpcf7-form-control wpcf7-text wpcf7-tel wpcf7-validates-as-required wpcf7-validates-as-tel\" aria-required=\"true\" aria-invalid=\"false\" value=\"\" type=\"tel\" name=\"tel\" \/><\/span>\n<\/p>\n<p>Fecha de la visita al parque (obligatori)\n<\/p>\n<p><span class=\"wpcf7-form-control-wrap\" data-name=\"Datadelavisita\"><input class=\"wpcf7-form-control wpcf7-date wpcf7-validates-as-date\" aria-invalid=\"false\" value=\"\" type=\"date\" name=\"Datadelavisita\" \/><\/span>\n<\/p>\n<p>Hora de llegada (obligatori)\n<\/p>\n<p><span class=\"wpcf7-form-control-wrap\" data-name=\"Hora\"><input size=\"40\" class=\"wpcf7-form-control wpcf7-text\" aria-invalid=\"false\" value=\"\" type=\"text\" name=\"Hora\" \/><\/span>\n<\/p>\n<p>Tama\u00f1o del perro (obligatori)\n<\/p>\n<p><span class=\"wpcf7-form-control-wrap\" data-name=\"tamany\"><select class=\"wpcf7-form-control wpcf7-select\" aria-invalid=\"false\" name=\"tamany\"><option value=\"Peque\u00f1a (Menys de 10kg)\">Peque\u00f1a (Menys de 10kg)<\/option><option value=\"Mediana (10kg-30kg)\">Mediana (10kg-30kg)<\/option><option value=\"Grande (M\u00e9s de 30kg)\">Grande (M\u00e9s de 30kg)<\/option><\/select><\/span>\n<\/p>\n<p>Tel\u00e9fono de contacto durante la estancia del perro en el parque (obligatori)\n<\/p>\n<p><span class=\"wpcf7-form-control-wrap\" data-name=\"Telefon\"><input size=\"40\" class=\"wpcf7-form-control wpcf7-text\" aria-invalid=\"false\" value=\"\" type=\"text\" name=\"Telefon\" \/><\/span>\n<\/p>\n<p>Comentarios\n<\/p>\n<p><span class=\"wpcf7-form-control-wrap\" data-name=\"your-message\"><textarea cols=\"40\" rows=\"10\" class=\"wpcf7-form-control wpcf7-textarea\" aria-invalid=\"false\" name=\"your-message\"><\/textarea><\/span>\n<\/p>\n\n<p><input class=\"wpcf7-form-control has-spinner wpcf7-submit\" type=\"submit\" value=\"Enviar\" \/>\n<\/p><div class=\"wpcf7-response-output\" aria-hidden=\"true\"><\/div><\/form><\/div>\n","protected":false},"excerpt":{"rendered":"<p>Formulario de reserva para tu perro El parque dispone de unas instalaciones que por 4,00 \u20ac adicionales, tu perro \/ perra estar\u00e1 al aire libre con una parte de sombra durante el d\u00eda y una parte cubierta por si llueve y con agua a disposici\u00f3n. En el parque hay tres instalaciones cada una de dimensiones [&hellip;]<\/p>\n","protected":false},"author":2,"featured_media":0,"parent":0,"menu_order":0,"comment_status":"closed","ping_status":"closed","template":"","meta":{"ngg_post_thumbnail":0},"yoast_head":"<!-- This site is optimized with the Yoast SEO plugin v19.13 - https:\/\/yoast.com\/wordpress\/plugins\/seo\/ -->\n<title>Formulario de reserva para tu perro - Moll\u00f3 Parc<\/title>\n<meta name=\"robots\" content=\"index, follow, max-snippet:-1, max-image-preview:large, max-video-preview:-1\" \/>\n<link rel=\"canonical\" href=\"https:\/\/www.molloparc.com\/es\/formulario-de-reserva-para-tu-perro\/\" \/>\n<meta property=\"og:locale\" content=\"es_ES\" \/>\n<meta property=\"og:type\" content=\"article\" \/>\n<meta property=\"og:title\" content=\"Formulario de reserva para tu perro - Moll\u00f3 Parc\" \/>\n<meta property=\"og:description\" content=\"Formulario de reserva para tu perro El parque dispone de unas instalaciones que por 4,00 \u20ac adicionales, tu perro \/ perra estar\u00e1 al aire libre con una parte de sombra durante el d\u00eda y una parte cubierta por si llueve y con agua a disposici\u00f3n. En el parque hay tres instalaciones cada una de dimensiones [&hellip;]\" \/>\n<meta property=\"og:url\" content=\"https:\/\/www.molloparc.com\/es\/formulario-de-reserva-para-tu-perro\/\" \/>\n<meta property=\"og:site_name\" content=\"Moll\u00f3 Parc\" \/>\n<meta property=\"article:modified_time\" content=\"2020-10-23T09:57:50+00:00\" \/>\n<meta property=\"og:image\" content=\"https:\/\/www.molloparc.com\/wp-content\/uploads\/2020\/10\/WhatsApp-Image-2020-10-08-at-14.59.07-300x169.jpeg\" \/>\n<meta name=\"twitter:card\" content=\"summary_large_image\" \/>\n<meta name=\"twitter:label1\" content=\"Tiempo de lectura\" \/>\n\t<meta name=\"twitter:data1\" content=\"1 minuto\" \/>\n<script type=\"application\/ld+json\" class=\"yoast-schema-graph\">{\"@context\":\"https:\/\/schema.org\",\"@graph\":[{\"@type\":\"WebPage\",\"@id\":\"https:\/\/www.molloparc.com\/es\/formulario-de-reserva-para-tu-perro\/\",\"url\":\"https:\/\/www.molloparc.com\/es\/formulario-de-reserva-para-tu-perro\/\",\"name\":\"Formulario de reserva para tu perro - Moll\u00f3 Parc\",\"isPartOf\":{\"@id\":\"https:\/\/www.molloparc.com\/#website\"},\"datePublished\":\"2018-07-23T09:34:37+00:00\",\"dateModified\":\"2020-10-23T09:57:50+00:00\",\"breadcrumb\":{\"@id\":\"https:\/\/www.molloparc.com\/es\/formulario-de-reserva-para-tu-perro\/#breadcrumb\"},\"inLanguage\":\"es\",\"potentialAction\":[{\"@type\":\"ReadAction\",\"target\":[\"https:\/\/www.molloparc.com\/es\/formulario-de-reserva-para-tu-perro\/\"]}]},{\"@type\":\"BreadcrumbList\",\"@id\":\"https:\/\/www.molloparc.com\/es\/formulario-de-reserva-para-tu-perro\/#breadcrumb\",\"itemListElement\":[{\"@type\":\"ListItem\",\"position\":1,\"name\":\"Inici\",\"item\":\"https:\/\/www.molloparc.com\/es\/\"},{\"@type\":\"ListItem\",\"position\":2,\"name\":\"Formulario de reserva para tu perro\"}]},{\"@type\":\"WebSite\",\"@id\":\"https:\/\/www.molloparc.com\/#website\",\"url\":\"https:\/\/www.molloparc.com\/\",\"name\":\"Moll\u00f3 Parc\",\"description\":\"Parc d&#039;animals dels Prineus a la Vall de Camprodon\",\"potentialAction\":[{\"@type\":\"SearchAction\",\"target\":{\"@type\":\"EntryPoint\",\"urlTemplate\":\"https:\/\/www.molloparc.com\/?s={search_term_string}\"},\"query-input\":\"required name=search_term_string\"}],\"inLanguage\":\"es\"}]}<\/script>\n<!-- \/ Yoast SEO plugin. -->","yoast_head_json":{"title":"Formulario de reserva para tu perro - Moll\u00f3 Parc","robots":{"index":"index","follow":"follow","max-snippet":"max-snippet:-1","max-image-preview":"max-image-preview:large","max-video-preview":"max-video-preview:-1"},"canonical":"https:\/\/www.molloparc.com\/es\/formulario-de-reserva-para-tu-perro\/","og_locale":"es_ES","og_type":"article","og_title":"Formulario de reserva para tu perro - Moll\u00f3 Parc","og_description":"Formulario de reserva para tu perro El parque dispone de unas instalaciones que por 4,00 \u20ac adicionales, tu perro \/ perra estar\u00e1 al aire libre con una parte de sombra durante el d\u00eda y una parte cubierta por si llueve y con agua a disposici\u00f3n. En el parque hay tres instalaciones cada una de dimensiones [&hellip;]","og_url":"https:\/\/www.molloparc.com\/es\/formulario-de-reserva-para-tu-perro\/","og_site_name":"Moll\u00f3 Parc","article_modified_time":"2020-10-23T09:57:50+00:00","og_image":[{"url":"https:\/\/www.molloparc.com\/wp-content\/uploads\/2020\/10\/WhatsApp-Image-2020-10-08-at-14.59.07-300x169.jpeg"}],"twitter_card":"summary_large_image","twitter_misc":{"Tiempo de lectura":"1 minuto"},"schema":{"@context":"https:\/\/schema.org","@graph":[{"@type":"WebPage","@id":"https:\/\/www.molloparc.com\/es\/formulario-de-reserva-para-tu-perro\/","url":"https:\/\/www.molloparc.com\/es\/formulario-de-reserva-para-tu-perro\/","name":"Formulario de reserva para tu perro - Moll\u00f3 Parc","isPartOf":{"@id":"https:\/\/www.molloparc.com\/#website"},"datePublished":"2018-07-23T09:34:37+00:00","dateModified":"2020-10-23T09:57:50+00:00","breadcrumb":{"@id":"https:\/\/www.molloparc.com\/es\/formulario-de-reserva-para-tu-perro\/#breadcrumb"},"inLanguage":"es","potentialAction":[{"@type":"ReadAction","target":["https:\/\/www.molloparc.com\/es\/formulario-de-reserva-para-tu-perro\/"]}]},{"@type":"BreadcrumbList","@id":"https:\/\/www.molloparc.com\/es\/formulario-de-reserva-para-tu-perro\/#breadcrumb","itemListElement":[{"@type":"ListItem","position":1,"name":"Inici","item":"https:\/\/www.molloparc.com\/es\/"},{"@type":"ListItem","position":2,"name":"Formulario de reserva para tu perro"}]},{"@type":"WebSite","@id":"https:\/\/www.molloparc.com\/#website","url":"https:\/\/www.molloparc.com\/","name":"Moll\u00f3 Parc","description":"Parc d&#039;animals dels Prineus a la Vall de Camprodon","potentialAction":[{"@type":"SearchAction","target":{"@type":"EntryPoint","urlTemplate":"https:\/\/www.molloparc.com\/?s={search_term_string}"},"query-input":"required name=search_term_string"}],"inLanguage":"es"}]}},"_links":{"self":[{"href":"https:\/\/www.molloparc.com\/es\/wp-json\/wp\/v2\/pages\/5526"}],"collection":[{"href":"https:\/\/www.molloparc.com\/es\/wp-json\/wp\/v2\/pages"}],"about":[{"href":"https:\/\/www.molloparc.com\/es\/wp-json\/wp\/v2\/types\/page"}],"author":[{"embeddable":true,"href":"https:\/\/www.molloparc.com\/es\/wp-json\/wp\/v2\/users\/2"}],"replies":[{"embeddable":true,"href":"https:\/\/www.molloparc.com\/es\/wp-json\/wp\/v2\/comments?post=5526"}],"version-history":[{"count":6,"href":"https:\/\/www.molloparc.com\/es\/wp-json\/wp\/v2\/pages\/5526\/revisions"}],"predecessor-version":[{"id":6536,"href":"https:\/\/www.molloparc.com\/es\/wp-json\/wp\/v2\/pages\/5526\/revisions\/6536"}],"wp:attachment":[{"href":"https:\/\/www.molloparc.com\/es\/wp-json\/wp\/v2\/media?parent=5526"}],"curies":[{"name":"wp","href":"https:\/\/api.w.org\/{rel}","templated":true}]}}