{"id":5535,"date":"2018-02-01T10:38:01","date_gmt":"2018-02-01T10:38:01","guid":{"rendered":"https:\/\/www.molloparc.com\/agencies\/"},"modified":"2019-03-08T16:06:53","modified_gmt":"2019-03-08T16:06:53","slug":"agencies","status":"publish","type":"page","link":"https:\/\/www.molloparc.com\/es\/agencies\/","title":{"rendered":"Agencias"},"content":{"rendered":"<h1>GRUPOS DE AGENCIAS DE VIAJES<\/h1>\n<p><a href=\"https:\/\/www.molloparc.com\/wp-content\/uploads\/2018\/02\/agencia-de-viatges-molloparc.jpg\"><img decoding=\"async\" loading=\"lazy\" class=\"size-medium wp-image-4988 alignleft\" src=\"https:\/\/www.molloparc.com\/wp-content\/uploads\/2018\/02\/agencia-de-viatges-molloparc-300x225.jpg\" alt=\"agencia de viatges mollo parc\" width=\"300\" height=\"225\" srcset=\"https:\/\/www.molloparc.com\/wp-content\/uploads\/2018\/02\/agencia-de-viatges-molloparc-300x225.jpg 300w, https:\/\/www.molloparc.com\/wp-content\/uploads\/2018\/02\/agencia-de-viatges-molloparc-80x60.jpg 80w, https:\/\/www.molloparc.com\/wp-content\/uploads\/2018\/02\/agencia-de-viatges-molloparc.jpg 600w\" sizes=\"(max-width: 300px) 100vw, 300px\" \/><\/a><\/p>\n<p>Si eres una agencia organizadora de excursiones o salidas de d\u00eda, tanto de familias, empresas como de grupos de jubilados, solic\u00edtanos precios seg\u00fan el volumen y tipolog\u00eda del grupo, informaros del acceso\/log\u00edstica para autobuses , comisi\u00f3nes&#8230;<\/p>\n<p>Quedamos a tu disposici\u00f3n para resolverte las dudas o hacernos tu petici\u00f3n particular en<a href=\"mailto@ info@molloparc.com\"> info@molloparc.com<\/a>.<\/p>\n","protected":false},"excerpt":{"rendered":"<p>GRUPOS DE AGENCIAS DE VIAJES Si eres una agencia organizadora de excursiones o salidas de d\u00eda, tanto de familias, empresas como de grupos de jubilados, solic\u00edtanos precios seg\u00fan el volumen y tipolog\u00eda del grupo, informaros del acceso\/log\u00edstica para autobuses , comisi\u00f3nes&#8230; Quedamos a tu disposici\u00f3n para resolverte las dudas o hacernos tu petici\u00f3n particular en [&hellip;]<\/p>\n","protected":false},"author":2,"featured_media":0,"parent":0,"menu_order":0,"comment_status":"closed","ping_status":"closed","template":"","meta":{"ngg_post_thumbnail":0},"yoast_head":"<!-- This site is optimized with the Yoast SEO plugin v19.13 - https:\/\/yoast.com\/wordpress\/plugins\/seo\/ -->\n<title>Agencias - Moll\u00f3 Parc<\/title>\n<meta name=\"robots\" content=\"index, follow, max-snippet:-1, max-image-preview:large, max-video-preview:-1\" \/>\n<link rel=\"canonical\" href=\"https:\/\/www.molloparc.com\/es\/agencies\/\" \/>\n<meta property=\"og:locale\" content=\"es_ES\" \/>\n<meta property=\"og:type\" content=\"article\" \/>\n<meta property=\"og:title\" content=\"Agencias - Moll\u00f3 Parc\" \/>\n<meta property=\"og:description\" content=\"GRUPOS DE AGENCIAS DE VIAJES Si eres una agencia organizadora de excursiones o salidas de d\u00eda, tanto de familias, empresas como de grupos de jubilados, solic\u00edtanos precios seg\u00fan el volumen y tipolog\u00eda del grupo, informaros del acceso\/log\u00edstica para autobuses , comisi\u00f3nes&#8230; Quedamos a tu disposici\u00f3n para resolverte las dudas o hacernos tu petici\u00f3n particular en [&hellip;]\" \/>\n<meta property=\"og:url\" content=\"https:\/\/www.molloparc.com\/es\/agencies\/\" \/>\n<meta property=\"og:site_name\" content=\"Moll\u00f3 Parc\" \/>\n<meta property=\"article:modified_time\" content=\"2019-03-08T16:06:53+00:00\" \/>\n<meta property=\"og:image\" content=\"https:\/\/www.molloparc.com\/wp-content\/uploads\/2018\/02\/agencia-de-viatges-molloparc-300x225.jpg\" \/>\n<meta name=\"twitter:card\" content=\"summary_large_image\" \/>\n<script type=\"application\/ld+json\" class=\"yoast-schema-graph\">{\"@context\":\"https:\/\/schema.org\",\"@graph\":[{\"@type\":\"WebPage\",\"@id\":\"https:\/\/www.molloparc.com\/es\/agencies\/\",\"url\":\"https:\/\/www.molloparc.com\/es\/agencies\/\",\"name\":\"Agencias - Moll\u00f3 Parc\",\"isPartOf\":{\"@id\":\"https:\/\/www.molloparc.com\/#website\"},\"datePublished\":\"2018-02-01T10:38:01+00:00\",\"dateModified\":\"2019-03-08T16:06:53+00:00\",\"breadcrumb\":{\"@id\":\"https:\/\/www.molloparc.com\/es\/agencies\/#breadcrumb\"},\"inLanguage\":\"es\",\"potentialAction\":[{\"@type\":\"ReadAction\",\"target\":[\"https:\/\/www.molloparc.com\/es\/agencies\/\"]}]},{\"@type\":\"BreadcrumbList\",\"@id\":\"https:\/\/www.molloparc.com\/es\/agencies\/#breadcrumb\",\"itemListElement\":[{\"@type\":\"ListItem\",\"position\":1,\"name\":\"Inici\",\"item\":\"https:\/\/www.molloparc.com\/es\/\"},{\"@type\":\"ListItem\",\"position\":2,\"name\":\"Agencias\"}]},{\"@type\":\"WebSite\",\"@id\":\"https:\/\/www.molloparc.com\/#website\",\"url\":\"https:\/\/www.molloparc.com\/\",\"name\":\"Moll\u00f3 Parc\",\"description\":\"Parc d&#039;animals dels Prineus a la Vall de Camprodon\",\"potentialAction\":[{\"@type\":\"SearchAction\",\"target\":{\"@type\":\"EntryPoint\",\"urlTemplate\":\"https:\/\/www.molloparc.com\/?s={search_term_string}\"},\"query-input\":\"required name=search_term_string\"}],\"inLanguage\":\"es\"}]}<\/script>\n<!-- \/ Yoast SEO plugin. -->","yoast_head_json":{"title":"Agencias - Moll\u00f3 Parc","robots":{"index":"index","follow":"follow","max-snippet":"max-snippet:-1","max-image-preview":"max-image-preview:large","max-video-preview":"max-video-preview:-1"},"canonical":"https:\/\/www.molloparc.com\/es\/agencies\/","og_locale":"es_ES","og_type":"article","og_title":"Agencias - Moll\u00f3 Parc","og_description":"GRUPOS DE AGENCIAS DE VIAJES Si eres una agencia organizadora de excursiones o salidas de d\u00eda, tanto de familias, empresas como de grupos de jubilados, solic\u00edtanos precios seg\u00fan el volumen y tipolog\u00eda del grupo, informaros del acceso\/log\u00edstica para autobuses , comisi\u00f3nes&#8230; Quedamos a tu disposici\u00f3n para resolverte las dudas o hacernos tu petici\u00f3n particular en [&hellip;]","og_url":"https:\/\/www.molloparc.com\/es\/agencies\/","og_site_name":"Moll\u00f3 Parc","article_modified_time":"2019-03-08T16:06:53+00:00","og_image":[{"url":"https:\/\/www.molloparc.com\/wp-content\/uploads\/2018\/02\/agencia-de-viatges-molloparc-300x225.jpg"}],"twitter_card":"summary_large_image","schema":{"@context":"https:\/\/schema.org","@graph":[{"@type":"WebPage","@id":"https:\/\/www.molloparc.com\/es\/agencies\/","url":"https:\/\/www.molloparc.com\/es\/agencies\/","name":"Agencias - Moll\u00f3 Parc","isPartOf":{"@id":"https:\/\/www.molloparc.com\/#website"},"datePublished":"2018-02-01T10:38:01+00:00","dateModified":"2019-03-08T16:06:53+00:00","breadcrumb":{"@id":"https:\/\/www.molloparc.com\/es\/agencies\/#breadcrumb"},"inLanguage":"es","potentialAction":[{"@type":"ReadAction","target":["https:\/\/www.molloparc.com\/es\/agencies\/"]}]},{"@type":"BreadcrumbList","@id":"https:\/\/www.molloparc.com\/es\/agencies\/#breadcrumb","itemListElement":[{"@type":"ListItem","position":1,"name":"Inici","item":"https:\/\/www.molloparc.com\/es\/"},{"@type":"ListItem","position":2,"name":"Agencias"}]},{"@type":"WebSite","@id":"https:\/\/www.molloparc.com\/#website","url":"https:\/\/www.molloparc.com\/","name":"Moll\u00f3 Parc","description":"Parc d&#039;animals dels Prineus a la Vall de Camprodon","potentialAction":[{"@type":"SearchAction","target":{"@type":"EntryPoint","urlTemplate":"https:\/\/www.molloparc.com\/?s={search_term_string}"},"query-input":"required name=search_term_string"}],"inLanguage":"es"}]}},"_links":{"self":[{"href":"https:\/\/www.molloparc.com\/es\/wp-json\/wp\/v2\/pages\/5535"}],"collection":[{"href":"https:\/\/www.molloparc.com\/es\/wp-json\/wp\/v2\/pages"}],"about":[{"href":"https:\/\/www.molloparc.com\/es\/wp-json\/wp\/v2\/types\/page"}],"author":[{"embeddable":true,"href":"https:\/\/www.molloparc.com\/es\/wp-json\/wp\/v2\/users\/2"}],"replies":[{"embeddable":true,"href":"https:\/\/www.molloparc.com\/es\/wp-json\/wp\/v2\/comments?post=5535"}],"version-history":[{"count":2,"href":"https:\/\/www.molloparc.com\/es\/wp-json\/wp\/v2\/pages\/5535\/revisions"}],"predecessor-version":[{"id":5966,"href":"https:\/\/www.molloparc.com\/es\/wp-json\/wp\/v2\/pages\/5535\/revisions\/5966"}],"wp:attachment":[{"href":"https:\/\/www.molloparc.com\/es\/wp-json\/wp\/v2\/media?parent=5535"}],"curies":[{"name":"wp","href":"https:\/\/api.w.org\/{rel}","templated":true}]}}