{"id":5553,"date":"2018-07-27T10:36:34","date_gmt":"2018-07-27T10:36:34","guid":{"rendered":"https:\/\/www.molloparc.com\/?page_id=5553"},"modified":"2019-03-04T12:47:51","modified_gmt":"2019-03-04T12:47:51","slug":"cuidador-por-un-dia","status":"publish","type":"page","link":"https:\/\/www.molloparc.com\/es\/cuidador-por-un-dia\/","title":{"rendered":"Cuidador por un d\u00eda confirmacion"},"content":{"rendered":"<h1 style=\"text-align: center;\"><span style=\"color: #99cc00;\"><strong>\u201cCuidador por un d\u00eda\u201d<\/strong><\/span><\/h1>\n<div class=\"magaziner-column magaziner-one-half magaziner-column-first \">\n<p style=\"text-align: center;\">Rellena el siguiente formulario de reserva para venir a hacer de cuidador por un d\u00eda. En un m\u00e1ximo de 7 d\u00edas nos pondremos en contacta contigo para agendar la actividad.<\/p>\n<p style=\"text-align: center;\">Sin embargo en caso de que la reserva fuera entre 2 y 7 d\u00edas antes de la visita, pueden intentar reservar telef\u00f3nicamente al 972.13.00.94 (en horario de apertura del parque).<\/p>\n<p style=\"text-align: center;\">Os dejamos acceso a un documento con algunas indicaciones para el d\u00eda de la actividad y esperamos vernos pronto !!!<\/p>\n<p style=\"text-align: center;\">En caso de necesitar una carta regalo, contacta con nosotros inform\u00e1ndonos del nombre de quien hace el regalo, a quien se lo haca, el nombre de la reserva y la fecha.<\/p>\n<p style=\"text-align: center;\"><em><strong>Todo el equipo de cuidadores de Moll\u00f3 Parc !!<\/strong><\/em><\/p>\n<p style=\"text-align: center;\"><strong>Desc\u00e1rgate toda la informaci\u00f3n de la actividad \u00abCuidador de animales por un d\u00eda\u00bb<\/strong><\/p>\n<h1 style=\"text-align: center;\"><a href=\"https:\/\/www.molloparc.com\/wp-content\/uploads\/2019\/03\/Programa-cuidador-animales-por-un-dia-mollo-parc_castella.pdf\"><img decoding=\"async\" loading=\"lazy\" class=\"alignnone wp-image-5926 size-medium\" src=\"https:\/\/www.molloparc.com\/wp-content\/uploads\/2019\/03\/informacion-practica-cuidador-per-un-dia-es-300x100.jpg\" alt=\"\" width=\"300\" height=\"100\" srcset=\"https:\/\/www.molloparc.com\/wp-content\/uploads\/2019\/03\/informacion-practica-cuidador-per-un-dia-es-300x100.jpg 300w, https:\/\/www.molloparc.com\/wp-content\/uploads\/2019\/03\/informacion-practica-cuidador-per-un-dia-es.jpg 450w\" sizes=\"(max-width: 300px) 100vw, 300px\" \/><\/a><\/h1>\n<p>&nbsp;<\/p>\n<p><span style=\"line-height: 1.5em;\"><\/div><\/span><\/p>\n<div class=\"magaziner-column magaziner-one-half magaziner-column-last \">\n<div class=\"wpcf7 no-js\" id=\"wpcf7-f5835-o1\" lang=\"ca\" dir=\"ltr\">\n<div class=\"screen-reader-response\"><p role=\"status\" aria-live=\"polite\" aria-atomic=\"true\"><\/p> <ul><\/ul><\/div>\n<form action=\"\/es\/wp-json\/wp\/v2\/pages\/5553#wpcf7-f5835-o1\" method=\"post\" class=\"wpcf7-form init\" aria-label=\"Formulari de contacte\" novalidate=\"novalidate\" data-status=\"init\">\n<div style=\"display: none;\">\n<input type=\"hidden\" name=\"_wpcf7\" value=\"5835\" \/>\n<input type=\"hidden\" name=\"_wpcf7_version\" value=\"5.7.2\" \/>\n<input type=\"hidden\" name=\"_wpcf7_locale\" value=\"ca\" \/>\n<input type=\"hidden\" name=\"_wpcf7_unit_tag\" value=\"wpcf7-f5835-o1\" \/>\n<input type=\"hidden\" name=\"_wpcf7_container_post\" value=\"0\" \/>\n<input type=\"hidden\" name=\"_wpcf7_posted_data_hash\" value=\"\" \/>\n<input type=\"hidden\" name=\"_wpcf7_recaptcha_response\" value=\"\" \/>\n<\/div>\n<p><label> Nombre y Apellidos<br \/>\n<span class=\"wpcf7-form-control-wrap\" data-name=\"Nombredelreceptor\"><input size=\"40\" class=\"wpcf7-form-control wpcf7-text\" aria-invalid=\"false\" value=\"\" type=\"text\" name=\"Nombredelreceptor\" \/><\/span><\/label>\n<\/p>\n<p><label> Correo electr\u00f3nico de contacto (obligatorio)<br \/>\n<span class=\"wpcf7-form-control-wrap\" data-name=\"your-email\"><input size=\"40\" class=\"wpcf7-form-control wpcf7-text wpcf7-email wpcf7-validates-as-required wpcf7-validates-as-email\" aria-required=\"true\" aria-invalid=\"false\" value=\"\" type=\"email\" name=\"your-email\" \/><\/span> <\/label>\n<\/p>\n<p><label> Tel\u00e9fono de contacto (obligatorio)<br \/>\n<span class=\"wpcf7-form-control-wrap\" data-name=\"Telefono\"><input size=\"40\" class=\"wpcf7-form-control wpcf7-text wpcf7-tel wpcf7-validates-as-required wpcf7-validates-as-tel\" aria-required=\"true\" aria-invalid=\"false\" value=\"\" type=\"tel\" name=\"Telefono\" \/><\/span><\/label>\n<\/p>\n<p><label> Edad\/es del\/los participante\/s (obligatorio)<br \/>\n<span class=\"wpcf7-form-control-wrap\" data-name=\"Edats\"><textarea cols=\"40\" rows=\"10\" class=\"wpcf7-form-control wpcf7-textarea wpcf7-validates-as-required\" aria-required=\"true\" aria-invalid=\"false\" name=\"Edats\"><\/textarea><\/span><\/label>\n<\/p>\n<p><label> Nombre\/s del\/los participantes\/ (obligatori)<br \/>\n<span class=\"wpcf7-form-control-wrap\" data-name=\"Noms\"><textarea cols=\"40\" rows=\"10\" class=\"wpcf7-form-control wpcf7-textarea\" aria-invalid=\"false\" name=\"Noms\"><\/textarea><\/span><\/label>\n<\/p>\n<p>\u00bfQu\u00e9 opci\u00f3n de programa quiere reservar? (obligatorio)<br \/>\n<span class=\"wpcf7-form-control-wrap\" data-name=\"opcio\"><select class=\"wpcf7-form-control wpcf7-select wpcf7-validates-as-required\" aria-required=\"true\" aria-invalid=\"false\" name=\"opcio\"><option value=\"\">&#8212;Trieu una opci\u00f3&#8212;<\/option><option value=\"1 Adulto (a partir de 13 a\u00f1os inclu\u00eddos). 145\u20ac\">1 Adulto (a partir de 13 a\u00f1os inclu\u00eddos). 145\u20ac<\/option><option value=\"2 Adultos (a partir de 13 a\u00f1os inclu\u00eddos). 290\u20ac\">2 Adultos (a partir de 13 a\u00f1os inclu\u00eddos). 290\u20ac<\/option><option value=\"Pack: 1 adulto+1 menor (de 8 a 12 a\u00f1os). 195\u20ac\">Pack: 1 adulto+1 menor (de 8 a 12 a\u00f1os). 195\u20ac<\/option><option value=\"Pack: 1 adulto+2 menores (de 8 a 12 a\u00f1os). 245\u20ac\">Pack: 1 adulto+2 menores (de 8 a 12 a\u00f1os). 245\u20ac<\/option><option value=\"Pack: 2 adultos+1 menor (de 8 a 12 a\u00f1os). 340\u20ac\">Pack: 2 adultos+1 menor (de 8 a 12 a\u00f1os). 340\u20ac<\/option><\/select><\/span>\n<\/p>\n<p><label> \u00bfPara cuando quiere reservar la actividad?<br \/>\n(Por favor concrete d\u00eda\/as de la semana que le va mejor, el turno y qu\u00e9 mes quiere hacer la actividad).<br \/>\n<span class=\"wpcf7-form-control-wrap\" data-name=\"textarea-686\"><textarea cols=\"40\" rows=\"10\" class=\"wpcf7-form-control wpcf7-textarea\" aria-invalid=\"false\" name=\"textarea-686\"><\/textarea><\/span><\/label>\n<\/p>\n<p><label> Nombre del titular de la tarjeta (obligartori) <span class=\"wpcf7-form-control-wrap\" data-name=\"Nomtitulartargeta\"><input size=\"40\" class=\"wpcf7-form-control wpcf7-text wpcf7-validates-as-required\" aria-required=\"true\" aria-invalid=\"false\" value=\"\" type=\"text\" name=\"Nomtitulartargeta\" \/><\/span><\/label><br \/>\n<label> N\u00famero de Visa (obligatorio)<br \/>\n<span class=\"wpcf7-form-control-wrap\" data-name=\"Numvisa\"><input size=\"40\" class=\"wpcf7-form-control wpcf7-text\" aria-invalid=\"false\" value=\"\" type=\"text\" name=\"Numvisa\" \/><\/span><\/label>\n<\/p>\n<p><label> Fecha de caducidad (obligatorio)<br \/>\n<span class=\"wpcf7-form-control-wrap\" data-name=\"fechacaducidad\"><input size=\"40\" class=\"wpcf7-form-control wpcf7-text\" aria-invalid=\"false\" value=\"\" type=\"text\" name=\"fechacaducidad\" \/><\/span><\/label>\n<\/p>\n<p><label> Necesita una carta regalo?<br \/>\n<span class=\"wpcf7-form-control-wrap\" data-name=\"cartaregal\"><select class=\"wpcf7-form-control wpcf7-select\" aria-invalid=\"false\" name=\"cartaregal\"><option value=\"No\">No<\/option><option value=\"S\u00ed\">S\u00ed<\/option><\/select><\/span><\/label>\n<\/p>\n<p>(Solo si necesita carta regalo)<br \/>\n<label> Nombre de la persona que recibir\u00e1 el regalo<br \/>\n<span class=\"wpcf7-form-control-wrap\" data-name=\"Nomreceptor\"><textarea cols=\"40\" rows=\"10\" class=\"wpcf7-form-control wpcf7-textarea\" aria-invalid=\"false\" name=\"Nomreceptor\"><\/textarea><\/span><\/label>\n<\/p>\n<p>(Solo si necesita carta regalo)<br \/>\n<label> Nom de la persona que hace el regalo<br \/>\n<span class=\"wpcf7-form-control-wrap\" data-name=\"Nomquifaregal\"><textarea cols=\"40\" rows=\"10\" class=\"wpcf7-form-control wpcf7-textarea\" aria-invalid=\"false\" name=\"Nomquifaregal\"><\/textarea><\/span><\/label>\n<\/p>\n<p>En caso de ser necesario cancelar la reserva, se puede hacer hasta 15 d\u00edas naturales antes de la fecha de realizaci\u00f3n de la activitat. Una vez dentro los 15 d\u00edas previos a realizar la actividad, en caso de que se cancela no hay devoluci\u00f3n .\n<\/p>\n<p><label> Acepto la pol\u00edtica de cancelaci\u00f3n de la actividad<br \/>\n<span class=\"wpcf7-form-control-wrap\" data-name=\"checkbox-764\"><span class=\"wpcf7-form-control wpcf7-checkbox wpcf7-validates-as-required wpcf7-exclusive-checkbox\"><span class=\"wpcf7-list-item first last\"><input type=\"checkbox\" name=\"checkbox-764\" value=\"Accepto\" tabindex=\"\" \/><span class=\"wpcf7-list-item-label\">Accepto<\/span><\/span><\/span><\/span><\/label>\n<\/p>\n<p><label>Comentarios<br \/>\n<span class=\"wpcf7-form-control-wrap\" data-name=\"Comentarios\"><textarea cols=\"40\" rows=\"10\" class=\"wpcf7-form-control wpcf7-textarea\" aria-invalid=\"false\" name=\"Comentarios\"><\/textarea><\/span><\/label>\n<\/p>\n<p>Escriba este c\u00f3digo de verificaci\u00f3n\n<\/p>\n\n<p><input class=\"wpcf7-form-control has-spinner wpcf7-submit\" type=\"submit\" value=\"Enviar\" \/>\n<\/p><div class=\"wpcf7-response-output\" aria-hidden=\"true\"><\/div><\/form><\/div>\n<p><span style=\"line-height: 1.5em;\"><\/div><\/span><\/p>\n","protected":false},"excerpt":{"rendered":"<p>\u201cCuidador por un d\u00eda\u201d<\/p>\n","protected":false},"author":2,"featured_media":0,"parent":0,"menu_order":0,"comment_status":"closed","ping_status":"closed","template":"page-templates\/template-full-width.php","meta":{"ngg_post_thumbnail":0},"yoast_head":"<!-- This site is optimized with the Yoast SEO plugin v19.13 - https:\/\/yoast.com\/wordpress\/plugins\/seo\/ -->\n<title>Cuidador por un d\u00eda confirmacion - Moll\u00f3 Parc<\/title>\n<meta name=\"robots\" content=\"noindex, nofollow\" \/>\n<meta property=\"og:locale\" content=\"es_ES\" \/>\n<meta property=\"og:type\" content=\"article\" \/>\n<meta property=\"og:title\" content=\"Cuidador por un d\u00eda confirmacion - Moll\u00f3 Parc\" \/>\n<meta property=\"og:description\" content=\"\u201cCuidador por un d\u00eda\u201d\" \/>\n<meta property=\"og:url\" content=\"https:\/\/www.molloparc.com\/es\/cuidador-por-un-dia\/\" \/>\n<meta property=\"og:site_name\" content=\"Moll\u00f3 Parc\" \/>\n<meta property=\"article:modified_time\" content=\"2019-03-04T12:47:51+00:00\" \/>\n<meta property=\"og:image\" content=\"https:\/\/www.molloparc.com\/wp-content\/uploads\/2019\/03\/informacion-practica-cuidador-per-un-dia-es-300x100.jpg\" \/>\n<meta name=\"twitter:card\" content=\"summary_large_image\" \/>\n<meta name=\"twitter:label1\" content=\"Tiempo de lectura\" \/>\n\t<meta name=\"twitter:data1\" content=\"1 minuto\" \/>\n<script type=\"application\/ld+json\" class=\"yoast-schema-graph\">{\"@context\":\"https:\/\/schema.org\",\"@graph\":[{\"@type\":\"WebPage\",\"@id\":\"https:\/\/www.molloparc.com\/es\/cuidador-por-un-dia\/\",\"url\":\"https:\/\/www.molloparc.com\/es\/cuidador-por-un-dia\/\",\"name\":\"Cuidador por un d\u00eda confirmacion - Moll\u00f3 Parc\",\"isPartOf\":{\"@id\":\"https:\/\/www.molloparc.com\/#website\"},\"datePublished\":\"2018-07-27T10:36:34+00:00\",\"dateModified\":\"2019-03-04T12:47:51+00:00\",\"breadcrumb\":{\"@id\":\"https:\/\/www.molloparc.com\/es\/cuidador-por-un-dia\/#breadcrumb\"},\"inLanguage\":\"es\",\"potentialAction\":[{\"@type\":\"ReadAction\",\"target\":[\"https:\/\/www.molloparc.com\/es\/cuidador-por-un-dia\/\"]}]},{\"@type\":\"BreadcrumbList\",\"@id\":\"https:\/\/www.molloparc.com\/es\/cuidador-por-un-dia\/#breadcrumb\",\"itemListElement\":[{\"@type\":\"ListItem\",\"position\":1,\"name\":\"Inici\",\"item\":\"https:\/\/www.molloparc.com\/es\/\"},{\"@type\":\"ListItem\",\"position\":2,\"name\":\"Cuidador por un d\u00eda confirmacion\"}]},{\"@type\":\"WebSite\",\"@id\":\"https:\/\/www.molloparc.com\/#website\",\"url\":\"https:\/\/www.molloparc.com\/\",\"name\":\"Moll\u00f3 Parc\",\"description\":\"Parc d&#039;animals dels Prineus a la Vall de Camprodon\",\"potentialAction\":[{\"@type\":\"SearchAction\",\"target\":{\"@type\":\"EntryPoint\",\"urlTemplate\":\"https:\/\/www.molloparc.com\/?s={search_term_string}\"},\"query-input\":\"required name=search_term_string\"}],\"inLanguage\":\"es\"}]}<\/script>\n<!-- \/ Yoast SEO plugin. -->","yoast_head_json":{"title":"Cuidador por un d\u00eda confirmacion - Moll\u00f3 Parc","robots":{"index":"noindex","follow":"nofollow"},"og_locale":"es_ES","og_type":"article","og_title":"Cuidador por un d\u00eda confirmacion - Moll\u00f3 Parc","og_description":"\u201cCuidador por un d\u00eda\u201d","og_url":"https:\/\/www.molloparc.com\/es\/cuidador-por-un-dia\/","og_site_name":"Moll\u00f3 Parc","article_modified_time":"2019-03-04T12:47:51+00:00","og_image":[{"url":"https:\/\/www.molloparc.com\/wp-content\/uploads\/2019\/03\/informacion-practica-cuidador-per-un-dia-es-300x100.jpg"}],"twitter_card":"summary_large_image","twitter_misc":{"Tiempo de lectura":"1 minuto"},"schema":{"@context":"https:\/\/schema.org","@graph":[{"@type":"WebPage","@id":"https:\/\/www.molloparc.com\/es\/cuidador-por-un-dia\/","url":"https:\/\/www.molloparc.com\/es\/cuidador-por-un-dia\/","name":"Cuidador por un d\u00eda confirmacion - Moll\u00f3 Parc","isPartOf":{"@id":"https:\/\/www.molloparc.com\/#website"},"datePublished":"2018-07-27T10:36:34+00:00","dateModified":"2019-03-04T12:47:51+00:00","breadcrumb":{"@id":"https:\/\/www.molloparc.com\/es\/cuidador-por-un-dia\/#breadcrumb"},"inLanguage":"es","potentialAction":[{"@type":"ReadAction","target":["https:\/\/www.molloparc.com\/es\/cuidador-por-un-dia\/"]}]},{"@type":"BreadcrumbList","@id":"https:\/\/www.molloparc.com\/es\/cuidador-por-un-dia\/#breadcrumb","itemListElement":[{"@type":"ListItem","position":1,"name":"Inici","item":"https:\/\/www.molloparc.com\/es\/"},{"@type":"ListItem","position":2,"name":"Cuidador por un d\u00eda confirmacion"}]},{"@type":"WebSite","@id":"https:\/\/www.molloparc.com\/#website","url":"https:\/\/www.molloparc.com\/","name":"Moll\u00f3 Parc","description":"Parc d&#039;animals dels Prineus a la Vall de Camprodon","potentialAction":[{"@type":"SearchAction","target":{"@type":"EntryPoint","urlTemplate":"https:\/\/www.molloparc.com\/?s={search_term_string}"},"query-input":"required name=search_term_string"}],"inLanguage":"es"}]}},"_links":{"self":[{"href":"https:\/\/www.molloparc.com\/es\/wp-json\/wp\/v2\/pages\/5553"}],"collection":[{"href":"https:\/\/www.molloparc.com\/es\/wp-json\/wp\/v2\/pages"}],"about":[{"href":"https:\/\/www.molloparc.com\/es\/wp-json\/wp\/v2\/types\/page"}],"author":[{"embeddable":true,"href":"https:\/\/www.molloparc.com\/es\/wp-json\/wp\/v2\/users\/2"}],"replies":[{"embeddable":true,"href":"https:\/\/www.molloparc.com\/es\/wp-json\/wp\/v2\/comments?post=5553"}],"version-history":[{"count":13,"href":"https:\/\/www.molloparc.com\/es\/wp-json\/wp\/v2\/pages\/5553\/revisions"}],"predecessor-version":[{"id":5943,"href":"https:\/\/www.molloparc.com\/es\/wp-json\/wp\/v2\/pages\/5553\/revisions\/5943"}],"wp:attachment":[{"href":"https:\/\/www.molloparc.com\/es\/wp-json\/wp\/v2\/media?parent=5553"}],"curies":[{"name":"wp","href":"https:\/\/api.w.org\/{rel}","templated":true}]}}