{"id":5595,"date":"2018-07-31T12:52:34","date_gmt":"2018-07-31T12:52:34","guid":{"rendered":"https:\/\/www.molloparc.com\/?page_id=5595"},"modified":"2018-08-02T10:31:20","modified_gmt":"2018-08-02T10:31:20","slug":"formulario-reserva-carrito","status":"publish","type":"page","link":"https:\/\/www.molloparc.com\/es\/formulario-reserva-carrito\/","title":{"rendered":"Formulario reserva carrito"},"content":{"rendered":"<h1>Formulario de reserva de un cochecito<\/h1>\n<p>Aunque los caminos del parque son asequibles para los cochecitos porque los caminos son suficientemente anchos y sin escalones pero, lo que s\u00ed debe tener en cuenta es que es un camino de tierra, con grava, alguna piedrecita y un par de subidas una poco fuertes.<\/p>\n<p>El parque pone a su disposici\u00f3n un cochecito para ni\u00f1os (es de 6 meses a 3 a\u00f1os (silla) con un coste adicional de 8, 00 \u20ac.<\/p>\n<p>Para poder disfrutar hay que enviar el siguiente formulario 7 d\u00edas de antelaci\u00f3n para reservar. En caso de que la reserva fuera entre 2 y 7 d\u00edas antes de la visita, pueden intentar reservar telef\u00f3nicamente al 972.13.00.94\u00a0(en horario de apertura del parque).<\/p>\n<div class=\"wpcf7 no-js\" id=\"wpcf7-f5596-o1\" lang=\"ca\" dir=\"ltr\">\n<div class=\"screen-reader-response\"><p role=\"status\" aria-live=\"polite\" aria-atomic=\"true\"><\/p> <ul><\/ul><\/div>\n<form action=\"\/es\/wp-json\/wp\/v2\/pages\/5595#wpcf7-f5596-o1\" method=\"post\" class=\"wpcf7-form init\" aria-label=\"Formulari de contacte\" novalidate=\"novalidate\" data-status=\"init\">\n<div style=\"display: none;\">\n<input type=\"hidden\" name=\"_wpcf7\" value=\"5596\" \/>\n<input type=\"hidden\" name=\"_wpcf7_version\" value=\"5.7.2\" \/>\n<input type=\"hidden\" name=\"_wpcf7_locale\" value=\"ca\" \/>\n<input type=\"hidden\" name=\"_wpcf7_unit_tag\" value=\"wpcf7-f5596-o1\" \/>\n<input type=\"hidden\" name=\"_wpcf7_container_post\" value=\"0\" \/>\n<input type=\"hidden\" name=\"_wpcf7_posted_data_hash\" value=\"\" \/>\n<input type=\"hidden\" name=\"_wpcf7_recaptcha_response\" value=\"\" \/>\n<\/div>\n<p>Tu nombre (obligatori)\n<\/p>\n<p><span class=\"wpcf7-form-control-wrap\" data-name=\"your-name\"><input size=\"40\" class=\"wpcf7-form-control wpcf7-text wpcf7-validates-as-required\" aria-required=\"true\" aria-invalid=\"false\" value=\"\" type=\"text\" name=\"your-name\" \/><\/span>\n<\/p>\n<p>Tu email (obligatori)\n<\/p>\n<p><span class=\"wpcf7-form-control-wrap\" data-name=\"your-email\"><input size=\"40\" class=\"wpcf7-form-control wpcf7-text wpcf7-email wpcf7-validates-as-required wpcf7-validates-as-email\" aria-required=\"true\" aria-invalid=\"false\" value=\"\" type=\"email\" name=\"your-email\" \/><\/span>\n<\/p>\n<p>Tu Tel\u00e9fono (obligatorio)\n<\/p>\n<p><span class=\"wpcf7-form-control-wrap\" data-name=\"tel\"><input size=\"40\" class=\"wpcf7-form-control wpcf7-text wpcf7-tel wpcf7-validates-as-required wpcf7-validates-as-tel\" aria-required=\"true\" aria-invalid=\"false\" value=\"\" type=\"tel\" name=\"tel\" \/><\/span>\n<\/p>\n<p>Fecha de la visita al parque (obligatori)\n<\/p>\n<p><span class=\"wpcf7-form-control-wrap\" data-name=\"Datadelavisita\"><input class=\"wpcf7-form-control wpcf7-date wpcf7-validates-as-date\" aria-invalid=\"false\" value=\"\" type=\"date\" name=\"Datadelavisita\" \/><\/span>\n<\/p>\n<p>Hora de llegada aproximada(obligatori)\n<\/p>\n<p><span class=\"wpcf7-form-control-wrap\" data-name=\"Hora\"><input size=\"40\" class=\"wpcf7-form-control wpcf7-text\" aria-invalid=\"false\" value=\"\" type=\"text\" name=\"Hora\" \/><\/span>\n<\/p>\n<p>Comentarios\n<\/p>\n<p><span class=\"wpcf7-form-control-wrap\" data-name=\"your-message\"><textarea cols=\"40\" rows=\"10\" class=\"wpcf7-form-control wpcf7-textarea\" aria-invalid=\"false\" name=\"your-message\"><\/textarea><\/span>\n<\/p>\n\n<p><input class=\"wpcf7-form-control has-spinner wpcf7-submit\" type=\"submit\" value=\"Enviar\" \/>\n<\/p><div class=\"wpcf7-response-output\" aria-hidden=\"true\"><\/div><\/form><\/div>\n","protected":false},"excerpt":{"rendered":"<p>Formulario de reserva de un cochecito Aunque los caminos del parque son asequibles para los cochecitos porque los caminos son suficientemente anchos y sin escalones pero, lo que s\u00ed debe tener en cuenta es que es un camino de tierra, con grava, alguna piedrecita y un par de subidas una poco fuertes. El parque pone [&hellip;]<\/p>\n","protected":false},"author":2,"featured_media":0,"parent":0,"menu_order":0,"comment_status":"closed","ping_status":"closed","template":"","meta":{"ngg_post_thumbnail":0},"yoast_head":"<!-- This site is optimized with the Yoast SEO plugin v19.13 - https:\/\/yoast.com\/wordpress\/plugins\/seo\/ -->\n<title>Formulario reserva carrito - Moll\u00f3 Parc<\/title>\n<meta name=\"robots\" content=\"noindex, nofollow\" \/>\n<meta property=\"og:locale\" content=\"es_ES\" \/>\n<meta property=\"og:type\" content=\"article\" \/>\n<meta property=\"og:title\" content=\"Formulario reserva carrito - Moll\u00f3 Parc\" \/>\n<meta property=\"og:description\" content=\"Formulario de reserva de un cochecito Aunque los caminos del parque son asequibles para los cochecitos porque los caminos son suficientemente anchos y sin escalones pero, lo que s\u00ed debe tener en cuenta es que es un camino de tierra, con grava, alguna piedrecita y un par de subidas una poco fuertes. El parque pone [&hellip;]\" \/>\n<meta property=\"og:url\" content=\"https:\/\/www.molloparc.com\/es\/formulario-reserva-carrito\/\" \/>\n<meta property=\"og:site_name\" content=\"Moll\u00f3 Parc\" \/>\n<meta property=\"article:modified_time\" content=\"2018-08-02T10:31:20+00:00\" \/>\n<meta name=\"twitter:card\" content=\"summary_large_image\" \/>\n<meta name=\"twitter:label1\" content=\"Tiempo de lectura\" \/>\n\t<meta name=\"twitter:data1\" content=\"1 minuto\" \/>\n<script type=\"application\/ld+json\" class=\"yoast-schema-graph\">{\"@context\":\"https:\/\/schema.org\",\"@graph\":[{\"@type\":\"WebPage\",\"@id\":\"https:\/\/www.molloparc.com\/es\/formulario-reserva-carrito\/\",\"url\":\"https:\/\/www.molloparc.com\/es\/formulario-reserva-carrito\/\",\"name\":\"Formulario reserva carrito - Moll\u00f3 Parc\",\"isPartOf\":{\"@id\":\"https:\/\/www.molloparc.com\/#website\"},\"datePublished\":\"2018-07-31T12:52:34+00:00\",\"dateModified\":\"2018-08-02T10:31:20+00:00\",\"breadcrumb\":{\"@id\":\"https:\/\/www.molloparc.com\/es\/formulario-reserva-carrito\/#breadcrumb\"},\"inLanguage\":\"es\",\"potentialAction\":[{\"@type\":\"ReadAction\",\"target\":[\"https:\/\/www.molloparc.com\/es\/formulario-reserva-carrito\/\"]}]},{\"@type\":\"BreadcrumbList\",\"@id\":\"https:\/\/www.molloparc.com\/es\/formulario-reserva-carrito\/#breadcrumb\",\"itemListElement\":[{\"@type\":\"ListItem\",\"position\":1,\"name\":\"Inici\",\"item\":\"https:\/\/www.molloparc.com\/es\/\"},{\"@type\":\"ListItem\",\"position\":2,\"name\":\"Formulario reserva carrito\"}]},{\"@type\":\"WebSite\",\"@id\":\"https:\/\/www.molloparc.com\/#website\",\"url\":\"https:\/\/www.molloparc.com\/\",\"name\":\"Moll\u00f3 Parc\",\"description\":\"Parc d&#039;animals dels Prineus a la Vall de Camprodon\",\"potentialAction\":[{\"@type\":\"SearchAction\",\"target\":{\"@type\":\"EntryPoint\",\"urlTemplate\":\"https:\/\/www.molloparc.com\/?s={search_term_string}\"},\"query-input\":\"required name=search_term_string\"}],\"inLanguage\":\"es\"}]}<\/script>\n<!-- \/ Yoast SEO plugin. -->","yoast_head_json":{"title":"Formulario reserva carrito - Moll\u00f3 Parc","robots":{"index":"noindex","follow":"nofollow"},"og_locale":"es_ES","og_type":"article","og_title":"Formulario reserva carrito - Moll\u00f3 Parc","og_description":"Formulario de reserva de un cochecito Aunque los caminos del parque son asequibles para los cochecitos porque los caminos son suficientemente anchos y sin escalones pero, lo que s\u00ed debe tener en cuenta es que es un camino de tierra, con grava, alguna piedrecita y un par de subidas una poco fuertes. El parque pone [&hellip;]","og_url":"https:\/\/www.molloparc.com\/es\/formulario-reserva-carrito\/","og_site_name":"Moll\u00f3 Parc","article_modified_time":"2018-08-02T10:31:20+00:00","twitter_card":"summary_large_image","twitter_misc":{"Tiempo de lectura":"1 minuto"},"schema":{"@context":"https:\/\/schema.org","@graph":[{"@type":"WebPage","@id":"https:\/\/www.molloparc.com\/es\/formulario-reserva-carrito\/","url":"https:\/\/www.molloparc.com\/es\/formulario-reserva-carrito\/","name":"Formulario reserva carrito - Moll\u00f3 Parc","isPartOf":{"@id":"https:\/\/www.molloparc.com\/#website"},"datePublished":"2018-07-31T12:52:34+00:00","dateModified":"2018-08-02T10:31:20+00:00","breadcrumb":{"@id":"https:\/\/www.molloparc.com\/es\/formulario-reserva-carrito\/#breadcrumb"},"inLanguage":"es","potentialAction":[{"@type":"ReadAction","target":["https:\/\/www.molloparc.com\/es\/formulario-reserva-carrito\/"]}]},{"@type":"BreadcrumbList","@id":"https:\/\/www.molloparc.com\/es\/formulario-reserva-carrito\/#breadcrumb","itemListElement":[{"@type":"ListItem","position":1,"name":"Inici","item":"https:\/\/www.molloparc.com\/es\/"},{"@type":"ListItem","position":2,"name":"Formulario reserva carrito"}]},{"@type":"WebSite","@id":"https:\/\/www.molloparc.com\/#website","url":"https:\/\/www.molloparc.com\/","name":"Moll\u00f3 Parc","description":"Parc d&#039;animals dels Prineus a la Vall de Camprodon","potentialAction":[{"@type":"SearchAction","target":{"@type":"EntryPoint","urlTemplate":"https:\/\/www.molloparc.com\/?s={search_term_string}"},"query-input":"required name=search_term_string"}],"inLanguage":"es"}]}},"_links":{"self":[{"href":"https:\/\/www.molloparc.com\/es\/wp-json\/wp\/v2\/pages\/5595"}],"collection":[{"href":"https:\/\/www.molloparc.com\/es\/wp-json\/wp\/v2\/pages"}],"about":[{"href":"https:\/\/www.molloparc.com\/es\/wp-json\/wp\/v2\/types\/page"}],"author":[{"embeddable":true,"href":"https:\/\/www.molloparc.com\/es\/wp-json\/wp\/v2\/users\/2"}],"replies":[{"embeddable":true,"href":"https:\/\/www.molloparc.com\/es\/wp-json\/wp\/v2\/comments?post=5595"}],"version-history":[{"count":6,"href":"https:\/\/www.molloparc.com\/es\/wp-json\/wp\/v2\/pages\/5595\/revisions"}],"predecessor-version":[{"id":5634,"href":"https:\/\/www.molloparc.com\/es\/wp-json\/wp\/v2\/pages\/5595\/revisions\/5634"}],"wp:attachment":[{"href":"https:\/\/www.molloparc.com\/es\/wp-json\/wp\/v2\/media?parent=5595"}],"curies":[{"name":"wp","href":"https:\/\/api.w.org\/{rel}","templated":true}]}}