{"id":5670,"date":"2018-08-02T11:12:24","date_gmt":"2018-08-02T11:12:24","guid":{"rendered":"https:\/\/www.molloparc.com\/politica-de-descomptes\/"},"modified":"2025-03-26T14:37:48","modified_gmt":"2025-03-26T14:37:48","slug":"politica-de-descuentos","status":"publish","type":"page","link":"https:\/\/www.molloparc.com\/es\/politica-de-descuentos\/","title":{"rendered":"Pol\u00edtica de descuentos"},"content":{"rendered":"<h1 style=\"text-align: center;\">Pol\u00edtica de descuentos aplicables a las tarifas de Moll\u00f3 Parc<\/h1>\n<p style=\"text-align: center;\">Moll\u00f3 parque aplica los siguientes descuentos en cada modalidad de entrada.<\/p>\n<p style=\"text-align: center;\"><div class=\"magaziner-column magaziner-one-third magaziner-column-first \"><br \/>\n<a href=\"https:\/\/www.molloparc.com\/wp-content\/uploads\/2014\/03\/entrada-mpanimals_es.png\"><img decoding=\"async\" loading=\"lazy\" class=\"alignnone size-full wp-image-3576\" src=\"https:\/\/www.molloparc.com\/wp-content\/uploads\/2014\/03\/entrada-mpanimals_es.png\" alt=\"entrada-mpanimals_es\" width=\"300\" height=\"50\"><\/a><\/p>\n<p style=\"text-align: center;\"><strong>Descuentos para la Visita al PARQUE DE ANIMALES<\/strong><\/p>\n<p>&nbsp;<\/p>\n<p style=\"text-align: center;\">***<\/p>\n<ul>\n<li>Ni\u00f1os menores de 3 a\u00f1os: gratuito.<\/li>\n<li>Ni\u00f1os de familia numerosa\/monoparentales: 33% descuento: (ATENCI\u00d3N: el descuento s\u00f3lo se aplicar\u00e1 si el ni\u00f1o va correctamente documentado con el carn\u00e9 personal o familiar de familia numerosa y el DNI, en defecto de este \u00faltimo documento se aceptar\u00e1 un documento donde conste nombre completo y fotograf\u00eda del miembro en cuesti\u00f3n).<\/li>\n<li>Adultos con diversidad funcional (m\u00ednimo 33% de minusval\u00eda). El descuento se aplicar\u00e1 presentando la documentaci\u00f3n acreditativa. El parque dispone de una silla El\u00e9ctrica para dejar al cliente. (<a href=\"https:\/\/www.molloparc.com\/es\/formulario-de-reserva-silla-de-ruedas\/\">Avisar con con 7 d\u00edas de antelaci\u00f3n para reservar<\/a>).<\/li>\n<li>Ni\u00f1os con diversidad funcional (m\u00ednimo 33% de minusval\u00eda). El descuento se aplicar\u00e1 presentando la documentaci\u00f3n acreditativa. El parque dispone de una silla El\u00e9ctrica para dejar al cliente. (<a href=\"https:\/\/www.molloparc.com\/es\/formulario-de-reserva-silla-de-ruedas\/\">Avisar con con 7 d\u00edas de antelaci\u00f3n para reservar<\/a>).<\/li>\n<\/ul>\n<p><span style=\"line-height: 1.5em;\"><\/div><\/span><\/p>\n<p style=\"text-align: center;\"><div class=\"magaziner-column magaziner-one-third magaziner-column-second \"><br \/>\n<a href=\"https:\/\/www.molloparc.com\/wp-content\/uploads\/2014\/03\/tarifas-para-grupos.png\"><img decoding=\"async\" loading=\"lazy\" class=\"wp-image-2961 aligncenter\" src=\"https:\/\/www.molloparc.com\/wp-content\/uploads\/2014\/03\/tarifas-para-grupos.png\" alt=\"tarifas-para-grupos\" width=\"300\" height=\"50\"><\/a><\/p>\n<p style=\"text-align: center;\"><strong>Descuentos para la Visita al PARQUE DE ANIMALES en Grupo y con reserva hecha.<\/strong><\/p>\n<p style=\"text-align: center;\"><strong>A partir de 20 personas, para poder acogerse a estos precios es obligatorio hacer una reserva previa con una antelaci\u00f3n de 7 d\u00edas al d\u00eda de la visita.<\/strong><\/p>\n<p style=\"text-align: center;\">***<\/p>\n<ul>\n<li>Ni\u00f1os menores de 3 a\u00f1os (m\u00e1ximo 4 ni\u00f1os por grupo): gratis.<\/li>\n<li>Adultos con diversidad funcional (m\u00ednimo 33% de minusv\u00e1lida). El descuento se aplicar\u00e1 presentando la documentaci\u00f3n acreditativa. El parque dispone de una silla El\u00e9ctrica para dejar al cliente. (<a href=\"https:\/\/www.molloparc.com\/es\/formulario-de-reserva-silla-de-ruedas\/\">Avisar con con 7 d\u00edas de antelaci\u00f3n para reservar<\/a>).<\/li>\n<li>Ni\u00f1os con diversidad funcional (m\u00ednimo 33% de minusv\u00e1lida). El descuento se aplicar\u00e1 presentando la documentaci\u00f3n acreditativa. El parque dispone de una silla El\u00e9ctrica para dejar al cliente. (<a href=\"https:\/\/www.molloparc.com\/es\/formulario-de-reserva-silla-de-ruedas\/\">Avisar con con 7 d\u00edas de antelaci\u00f3n para reservar<\/a>).<\/li>\n<\/ul>\n<p>* A partir de 20 personas, para poder acogerse a estos precios es obligatorio hacer una reserva previa con una antelaci\u00f3n de 7 d\u00edas al d\u00eda de la visita.<\/p>\n<p><a href=\"https:\/\/www.molloparc.com\/es\/visitas-escolares\/\">Escuelas<\/a> y <a href=\"https:\/\/www.molloparc.com\/es\/agencies\/\">agencias<\/a> contactar para posibles precios especiales.<\/p>\n<p><\/div><\/p>\n<p style=\"text-align: center;\"><div class=\"magaziner-column magaziner-one-third magaziner-column-last \"><br \/>\n<a href=\"https:\/\/www.molloparc.com\/wp-content\/uploads\/2014\/03\/entrada-mpaventura_ca.png\"><img decoding=\"async\" loading=\"lazy\" class=\"size-full wp-image-3577 aligncenter\" src=\"https:\/\/www.molloparc.com\/wp-content\/uploads\/2014\/03\/entrada-mpaventura_ca.png\" alt=\"entrada-mpaventura_ca\" width=\"300\" height=\"50\"><\/a><\/p>\n<p style=\"text-align: center;\"><strong>Descuento para MOLL\u00d3 PARC AVENTURA<\/strong><\/p>\n<p>&nbsp;<\/p>\n<p style=\"text-align: center;\">***<\/p>\n<p>Consulta los precios y descuentos para venir tambi\u00e9n al Moll\u00f3 Parc Aventura aqu\u00ed:<a href=\"http:\/\/www.molloparcaventura.com\/es\/tarifes-i-horaris\/\">&nbsp;Moll\u00f3 Parc Aventura<\/a><\/p>\n<p>Los descuentos se aplican la entrada del Moll\u00f3 Parc aventura en caso &nbsp;de haber visitado el Moll\u00f3 Parc animals el mismo d\u00eda y presentando el ticket de la entrada.<\/p>\n<p><\/div><\/p>\n<p>&nbsp;<\/p>\n","protected":false},"excerpt":{"rendered":"<p>Pol\u00edtica de descuentos aplicables a las tarifas de Moll\u00f3 Parc Moll\u00f3 parque aplica los siguientes descuentos en cada modalidad de entrada. &nbsp;<\/p>\n","protected":false},"author":2,"featured_media":0,"parent":0,"menu_order":0,"comment_status":"closed","ping_status":"closed","template":"page-templates\/template-full-width.php","meta":{"ngg_post_thumbnail":0},"yoast_head":"<!-- This site is optimized with the Yoast SEO plugin v19.13 - https:\/\/yoast.com\/wordpress\/plugins\/seo\/ -->\n<title>Pol\u00edtica de descuentos - Moll\u00f3 Parc<\/title>\n<meta name=\"robots\" content=\"noindex, nofollow\" \/>\n<meta property=\"og:locale\" content=\"es_ES\" \/>\n<meta property=\"og:type\" content=\"article\" \/>\n<meta property=\"og:title\" content=\"Pol\u00edtica de descuentos - Moll\u00f3 Parc\" \/>\n<meta property=\"og:description\" content=\"Pol\u00edtica de descuentos aplicables a las tarifas de Moll\u00f3 Parc Moll\u00f3 parque aplica los siguientes descuentos en cada modalidad de entrada. &nbsp;\" \/>\n<meta property=\"og:url\" content=\"https:\/\/www.molloparc.com\/es\/politica-de-descuentos\/\" \/>\n<meta property=\"og:site_name\" content=\"Moll\u00f3 Parc\" \/>\n<meta property=\"article:modified_time\" content=\"2025-03-26T14:37:48+00:00\" \/>\n<meta property=\"og:image\" content=\"https:\/\/www.molloparc.com\/wp-content\/uploads\/2014\/03\/entrada-mpanimals_es.png\" \/>\n<meta name=\"twitter:card\" content=\"summary_large_image\" \/>\n<meta name=\"twitter:label1\" content=\"Tiempo de lectura\" \/>\n\t<meta name=\"twitter:data1\" content=\"3 minutos\" \/>\n<script type=\"application\/ld+json\" class=\"yoast-schema-graph\">{\"@context\":\"https:\/\/schema.org\",\"@graph\":[{\"@type\":\"WebPage\",\"@id\":\"https:\/\/www.molloparc.com\/es\/politica-de-descuentos\/\",\"url\":\"https:\/\/www.molloparc.com\/es\/politica-de-descuentos\/\",\"name\":\"Pol\u00edtica de descuentos - Moll\u00f3 Parc\",\"isPartOf\":{\"@id\":\"https:\/\/www.molloparc.com\/#website\"},\"datePublished\":\"2018-08-02T11:12:24+00:00\",\"dateModified\":\"2025-03-26T14:37:48+00:00\",\"breadcrumb\":{\"@id\":\"https:\/\/www.molloparc.com\/es\/politica-de-descuentos\/#breadcrumb\"},\"inLanguage\":\"es\",\"potentialAction\":[{\"@type\":\"ReadAction\",\"target\":[\"https:\/\/www.molloparc.com\/es\/politica-de-descuentos\/\"]}]},{\"@type\":\"BreadcrumbList\",\"@id\":\"https:\/\/www.molloparc.com\/es\/politica-de-descuentos\/#breadcrumb\",\"itemListElement\":[{\"@type\":\"ListItem\",\"position\":1,\"name\":\"Inici\",\"item\":\"https:\/\/www.molloparc.com\/es\/\"},{\"@type\":\"ListItem\",\"position\":2,\"name\":\"Pol\u00edtica de descuentos\"}]},{\"@type\":\"WebSite\",\"@id\":\"https:\/\/www.molloparc.com\/#website\",\"url\":\"https:\/\/www.molloparc.com\/\",\"name\":\"Moll\u00f3 Parc\",\"description\":\"Parc d&#039;animals dels Prineus a la Vall de Camprodon\",\"potentialAction\":[{\"@type\":\"SearchAction\",\"target\":{\"@type\":\"EntryPoint\",\"urlTemplate\":\"https:\/\/www.molloparc.com\/?s={search_term_string}\"},\"query-input\":\"required name=search_term_string\"}],\"inLanguage\":\"es\"}]}<\/script>\n<!-- \/ Yoast SEO plugin. -->","yoast_head_json":{"title":"Pol\u00edtica de descuentos - Moll\u00f3 Parc","robots":{"index":"noindex","follow":"nofollow"},"og_locale":"es_ES","og_type":"article","og_title":"Pol\u00edtica de descuentos - Moll\u00f3 Parc","og_description":"Pol\u00edtica de descuentos aplicables a las tarifas de Moll\u00f3 Parc Moll\u00f3 parque aplica los siguientes descuentos en cada modalidad de entrada. &nbsp;","og_url":"https:\/\/www.molloparc.com\/es\/politica-de-descuentos\/","og_site_name":"Moll\u00f3 Parc","article_modified_time":"2025-03-26T14:37:48+00:00","og_image":[{"url":"https:\/\/www.molloparc.com\/wp-content\/uploads\/2014\/03\/entrada-mpanimals_es.png"}],"twitter_card":"summary_large_image","twitter_misc":{"Tiempo de lectura":"3 minutos"},"schema":{"@context":"https:\/\/schema.org","@graph":[{"@type":"WebPage","@id":"https:\/\/www.molloparc.com\/es\/politica-de-descuentos\/","url":"https:\/\/www.molloparc.com\/es\/politica-de-descuentos\/","name":"Pol\u00edtica de descuentos - Moll\u00f3 Parc","isPartOf":{"@id":"https:\/\/www.molloparc.com\/#website"},"datePublished":"2018-08-02T11:12:24+00:00","dateModified":"2025-03-26T14:37:48+00:00","breadcrumb":{"@id":"https:\/\/www.molloparc.com\/es\/politica-de-descuentos\/#breadcrumb"},"inLanguage":"es","potentialAction":[{"@type":"ReadAction","target":["https:\/\/www.molloparc.com\/es\/politica-de-descuentos\/"]}]},{"@type":"BreadcrumbList","@id":"https:\/\/www.molloparc.com\/es\/politica-de-descuentos\/#breadcrumb","itemListElement":[{"@type":"ListItem","position":1,"name":"Inici","item":"https:\/\/www.molloparc.com\/es\/"},{"@type":"ListItem","position":2,"name":"Pol\u00edtica de descuentos"}]},{"@type":"WebSite","@id":"https:\/\/www.molloparc.com\/#website","url":"https:\/\/www.molloparc.com\/","name":"Moll\u00f3 Parc","description":"Parc d&#039;animals dels Prineus a la Vall de Camprodon","potentialAction":[{"@type":"SearchAction","target":{"@type":"EntryPoint","urlTemplate":"https:\/\/www.molloparc.com\/?s={search_term_string}"},"query-input":"required name=search_term_string"}],"inLanguage":"es"}]}},"_links":{"self":[{"href":"https:\/\/www.molloparc.com\/es\/wp-json\/wp\/v2\/pages\/5670"}],"collection":[{"href":"https:\/\/www.molloparc.com\/es\/wp-json\/wp\/v2\/pages"}],"about":[{"href":"https:\/\/www.molloparc.com\/es\/wp-json\/wp\/v2\/types\/page"}],"author":[{"embeddable":true,"href":"https:\/\/www.molloparc.com\/es\/wp-json\/wp\/v2\/users\/2"}],"replies":[{"embeddable":true,"href":"https:\/\/www.molloparc.com\/es\/wp-json\/wp\/v2\/comments?post=5670"}],"version-history":[{"count":9,"href":"https:\/\/www.molloparc.com\/es\/wp-json\/wp\/v2\/pages\/5670\/revisions"}],"predecessor-version":[{"id":9338,"href":"https:\/\/www.molloparc.com\/es\/wp-json\/wp\/v2\/pages\/5670\/revisions\/9338"}],"wp:attachment":[{"href":"https:\/\/www.molloparc.com\/es\/wp-json\/wp\/v2\/media?parent=5670"}],"curies":[{"name":"wp","href":"https:\/\/api.w.org\/{rel}","templated":true}]}}