{"id":5956,"date":"2019-02-18T13:30:54","date_gmt":"2019-02-18T13:30:54","guid":{"rendered":"https:\/\/www.molloparc.com\/oferta-mollo-parc-barnedes\/"},"modified":"2020-11-20T11:55:50","modified_gmt":"2020-11-20T11:55:50","slug":"oferta-mollo-parc-barnedes","status":"publish","type":"page","link":"https:\/\/www.molloparc.com\/es\/oferta-mollo-parc-barnedes\/","title":{"rendered":"APARTAMENTOS RURALES LAS BARNEDES"},"content":{"rendered":"<h1 style=\"text-align: center;\"><span style=\"color: #99cc00;\">Ven y qu\u00e9date a dormir en el parque.<br \/>\nDisfruta de la naturaleza y del contacto con los animales<\/span><\/h1>\n<h2 style=\"text-align: center;\">-APARTAMENTOS RURALES LAS BARNEDES-<\/h2>\n<h2><\/h2>\n<p><a href=\"https:\/\/barnedes.com\/\">Les Barnedes<\/a>\u00a0 es un grupo de 5 casas de monta\u00f1a ideales para un fin de semana con familia, amigos o pareja.<\/p>\n<p>Casitas de 2 o 3 habitaciones, completamente equipadas que cuentan con jard\u00edn privado, barbacoa y acceso a la piscina com\u00fan y a la zona de juegos para ni\u00f1os. Acceso caminando al parque de animales y al de aventuras donde disfrutar\u00e1s de descuentos especiales para estar alojados.<\/p>\n<p><div class=\"magaziner-column magaziner-one-half magaziner-column-first \"><a href=\"https:\/\/www.molloparc.com\/oferta-mollo-parc-barnedes\/?utm_source=Web%20MP_ES%20duerme%20en%20parc%20banner%20Mapa&amp;utm_medium=Web%20MP_ES%20duerme%20en%20parc%20banner%20Mapa&amp;utm_campaign=Web%20MP_ES%20duerme%20en%20parc%20banner%20Mapa\"><img decoding=\"async\" loading=\"lazy\" class=\"alignnone wp-image-5950 size-full\" src=\"https:\/\/www.molloparc.com\/wp-content\/uploads\/2019\/03\/DORMIR-A-MOLLO-PARC.jpg\" alt=\"\" width=\"1191\" height=\"842\" srcset=\"https:\/\/www.molloparc.com\/wp-content\/uploads\/2019\/03\/DORMIR-A-MOLLO-PARC.jpg 1191w, https:\/\/www.molloparc.com\/wp-content\/uploads\/2019\/03\/DORMIR-A-MOLLO-PARC-300x212.jpg 300w, https:\/\/www.molloparc.com\/wp-content\/uploads\/2019\/03\/DORMIR-A-MOLLO-PARC-768x543.jpg 768w, https:\/\/www.molloparc.com\/wp-content\/uploads\/2019\/03\/DORMIR-A-MOLLO-PARC-1024x724.jpg 1024w\" sizes=\"(max-width: 1191px) 100vw, 1191px\" \/><\/a><\/p>\n<p><\/div><div class=\"magaziner-column magaziner-one-half magaziner-column-last \"><\/p>\n<h1><a href=\"https:\/\/barnedes.com\/oferta-mollo-parc\/\/?utm_source=Web%20MP_ES%20duerme%20en%20parc%20banner%20Banner&amp;utm_medium=Web%20MP_ES%20duerme%20en%20parc%20banner%20Banner&amp;utm_campaign=Web%20MP_ES%20duerme%20en%20parc%20banner%20Banner\"><img decoding=\"async\" loading=\"lazy\" class=\"aligncenter wp-image-5958 size-medium\" src=\"https:\/\/www.molloparc.com\/wp-content\/uploads\/2019\/03\/oferta-barnedes-mollo-parc-ES-300x200.jpg\" alt=\"oferta-barnedes-mollo-parc-ES\" width=\"300\" height=\"200\" srcset=\"https:\/\/www.molloparc.com\/wp-content\/uploads\/2019\/03\/oferta-barnedes-mollo-parc-ES.jpg 300w, https:\/\/www.molloparc.com\/wp-content\/uploads\/2019\/03\/oferta-barnedes-mollo-parc-ES-262x174.jpg 262w\" sizes=\"(max-width: 300px) 100vw, 300px\" \/><\/a><\/h1>\n<p>&nbsp;<\/p>\n<h1 style=\"text-align: center;\"><a href=\"https:\/\/barnedes.com\/?utm_source=Web%20MP_ES%20duerme%20en%20parc%20banner%20web&amp;utm_medium=Web%20MP_ES%20duerme%20en%20parc%20banner%20web&amp;utm_campaign=Web%20MP_ES%20duerme%20en%20parc%20banner%20web\" rel=\"noopener\"><img decoding=\"async\" loading=\"lazy\" class=\"alignnone wp-image-5951 size-medium\" src=\"https:\/\/www.molloparc.com\/wp-content\/uploads\/2019\/03\/web-barnedes-300x50.jpg\" alt=\"\" width=\"300\" height=\"50\" srcset=\"https:\/\/www.molloparc.com\/wp-content\/uploads\/2019\/03\/web-barnedes-300x50.jpg 300w, https:\/\/www.molloparc.com\/wp-content\/uploads\/2019\/03\/web-barnedes.jpg 600w\" sizes=\"(max-width: 300px) 100vw, 300px\" \/><\/a><\/h1>\n<p><\/div><\/p>\n<p>&nbsp;<\/p>\n","protected":false},"excerpt":{"rendered":"<p>Ven y qu\u00e9date a dormir en el parque. Disfruta de la naturaleza y del contacto con los animales -APARTAMENTOS RURALES LAS BARNEDES- Les Barnedes\u00a0 es un grupo de 5 casas de monta\u00f1a ideales para un fin de semana con familia, amigos o pareja. Casitas de 2 o 3 habitaciones, completamente equipadas que cuentan con jard\u00edn [&hellip;]<\/p>\n","protected":false},"author":2,"featured_media":0,"parent":0,"menu_order":0,"comment_status":"closed","ping_status":"closed","template":"page-templates\/template-full-width.php","meta":{"ngg_post_thumbnail":0},"yoast_head":"<!-- This site is optimized with the Yoast SEO plugin v19.13 - https:\/\/yoast.com\/wordpress\/plugins\/seo\/ -->\n<title>APARTAMENTOS RURALES LAS BARNEDES - Moll\u00f3 Parc<\/title>\n<meta name=\"robots\" content=\"index, follow, max-snippet:-1, max-image-preview:large, max-video-preview:-1\" \/>\n<link rel=\"canonical\" href=\"https:\/\/www.molloparc.com\/es\/oferta-mollo-parc-barnedes\/\" \/>\n<meta property=\"og:locale\" content=\"es_ES\" \/>\n<meta property=\"og:type\" content=\"article\" \/>\n<meta property=\"og:title\" content=\"APARTAMENTOS RURALES LAS BARNEDES - Moll\u00f3 Parc\" \/>\n<meta property=\"og:description\" content=\"Ven y qu\u00e9date a dormir en el parque. Disfruta de la naturaleza y del contacto con los animales -APARTAMENTOS RURALES LAS BARNEDES- Les Barnedes\u00a0 es un grupo de 5 casas de monta\u00f1a ideales para un fin de semana con familia, amigos o pareja. Casitas de 2 o 3 habitaciones, completamente equipadas que cuentan con jard\u00edn [&hellip;]\" \/>\n<meta property=\"og:url\" content=\"https:\/\/www.molloparc.com\/es\/oferta-mollo-parc-barnedes\/\" \/>\n<meta property=\"og:site_name\" content=\"Moll\u00f3 Parc\" \/>\n<meta property=\"article:modified_time\" content=\"2020-11-20T11:55:50+00:00\" \/>\n<meta property=\"og:image\" content=\"https:\/\/www.molloparc.com\/wp-content\/uploads\/2019\/03\/DORMIR-A-MOLLO-PARC.jpg\" \/>\n<meta name=\"twitter:card\" content=\"summary_large_image\" \/>\n<meta name=\"twitter:label1\" content=\"Tiempo de lectura\" \/>\n\t<meta name=\"twitter:data1\" content=\"1 minuto\" \/>\n<script type=\"application\/ld+json\" class=\"yoast-schema-graph\">{\"@context\":\"https:\/\/schema.org\",\"@graph\":[{\"@type\":\"WebPage\",\"@id\":\"https:\/\/www.molloparc.com\/es\/oferta-mollo-parc-barnedes\/\",\"url\":\"https:\/\/www.molloparc.com\/es\/oferta-mollo-parc-barnedes\/\",\"name\":\"APARTAMENTOS RURALES LAS BARNEDES - Moll\u00f3 Parc\",\"isPartOf\":{\"@id\":\"https:\/\/www.molloparc.com\/#website\"},\"datePublished\":\"2019-02-18T13:30:54+00:00\",\"dateModified\":\"2020-11-20T11:55:50+00:00\",\"breadcrumb\":{\"@id\":\"https:\/\/www.molloparc.com\/es\/oferta-mollo-parc-barnedes\/#breadcrumb\"},\"inLanguage\":\"es\",\"potentialAction\":[{\"@type\":\"ReadAction\",\"target\":[\"https:\/\/www.molloparc.com\/es\/oferta-mollo-parc-barnedes\/\"]}]},{\"@type\":\"BreadcrumbList\",\"@id\":\"https:\/\/www.molloparc.com\/es\/oferta-mollo-parc-barnedes\/#breadcrumb\",\"itemListElement\":[{\"@type\":\"ListItem\",\"position\":1,\"name\":\"Inici\",\"item\":\"https:\/\/www.molloparc.com\/es\/\"},{\"@type\":\"ListItem\",\"position\":2,\"name\":\"APARTAMENTOS RURALES LAS BARNEDES\"}]},{\"@type\":\"WebSite\",\"@id\":\"https:\/\/www.molloparc.com\/#website\",\"url\":\"https:\/\/www.molloparc.com\/\",\"name\":\"Moll\u00f3 Parc\",\"description\":\"Parc d&#039;animals dels Prineus a la Vall de Camprodon\",\"potentialAction\":[{\"@type\":\"SearchAction\",\"target\":{\"@type\":\"EntryPoint\",\"urlTemplate\":\"https:\/\/www.molloparc.com\/?s={search_term_string}\"},\"query-input\":\"required name=search_term_string\"}],\"inLanguage\":\"es\"}]}<\/script>\n<!-- \/ Yoast SEO plugin. -->","yoast_head_json":{"title":"APARTAMENTOS RURALES LAS BARNEDES - Moll\u00f3 Parc","robots":{"index":"index","follow":"follow","max-snippet":"max-snippet:-1","max-image-preview":"max-image-preview:large","max-video-preview":"max-video-preview:-1"},"canonical":"https:\/\/www.molloparc.com\/es\/oferta-mollo-parc-barnedes\/","og_locale":"es_ES","og_type":"article","og_title":"APARTAMENTOS RURALES LAS BARNEDES - Moll\u00f3 Parc","og_description":"Ven y qu\u00e9date a dormir en el parque. Disfruta de la naturaleza y del contacto con los animales -APARTAMENTOS RURALES LAS BARNEDES- Les Barnedes\u00a0 es un grupo de 5 casas de monta\u00f1a ideales para un fin de semana con familia, amigos o pareja. Casitas de 2 o 3 habitaciones, completamente equipadas que cuentan con jard\u00edn [&hellip;]","og_url":"https:\/\/www.molloparc.com\/es\/oferta-mollo-parc-barnedes\/","og_site_name":"Moll\u00f3 Parc","article_modified_time":"2020-11-20T11:55:50+00:00","og_image":[{"url":"https:\/\/www.molloparc.com\/wp-content\/uploads\/2019\/03\/DORMIR-A-MOLLO-PARC.jpg"}],"twitter_card":"summary_large_image","twitter_misc":{"Tiempo de lectura":"1 minuto"},"schema":{"@context":"https:\/\/schema.org","@graph":[{"@type":"WebPage","@id":"https:\/\/www.molloparc.com\/es\/oferta-mollo-parc-barnedes\/","url":"https:\/\/www.molloparc.com\/es\/oferta-mollo-parc-barnedes\/","name":"APARTAMENTOS RURALES LAS BARNEDES - Moll\u00f3 Parc","isPartOf":{"@id":"https:\/\/www.molloparc.com\/#website"},"datePublished":"2019-02-18T13:30:54+00:00","dateModified":"2020-11-20T11:55:50+00:00","breadcrumb":{"@id":"https:\/\/www.molloparc.com\/es\/oferta-mollo-parc-barnedes\/#breadcrumb"},"inLanguage":"es","potentialAction":[{"@type":"ReadAction","target":["https:\/\/www.molloparc.com\/es\/oferta-mollo-parc-barnedes\/"]}]},{"@type":"BreadcrumbList","@id":"https:\/\/www.molloparc.com\/es\/oferta-mollo-parc-barnedes\/#breadcrumb","itemListElement":[{"@type":"ListItem","position":1,"name":"Inici","item":"https:\/\/www.molloparc.com\/es\/"},{"@type":"ListItem","position":2,"name":"APARTAMENTOS RURALES LAS BARNEDES"}]},{"@type":"WebSite","@id":"https:\/\/www.molloparc.com\/#website","url":"https:\/\/www.molloparc.com\/","name":"Moll\u00f3 Parc","description":"Parc d&#039;animals dels Prineus a la Vall de Camprodon","potentialAction":[{"@type":"SearchAction","target":{"@type":"EntryPoint","urlTemplate":"https:\/\/www.molloparc.com\/?s={search_term_string}"},"query-input":"required name=search_term_string"}],"inLanguage":"es"}]}},"_links":{"self":[{"href":"https:\/\/www.molloparc.com\/es\/wp-json\/wp\/v2\/pages\/5956"}],"collection":[{"href":"https:\/\/www.molloparc.com\/es\/wp-json\/wp\/v2\/pages"}],"about":[{"href":"https:\/\/www.molloparc.com\/es\/wp-json\/wp\/v2\/types\/page"}],"author":[{"embeddable":true,"href":"https:\/\/www.molloparc.com\/es\/wp-json\/wp\/v2\/users\/2"}],"replies":[{"embeddable":true,"href":"https:\/\/www.molloparc.com\/es\/wp-json\/wp\/v2\/comments?post=5956"}],"version-history":[{"count":8,"href":"https:\/\/www.molloparc.com\/es\/wp-json\/wp\/v2\/pages\/5956\/revisions"}],"predecessor-version":[{"id":6540,"href":"https:\/\/www.molloparc.com\/es\/wp-json\/wp\/v2\/pages\/5956\/revisions\/6540"}],"wp:attachment":[{"href":"https:\/\/www.molloparc.com\/es\/wp-json\/wp\/v2\/media?parent=5956"}],"curies":[{"name":"wp","href":"https:\/\/api.w.org\/{rel}","templated":true}]}}