{"id":6027,"date":"2019-07-02T08:17:41","date_gmt":"2019-07-02T08:17:41","guid":{"rendered":"https:\/\/www.molloparc.com\/?page_id=6027"},"modified":"2019-07-02T08:21:22","modified_gmt":"2019-07-02T08:21:22","slug":"abono-de-verano-mollo-parc-animals","status":"publish","type":"page","link":"https:\/\/www.molloparc.com\/es\/abono-de-verano-mollo-parc-animals\/","title":{"rendered":"ABONO DE VERANO MOLL\u00d3 PARC ANIMALS"},"content":{"rendered":"<h1 style=\"text-align: center;\"><b><strong>ABONO DE VERANO MOLL\u00d3 PARC ANIMALS<\/strong><\/b><\/h1>\n<p style=\"text-align: left;\"><a href=\"https:\/\/www.molloparc.com\/wp-content\/uploads\/2019\/07\/abono-verano-mp.jpg\"><img decoding=\"async\" loading=\"lazy\" class=\"size-medium wp-image-6038 alignleft\" src=\"https:\/\/www.molloparc.com\/wp-content\/uploads\/2019\/07\/abono-verano-mp-300x222.jpg\" alt=\"abono-verano-mp\" width=\"300\" height=\"222\" srcset=\"https:\/\/www.molloparc.com\/wp-content\/uploads\/2019\/07\/abono-verano-mp-300x222.jpg 300w, https:\/\/www.molloparc.com\/wp-content\/uploads\/2019\/07\/abono-verano-mp-80x60.jpg 80w, https:\/\/www.molloparc.com\/wp-content\/uploads\/2019\/07\/abono-verano-mp.jpg 640w\" sizes=\"(max-width: 300px) 100vw, 300px\" \/><\/a>El abono de verano de Moll\u00f3 Parc animales est\u00e1 pensado para los visitantes m\u00e1s asiduos al parque de durante los meses de verano.<\/p>\n<p><strong>Tarifas<\/strong>:<\/p>\n<ul>\n<li>Adultos de 14 a 64 a\u00f1os (ambos incluidos): 29\u20ac\/pers.<\/li>\n<li>\u00a0Ni\u00f1os de 3 a 13 a\u00f1os (ambos incluidos): 20,00 \u20ac\/pers.<\/li>\n<\/ul>\n<p><b>Pol\u00edticas de uso:<\/b><\/p>\n<ul>\n<li>Validez del 21 de junio al 12 de septiembre del a\u00f1o que se compra el abono.<\/li>\n<\/ul>\n<hr class=\"magaziner-spacing \" style=\"height: 40px\" \/>\n<p>&nbsp;<\/p>\n","protected":false},"excerpt":{"rendered":"<p>ABONO DE VERANO MOLL\u00d3 PARC ANIMALS El abono de verano de Moll\u00f3 Parc animales est\u00e1 pensado para los visitantes m\u00e1s asiduos al parque de durante los meses de verano. Tarifas: Adultos de 14 a 64 a\u00f1os (ambos incluidos): 29\u20ac\/pers. \u00a0Ni\u00f1os de 3 a 13 a\u00f1os (ambos incluidos): 20,00 \u20ac\/pers. Pol\u00edticas de uso: Validez del 21 [&hellip;]<\/p>\n","protected":false},"author":2,"featured_media":0,"parent":0,"menu_order":0,"comment_status":"open","ping_status":"closed","template":"page-templates\/template-full-width.php","meta":{"ngg_post_thumbnail":0},"yoast_head":"<!-- This site is optimized with the Yoast SEO plugin v19.13 - https:\/\/yoast.com\/wordpress\/plugins\/seo\/ -->\n<title>ABONO DE VERANO MOLL\u00d3 PARC ANIMALS - Moll\u00f3 Parc<\/title>\n<meta name=\"robots\" content=\"index, follow, max-snippet:-1, max-image-preview:large, max-video-preview:-1\" \/>\n<link rel=\"canonical\" href=\"https:\/\/www.molloparc.com\/es\/abono-de-verano-mollo-parc-animals\/\" \/>\n<meta property=\"og:locale\" content=\"es_ES\" \/>\n<meta property=\"og:type\" content=\"article\" \/>\n<meta property=\"og:title\" content=\"ABONO DE VERANO MOLL\u00d3 PARC ANIMALS - Moll\u00f3 Parc\" \/>\n<meta property=\"og:description\" content=\"ABONO DE VERANO MOLL\u00d3 PARC ANIMALS El abono de verano de Moll\u00f3 Parc animales est\u00e1 pensado para los visitantes m\u00e1s asiduos al parque de durante los meses de verano. Tarifas: Adultos de 14 a 64 a\u00f1os (ambos incluidos): 29\u20ac\/pers. \u00a0Ni\u00f1os de 3 a 13 a\u00f1os (ambos incluidos): 20,00 \u20ac\/pers. Pol\u00edticas de uso: Validez del 21 [&hellip;]\" \/>\n<meta property=\"og:url\" content=\"https:\/\/www.molloparc.com\/es\/abono-de-verano-mollo-parc-animals\/\" \/>\n<meta property=\"og:site_name\" content=\"Moll\u00f3 Parc\" \/>\n<meta property=\"article:modified_time\" content=\"2019-07-02T08:21:22+00:00\" \/>\n<meta property=\"og:image\" content=\"https:\/\/www.molloparc.com\/wp-content\/uploads\/2019\/07\/abono-verano-mp-300x222.jpg\" \/>\n<meta name=\"twitter:card\" content=\"summary_large_image\" \/>\n<script type=\"application\/ld+json\" class=\"yoast-schema-graph\">{\"@context\":\"https:\/\/schema.org\",\"@graph\":[{\"@type\":\"WebPage\",\"@id\":\"https:\/\/www.molloparc.com\/es\/abono-de-verano-mollo-parc-animals\/\",\"url\":\"https:\/\/www.molloparc.com\/es\/abono-de-verano-mollo-parc-animals\/\",\"name\":\"ABONO DE VERANO MOLL\u00d3 PARC ANIMALS - Moll\u00f3 Parc\",\"isPartOf\":{\"@id\":\"https:\/\/www.molloparc.com\/#website\"},\"datePublished\":\"2019-07-02T08:17:41+00:00\",\"dateModified\":\"2019-07-02T08:21:22+00:00\",\"breadcrumb\":{\"@id\":\"https:\/\/www.molloparc.com\/es\/abono-de-verano-mollo-parc-animals\/#breadcrumb\"},\"inLanguage\":\"es\",\"potentialAction\":[{\"@type\":\"ReadAction\",\"target\":[\"https:\/\/www.molloparc.com\/es\/abono-de-verano-mollo-parc-animals\/\"]}]},{\"@type\":\"BreadcrumbList\",\"@id\":\"https:\/\/www.molloparc.com\/es\/abono-de-verano-mollo-parc-animals\/#breadcrumb\",\"itemListElement\":[{\"@type\":\"ListItem\",\"position\":1,\"name\":\"Inici\",\"item\":\"https:\/\/www.molloparc.com\/es\/\"},{\"@type\":\"ListItem\",\"position\":2,\"name\":\"ABONO DE VERANO MOLL\u00d3 PARC ANIMALS\"}]},{\"@type\":\"WebSite\",\"@id\":\"https:\/\/www.molloparc.com\/#website\",\"url\":\"https:\/\/www.molloparc.com\/\",\"name\":\"Moll\u00f3 Parc\",\"description\":\"Parc d&#039;animals dels Prineus a la Vall de Camprodon\",\"potentialAction\":[{\"@type\":\"SearchAction\",\"target\":{\"@type\":\"EntryPoint\",\"urlTemplate\":\"https:\/\/www.molloparc.com\/?s={search_term_string}\"},\"query-input\":\"required name=search_term_string\"}],\"inLanguage\":\"es\"}]}<\/script>\n<!-- \/ Yoast SEO plugin. -->","yoast_head_json":{"title":"ABONO DE VERANO MOLL\u00d3 PARC ANIMALS - Moll\u00f3 Parc","robots":{"index":"index","follow":"follow","max-snippet":"max-snippet:-1","max-image-preview":"max-image-preview:large","max-video-preview":"max-video-preview:-1"},"canonical":"https:\/\/www.molloparc.com\/es\/abono-de-verano-mollo-parc-animals\/","og_locale":"es_ES","og_type":"article","og_title":"ABONO DE VERANO MOLL\u00d3 PARC ANIMALS - Moll\u00f3 Parc","og_description":"ABONO DE VERANO MOLL\u00d3 PARC ANIMALS El abono de verano de Moll\u00f3 Parc animales est\u00e1 pensado para los visitantes m\u00e1s asiduos al parque de durante los meses de verano. Tarifas: Adultos de 14 a 64 a\u00f1os (ambos incluidos): 29\u20ac\/pers. \u00a0Ni\u00f1os de 3 a 13 a\u00f1os (ambos incluidos): 20,00 \u20ac\/pers. Pol\u00edticas de uso: Validez del 21 [&hellip;]","og_url":"https:\/\/www.molloparc.com\/es\/abono-de-verano-mollo-parc-animals\/","og_site_name":"Moll\u00f3 Parc","article_modified_time":"2019-07-02T08:21:22+00:00","og_image":[{"url":"https:\/\/www.molloparc.com\/wp-content\/uploads\/2019\/07\/abono-verano-mp-300x222.jpg"}],"twitter_card":"summary_large_image","schema":{"@context":"https:\/\/schema.org","@graph":[{"@type":"WebPage","@id":"https:\/\/www.molloparc.com\/es\/abono-de-verano-mollo-parc-animals\/","url":"https:\/\/www.molloparc.com\/es\/abono-de-verano-mollo-parc-animals\/","name":"ABONO DE VERANO MOLL\u00d3 PARC ANIMALS - Moll\u00f3 Parc","isPartOf":{"@id":"https:\/\/www.molloparc.com\/#website"},"datePublished":"2019-07-02T08:17:41+00:00","dateModified":"2019-07-02T08:21:22+00:00","breadcrumb":{"@id":"https:\/\/www.molloparc.com\/es\/abono-de-verano-mollo-parc-animals\/#breadcrumb"},"inLanguage":"es","potentialAction":[{"@type":"ReadAction","target":["https:\/\/www.molloparc.com\/es\/abono-de-verano-mollo-parc-animals\/"]}]},{"@type":"BreadcrumbList","@id":"https:\/\/www.molloparc.com\/es\/abono-de-verano-mollo-parc-animals\/#breadcrumb","itemListElement":[{"@type":"ListItem","position":1,"name":"Inici","item":"https:\/\/www.molloparc.com\/es\/"},{"@type":"ListItem","position":2,"name":"ABONO DE VERANO MOLL\u00d3 PARC ANIMALS"}]},{"@type":"WebSite","@id":"https:\/\/www.molloparc.com\/#website","url":"https:\/\/www.molloparc.com\/","name":"Moll\u00f3 Parc","description":"Parc d&#039;animals dels Prineus a la Vall de Camprodon","potentialAction":[{"@type":"SearchAction","target":{"@type":"EntryPoint","urlTemplate":"https:\/\/www.molloparc.com\/?s={search_term_string}"},"query-input":"required name=search_term_string"}],"inLanguage":"es"}]}},"_links":{"self":[{"href":"https:\/\/www.molloparc.com\/es\/wp-json\/wp\/v2\/pages\/6027"}],"collection":[{"href":"https:\/\/www.molloparc.com\/es\/wp-json\/wp\/v2\/pages"}],"about":[{"href":"https:\/\/www.molloparc.com\/es\/wp-json\/wp\/v2\/types\/page"}],"author":[{"embeddable":true,"href":"https:\/\/www.molloparc.com\/es\/wp-json\/wp\/v2\/users\/2"}],"replies":[{"embeddable":true,"href":"https:\/\/www.molloparc.com\/es\/wp-json\/wp\/v2\/comments?post=6027"}],"version-history":[{"count":2,"href":"https:\/\/www.molloparc.com\/es\/wp-json\/wp\/v2\/pages\/6027\/revisions"}],"predecessor-version":[{"id":6043,"href":"https:\/\/www.molloparc.com\/es\/wp-json\/wp\/v2\/pages\/6027\/revisions\/6043"}],"wp:attachment":[{"href":"https:\/\/www.molloparc.com\/es\/wp-json\/wp\/v2\/media?parent=6027"}],"curies":[{"name":"wp","href":"https:\/\/api.w.org\/{rel}","templated":true}]}}