{"id":6097,"date":"2019-08-28T13:21:31","date_gmt":"2019-08-28T13:21:31","guid":{"rendered":"https:\/\/www.molloparc.com\/festes-daniversari-mollo-parc-animals\/"},"modified":"2024-08-29T09:09:33","modified_gmt":"2024-08-29T09:09:33","slug":"fiestas-de-cumplenos-mollo-parc-animals","status":"publish","type":"page","link":"https:\/\/www.molloparc.com\/es\/fiestas-de-cumplenos-mollo-parc-animals\/","title":{"rendered":"Fiestas de cumple\u00f1os Moll\u00f3 Parc Animals"},"content":{"rendered":"<h1 style=\"text-align: center;\"><span style=\"color: #99cc00;\">Fiestas de cumple\u00f1os Moll\u00f3 Parc Animals<\/span><\/h1>\n<h4 style=\"text-align: center;\"><span style=\"color: #ff0000;\">Reserva previa con 15 d\u00edas de antelaci\u00f3n<\/span><\/h4>\n<h2 style=\"text-align: center;\">VEN A CELEBRAR TU FIESTA DE CUMPLEA\u00d1OS EN MOLLO\u0301 PARC ANIMALS<\/h2>\n<p style=\"text-align: center;\">-Actividad recomendable para ni\u00f1os y ni\u00f1as de los 5 a los 11 a\u00f1os-<\/p>\n<h3><a href=\"https:\/\/www.molloparc.com\/wp-content\/uploads\/2019\/08\/festa-aniversari-mollo-parc-1.jpg\"><img decoding=\"async\" loading=\"lazy\" class=\"size-medium wp-image-6052 alignright\" src=\"https:\/\/www.molloparc.com\/wp-content\/uploads\/2019\/08\/festa-aniversari-mollo-parc-1-300x200.jpg\" alt=\"\" width=\"300\" height=\"200\" srcset=\"https:\/\/www.molloparc.com\/wp-content\/uploads\/2019\/08\/festa-aniversari-mollo-parc-1-300x200.jpg 300w, https:\/\/www.molloparc.com\/wp-content\/uploads\/2019\/08\/festa-aniversari-mollo-parc-1-768x512.jpg 768w, https:\/\/www.molloparc.com\/wp-content\/uploads\/2019\/08\/festa-aniversari-mollo-parc-1-1024x683.jpg 1024w, https:\/\/www.molloparc.com\/wp-content\/uploads\/2019\/08\/festa-aniversari-mollo-parc-1-405x270.jpg 405w, https:\/\/www.molloparc.com\/wp-content\/uploads\/2019\/08\/festa-aniversari-mollo-parc-1-262x174.jpg 262w, https:\/\/www.molloparc.com\/wp-content\/uploads\/2019\/08\/festa-aniversari-mollo-parc-1.jpg 1200w\" sizes=\"(max-width: 300px) 100vw, 300px\" \/><\/a>Opci\u00f3n 1: Pack Moll\u00f3 Parc Animals + Sitio para merendar<\/h3>\n<p><span style=\"color: #99cc00;\">Duraci\u00f3n actividad de 1h30min aprox. el parque de animales (visita al primer tramo de circuito hasta marmotas) + Gincana.<\/span><\/p>\n<p>Actividad:<\/p>\n<ul>\n<li>Entra en los recintos de los conejos, de las cabritas y de las marmotas y dales de comer (en \u00e9poca de hibernaci\u00f3n dinos tu animales preferido y vamos a verlo en acci\u00f3n).<\/li>\n<li>Si eres quien hace a\u00f1os, prep\u00e1rate porque podr\u00e1s dar fruta en las osos !!<\/li>\n<li>Anima\u00f3s a a hacer una gincana de b\u00fasqueda del tesoro.<\/li>\n<li>Y acabad con una merienda que pod\u00e9is&nbsp; llevar vosotros.<\/li>\n<\/ul>\n<h3><a href=\"https:\/\/www.molloparc.com\/wp-content\/uploads\/2019\/08\/festa-aniversari-mollo-parc-3.jpg\"><img decoding=\"async\" loading=\"lazy\" class=\"size-medium wp-image-6050 alignright\" src=\"https:\/\/www.molloparc.com\/wp-content\/uploads\/2019\/08\/festa-aniversari-mollo-parc-3-300x200.jpg\" alt=\"\" width=\"300\" height=\"200\" srcset=\"https:\/\/www.molloparc.com\/wp-content\/uploads\/2019\/08\/festa-aniversari-mollo-parc-3-300x200.jpg 300w, https:\/\/www.molloparc.com\/wp-content\/uploads\/2019\/08\/festa-aniversari-mollo-parc-3-768x512.jpg 768w, https:\/\/www.molloparc.com\/wp-content\/uploads\/2019\/08\/festa-aniversari-mollo-parc-3-1024x683.jpg 1024w, https:\/\/www.molloparc.com\/wp-content\/uploads\/2019\/08\/festa-aniversari-mollo-parc-3-405x270.jpg 405w, https:\/\/www.molloparc.com\/wp-content\/uploads\/2019\/08\/festa-aniversari-mollo-parc-3-262x174.jpg 262w, https:\/\/www.molloparc.com\/wp-content\/uploads\/2019\/08\/festa-aniversari-mollo-parc-3.jpg 1200w\" sizes=\"(max-width: 300px) 100vw, 300px\" \/><\/a>Opci\u00f3 2: Activitat + berenar<\/h3>\n<p><span style=\"color: #99cc00;\">Duraci\u00f3n actividad: aprox. 1h30min actividad con animales + Gincana + Merienda, puede alargar hasta hora de cierre parque<\/span><\/p>\n<p>Actividad:<\/p>\n<ul>\n<li>Entra en los recintos de los conejos, de las cabritas y de las marmotas y dales de comer (en \u00e9poca de hibernaci\u00f3n dinos tu animales preferido y vamos a verlo en acci\u00f3n).<\/li>\n<li>Si eres quien hace a\u00f1os, prep\u00e1rate porque podr\u00e1s dar fruta en las osos !!<\/li>\n<li>Anima\u00f3s a a hacer una gincana de b\u00fasqueda del tesoro.<\/li>\n<li>Y acabad con una merienda que os prepararemos y os tom\u00e1is en la zona de p\u00edcnic&nbsp; o en la la zona de p\u00edcnic \u201cMirador dels Ossos\u201d.<\/li>\n<\/ul>\n<p>&nbsp;<\/p>\n<h3><a href=\"https:\/\/www.molloparc.com\/wp-content\/uploads\/2019\/08\/festa-aniversari-mollo-parc-4.jpg\"><img decoding=\"async\" loading=\"lazy\" class=\"size-medium wp-image-6049 alignright\" src=\"https:\/\/www.molloparc.com\/wp-content\/uploads\/2019\/08\/festa-aniversari-mollo-parc-4-300x200.jpg\" alt=\"\" width=\"300\" height=\"200\" srcset=\"https:\/\/www.molloparc.com\/wp-content\/uploads\/2019\/08\/festa-aniversari-mollo-parc-4-300x200.jpg 300w, https:\/\/www.molloparc.com\/wp-content\/uploads\/2019\/08\/festa-aniversari-mollo-parc-4-768x512.jpg 768w, https:\/\/www.molloparc.com\/wp-content\/uploads\/2019\/08\/festa-aniversari-mollo-parc-4-1024x683.jpg 1024w, https:\/\/www.molloparc.com\/wp-content\/uploads\/2019\/08\/festa-aniversari-mollo-parc-4-405x270.jpg 405w, https:\/\/www.molloparc.com\/wp-content\/uploads\/2019\/08\/festa-aniversari-mollo-parc-4-262x174.jpg 262w, https:\/\/www.molloparc.com\/wp-content\/uploads\/2019\/08\/festa-aniversari-mollo-parc-4.jpg 1200w\" sizes=\"(max-width: 300px) 100vw, 300px\" \/><\/a>Completa tu fiesta con las siguientes propuestas opcionales<\/h3>\n<p>Y adem\u00e1s, puede completar la fiesta:<\/p>\n<ul>\n<li>Disfrutando del inflable.<\/li>\n<li>Yendo en pony.<\/li>\n<li>O con el taller \u00abfes la teva petjada\u00bb.<\/li>\n<\/ul>\n<p>&nbsp;<\/p>\n<p>&nbsp;<\/p>\n<p style=\"text-align: center;\"><span style=\"color: #99cc00;\">\u00bfCuando puedes celebrar tu fiesta?<\/span><\/p>\n<p style=\"text-align: center;\">Durante todo el a\u00f1o tardes. Otros horarios consultar.<\/p>\n<p><a href=\"mailto:info@molloparc.com\"><img decoding=\"async\" loading=\"lazy\" class=\"size-medium wp-image-6102 aligncenter\" src=\"https:\/\/www.molloparc.com\/wp-content\/uploads\/2019\/08\/fIESta-UMPLEANOS-mollo-parc3-300x100.png\" alt=\"\" width=\"300\" height=\"100\"><\/a><\/p>\n<p>&nbsp;<\/p>\n","protected":false},"excerpt":{"rendered":"<p>Fiestas de cumple\u00f1os Moll\u00f3 Parc Animals Reserva previa con 15 d\u00edas de antelaci\u00f3n VEN A CELEBRAR TU FIESTA DE CUMPLEA\u00d1OS EN MOLLO\u0301 PARC ANIMALS -Actividad recomendable para ni\u00f1os y ni\u00f1as de los 5 a los 11 a\u00f1os- Opci\u00f3n 1: Pack Moll\u00f3 Parc Animals + Sitio para merendar Duraci\u00f3n actividad de 1h30min aprox. el parque de [&hellip;]<\/p>\n","protected":false},"author":2,"featured_media":0,"parent":0,"menu_order":0,"comment_status":"closed","ping_status":"closed","template":"page-templates\/template-full-width.php","meta":{"ngg_post_thumbnail":0},"yoast_head":"<!-- This site is optimized with the Yoast SEO plugin v19.13 - https:\/\/yoast.com\/wordpress\/plugins\/seo\/ -->\n<title>Fiestas de cumple\u00f1os Moll\u00f3 Parc Animals - Moll\u00f3 Parc<\/title>\n<meta name=\"robots\" content=\"index, follow, max-snippet:-1, max-image-preview:large, max-video-preview:-1\" \/>\n<link rel=\"canonical\" href=\"https:\/\/www.molloparc.com\/es\/fiestas-de-cumplenos-mollo-parc-animals\/\" \/>\n<meta property=\"og:locale\" content=\"es_ES\" \/>\n<meta property=\"og:type\" content=\"article\" \/>\n<meta property=\"og:title\" content=\"Fiestas de cumple\u00f1os Moll\u00f3 Parc Animals - Moll\u00f3 Parc\" \/>\n<meta property=\"og:description\" content=\"Fiestas de cumple\u00f1os Moll\u00f3 Parc Animals Reserva previa con 15 d\u00edas de antelaci\u00f3n VEN A CELEBRAR TU FIESTA DE CUMPLEA\u00d1OS EN MOLLO\u0301 PARC ANIMALS -Actividad recomendable para ni\u00f1os y ni\u00f1as de los 5 a los 11 a\u00f1os- Opci\u00f3n 1: Pack Moll\u00f3 Parc Animals + Sitio para merendar Duraci\u00f3n actividad de 1h30min aprox. el parque de [&hellip;]\" \/>\n<meta property=\"og:url\" content=\"https:\/\/www.molloparc.com\/es\/fiestas-de-cumplenos-mollo-parc-animals\/\" \/>\n<meta property=\"og:site_name\" content=\"Moll\u00f3 Parc\" \/>\n<meta property=\"article:modified_time\" content=\"2024-08-29T09:09:33+00:00\" \/>\n<meta property=\"og:image\" content=\"https:\/\/www.molloparc.com\/wp-content\/uploads\/2019\/08\/festa-aniversari-mollo-parc-1-300x200.jpg\" \/>\n<meta name=\"twitter:card\" content=\"summary_large_image\" \/>\n<meta name=\"twitter:label1\" content=\"Tiempo de lectura\" \/>\n\t<meta name=\"twitter:data1\" content=\"3 minutos\" \/>\n<script type=\"application\/ld+json\" class=\"yoast-schema-graph\">{\"@context\":\"https:\/\/schema.org\",\"@graph\":[{\"@type\":\"WebPage\",\"@id\":\"https:\/\/www.molloparc.com\/es\/fiestas-de-cumplenos-mollo-parc-animals\/\",\"url\":\"https:\/\/www.molloparc.com\/es\/fiestas-de-cumplenos-mollo-parc-animals\/\",\"name\":\"Fiestas de cumple\u00f1os Moll\u00f3 Parc Animals - Moll\u00f3 Parc\",\"isPartOf\":{\"@id\":\"https:\/\/www.molloparc.com\/#website\"},\"datePublished\":\"2019-08-28T13:21:31+00:00\",\"dateModified\":\"2024-08-29T09:09:33+00:00\",\"breadcrumb\":{\"@id\":\"https:\/\/www.molloparc.com\/es\/fiestas-de-cumplenos-mollo-parc-animals\/#breadcrumb\"},\"inLanguage\":\"es\",\"potentialAction\":[{\"@type\":\"ReadAction\",\"target\":[\"https:\/\/www.molloparc.com\/es\/fiestas-de-cumplenos-mollo-parc-animals\/\"]}]},{\"@type\":\"BreadcrumbList\",\"@id\":\"https:\/\/www.molloparc.com\/es\/fiestas-de-cumplenos-mollo-parc-animals\/#breadcrumb\",\"itemListElement\":[{\"@type\":\"ListItem\",\"position\":1,\"name\":\"Inici\",\"item\":\"https:\/\/www.molloparc.com\/es\/\"},{\"@type\":\"ListItem\",\"position\":2,\"name\":\"Fiestas de cumple\u00f1os Moll\u00f3 Parc Animals\"}]},{\"@type\":\"WebSite\",\"@id\":\"https:\/\/www.molloparc.com\/#website\",\"url\":\"https:\/\/www.molloparc.com\/\",\"name\":\"Moll\u00f3 Parc\",\"description\":\"Parc d&#039;animals dels Prineus a la Vall de Camprodon\",\"potentialAction\":[{\"@type\":\"SearchAction\",\"target\":{\"@type\":\"EntryPoint\",\"urlTemplate\":\"https:\/\/www.molloparc.com\/?s={search_term_string}\"},\"query-input\":\"required name=search_term_string\"}],\"inLanguage\":\"es\"}]}<\/script>\n<!-- \/ Yoast SEO plugin. -->","yoast_head_json":{"title":"Fiestas de cumple\u00f1os Moll\u00f3 Parc Animals - Moll\u00f3 Parc","robots":{"index":"index","follow":"follow","max-snippet":"max-snippet:-1","max-image-preview":"max-image-preview:large","max-video-preview":"max-video-preview:-1"},"canonical":"https:\/\/www.molloparc.com\/es\/fiestas-de-cumplenos-mollo-parc-animals\/","og_locale":"es_ES","og_type":"article","og_title":"Fiestas de cumple\u00f1os Moll\u00f3 Parc Animals - Moll\u00f3 Parc","og_description":"Fiestas de cumple\u00f1os Moll\u00f3 Parc Animals Reserva previa con 15 d\u00edas de antelaci\u00f3n VEN A CELEBRAR TU FIESTA DE CUMPLEA\u00d1OS EN MOLLO\u0301 PARC ANIMALS -Actividad recomendable para ni\u00f1os y ni\u00f1as de los 5 a los 11 a\u00f1os- Opci\u00f3n 1: Pack Moll\u00f3 Parc Animals + Sitio para merendar Duraci\u00f3n actividad de 1h30min aprox. el parque de [&hellip;]","og_url":"https:\/\/www.molloparc.com\/es\/fiestas-de-cumplenos-mollo-parc-animals\/","og_site_name":"Moll\u00f3 Parc","article_modified_time":"2024-08-29T09:09:33+00:00","og_image":[{"url":"https:\/\/www.molloparc.com\/wp-content\/uploads\/2019\/08\/festa-aniversari-mollo-parc-1-300x200.jpg"}],"twitter_card":"summary_large_image","twitter_misc":{"Tiempo de lectura":"3 minutos"},"schema":{"@context":"https:\/\/schema.org","@graph":[{"@type":"WebPage","@id":"https:\/\/www.molloparc.com\/es\/fiestas-de-cumplenos-mollo-parc-animals\/","url":"https:\/\/www.molloparc.com\/es\/fiestas-de-cumplenos-mollo-parc-animals\/","name":"Fiestas de cumple\u00f1os Moll\u00f3 Parc Animals - Moll\u00f3 Parc","isPartOf":{"@id":"https:\/\/www.molloparc.com\/#website"},"datePublished":"2019-08-28T13:21:31+00:00","dateModified":"2024-08-29T09:09:33+00:00","breadcrumb":{"@id":"https:\/\/www.molloparc.com\/es\/fiestas-de-cumplenos-mollo-parc-animals\/#breadcrumb"},"inLanguage":"es","potentialAction":[{"@type":"ReadAction","target":["https:\/\/www.molloparc.com\/es\/fiestas-de-cumplenos-mollo-parc-animals\/"]}]},{"@type":"BreadcrumbList","@id":"https:\/\/www.molloparc.com\/es\/fiestas-de-cumplenos-mollo-parc-animals\/#breadcrumb","itemListElement":[{"@type":"ListItem","position":1,"name":"Inici","item":"https:\/\/www.molloparc.com\/es\/"},{"@type":"ListItem","position":2,"name":"Fiestas de cumple\u00f1os Moll\u00f3 Parc Animals"}]},{"@type":"WebSite","@id":"https:\/\/www.molloparc.com\/#website","url":"https:\/\/www.molloparc.com\/","name":"Moll\u00f3 Parc","description":"Parc d&#039;animals dels Prineus a la Vall de Camprodon","potentialAction":[{"@type":"SearchAction","target":{"@type":"EntryPoint","urlTemplate":"https:\/\/www.molloparc.com\/?s={search_term_string}"},"query-input":"required name=search_term_string"}],"inLanguage":"es"}]}},"_links":{"self":[{"href":"https:\/\/www.molloparc.com\/es\/wp-json\/wp\/v2\/pages\/6097"}],"collection":[{"href":"https:\/\/www.molloparc.com\/es\/wp-json\/wp\/v2\/pages"}],"about":[{"href":"https:\/\/www.molloparc.com\/es\/wp-json\/wp\/v2\/types\/page"}],"author":[{"embeddable":true,"href":"https:\/\/www.molloparc.com\/es\/wp-json\/wp\/v2\/users\/2"}],"replies":[{"embeddable":true,"href":"https:\/\/www.molloparc.com\/es\/wp-json\/wp\/v2\/comments?post=6097"}],"version-history":[{"count":6,"href":"https:\/\/www.molloparc.com\/es\/wp-json\/wp\/v2\/pages\/6097\/revisions"}],"predecessor-version":[{"id":9151,"href":"https:\/\/www.molloparc.com\/es\/wp-json\/wp\/v2\/pages\/6097\/revisions\/9151"}],"wp:attachment":[{"href":"https:\/\/www.molloparc.com\/es\/wp-json\/wp\/v2\/media?parent=6097"}],"curies":[{"name":"wp","href":"https:\/\/api.w.org\/{rel}","templated":true}]}}