{"id":6381,"date":"2019-11-12T11:39:13","date_gmt":"2019-11-12T11:39:13","guid":{"rendered":"https:\/\/www.molloparc.com\/home2\/"},"modified":"2026-04-16T12:23:29","modified_gmt":"2026-04-16T12:23:29","slug":"home2","status":"publish","type":"page","link":"https:\/\/www.molloparc.com\/es\/","title":{"rendered":"HOME"},"content":{"rendered":"<h1 style=\"text-align: center;\"><span style=\"color: #99cc00;\"><span style=\"font-size: 56px;\">MOLL\u00d3 PARC ANIMALES<\/span><\/span><\/h1>\n<p style=\"text-align: center;\"><strong><span style=\"font-family: comic sans ms,marker felt-thin,arial,sans-serif;\"><span style=\"color: #008000;\"><span style=\"font-size: 30px;\">\u00a1Un d\u00eda que siempre m\u00e1s recordar\u00e9is!<\/span><\/span><\/span><\/strong><\/p>\n<p style=\"text-align: center;\"><span style=\"color: #ff0000;\"><strong><span style=\"font-size: 24px;\">D\u00edas 25 y 26 de diciembre, 1 y 6 de enero parque cerrado<\/span><\/strong><\/span><\/p>\n<p style=\"text-align: center;\">No se permite la entrada de mascotas&nbsp; de ning\u00fan tipo ni tama\u00f1o.<\/p>\n<p><a href=\"https:\/\/www.molloparc.com\/wp-content\/uploads\/2026\/04\/MapaMolloParc2026.jpg\"><img decoding=\"async\" loading=\"lazy\" class=\"size-full wp-image-9604 aligncenter\" src=\"https:\/\/www.molloparc.com\/wp-content\/uploads\/2026\/04\/MapaMolloParc2026.jpg\" alt=\"MapaMolloParc2026\" width=\"1024\" height=\"669\" srcset=\"https:\/\/www.molloparc.com\/wp-content\/uploads\/2026\/04\/MapaMolloParc2026.jpg 1024w, https:\/\/www.molloparc.com\/wp-content\/uploads\/2026\/04\/MapaMolloParc2026-300x196.jpg 300w, https:\/\/www.molloparc.com\/wp-content\/uploads\/2026\/04\/MapaMolloParc2026-768x502.jpg 768w\" sizes=\"(max-width: 1024px) 100vw, 1024px\" \/><\/a><\/p>\n<p>&nbsp;<\/p>\n<p><!--more--><!--more--><!--more--><!--more--><\/p>\n<p>&nbsp;<\/p>\n<p style=\"text-align: center;\"><span style=\"font-size: 24px;\">Os proponemos pasar un d\u00eda en familia y\/o amigos rodeados de animales en semi-libertad en un paraje natural precioso. Una salida diferente que seguro que gustar\u00e1 a peque\u00f1os y mayores.<\/span><\/p>\n<p style=\"text-align: center;\"><span style=\"font-size: 24px;\">Venid y pasead por la naturaleza viendo osos, marmotas, lince, lobos, gamos &#8230; <\/span><\/p>\n<p style=\"text-align: center;\"><span style=\"font-size: 24px;\">m\u00e1s de 30 especies animales diferentes<strong> propias del Pirineo Catal\u00e1n<\/strong> en su entorno natural.<\/span><\/p>\n<p><code><\/code><\/p>\n<h3 style=\"text-align: center;\"><span style=\"color: #99cc00;\"><span style=\"font-size: 36px;\"><span style=\"font-family: comic sans ms,marker felt-thin,arial,sans-serif;\">\u00a1Venid a Moll\u00f3 Parc y pasar\u00e9is un d\u00eda inolvidable!<\/span><\/span><\/span><\/h3>\n<p style=\"text-align: center;\"><strong><span style=\"color: #008000;\"><span style=\"font-size: 18px;\">Abierto 361 al a\u00f1o y no, NO es posible reservar previamente<\/span><\/span><\/strong><\/p>\n<p style=\"text-align: center;\"><strong><span style=\"color: #008000;\">(Excepto grupos a partir de 20 personas)<\/span><\/strong><\/p>\n<p style=\"text-align: center;\"><span style=\"color: #ff0000;\"><span style=\"font-size: 16px;\">(La venta de entradas finaliza dos horas y media&nbsp; antes de la hora de cierre para tener tiempo de hacer el recorrido entero).<\/span><\/span><\/p>\n<h4>&nbsp;<\/h4>\n<h4><a href=\"https:\/\/www.molloparc.com\/es\/animales-de-los-pirineos\/\"><img decoding=\"async\" loading=\"lazy\" class=\"wp-image-6405 aligncenter\" src=\"https:\/\/www.molloparc.com\/wp-content\/uploads\/2020\/04\/banners-home-castella3-1.jpg\" alt=\"\" width=\"750\" height=\"96\" srcset=\"https:\/\/www.molloparc.com\/wp-content\/uploads\/2020\/04\/banners-home-castella3-1.jpg 956w, https:\/\/www.molloparc.com\/wp-content\/uploads\/2020\/04\/banners-home-castella3-1-300x39.jpg 300w, https:\/\/www.molloparc.com\/wp-content\/uploads\/2020\/04\/banners-home-castella3-1-768x99.jpg 768w\" sizes=\"(max-width: 750px) 100vw, 750px\" \/><\/a><\/h4>\n<p>&nbsp;<\/p>\n<h3><span style=\"color: #008000;\"><span style=\"font-size: 22pt;\">\u00bfComo es visitar Moll\u00f3 Parc?<\/span><\/span><\/h3>\n<p><strong>Moll\u00f3 Parc es un Parque de animales<\/strong> situado entre bosques y prados en pleno coraz\u00f3n del Valle de Camprodon (a 1&#8217;5h de Barcelona y en 1h de Girona).<\/p>\n<p>A lo largo de un recorrido de 3 horas podr\u00e9is pasear tranquilamente rodeados de \u00e1rboles y animales. Estar\u00e9is en plena naturaleza y mientras ir\u00e9is observando diferentes especies animales: osos, lince, lobos, \u00e1guilas reales, marmotas, ginetas, ciervos, jabal\u00edes, zorros &#8230; Todos ellos est\u00e1n en semi-libertad, en las mejores condiciones de bienestar y en su h\u00e1bitat natural. Es importante tomar conciencia de que, una vez dentro del parque, se prioriza el bienestar de los animales a la voluntad de las personas, por eso probablemente podr\u00e9is ver la mayor\u00eda de los animales, pero nunca podremos asegurar la visualizaci\u00f3n de todos ellos ya que se comportan seg\u00fan su voluntad.Por esta raz\u00f3n, podr\u00e9is acceder al parque durante todo el d\u00eda de la visita, siempre y cuando lo solicit\u00e9is antes de salir de este.<\/p>\n<p>A medio recorrido encontrar\u00e9is una <strong> zona de picnic<\/strong>, donde podr\u00e9is desayunar, comer o merendar, o simplemente descansar un rato sintiendo el agua del r\u00edo que pasa por el lado. Los m\u00e1s atrevidos, en pleno verano, incluso ponen los pies!<\/p>\n<p>A la entrada \/ salida encontrar\u00e9is otra <strong> zona de picnic&nbsp;<\/strong> desde donde podr\u00e9is observar los osos y, de cara al buen tiempo, es donde encontrar\u00e9is el hinchable de Moll\u00f3 Parc.<\/p>\n<p>&nbsp;<\/p>\n<p style=\"text-align: center;\"><strong><span style=\"font-family: comic sans ms,marker felt-thin,arial,sans-serif;\"><span style=\"color: #008000;\"><span style=\"font-size: 30px;\">Una excursi\u00f3n indicada para mayores y peque\u00f1os, <\/span><\/span><\/span><\/strong><\/p>\n<p style=\"text-align: center;\"><strong><span style=\"font-family: comic sans ms,marker felt-thin,arial,sans-serif;\"><span style=\"color: #008000;\"><span style=\"font-size: 30px;\">porqu\u00e9 el amor por los animales no tiene edad, \u00bfno?<\/span><\/span><\/span><\/strong><\/p>\n<p>&nbsp;<\/p>\n<p><strong>Los animales del parque no invernan<\/strong>,&nbsp; s\u00f3lo las&nbsp; marmotas (de noviembre a marzo), por lo tanto&nbsp; pod\u00e9is venir <strong>a cualquier \u00e9poca del a\u00f1o.&nbsp;<\/strong>Si ven\u00eds en <strong>Primavera<\/strong>, podr\u00e9is ver rebrotar la naturaleza y disfrutar del esplendor de verdes que nos ofrece esta estaci\u00f3n del a\u00f1o. Si decid\u00eds venir en los largos d\u00edas de <strong>verano<\/strong> disfrutar\u00e9is&nbsp;de la agradable temperatura del <strong>Valle de Camprodon<\/strong>, que en esta \u00e9poca es un aut\u00e9ntico placer. O bien, pod\u00e9is venir y observar la variedad de colores que el <strong>oto\u00f1o<\/strong> nos regala cada a\u00f1o. O venir a pasear tranquilamente y disfrutar de la quietud del <strong>invierno<\/strong>.<\/p>\n<p>&nbsp;<\/p>\n<p style=\"text-align: center;\"><span style=\"color: #008000; font-family: comic sans ms, marker felt-thin, arial, sans-serif;\"><span style=\"font-size: 26px;\"><b>Lo sabemos, una imagen vale m\u00e1s que 1000 palabras:<\/b><\/span><\/span><b><\/b><\/p>\n<p style=\"text-align: center;\"><iframe loading=\"lazy\" src=\"https:\/\/www.youtube.com\/embed\/xtRPt0aiRLE\" width=\"560\" height=\"315\" frameborder=\"0\" allowfullscreen=\"allowfullscreen\" data-mce-fragment=\"1\"><\/iframe><\/p>\n<h4><a href=\"https:\/\/www.molloparc.com\/es\/horarios-y-calendario-mollo-parc\/\"><img decoding=\"async\" loading=\"lazy\" class=\"aligncenter wp-image-6404\" src=\"https:\/\/www.molloparc.com\/wp-content\/uploads\/2020\/04\/banners-home-castella2.jpg\" alt=\"\" width=\"750\" height=\"96\" srcset=\"https:\/\/www.molloparc.com\/wp-content\/uploads\/2020\/04\/banners-home-castella2.jpg 956w, https:\/\/www.molloparc.com\/wp-content\/uploads\/2020\/04\/banners-home-castella2-300x39.jpg 300w, https:\/\/www.molloparc.com\/wp-content\/uploads\/2020\/04\/banners-home-castella2-768x99.jpg 768w\" sizes=\"(max-width: 750px) 100vw, 750px\" \/><\/a><\/h4>\n<p>&nbsp;<\/p>\n<div class=\"magaziner-column magaziner-one-fourth magaziner-column-first \"><\/p>\n<h3 style=\"text-align: center;\"><a href=\"https:\/\/www.molloparc.com\/es\/mapa-interactivo\/\">Descubre todos los animales&nbsp;<\/a><\/h3>\n<h4 style=\"text-align: center;\">Lobos, lince, osos, marmotas te esperen en Moll\u00f3 Parc<\/h4>\n<h4 style=\"text-align: center;\"><a href=\"https:\/\/www.molloparc.com\/es\/mapa-interactivo\/\"><img decoding=\"async\" loading=\"lazy\" class=\"aligncenter wp-image-6264 size-medium\" src=\"https:\/\/www.molloparc.com\/wp-content\/uploads\/2020\/01\/mollo-parc-1-300x200.jpg\" alt=\"\" width=\"300\" height=\"200\" srcset=\"https:\/\/www.molloparc.com\/wp-content\/uploads\/2020\/01\/mollo-parc-1.jpg 300w, https:\/\/www.molloparc.com\/wp-content\/uploads\/2020\/01\/mollo-parc-1-262x174.jpg 262w\" sizes=\"(max-width: 300px) 100vw, 300px\" \/><\/a><\/h4>\n<p><\/div>\n<div class=\"magaziner-column magaziner-one-fourth magaziner-column-second \"><\/p>\n<h3 style=\"text-align: center;\"><a href=\"https:\/\/www.molloparc.com\/es\/experiencies-de-natura\/\">Experiencias de Natura<\/a><\/h3>\n<h4 style=\"text-align: center;\">\u00a1Ven a hacer de cuidador de animales por un d\u00eda!<\/h4>\n<p style=\"text-align: center;\"><a href=\"https:\/\/www.molloparc.com\/es\/experiencies-de-natura\/\"><img decoding=\"async\" loading=\"lazy\" class=\"alignnone wp-image-6265 size-medium\" src=\"https:\/\/www.molloparc.com\/wp-content\/uploads\/2020\/01\/mollo-parc-2-300x200.jpg\" alt=\"\" width=\"300\" height=\"200\" srcset=\"https:\/\/www.molloparc.com\/wp-content\/uploads\/2020\/01\/mollo-parc-2.jpg 300w, https:\/\/www.molloparc.com\/wp-content\/uploads\/2020\/01\/mollo-parc-2-262x174.jpg 262w\" sizes=\"(max-width: 300px) 100vw, 300px\" \/><\/a><\/p>\n<p><\/div>\n<div class=\"magaziner-column magaziner-one-fourth magaziner-column-third \"><\/p>\n<h3 style=\"text-align: center;\"><a href=\"https:\/\/www.molloparc.com\/es\/regalla-mollo-parc\/\">Regala Moll\u00f3 Parc<\/a><\/h3>\n<h4 style=\"text-align: center;\">Regala emociones y experiencias para siempre<\/h4>\n<p><a href=\"https:\/\/www.molloparc.com\/wp-content\/uploads\/2024\/07\/Disseny-sense-titol-3.png\"><img decoding=\"async\" loading=\"lazy\" class=\"size-full wp-image-9051 aligncenter\" src=\"https:\/\/www.molloparc.com\/wp-content\/uploads\/2024\/07\/Disseny-sense-titol-3.png\" alt=\"\" width=\"300\" height=\"200\" srcset=\"https:\/\/www.molloparc.com\/wp-content\/uploads\/2024\/07\/Disseny-sense-titol-3.png 300w, https:\/\/www.molloparc.com\/wp-content\/uploads\/2024\/07\/Disseny-sense-titol-3-262x174.png 262w\" sizes=\"(max-width: 300px) 100vw, 300px\" \/><\/a><\/p>\n<p><\/div>\n<div class=\"magaziner-column magaziner-one-fourth magaziner-column-last \"><\/p>\n<h3 style=\"text-align: center;\"><a href=\"https:\/\/www.molloparc.com\/es\/oferta-mollo-parc-barnedes\/\">Duerme en el parque<\/a><\/h3>\n<h4 style=\"text-align: center;\">&nbsp;Y despierta rodeado de animales y&nbsp; natura<\/h4>\n<p><a href=\"https:\/\/www.molloparc.com\/es\/oferta-mollo-parc-barnedes\/\"><img decoding=\"async\" loading=\"lazy\" class=\"aligncenter wp-image-6268 size-medium\" src=\"https:\/\/www.molloparc.com\/wp-content\/uploads\/2020\/01\/mollo-parc5-300x200.jpg\" alt=\"\" width=\"300\" height=\"200\" srcset=\"https:\/\/www.molloparc.com\/wp-content\/uploads\/2020\/01\/mollo-parc5.jpg 300w, https:\/\/www.molloparc.com\/wp-content\/uploads\/2020\/01\/mollo-parc5-262x174.jpg 262w\" sizes=\"(max-width: 300px) 100vw, 300px\" \/><\/a><\/p>\n<p><\/div>\n<p style=\"text-align: center;\"><strong><span style=\"font-family: comic sans ms,marker felt-thin,arial,sans-serif;\"><span style=\"color: #008000;\"><span style=\"font-size: 30px;\">No te lo imagines. \u00a1VEN<\/span><\/span><\/span><\/strong><strong><span style=\"font-family: comic sans ms,marker felt-thin,arial,sans-serif;\"><span style=\"color: #008000;\"><span style=\"font-size: 30px;\">!<\/span><\/span><\/span><\/strong><\/p>\n<h1 style=\"text-align: center;\"><span style=\"color: #ff0000;\">Abierto 361&nbsp; al a\u00f1o y no, NO \u00e9s possible reservar previamente<\/span><\/h1>\n<div class=\"magaziner-column magaziner-one-third magaziner-column-first \"><\/p>\n<h3 style=\"text-align: center;\"><a href=\"https:\/\/www.molloparc.com\/es\/tarifas-y-horarios\/\">Consulta las tarifes<\/a><\/h3>\n<p><a href=\"https:\/\/www.molloparc.com\/es\/tarifas-y-horarios\/\"><img decoding=\"async\" loading=\"lazy\" class=\"aligncenter wp-image-6408 size-full\" src=\"https:\/\/www.molloparc.com\/wp-content\/uploads\/2020\/04\/tarifas.jpg\" alt=\"\" width=\"300\" height=\"200\" srcset=\"https:\/\/www.molloparc.com\/wp-content\/uploads\/2020\/04\/tarifas.jpg 300w, https:\/\/www.molloparc.com\/wp-content\/uploads\/2020\/04\/tarifas-262x174.jpg 262w\" sizes=\"(max-width: 300px) 100vw, 300px\" \/><\/a><\/p>\n<p><\/div>\n<div class=\"magaziner-column magaziner-one-third magaziner-column-second \"><\/p>\n<h3 style=\"text-align: center;\"><a href=\"https:\/\/www.molloparc.com\/es\/horarios-y-calendario-mollo-parc\/\">Consulta los Horarios y calendario<\/a><a href=\"https:\/\/www.molloparc.com\/es\/horarios-y-calendario-mollo-parc\/\"><img decoding=\"async\" loading=\"lazy\" class=\"aligncenter wp-image-6406 size-full\" src=\"https:\/\/www.molloparc.com\/wp-content\/uploads\/2020\/04\/horarios.jpg\" alt=\"\" width=\"300\" height=\"200\" srcset=\"https:\/\/www.molloparc.com\/wp-content\/uploads\/2020\/04\/horarios.jpg 300w, https:\/\/www.molloparc.com\/wp-content\/uploads\/2020\/04\/horarios-262x174.jpg 262w\" sizes=\"(max-width: 300px) 100vw, 300px\" \/><\/a><\/h3>\n<p><\/div>\n<div class=\"magaziner-column magaziner-one-third magaziner-column-last \"><\/p>\n<h3 style=\"text-align: center;\"><a href=\"https:\/\/www.molloparc.com\/es\/preguntas-frecuentes\/\">Consulta las preguntas m\u00e1s comunes<\/a><a href=\"https:\/\/www.molloparc.com\/es\/preguntas-frecuentes\/\"><img decoding=\"async\" loading=\"lazy\" class=\"aligncenter wp-image-6407 size-full\" src=\"https:\/\/www.molloparc.com\/wp-content\/uploads\/2020\/04\/preguntas-frecuentes.jpg\" alt=\"\" width=\"300\" height=\"200\" srcset=\"https:\/\/www.molloparc.com\/wp-content\/uploads\/2020\/04\/preguntas-frecuentes.jpg 300w, https:\/\/www.molloparc.com\/wp-content\/uploads\/2020\/04\/preguntas-frecuentes-262x174.jpg 262w\" sizes=\"(max-width: 300px) 100vw, 300px\" \/><\/a><\/h3>\n<p><\/div>\n<p>&nbsp;<\/p>\n<p style=\"text-align: center;\"><strong><span style=\"font-family: comic sans ms,marker felt-thin,arial,sans-serif;\"><span style=\"color: #008000;\"><span style=\"font-size: 46px;\">\u00a1Te esperamos pronto!<\/span><\/span><\/span><\/strong><\/p>\n<p>&nbsp;<\/p>\n<p>&nbsp;<\/p>\n<p>&nbsp;<\/p>\n","protected":false},"excerpt":{"rendered":"<p>MOLL\u00d3 PARC ANIMALES \u00a1Un d\u00eda que siempre m\u00e1s recordar\u00e9is! D\u00edas 25 y 26 de diciembre, 1 y 6 de enero parque cerrado No se permite la entrada de mascotas&nbsp; de ning\u00fan tipo ni tama\u00f1o. &nbsp;<\/p>\n","protected":false},"author":2,"featured_media":0,"parent":0,"menu_order":0,"comment_status":"closed","ping_status":"closed","template":"page-templates\/template-full-width.php","meta":{"ngg_post_thumbnail":0},"yoast_head":"<!-- This site is optimized with the Yoast SEO plugin v19.13 - https:\/\/yoast.com\/wordpress\/plugins\/seo\/ -->\n<title>HOME - Moll\u00f3 Parc<\/title>\n<meta name=\"robots\" content=\"index, follow, max-snippet:-1, max-image-preview:large, max-video-preview:-1\" \/>\n<link rel=\"canonical\" href=\"https:\/\/www.molloparc.com\/es\/\" \/>\n<meta property=\"og:locale\" content=\"es_ES\" \/>\n<meta property=\"og:type\" content=\"article\" \/>\n<meta property=\"og:title\" content=\"HOME - Moll\u00f3 Parc\" \/>\n<meta property=\"og:description\" content=\"MOLL\u00d3 PARC ANIMALES \u00a1Un d\u00eda que siempre m\u00e1s recordar\u00e9is! D\u00edas 25 y 26 de diciembre, 1 y 6 de enero parque cerrado No se permite la entrada de mascotas&nbsp; de ning\u00fan tipo ni tama\u00f1o. &nbsp;\" \/>\n<meta property=\"og:url\" content=\"https:\/\/www.molloparc.com\/es\/\" \/>\n<meta property=\"og:site_name\" content=\"Moll\u00f3 Parc\" \/>\n<meta property=\"article:modified_time\" content=\"2026-04-16T12:23:29+00:00\" \/>\n<meta property=\"og:image\" content=\"https:\/\/www.molloparc.com\/wp-content\/uploads\/2026\/04\/MapaMolloParc2026.jpg\" \/>\n<meta name=\"twitter:card\" content=\"summary_large_image\" \/>\n<meta name=\"twitter:label1\" content=\"Tiempo de lectura\" \/>\n\t<meta name=\"twitter:data1\" content=\"6 minutos\" \/>\n<script type=\"application\/ld+json\" class=\"yoast-schema-graph\">{\"@context\":\"https:\/\/schema.org\",\"@graph\":[{\"@type\":\"WebPage\",\"@id\":\"https:\/\/www.molloparc.com\/es\/\",\"url\":\"https:\/\/www.molloparc.com\/es\/\",\"name\":\"HOME - Moll\u00f3 Parc\",\"isPartOf\":{\"@id\":\"https:\/\/www.molloparc.com\/#website\"},\"datePublished\":\"2019-11-12T11:39:13+00:00\",\"dateModified\":\"2026-04-16T12:23:29+00:00\",\"breadcrumb\":{\"@id\":\"https:\/\/www.molloparc.com\/es\/#breadcrumb\"},\"inLanguage\":\"es\",\"potentialAction\":[{\"@type\":\"ReadAction\",\"target\":[\"https:\/\/www.molloparc.com\/es\/\"]}]},{\"@type\":\"BreadcrumbList\",\"@id\":\"https:\/\/www.molloparc.com\/es\/#breadcrumb\",\"itemListElement\":[{\"@type\":\"ListItem\",\"position\":1,\"name\":\"Inici\",\"item\":\"https:\/\/www.molloparc.com\/es\/\"},{\"@type\":\"ListItem\",\"position\":2,\"name\":\"HOME\"}]},{\"@type\":\"WebSite\",\"@id\":\"https:\/\/www.molloparc.com\/#website\",\"url\":\"https:\/\/www.molloparc.com\/\",\"name\":\"Moll\u00f3 Parc\",\"description\":\"Parc d&#039;animals dels Prineus a la Vall de Camprodon\",\"potentialAction\":[{\"@type\":\"SearchAction\",\"target\":{\"@type\":\"EntryPoint\",\"urlTemplate\":\"https:\/\/www.molloparc.com\/?s={search_term_string}\"},\"query-input\":\"required name=search_term_string\"}],\"inLanguage\":\"es\"}]}<\/script>\n<!-- \/ Yoast SEO plugin. -->","yoast_head_json":{"title":"HOME - Moll\u00f3 Parc","robots":{"index":"index","follow":"follow","max-snippet":"max-snippet:-1","max-image-preview":"max-image-preview:large","max-video-preview":"max-video-preview:-1"},"canonical":"https:\/\/www.molloparc.com\/es\/","og_locale":"es_ES","og_type":"article","og_title":"HOME - Moll\u00f3 Parc","og_description":"MOLL\u00d3 PARC ANIMALES \u00a1Un d\u00eda que siempre m\u00e1s recordar\u00e9is! D\u00edas 25 y 26 de diciembre, 1 y 6 de enero parque cerrado No se permite la entrada de mascotas&nbsp; de ning\u00fan tipo ni tama\u00f1o. &nbsp;","og_url":"https:\/\/www.molloparc.com\/es\/","og_site_name":"Moll\u00f3 Parc","article_modified_time":"2026-04-16T12:23:29+00:00","og_image":[{"url":"https:\/\/www.molloparc.com\/wp-content\/uploads\/2026\/04\/MapaMolloParc2026.jpg"}],"twitter_card":"summary_large_image","twitter_misc":{"Tiempo de lectura":"6 minutos"},"schema":{"@context":"https:\/\/schema.org","@graph":[{"@type":"WebPage","@id":"https:\/\/www.molloparc.com\/es\/","url":"https:\/\/www.molloparc.com\/es\/","name":"HOME - Moll\u00f3 Parc","isPartOf":{"@id":"https:\/\/www.molloparc.com\/#website"},"datePublished":"2019-11-12T11:39:13+00:00","dateModified":"2026-04-16T12:23:29+00:00","breadcrumb":{"@id":"https:\/\/www.molloparc.com\/es\/#breadcrumb"},"inLanguage":"es","potentialAction":[{"@type":"ReadAction","target":["https:\/\/www.molloparc.com\/es\/"]}]},{"@type":"BreadcrumbList","@id":"https:\/\/www.molloparc.com\/es\/#breadcrumb","itemListElement":[{"@type":"ListItem","position":1,"name":"Inici","item":"https:\/\/www.molloparc.com\/es\/"},{"@type":"ListItem","position":2,"name":"HOME"}]},{"@type":"WebSite","@id":"https:\/\/www.molloparc.com\/#website","url":"https:\/\/www.molloparc.com\/","name":"Moll\u00f3 Parc","description":"Parc d&#039;animals dels Prineus a la Vall de Camprodon","potentialAction":[{"@type":"SearchAction","target":{"@type":"EntryPoint","urlTemplate":"https:\/\/www.molloparc.com\/?s={search_term_string}"},"query-input":"required name=search_term_string"}],"inLanguage":"es"}]}},"_links":{"self":[{"href":"https:\/\/www.molloparc.com\/es\/wp-json\/wp\/v2\/pages\/6381"}],"collection":[{"href":"https:\/\/www.molloparc.com\/es\/wp-json\/wp\/v2\/pages"}],"about":[{"href":"https:\/\/www.molloparc.com\/es\/wp-json\/wp\/v2\/types\/page"}],"author":[{"embeddable":true,"href":"https:\/\/www.molloparc.com\/es\/wp-json\/wp\/v2\/users\/2"}],"replies":[{"embeddable":true,"href":"https:\/\/www.molloparc.com\/es\/wp-json\/wp\/v2\/comments?post=6381"}],"version-history":[{"count":65,"href":"https:\/\/www.molloparc.com\/es\/wp-json\/wp\/v2\/pages\/6381\/revisions"}],"predecessor-version":[{"id":9607,"href":"https:\/\/www.molloparc.com\/es\/wp-json\/wp\/v2\/pages\/6381\/revisions\/9607"}],"wp:attachment":[{"href":"https:\/\/www.molloparc.com\/es\/wp-json\/wp\/v2\/media?parent=6381"}],"curies":[{"name":"wp","href":"https:\/\/api.w.org\/{rel}","templated":true}]}}