{"id":6412,"date":"2020-02-27T11:52:56","date_gmt":"2020-02-27T11:52:56","guid":{"rendered":"https:\/\/www.molloparc.com\/experiencies-de-natura\/"},"modified":"2020-04-29T11:24:53","modified_gmt":"2020-04-29T11:24:53","slug":"experiencies-de-natura","status":"publish","type":"page","link":"https:\/\/www.molloparc.com\/es\/experiencies-de-natura\/","title":{"rendered":"Experi\u00e8ncies de natura"},"content":{"rendered":"<h1 style=\"text-align: center;\"><span style=\"color: #99cc00;\"><span style=\"font-size: 56px;\">Experiencias de Natura\u00a0<\/span><\/span><\/h1>\n<h1 style=\"text-align: center;\"><span style=\"color: #99cc00;\"><span style=\"font-size: 56px;\">en Moll\u00f3 Parc animals<\/span><\/span><\/h1>\n<p style=\"text-align: center;\"><strong><span style=\"font-family: comic sans ms,marker felt-thin,arial,sans-serif;\"><span style=\"color: #008000;\"><span style=\"font-size: 30px;\">\u00a1Un d\u00eda que recordar\u00e9is siempre m\u00e1s!<\/span><\/span><\/span><\/strong><\/p>\n<p><code><\/code><\/p>\n<div class=\"magaziner-column magaziner-one-third magaziner-column-first \"><\/p>\n<h3 style=\"text-align: center;\"><a href=\"https:\/\/www.molloparc.com\/es\/carnet-fidelitat-mollo-parc\/\">Moll\u00f3 Parc para todo el a\u00f1o\u00a0<\/a><\/h3>\n<h4 style=\"text-align: center;\">\u00a1Ven\u00edd al parque cuando quieras!<\/h4>\n<p><a href=\"https:\/\/www.molloparc.com\/es\/carnet-fidelitat-mollo-parc\/\"><img decoding=\"async\" loading=\"lazy\" class=\"size-medium wp-image-5820 aligncenter\" src=\"https:\/\/www.molloparc.com\/wp-content\/uploads\/2018\/10\/tarja-abonamet-anual-300x202.jpg\" alt=\"tarja-abonamet-anual\" width=\"300\" height=\"202\" \/><\/a><\/p>\n<p>&nbsp;<\/p>\n<p><\/div>\n<div class=\"magaziner-column magaziner-one-third magaziner-column-second \"><\/p>\n<h3 style=\"text-align: center;\"><a href=\"https:\/\/www.molloparc.com\/cuidador-per-un-dia\/\">Experiencias de Natura<\/a><\/h3>\n<h4 style=\"text-align: center;\">\u00a1Ven a hacer de cuidador de animales por un d\u00eda!<\/h4>\n<p style=\"text-align: center;\"><a href=\"https:\/\/www.molloparc.com\/es\/cuidador-por-un-dia-2\/\"><img decoding=\"async\" loading=\"lazy\" class=\"alignnone wp-image-6265 size-medium\" src=\"https:\/\/www.molloparc.com\/wp-content\/uploads\/2020\/01\/mollo-parc-2-300x200.jpg\" alt=\"\" width=\"300\" height=\"200\" srcset=\"https:\/\/www.molloparc.com\/wp-content\/uploads\/2020\/01\/mollo-parc-2.jpg 300w, https:\/\/www.molloparc.com\/wp-content\/uploads\/2020\/01\/mollo-parc-2-262x174.jpg 262w\" sizes=\"(max-width: 300px) 100vw, 300px\" \/><\/a><\/p>\n<p><\/div>\n<div class=\"magaziner-column magaziner-one-third magaziner-column-last \"><\/p>\n<h3 style=\"text-align: center;\"><a href=\"https:\/\/www.molloparc.com\/es\/fiestas-de-cumplenos-mollo-parc-animals\/\">Fiestas de aniversario<\/a><\/h3>\n<h4 style=\"text-align: center;\">Vine a celebrar el teu aniversari a Moll\u00f3 Parc animals i\/o aventura<\/h4>\n<p><a href=\"https:\/\/www.molloparc.com\/es\/fiestas-de-cumplenos-mollo-parc-animals\/\"><img decoding=\"async\" loading=\"lazy\" class=\"size-medium wp-image-6092 aligncenter\" src=\"https:\/\/www.molloparc.com\/wp-content\/uploads\/2019\/08\/festa-aniversari-300x188.jpg\" alt=\"\" width=\"300\" height=\"188\" srcset=\"https:\/\/www.molloparc.com\/wp-content\/uploads\/2019\/08\/festa-aniversari-300x188.jpg 300w, https:\/\/www.molloparc.com\/wp-content\/uploads\/2019\/08\/festa-aniversari.jpg 600w\" sizes=\"(max-width: 300px) 100vw, 300px\" \/><\/a><\/p>\n<p><\/div>\n<p>&nbsp;<\/p>\n<p style=\"text-align: center;\"><strong><span style=\"font-family: comic sans ms,marker felt-thin,arial,sans-serif;\"><span style=\"color: #008000;\"><span style=\"font-size: 46px;\">\u00a1Te esperamos pronto!<\/span><\/span><\/span><\/strong><\/p>\n<p>&nbsp;<\/p>\n<p>&nbsp;<\/p>\n<p>&nbsp;<\/p>\n","protected":false},"excerpt":{"rendered":"<p>Experiencias de Natura\u00a0 en Moll\u00f3 Parc animals \u00a1Un d\u00eda que recordar\u00e9is siempre m\u00e1s! &nbsp; \u00a1Te esperamos pronto! &nbsp; &nbsp; &nbsp;<\/p>\n","protected":false},"author":2,"featured_media":0,"parent":0,"menu_order":0,"comment_status":"closed","ping_status":"closed","template":"page-templates\/template-full-width.php","meta":{"ngg_post_thumbnail":0},"yoast_head":"<!-- This site is optimized with the Yoast SEO plugin v19.13 - https:\/\/yoast.com\/wordpress\/plugins\/seo\/ -->\n<title>Experi\u00e8ncies de natura - Moll\u00f3 Parc<\/title>\n<meta name=\"robots\" content=\"index, follow, max-snippet:-1, max-image-preview:large, max-video-preview:-1\" \/>\n<link rel=\"canonical\" href=\"https:\/\/www.molloparc.com\/es\/experiencies-de-natura\/\" \/>\n<meta property=\"og:locale\" content=\"es_ES\" \/>\n<meta property=\"og:type\" content=\"article\" \/>\n<meta property=\"og:title\" content=\"Experi\u00e8ncies de natura - Moll\u00f3 Parc\" \/>\n<meta property=\"og:description\" content=\"Experiencias de Natura\u00a0 en Moll\u00f3 Parc animals \u00a1Un d\u00eda que recordar\u00e9is siempre m\u00e1s! &nbsp; \u00a1Te esperamos pronto! &nbsp; &nbsp; &nbsp;\" \/>\n<meta property=\"og:url\" content=\"https:\/\/www.molloparc.com\/es\/experiencies-de-natura\/\" \/>\n<meta property=\"og:site_name\" content=\"Moll\u00f3 Parc\" \/>\n<meta property=\"article:modified_time\" content=\"2020-04-29T11:24:53+00:00\" \/>\n<meta property=\"og:image\" content=\"https:\/\/www.molloparc.com\/wp-content\/uploads\/2018\/10\/tarja-abonamet-anual-300x202.jpg\" \/>\n<meta name=\"twitter:card\" content=\"summary_large_image\" \/>\n<script type=\"application\/ld+json\" class=\"yoast-schema-graph\">{\"@context\":\"https:\/\/schema.org\",\"@graph\":[{\"@type\":\"WebPage\",\"@id\":\"https:\/\/www.molloparc.com\/es\/experiencies-de-natura\/\",\"url\":\"https:\/\/www.molloparc.com\/es\/experiencies-de-natura\/\",\"name\":\"Experi\u00e8ncies de natura - Moll\u00f3 Parc\",\"isPartOf\":{\"@id\":\"https:\/\/www.molloparc.com\/#website\"},\"datePublished\":\"2020-02-27T11:52:56+00:00\",\"dateModified\":\"2020-04-29T11:24:53+00:00\",\"breadcrumb\":{\"@id\":\"https:\/\/www.molloparc.com\/es\/experiencies-de-natura\/#breadcrumb\"},\"inLanguage\":\"es\",\"potentialAction\":[{\"@type\":\"ReadAction\",\"target\":[\"https:\/\/www.molloparc.com\/es\/experiencies-de-natura\/\"]}]},{\"@type\":\"BreadcrumbList\",\"@id\":\"https:\/\/www.molloparc.com\/es\/experiencies-de-natura\/#breadcrumb\",\"itemListElement\":[{\"@type\":\"ListItem\",\"position\":1,\"name\":\"Inici\",\"item\":\"https:\/\/www.molloparc.com\/es\/\"},{\"@type\":\"ListItem\",\"position\":2,\"name\":\"Experi\u00e8ncies de natura\"}]},{\"@type\":\"WebSite\",\"@id\":\"https:\/\/www.molloparc.com\/#website\",\"url\":\"https:\/\/www.molloparc.com\/\",\"name\":\"Moll\u00f3 Parc\",\"description\":\"Parc d&#039;animals dels Prineus a la Vall de Camprodon\",\"potentialAction\":[{\"@type\":\"SearchAction\",\"target\":{\"@type\":\"EntryPoint\",\"urlTemplate\":\"https:\/\/www.molloparc.com\/?s={search_term_string}\"},\"query-input\":\"required name=search_term_string\"}],\"inLanguage\":\"es\"}]}<\/script>\n<!-- \/ Yoast SEO plugin. -->","yoast_head_json":{"title":"Experi\u00e8ncies de natura - Moll\u00f3 Parc","robots":{"index":"index","follow":"follow","max-snippet":"max-snippet:-1","max-image-preview":"max-image-preview:large","max-video-preview":"max-video-preview:-1"},"canonical":"https:\/\/www.molloparc.com\/es\/experiencies-de-natura\/","og_locale":"es_ES","og_type":"article","og_title":"Experi\u00e8ncies de natura - Moll\u00f3 Parc","og_description":"Experiencias de Natura\u00a0 en Moll\u00f3 Parc animals \u00a1Un d\u00eda que recordar\u00e9is siempre m\u00e1s! &nbsp; \u00a1Te esperamos pronto! &nbsp; &nbsp; &nbsp;","og_url":"https:\/\/www.molloparc.com\/es\/experiencies-de-natura\/","og_site_name":"Moll\u00f3 Parc","article_modified_time":"2020-04-29T11:24:53+00:00","og_image":[{"url":"https:\/\/www.molloparc.com\/wp-content\/uploads\/2018\/10\/tarja-abonamet-anual-300x202.jpg"}],"twitter_card":"summary_large_image","schema":{"@context":"https:\/\/schema.org","@graph":[{"@type":"WebPage","@id":"https:\/\/www.molloparc.com\/es\/experiencies-de-natura\/","url":"https:\/\/www.molloparc.com\/es\/experiencies-de-natura\/","name":"Experi\u00e8ncies de natura - Moll\u00f3 Parc","isPartOf":{"@id":"https:\/\/www.molloparc.com\/#website"},"datePublished":"2020-02-27T11:52:56+00:00","dateModified":"2020-04-29T11:24:53+00:00","breadcrumb":{"@id":"https:\/\/www.molloparc.com\/es\/experiencies-de-natura\/#breadcrumb"},"inLanguage":"es","potentialAction":[{"@type":"ReadAction","target":["https:\/\/www.molloparc.com\/es\/experiencies-de-natura\/"]}]},{"@type":"BreadcrumbList","@id":"https:\/\/www.molloparc.com\/es\/experiencies-de-natura\/#breadcrumb","itemListElement":[{"@type":"ListItem","position":1,"name":"Inici","item":"https:\/\/www.molloparc.com\/es\/"},{"@type":"ListItem","position":2,"name":"Experi\u00e8ncies de natura"}]},{"@type":"WebSite","@id":"https:\/\/www.molloparc.com\/#website","url":"https:\/\/www.molloparc.com\/","name":"Moll\u00f3 Parc","description":"Parc d&#039;animals dels Prineus a la Vall de Camprodon","potentialAction":[{"@type":"SearchAction","target":{"@type":"EntryPoint","urlTemplate":"https:\/\/www.molloparc.com\/?s={search_term_string}"},"query-input":"required name=search_term_string"}],"inLanguage":"es"}]}},"_links":{"self":[{"href":"https:\/\/www.molloparc.com\/es\/wp-json\/wp\/v2\/pages\/6412"}],"collection":[{"href":"https:\/\/www.molloparc.com\/es\/wp-json\/wp\/v2\/pages"}],"about":[{"href":"https:\/\/www.molloparc.com\/es\/wp-json\/wp\/v2\/types\/page"}],"author":[{"embeddable":true,"href":"https:\/\/www.molloparc.com\/es\/wp-json\/wp\/v2\/users\/2"}],"replies":[{"embeddable":true,"href":"https:\/\/www.molloparc.com\/es\/wp-json\/wp\/v2\/comments?post=6412"}],"version-history":[{"count":3,"href":"https:\/\/www.molloparc.com\/es\/wp-json\/wp\/v2\/pages\/6412\/revisions"}],"predecessor-version":[{"id":6416,"href":"https:\/\/www.molloparc.com\/es\/wp-json\/wp\/v2\/pages\/6412\/revisions\/6416"}],"wp:attachment":[{"href":"https:\/\/www.molloparc.com\/es\/wp-json\/wp\/v2\/media?parent=6412"}],"curies":[{"name":"wp","href":"https:\/\/api.w.org\/{rel}","templated":true}]}}