{"id":6421,"date":"2020-02-27T12:15:42","date_gmt":"2020-02-27T12:15:42","guid":{"rendered":"https:\/\/www.molloparc.com\/regalla-mollo-parc\/"},"modified":"2023-11-23T10:35:56","modified_gmt":"2023-11-23T10:35:56","slug":"regalla-mollo-parc","status":"publish","type":"page","link":"https:\/\/www.molloparc.com\/es\/regalla-mollo-parc\/","title":{"rendered":"Regala Moll\u00f3 parc"},"content":{"rendered":"<h1 style=\"text-align: center;\"><span style=\"color: #99cc00;\"><span style=\"font-size: 56px;\">Regala<\/span><\/span><\/h1>\n<h1 style=\"text-align: center;\"><span style=\"color: #99cc00;\"><span style=\"font-size: 56px;\">Moll\u00f3 Parc animales<\/span><\/span><\/h1>\n<p style=\"text-align: center;\"><strong><span style=\"font-family: comic sans ms,marker felt-thin,arial,sans-serif;\"><span style=\"color: #008000;\"><span style=\"font-size: 30px;\">\u00a1Un d\u00eda que recordar\u00e1n siempre m\u00e1s!<\/span><\/span><\/span><\/strong><\/p>\n<p><code><\/code><\/p>\n<div class=\"magaziner-column magaziner-one-third magaziner-column-first \"><\/p>\n<h3 style=\"text-align: center;\"><a href=\"https:\/\/www.molloparc.com\/es\/regala-mollo-parc\/\">Regala Moll\u00f3 Parc (entradas)&nbsp;<\/a><\/h3>\n<h4 style=\"text-align: center;\">\u00a1Un regalo que nunca olvidar\u00e1!<\/h4>\n<h4 style=\"text-align: center;\"><a href=\"https:\/\/www.molloparc.com\/wp-content\/uploads\/2023\/11\/regalamp.jpg\" data-wplink-edit=\"true\"><img decoding=\"async\" loading=\"lazy\" class=\"alignnone size-full wp-image-8942\" src=\"https:\/\/www.molloparc.com\/wp-content\/uploads\/2023\/11\/regalamp.jpg\" alt=\"\" width=\"300\" height=\"200\" srcset=\"https:\/\/www.molloparc.com\/wp-content\/uploads\/2023\/11\/regalamp.jpg 300w, https:\/\/www.molloparc.com\/wp-content\/uploads\/2023\/11\/regalamp-262x174.jpg 262w\" sizes=\"(max-width: 300px) 100vw, 300px\" \/><\/a><\/h4>\n<p>&nbsp;<\/p>\n<p><\/div>\n<div class=\"magaziner-column magaziner-one-third magaziner-column-second \"><\/p>\n<h3 style=\"text-align: center;\"><a href=\"https:\/\/respiradecompresalripolles.com\/ca\/tiendas\/mollo-parc\/section\/8792\/\">Regala peluches&nbsp;<\/a><\/h3>\n<h4 style=\"text-align: center;\">\u00a1Porque los tengas en casa!<\/h4>\n<p><a href=\"https:\/\/respiradecompresalripolles.com\/tiendas\/mollo-parc\/section\/8792\/\"><img decoding=\"async\" loading=\"lazy\" class=\"size-medium wp-image-6308 aligncenter\" src=\"https:\/\/www.molloparc.com\/wp-content\/uploads\/2020\/02\/regala-peluixos-300x200.jpg\" alt=\"\" width=\"300\" height=\"200\" srcset=\"https:\/\/www.molloparc.com\/wp-content\/uploads\/2020\/02\/regala-peluixos.jpg 300w, https:\/\/www.molloparc.com\/wp-content\/uploads\/2020\/02\/regala-peluixos-262x174.jpg 262w\" sizes=\"(max-width: 300px) 100vw, 300px\" \/><\/a><\/p>\n<p><\/div>\n<div class=\"magaziner-column magaziner-one-third magaziner-column-last \"><\/p>\n<h3 style=\"text-align: center;\"><a href=\"https:\/\/www.molloparc.com\/es\/cuidador-por-un-dia-2\/\">Regala ser cuidador de animales<\/a><\/h3>\n<h4 style=\"text-align: center;\">\u00a1Cuidador de animales por un d\u00eda!<\/h4>\n<p style=\"text-align: center;\"><a href=\"https:\/\/www.molloparc.com\/es\/cuidador-por-un-dia-2\/\"><img decoding=\"async\" loading=\"lazy\" class=\"alignnone wp-image-6265 size-medium\" src=\"https:\/\/www.molloparc.com\/wp-content\/uploads\/2020\/01\/mollo-parc-2-300x200.jpg\" alt=\"\" width=\"300\" height=\"200\" srcset=\"https:\/\/www.molloparc.com\/wp-content\/uploads\/2020\/01\/mollo-parc-2.jpg 300w, https:\/\/www.molloparc.com\/wp-content\/uploads\/2020\/01\/mollo-parc-2-262x174.jpg 262w\" sizes=\"(max-width: 300px) 100vw, 300px\" \/><\/a><\/p>\n<p>&nbsp;<\/p>\n<p><\/div>\n<div class=\"magaziner-column magaziner-one-third magaziner-column-first \"><\/p>\n<h3 style=\"text-align: center;\"><a href=\"https:\/\/www.molloparc.com\/carnet-fidelitat-mollo-parc\/\">Moll\u00f3 Parc para todo el a\u00f1o&nbsp;<\/a><\/h3>\n<h4 style=\"text-align: center;\">\u00a1Ven al parque cuando quieras!<\/h4>\n<p><a href=\"https:\/\/www.molloparc.com\/es\/carnet-fidelitat-mollo-parc\/\"><img decoding=\"async\" loading=\"lazy\" class=\"aligncenter wp-image-6306 size-medium\" src=\"https:\/\/www.molloparc.com\/wp-content\/uploads\/2020\/02\/ragala-mollo-parc-tot-lany-300x200.jpg\" alt=\"\" width=\"300\" height=\"200\" srcset=\"https:\/\/www.molloparc.com\/wp-content\/uploads\/2020\/02\/ragala-mollo-parc-tot-lany.jpg 300w, https:\/\/www.molloparc.com\/wp-content\/uploads\/2020\/02\/ragala-mollo-parc-tot-lany-262x174.jpg 262w\" sizes=\"(max-width: 300px) 100vw, 300px\" \/><\/a><\/p>\n<p><\/div>\n<div class=\"magaziner-column magaziner-one-third magaziner-column-second \"><\/p>\n<h3 style=\"text-align: center;\"><a href=\"https:\/\/respiradecompresalripolles.com\/tiendas\/mollo-parc\/\">La&nbsp; tienda del parque online<\/a><\/h3>\n<h4 style=\"text-align: center;\">\u00a1Ll\u00e9vate a casa un recuerdo del parque!<\/h4>\n<p><a href=\"https:\/\/respiradecompresalripolles.com\/tiendas\/mollo-parc\/\"><img decoding=\"async\" loading=\"lazy\" class=\"aligncenter wp-image-6361 size-medium\" src=\"https:\/\/www.molloparc.com\/wp-content\/uploads\/2020\/04\/botiga-online-300x200.png\" alt=\"botiga-online\" width=\"300\" height=\"200\" srcset=\"https:\/\/www.molloparc.com\/wp-content\/uploads\/2020\/04\/botiga-online.png 300w, https:\/\/www.molloparc.com\/wp-content\/uploads\/2020\/04\/botiga-online-262x174.png 262w\" sizes=\"(max-width: 300px) 100vw, 300px\" \/><\/a><\/p>\n<p><\/div>\n<div class=\"magaziner-column magaziner-one-third magaziner-column-last \"><\/p>\n<h3 style=\"text-align: center;\"><a href=\"https:\/\/www.molloparc.com\/es\/abono-de-verano-mollo-parc-animals\/\">Moll\u00f3 Parc para todo el verano<\/a><\/h3>\n<h4 style=\"text-align: center;\">\u00a1Ven al parque los d\u00edas de verano que quieras!<\/h4>\n<p><a href=\"https:\/\/www.molloparc.com\/es\/abono-de-verano-mollo-parc-animals\/\"><img decoding=\"async\" loading=\"lazy\" class=\"aligncenter wp-image-6305 size-medium\" src=\"https:\/\/www.molloparc.com\/wp-content\/uploads\/2020\/02\/ragala-mollo-parc-estiu-300x200.jpg\" alt=\"\" width=\"300\" height=\"200\" srcset=\"https:\/\/www.molloparc.com\/wp-content\/uploads\/2020\/02\/ragala-mollo-parc-estiu.jpg 300w, https:\/\/www.molloparc.com\/wp-content\/uploads\/2020\/02\/ragala-mollo-parc-estiu-262x174.jpg 262w\" sizes=\"(max-width: 300px) 100vw, 300px\" \/><\/a><\/p>\n<p><\/div>\n<p>&nbsp;<\/p>\n<p style=\"text-align: center;\"><strong><span style=\"font-family: comic sans ms,marker felt-thin,arial,sans-serif;\"><span style=\"color: #008000;\"><span style=\"font-size: 46px;\">\u00a1Te esperamos pronto!<\/span><\/span><\/span><\/strong><\/p>\n<p>&nbsp;<\/p>\n<p>&nbsp;<\/p>\n<p>&nbsp;<\/p>\n<p>&nbsp;<\/p>\n","protected":false},"excerpt":{"rendered":"<p>Regala Moll\u00f3 Parc animales \u00a1Un d\u00eda que recordar\u00e1n siempre m\u00e1s! &nbsp; \u00a1Te esperamos pronto! &nbsp; &nbsp; &nbsp; &nbsp;<\/p>\n","protected":false},"author":2,"featured_media":0,"parent":0,"menu_order":0,"comment_status":"closed","ping_status":"closed","template":"page-templates\/template-full-width.php","meta":{"ngg_post_thumbnail":0},"yoast_head":"<!-- This site is optimized with the Yoast SEO plugin v19.13 - https:\/\/yoast.com\/wordpress\/plugins\/seo\/ -->\n<title>Regala Moll\u00f3 parc - Moll\u00f3 Parc<\/title>\n<meta name=\"robots\" content=\"index, follow, max-snippet:-1, max-image-preview:large, max-video-preview:-1\" \/>\n<link rel=\"canonical\" href=\"https:\/\/www.molloparc.com\/es\/regalla-mollo-parc\/\" \/>\n<meta property=\"og:locale\" content=\"es_ES\" \/>\n<meta property=\"og:type\" content=\"article\" \/>\n<meta property=\"og:title\" content=\"Regala Moll\u00f3 parc - Moll\u00f3 Parc\" \/>\n<meta property=\"og:description\" content=\"Regala Moll\u00f3 Parc animales \u00a1Un d\u00eda que recordar\u00e1n siempre m\u00e1s! &nbsp; \u00a1Te esperamos pronto! &nbsp; &nbsp; &nbsp; &nbsp;\" \/>\n<meta property=\"og:url\" content=\"https:\/\/www.molloparc.com\/es\/regalla-mollo-parc\/\" \/>\n<meta property=\"og:site_name\" content=\"Moll\u00f3 Parc\" \/>\n<meta property=\"article:modified_time\" content=\"2023-11-23T10:35:56+00:00\" \/>\n<meta property=\"og:image\" content=\"https:\/\/www.molloparc.com\/wp-content\/uploads\/2023\/11\/regalamp.jpg\" \/>\n<meta name=\"twitter:card\" content=\"summary_large_image\" \/>\n<meta name=\"twitter:label1\" content=\"Tiempo de lectura\" \/>\n\t<meta name=\"twitter:data1\" content=\"2 minutos\" \/>\n<script type=\"application\/ld+json\" class=\"yoast-schema-graph\">{\"@context\":\"https:\/\/schema.org\",\"@graph\":[{\"@type\":\"WebPage\",\"@id\":\"https:\/\/www.molloparc.com\/es\/regalla-mollo-parc\/\",\"url\":\"https:\/\/www.molloparc.com\/es\/regalla-mollo-parc\/\",\"name\":\"Regala Moll\u00f3 parc - Moll\u00f3 Parc\",\"isPartOf\":{\"@id\":\"https:\/\/www.molloparc.com\/#website\"},\"datePublished\":\"2020-02-27T12:15:42+00:00\",\"dateModified\":\"2023-11-23T10:35:56+00:00\",\"breadcrumb\":{\"@id\":\"https:\/\/www.molloparc.com\/es\/regalla-mollo-parc\/#breadcrumb\"},\"inLanguage\":\"es\",\"potentialAction\":[{\"@type\":\"ReadAction\",\"target\":[\"https:\/\/www.molloparc.com\/es\/regalla-mollo-parc\/\"]}]},{\"@type\":\"BreadcrumbList\",\"@id\":\"https:\/\/www.molloparc.com\/es\/regalla-mollo-parc\/#breadcrumb\",\"itemListElement\":[{\"@type\":\"ListItem\",\"position\":1,\"name\":\"Inici\",\"item\":\"https:\/\/www.molloparc.com\/es\/\"},{\"@type\":\"ListItem\",\"position\":2,\"name\":\"Regala Moll\u00f3 parc\"}]},{\"@type\":\"WebSite\",\"@id\":\"https:\/\/www.molloparc.com\/#website\",\"url\":\"https:\/\/www.molloparc.com\/\",\"name\":\"Moll\u00f3 Parc\",\"description\":\"Parc d&#039;animals dels Prineus a la Vall de Camprodon\",\"potentialAction\":[{\"@type\":\"SearchAction\",\"target\":{\"@type\":\"EntryPoint\",\"urlTemplate\":\"https:\/\/www.molloparc.com\/?s={search_term_string}\"},\"query-input\":\"required name=search_term_string\"}],\"inLanguage\":\"es\"}]}<\/script>\n<!-- \/ Yoast SEO plugin. -->","yoast_head_json":{"title":"Regala Moll\u00f3 parc - Moll\u00f3 Parc","robots":{"index":"index","follow":"follow","max-snippet":"max-snippet:-1","max-image-preview":"max-image-preview:large","max-video-preview":"max-video-preview:-1"},"canonical":"https:\/\/www.molloparc.com\/es\/regalla-mollo-parc\/","og_locale":"es_ES","og_type":"article","og_title":"Regala Moll\u00f3 parc - Moll\u00f3 Parc","og_description":"Regala Moll\u00f3 Parc animales \u00a1Un d\u00eda que recordar\u00e1n siempre m\u00e1s! &nbsp; \u00a1Te esperamos pronto! &nbsp; &nbsp; &nbsp; &nbsp;","og_url":"https:\/\/www.molloparc.com\/es\/regalla-mollo-parc\/","og_site_name":"Moll\u00f3 Parc","article_modified_time":"2023-11-23T10:35:56+00:00","og_image":[{"url":"https:\/\/www.molloparc.com\/wp-content\/uploads\/2023\/11\/regalamp.jpg"}],"twitter_card":"summary_large_image","twitter_misc":{"Tiempo de lectura":"2 minutos"},"schema":{"@context":"https:\/\/schema.org","@graph":[{"@type":"WebPage","@id":"https:\/\/www.molloparc.com\/es\/regalla-mollo-parc\/","url":"https:\/\/www.molloparc.com\/es\/regalla-mollo-parc\/","name":"Regala Moll\u00f3 parc - Moll\u00f3 Parc","isPartOf":{"@id":"https:\/\/www.molloparc.com\/#website"},"datePublished":"2020-02-27T12:15:42+00:00","dateModified":"2023-11-23T10:35:56+00:00","breadcrumb":{"@id":"https:\/\/www.molloparc.com\/es\/regalla-mollo-parc\/#breadcrumb"},"inLanguage":"es","potentialAction":[{"@type":"ReadAction","target":["https:\/\/www.molloparc.com\/es\/regalla-mollo-parc\/"]}]},{"@type":"BreadcrumbList","@id":"https:\/\/www.molloparc.com\/es\/regalla-mollo-parc\/#breadcrumb","itemListElement":[{"@type":"ListItem","position":1,"name":"Inici","item":"https:\/\/www.molloparc.com\/es\/"},{"@type":"ListItem","position":2,"name":"Regala Moll\u00f3 parc"}]},{"@type":"WebSite","@id":"https:\/\/www.molloparc.com\/#website","url":"https:\/\/www.molloparc.com\/","name":"Moll\u00f3 Parc","description":"Parc d&#039;animals dels Prineus a la Vall de Camprodon","potentialAction":[{"@type":"SearchAction","target":{"@type":"EntryPoint","urlTemplate":"https:\/\/www.molloparc.com\/?s={search_term_string}"},"query-input":"required name=search_term_string"}],"inLanguage":"es"}]}},"_links":{"self":[{"href":"https:\/\/www.molloparc.com\/es\/wp-json\/wp\/v2\/pages\/6421"}],"collection":[{"href":"https:\/\/www.molloparc.com\/es\/wp-json\/wp\/v2\/pages"}],"about":[{"href":"https:\/\/www.molloparc.com\/es\/wp-json\/wp\/v2\/types\/page"}],"author":[{"embeddable":true,"href":"https:\/\/www.molloparc.com\/es\/wp-json\/wp\/v2\/users\/2"}],"replies":[{"embeddable":true,"href":"https:\/\/www.molloparc.com\/es\/wp-json\/wp\/v2\/comments?post=6421"}],"version-history":[{"count":4,"href":"https:\/\/www.molloparc.com\/es\/wp-json\/wp\/v2\/pages\/6421\/revisions"}],"predecessor-version":[{"id":8946,"href":"https:\/\/www.molloparc.com\/es\/wp-json\/wp\/v2\/pages\/6421\/revisions\/8946"}],"wp:attachment":[{"href":"https:\/\/www.molloparc.com\/es\/wp-json\/wp\/v2\/media?parent=6421"}],"curies":[{"name":"wp","href":"https:\/\/api.w.org\/{rel}","templated":true}]}}