{"id":81,"date":"2014-03-01T15:53:54","date_gmt":"2014-03-01T15:53:54","guid":{"rendered":"https:\/\/www.molloparc.com\/?page_id=81"},"modified":"2025-03-26T15:43:43","modified_gmt":"2025-03-26T15:43:43","slug":"tarifas-y-horarios","status":"publish","type":"page","link":"https:\/\/www.molloparc.com\/es\/tarifas-y-horarios\/","title":{"rendered":"TARIFAS Y HORARIOS"},"content":{"rendered":"<div style=\"text-align: center;\">\n<div style=\"text-align: center;\"><span style=\"color: #ff0000;\"><strong><span style=\"font-size: 24px;\">PARA VENIR A MOLL\u00d3 PARC NO ES NECESARIO RESERVAR CON ANTELACI\u00d3N<\/span><\/strong><\/span><\/div>\n<p style=\"text-align: center;\"><em>La entrada se cerrar\u00e1 dos horas y media antes para tener tiempo de hacer el recorrido.<\/em><\/p>\n<p style=\"text-align: center;\"><strong>ABIERTO 361 d\u00edas al a\u00f1o*<\/strong><\/p>\n<div>\n<p><span style=\"line-height: 1.5em;\">Las tarifas indicadas en este apartado&nbsp;corresponden al Moll\u00f3 Parc ANIMALES.&nbsp;<\/span><span style=\"line-height: 1.5em;\">La entrada al parque de aventura es independiente, pueden &nbsp;consultar las tarifas en &nbsp;<\/span><a style=\"line-height: 1.5em;\" href=\"http:\/\/www.molloparcaventura.com\/es\/\">Moll\u00f3 Parc Aventura<\/a>.<\/p>\n<\/div>\n<\/div>\n<p style=\"text-align: center;\"><div class=\"magaziner-column magaziner-one-fourth magaziner-column-first \"><\/p>\n<p style=\"text-align: center;\"><a href=\"https:\/\/www.molloparc.com\/wp-content\/uploads\/2014\/03\/entrada-mpanimals_es.png\"><img decoding=\"async\" loading=\"lazy\" class=\"alignnone size-full wp-image-3576\" src=\"https:\/\/www.molloparc.com\/wp-content\/uploads\/2014\/03\/entrada-mpanimals_es.png\" alt=\"entrada-mpanimals_es\" width=\"300\" height=\"50\"><\/a><br \/>\n<strong>Visita al PARQUE DE ANIMALES<\/strong><\/p>\n<p style=\"text-align: center;\">***<\/p>\n<ul>\n<li><span style=\"line-height: 1.5em;\">Adultos &nbsp;de 14 a 64 a\u00f1os (ambos incluidos): 18,00\u20ac\/pers.<\/span><\/li>\n<li><span style=\"line-height: 1.5em;\">Ni\u00f1os de 3 a 13 a\u00f1os (ambos incluidos): 13,50 \u20ac\/pers. <\/span><a href=\"https:\/\/www.molloparc.com\/es\/politica-de-descuentos\/\">Ver pol\u00edtica de descuentos.<\/a><\/li>\n<li><span style=\"line-height: 1.5em;\">Ni\u00f1os menores de 3 a\u00f1os: &nbsp;gratuito.<\/span><\/li>\n<li>Mayores de &nbsp;65 a\u00f1os: 13,50 \u20ac\/pers.<\/li>\n<li><span style=\"line-height: 1.5em;\">Adultos con diversidad funcional*: 13,50 \u20ac\/pers. <a href=\"https:\/\/www.molloparc.com\/es\/politica-de-descuentos\/\">Ver pol\u00edtica de descuentos.<\/a><\/span><\/li>\n<li>Ni\u00f1os con diversidad funcional*: 9,00 \u20ac\/pers. <a href=\"https:\/\/www.molloparc.com\/es\/politica-de-descuentos\/\">Ver pol\u00edtica de descuentos.<\/a><\/li>\n<\/ul>\n<p>*El<span style=\"line-height: 1.5em;\">&nbsp;parque disposne de una silla el\u00e9ctrica para prestar al visitante.<a href=\"https:\/\/www.molloparc.com\/es\/formulario-de-reserva-silla-de-ruedas\/\">(Avisar con 7 d\u00edas de antelaci\u00f3n para reservar).<\/a><\/span><\/p>\n<p><span style=\"line-height: 1.5em;\"><\/div><\/span><\/p>\n<p style=\"text-align: center;\"><div class=\"magaziner-column magaziner-one-fourth magaziner-column-second \"><\/p>\n<p style=\"text-align: center;\"><a href=\"https:\/\/www.molloparc.com\/wp-content\/uploads\/2018\/08\/abonament-anual-mollo-parc-_es.png\"><img decoding=\"async\" loading=\"lazy\" class=\"alignnone size-medium wp-image-5627\" src=\"https:\/\/www.molloparc.com\/wp-content\/uploads\/2018\/08\/abonament-anual-mollo-parc-_es-300x50.png\" alt=\"\" width=\"300\" height=\"50\"><\/a><\/p>\n<p style=\"text-align: center;\"><strong>&nbsp;Abono anual al PARQUE DE ANIMALES<\/strong><\/p>\n<p style=\"text-align: center;\">***<\/p>\n<ul>\n<li><span style=\"line-height: 1.5em;\">Adultos de 14 a 64 a\u00f1os&nbsp; (ambos incluidos): 51,00 \u20ac\/pers.<\/span><\/li>\n<li>Ni\u00f1os de 3 a 13 a\u00f1os<span style=\"line-height: 1.5em;\"> (ambos incluidos)<\/span>: 39,00 \u20ac\/pers.<\/li>\n<li>Mayores de &nbsp;65 A\u00f1os : 39,00 \u20ac\/pers.<\/li>\n<\/ul>\n<p><span style=\"line-height: 1.5em;\"><\/div><\/span><\/p>\n<p style=\"text-align: center;\"><div class=\"magaziner-column magaziner-one-fourth magaziner-column-third \"><\/p>\n<p style=\"text-align: center;\"><a href=\"https:\/\/www.molloparc.com\/wp-content\/uploads\/2014\/03\/tarifas-para-grupos.png\"><img decoding=\"async\" loading=\"lazy\" class=\"wp-image-2961 aligncenter\" src=\"https:\/\/www.molloparc.com\/wp-content\/uploads\/2014\/03\/tarifas-para-grupos.png\" alt=\"tarifas-para-grupos\" width=\"300\" height=\"50\"><\/a>Tarifa visita al<strong> PARQUE DE ANIMALES, S\u00d3LO PARA GRUPOS. <\/strong><\/p>\n<p style=\"text-align: center;\"><a href=\"https:\/\/www.molloparc.com\/es\/politica-de-descuentos\/\">Ver pol\u00edtica de descuentos.<\/a><\/p>\n<p style=\"text-align: center;\">***<\/p>\n<ul>\n<li><span style=\"line-height: 1.5em;\">Adultos de 14 a 64 a\u00f1os (ambdos incluidos): 15,00 \u20ac\/pers.<\/span><\/li>\n<li><span style=\"line-height: 1.5em;\">Ni\u00f1os de 3 a 13 a\u00f1os (ambdos incluidos): 11,00 \u20ac\/pers.<\/span><\/li>\n<li><span style=\"line-height: 1.5em;\">Ni\u00f1os menores de 3 a\u00f1os (m\u00e1ximo 4 ni\u00f1os por grupo): gratuito.<\/span><\/li>\n<li>A partir de 65 a\u00f1os: 11,00\u20ac\/pers.<\/li>\n<li>Adultos con diversidad funcional: 11,00\u20ac\/pers.<\/li>\n<li>Ni\u00f1os con diversidad funcional: 7,50 \u20ac\/pers.<\/li>\n<\/ul>\n<p>A partir de 20 personas. Para acogerse a estos precios es<strong> obligatorio <a href=\"https:\/\/www.molloparc.com\/es\/contacte\/\">reservar previamente<\/a> con 7 d\u00edas de antelaci\u00f3n al d\u00eda de la visita.<\/strong><\/p>\n<p><a href=\"https:\/\/www.molloparc.com\/es\/visitas-escolares\/\">Escuelas<\/a> y <a href=\"https:\/\/www.molloparc.com\/es\/agencies\/\">agencias<\/a> contactar para posibles precios especiales.<\/p>\n<p><\/div><\/p>\n<p style=\"text-align: center;\"><div class=\"magaziner-column magaziner-one-fourth magaziner-column-last \"><\/p>\n<p style=\"text-align: center;\"><a href=\"http:\/\/www.molloparcaventura.com\/es\/tarifes-i-horaris\/\"><img decoding=\"async\" loading=\"lazy\" class=\"aligncenter\" src=\"https:\/\/www.molloparc.com\/wp-content\/uploads\/2015\/08\/tarifesmolloparcaventura_ca.png\" alt=\"tarifesmolloparcaventura_ca\" width=\"300\" height=\"50\"><\/a><\/p>\n<p style=\"text-align: center;\"><strong>Tarifa MOLL\u00d3 PARC AVENTURA<\/strong><\/p>\n<p style=\"text-align: center;\"><strong>***<\/strong><\/p>\n<p>Consulta los precios y descuentos para venir tambi\u00e9n al Moll\u00f3 Parc Aventura aqu\u00ed:<a href=\"http:\/\/www.molloparcaventura.com\/es\/tarifes-i-horaris\/\">&nbsp;Moll\u00f3 Parc Aventura<\/a><\/p>\n<p>Los descuentos se aplican la entrada del Moll\u00f3 Parc aventura en caso &nbsp;de haber visitado el Moll\u00f3 Parc animals el mismo d\u00eda y presentando el ticket de la entrada.<\/p>\n<p>&nbsp;<\/p>\n<p><\/div><\/p>\n<hr class=\"magaziner-spacing \" style=\"height: 650px\" \/>\n<div style=\"text-align: center;\"><u><a href=\"https:\/\/www.molloparc.com\/es\/politica-de-descuentos\/\" target=\"_blank\" rel=\"noopener\"><span style=\"font-size: 36px;\"><span style=\"color: #fff0f5;\"><span style=\"background-color: #ff0000;\">&nbsp; &nbsp;POL\u00cdTICA DE DESCUENTOS APLICABLES&nbsp;&nbsp;<\/span><\/span><\/span><\/a><\/u><\/div>\n<hr class=\"magaziner-spacing \" style=\"height: 800px\" \/>\n<p>&#8211; En fechas de alta afluencia tur\u00edstica en el valle, y en momentos puntuales, el parque no puede garantizar el cobro con tarjeta bancaria debido a problemas de cobertura wifi y telef\u00f3nica externos en el parque. Se aconseja prevenir un posible pago en efectivo. Muchas gracias.<\/p>\n<hr class=\"magaziner-spacing \" style=\"height: 40px\" \/>\n<p>&nbsp;<\/p>\n","protected":false},"excerpt":{"rendered":"<p>PARA VENIR A MOLL\u00d3 PARC NO ES NECESARIO RESERVAR CON ANTELACI\u00d3N La entrada se cerrar\u00e1 dos horas y media antes para tener tiempo de hacer el recorrido. ABIERTO 361 d\u00edas al a\u00f1o* Las tarifas indicadas en este apartado&nbsp;corresponden al Moll\u00f3 Parc ANIMALES.&nbsp;La entrada al parque de aventura es independiente, pueden &nbsp;consultar las tarifas en &nbsp;Moll\u00f3 [&hellip;]<\/p>\n","protected":false},"author":1,"featured_media":0,"parent":0,"menu_order":0,"comment_status":"open","ping_status":"closed","template":"page-templates\/template-full-width.php","meta":{"ngg_post_thumbnail":0},"yoast_head":"<!-- This site is optimized with the Yoast SEO plugin v19.13 - https:\/\/yoast.com\/wordpress\/plugins\/seo\/ -->\n<title>TARIFAS Y HORARIOS - Moll\u00f3 Parc<\/title>\n<meta name=\"robots\" content=\"index, follow, max-snippet:-1, max-image-preview:large, max-video-preview:-1\" \/>\n<link rel=\"canonical\" href=\"https:\/\/www.molloparc.com\/es\/tarifas-y-horarios\/\" \/>\n<meta property=\"og:locale\" content=\"es_ES\" \/>\n<meta property=\"og:type\" content=\"article\" \/>\n<meta property=\"og:title\" content=\"TARIFAS Y HORARIOS - Moll\u00f3 Parc\" \/>\n<meta property=\"og:description\" content=\"PARA VENIR A MOLL\u00d3 PARC NO ES NECESARIO RESERVAR CON ANTELACI\u00d3N La entrada se cerrar\u00e1 dos horas y media antes para tener tiempo de hacer el recorrido. ABIERTO 361 d\u00edas al a\u00f1o* Las tarifas indicadas en este apartado&nbsp;corresponden al Moll\u00f3 Parc ANIMALES.&nbsp;La entrada al parque de aventura es independiente, pueden &nbsp;consultar las tarifas en &nbsp;Moll\u00f3 [&hellip;]\" \/>\n<meta property=\"og:url\" content=\"https:\/\/www.molloparc.com\/es\/tarifas-y-horarios\/\" \/>\n<meta property=\"og:site_name\" content=\"Moll\u00f3 Parc\" \/>\n<meta property=\"article:modified_time\" content=\"2025-03-26T15:43:43+00:00\" \/>\n<meta property=\"og:image\" content=\"https:\/\/www.molloparc.com\/wp-content\/uploads\/2014\/03\/entrada-mpanimals_es.png\" \/>\n<meta name=\"twitter:card\" content=\"summary_large_image\" \/>\n<meta name=\"twitter:label1\" content=\"Tiempo de lectura\" \/>\n\t<meta name=\"twitter:data1\" content=\"3 minutos\" \/>\n<script type=\"application\/ld+json\" class=\"yoast-schema-graph\">{\"@context\":\"https:\/\/schema.org\",\"@graph\":[{\"@type\":\"WebPage\",\"@id\":\"https:\/\/www.molloparc.com\/es\/tarifas-y-horarios\/\",\"url\":\"https:\/\/www.molloparc.com\/es\/tarifas-y-horarios\/\",\"name\":\"TARIFAS Y HORARIOS - Moll\u00f3 Parc\",\"isPartOf\":{\"@id\":\"https:\/\/www.molloparc.com\/#website\"},\"datePublished\":\"2014-03-01T15:53:54+00:00\",\"dateModified\":\"2025-03-26T15:43:43+00:00\",\"breadcrumb\":{\"@id\":\"https:\/\/www.molloparc.com\/es\/tarifas-y-horarios\/#breadcrumb\"},\"inLanguage\":\"es\",\"potentialAction\":[{\"@type\":\"ReadAction\",\"target\":[\"https:\/\/www.molloparc.com\/es\/tarifas-y-horarios\/\"]}]},{\"@type\":\"BreadcrumbList\",\"@id\":\"https:\/\/www.molloparc.com\/es\/tarifas-y-horarios\/#breadcrumb\",\"itemListElement\":[{\"@type\":\"ListItem\",\"position\":1,\"name\":\"Inici\",\"item\":\"https:\/\/www.molloparc.com\/es\/\"},{\"@type\":\"ListItem\",\"position\":2,\"name\":\"TARIFAS Y HORARIOS\"}]},{\"@type\":\"WebSite\",\"@id\":\"https:\/\/www.molloparc.com\/#website\",\"url\":\"https:\/\/www.molloparc.com\/\",\"name\":\"Moll\u00f3 Parc\",\"description\":\"Parc d&#039;animals dels Prineus a la Vall de Camprodon\",\"potentialAction\":[{\"@type\":\"SearchAction\",\"target\":{\"@type\":\"EntryPoint\",\"urlTemplate\":\"https:\/\/www.molloparc.com\/?s={search_term_string}\"},\"query-input\":\"required name=search_term_string\"}],\"inLanguage\":\"es\"}]}<\/script>\n<!-- \/ Yoast SEO plugin. -->","yoast_head_json":{"title":"TARIFAS Y HORARIOS - Moll\u00f3 Parc","robots":{"index":"index","follow":"follow","max-snippet":"max-snippet:-1","max-image-preview":"max-image-preview:large","max-video-preview":"max-video-preview:-1"},"canonical":"https:\/\/www.molloparc.com\/es\/tarifas-y-horarios\/","og_locale":"es_ES","og_type":"article","og_title":"TARIFAS Y HORARIOS - Moll\u00f3 Parc","og_description":"PARA VENIR A MOLL\u00d3 PARC NO ES NECESARIO RESERVAR CON ANTELACI\u00d3N La entrada se cerrar\u00e1 dos horas y media antes para tener tiempo de hacer el recorrido. ABIERTO 361 d\u00edas al a\u00f1o* Las tarifas indicadas en este apartado&nbsp;corresponden al Moll\u00f3 Parc ANIMALES.&nbsp;La entrada al parque de aventura es independiente, pueden &nbsp;consultar las tarifas en &nbsp;Moll\u00f3 [&hellip;]","og_url":"https:\/\/www.molloparc.com\/es\/tarifas-y-horarios\/","og_site_name":"Moll\u00f3 Parc","article_modified_time":"2025-03-26T15:43:43+00:00","og_image":[{"url":"https:\/\/www.molloparc.com\/wp-content\/uploads\/2014\/03\/entrada-mpanimals_es.png"}],"twitter_card":"summary_large_image","twitter_misc":{"Tiempo de lectura":"3 minutos"},"schema":{"@context":"https:\/\/schema.org","@graph":[{"@type":"WebPage","@id":"https:\/\/www.molloparc.com\/es\/tarifas-y-horarios\/","url":"https:\/\/www.molloparc.com\/es\/tarifas-y-horarios\/","name":"TARIFAS Y HORARIOS - Moll\u00f3 Parc","isPartOf":{"@id":"https:\/\/www.molloparc.com\/#website"},"datePublished":"2014-03-01T15:53:54+00:00","dateModified":"2025-03-26T15:43:43+00:00","breadcrumb":{"@id":"https:\/\/www.molloparc.com\/es\/tarifas-y-horarios\/#breadcrumb"},"inLanguage":"es","potentialAction":[{"@type":"ReadAction","target":["https:\/\/www.molloparc.com\/es\/tarifas-y-horarios\/"]}]},{"@type":"BreadcrumbList","@id":"https:\/\/www.molloparc.com\/es\/tarifas-y-horarios\/#breadcrumb","itemListElement":[{"@type":"ListItem","position":1,"name":"Inici","item":"https:\/\/www.molloparc.com\/es\/"},{"@type":"ListItem","position":2,"name":"TARIFAS Y HORARIOS"}]},{"@type":"WebSite","@id":"https:\/\/www.molloparc.com\/#website","url":"https:\/\/www.molloparc.com\/","name":"Moll\u00f3 Parc","description":"Parc d&#039;animals dels Prineus a la Vall de Camprodon","potentialAction":[{"@type":"SearchAction","target":{"@type":"EntryPoint","urlTemplate":"https:\/\/www.molloparc.com\/?s={search_term_string}"},"query-input":"required name=search_term_string"}],"inLanguage":"es"}]}},"_links":{"self":[{"href":"https:\/\/www.molloparc.com\/es\/wp-json\/wp\/v2\/pages\/81"}],"collection":[{"href":"https:\/\/www.molloparc.com\/es\/wp-json\/wp\/v2\/pages"}],"about":[{"href":"https:\/\/www.molloparc.com\/es\/wp-json\/wp\/v2\/types\/page"}],"author":[{"embeddable":true,"href":"https:\/\/www.molloparc.com\/es\/wp-json\/wp\/v2\/users\/1"}],"replies":[{"embeddable":true,"href":"https:\/\/www.molloparc.com\/es\/wp-json\/wp\/v2\/comments?post=81"}],"version-history":[{"count":77,"href":"https:\/\/www.molloparc.com\/es\/wp-json\/wp\/v2\/pages\/81\/revisions"}],"predecessor-version":[{"id":9346,"href":"https:\/\/www.molloparc.com\/es\/wp-json\/wp\/v2\/pages\/81\/revisions\/9346"}],"wp:attachment":[{"href":"https:\/\/www.molloparc.com\/es\/wp-json\/wp\/v2\/media?parent=81"}],"curies":[{"name":"wp","href":"https:\/\/api.w.org\/{rel}","templated":true}]}}