{"id":1278,"date":"2014-03-01T14:47:55","date_gmt":"2014-03-01T14:47:55","guid":{"rendered":"https:\/\/www.molloparc.com\/visitas-escolares-2\/"},"modified":"2025-03-25T12:42:00","modified_gmt":"2025-03-25T12:42:00","slug":"visites-escolares","status":"publish","type":"page","link":"https:\/\/www.molloparc.com\/fr\/visites-escolares\/","title":{"rendered":"VISITES SCOLAIRES"},"content":{"rendered":"<h1><a href=\"https:\/\/www.molloparc.com\/wp-content\/uploads\/2014\/03\/visites-escolars-mollo-parc.png\"><img decoding=\"async\" loading=\"lazy\" class=\"alignleft\" src=\"https:\/\/www.molloparc.com\/wp-content\/uploads\/2014\/03\/visites-escolars-mollo-parc.png\" alt=\"visites-escolars-mollo-parc\" width=\"270\" height=\"465\"><\/a>Visites scolaires au&nbsp;Moll\u00f3 Parc<\/h1>\n<p>Au Moll\u00f3 Parc, les activit\u00e9s scolaires se d\u00e9roulent dans le cadre de l&rsquo;\u00c9ducation environnementale. Elles ont pour objectif de d\u00e9velopper l&rsquo;int\u00e9r\u00eat envers la protection et la sauvegarde des animaux sauvages qui habitent dans les Pyr\u00e9n\u00e9es et de leurs habitats. Information et connaissance sont des \u00e9l\u00e9ments fondamentaux pour qui veut inculquer le respect envers l&rsquo;environnement naturel.<\/p>\n<p>La connaissance de la biologie des diverses esp\u00e8ces, de leur comportement, de leur fonction dans l&rsquo;\u00e9cosyst\u00e8me, des dangers qui les menacent,&#8230; sont certains des aspects trait\u00e9s dans les activit\u00e9s propos\u00e9es.<\/p>\n<p>\u00c0 qui s&rsquo;adresse la visite du Moll\u00f3 Parc ?<br \/>\nAux scolaires des \u00e9coles primaires et au premier cycle du Secondaire.<\/p>\n<p>Activit\u00e9s :<br \/>\nLes activit\u00e9s se d\u00e9roulent en compagnie du moniteur du Moll\u00f3 Parc, qui accompagne le groupe d&rsquo;\u00e9l\u00e8ves (de 20 \u00e0 25 \u00e9l\u00e8ves par moniteur).<\/p>\n<p>Elles d\u00e9butent par l&rsquo;espace consacr\u00e9 aux oiseaux, o\u00f9 sont expliqu\u00e9es les caract\u00e9ristiques propres aux rapaces. Les \u00e9l\u00e8ves peuvent observer de fort pr\u00e8s des rapaces comme la buse, l&rsquo;\u00e9pervier, le faucon cr\u00e9celle, le hibou grand duc, la chouette hulotte et des charognards comme les vautours.<\/p>\n<p>Nous faisons ensuite un petit arr\u00eat \u00e0 la ferme o\u00f9 vivent lapins, poules, oies, ch\u00e8vres, brebis du Ripoll\u00e8s et \u00e2nes catalans, tous de races autochtones.<\/p>\n<p>Puis nous poursuivons dans le reste du Parc. D&rsquo;abord l&rsquo;ours puis les marmottes que quelques \u00e9l\u00e8ves pourront nourrir. Puis nous passons entre les mouflons, les cerfs, l&rsquo;isard, les daims, les ch\u00e8vres sauvages et les \u00e9cureuils (\u00e0 partir de mai ou juin nous aurons aussi certainement un loup, un lynx, un sanglier et un renard).<\/p>\n<p>Ces activit\u00e9s sont adapt\u00e9es au niveau scolaire. Elles ont lieu le matin et, apr\u00e8s le d\u00e9jeuner, qui veut passer la journ\u00e9e au Moll\u00f3 Parc peut participer aux divers ateliers :<\/p>\n<p>1. Atelier des mammif\u00e8res<br \/>\n&#8211; Jeu d&rsquo;identification des traces et empreintes des mammif\u00e8res.<br \/>\n&#8211; Jouons aux explorateurs : itin\u00e9raires sur pistes<br \/>\n&#8211; Atelier d&#8217;empreintes en glaise.<\/p>\n<p>2. Atelier des oiseaux<br \/>\n&#8211; Jeu de relation entre divers habitats et les oiseaux du parc<br \/>\n&#8211; Jouons aux explorateurs : itin\u00e9raires des oiseaux.<br \/>\n&#8211; Atelier de construction d&rsquo;oiseaux.<\/p>\n<p>Horaires et visites :<br \/>\ndu mardi au vendredi, sur r\u00e9servation.<br \/>\n10 h 00. Arriv\u00e9e. Pr\u00e9sentation du moniteur.<br \/>\n10 h 30. Visite\/excursion dans le Parc.<br \/>\nPrix par enfant 8,00\u20ac sans moniteur<br \/>\nPrix par enfant avec moniteur: \u00e0 consulter<\/p>\n<p>Ateliers<br \/>\nChaque atelier dure une heure et demie et le co\u00fbt est de 4 \u20ac\/\u00e9l\u00e8ve (\u00e9ducateur et mat\u00e9riel inclus). Le ratio est de 1 \u00e9ducateur\/ 20 \u00e9l\u00e8ves. Ce rapport \u00e9ducateur\/ nombre d&rsquo;\u00e9l\u00e8ves est particuli\u00e8rement important, il permet de porter une grande attention \u00e0 chaque \u00e9l\u00e8ve pendant la r\u00e9alisation de l&rsquo;atelier (si le nombre est inf\u00e9rieur, le prix est de 100 \u20ac par groupe).<\/p>\n<p>Mat\u00e9riel didactique:<br \/>\nAu moment de la r\u00e9servation, vous recevrez un dossier \u00e9ducatif par \u00e9l\u00e8ve et par professeur, portant sur le cycle concern\u00e9 (maternelle, initial, moyen ou sup\u00e9rieur). Ce mat\u00e9riel permet de revoir, \u00e0 l&rsquo;\u00e9cole, les concepts les plus importants. \u00c0 la fin de la visite, nous remettons un petit travail qui peut \u00eatre r\u00e9alis\u00e9 \u00e0 la maison ou \u00e0 l&rsquo;\u00e9cole.<\/p>\n<p>Pour toute information compl\u00e9mentaire et pour r\u00e9server :&nbsp;<a href=\"mailto:visites@molloparc.com\">visites@molloparc.com<\/a><\/p>\n","protected":false},"excerpt":{"rendered":"<p>Visites scolaires au&nbsp;Moll\u00f3 Parc Au Moll\u00f3 Parc, les activit\u00e9s scolaires se d\u00e9roulent dans le cadre de l&rsquo;\u00c9ducation environnementale. Elles ont pour objectif de d\u00e9velopper l&rsquo;int\u00e9r\u00eat envers la protection et la sauvegarde des animaux sauvages qui habitent dans les Pyr\u00e9n\u00e9es et de leurs habitats. Information et connaissance sont des \u00e9l\u00e9ments fondamentaux pour qui veut inculquer le [&hellip;]<\/p>\n","protected":false},"author":1,"featured_media":0,"parent":0,"menu_order":0,"comment_status":"open","ping_status":"closed","template":"","meta":{"ngg_post_thumbnail":0},"yoast_head":"<!-- This site is optimized with the Yoast SEO plugin v19.13 - https:\/\/yoast.com\/wordpress\/plugins\/seo\/ -->\n<title>VISITES SCOLAIRES - Moll\u00f3 Parc<\/title>\n<meta name=\"robots\" content=\"index, follow, max-snippet:-1, max-image-preview:large, max-video-preview:-1\" \/>\n<link rel=\"canonical\" href=\"https:\/\/www.molloparc.com\/fr\/visites-escolares\/\" \/>\n<meta property=\"og:locale\" content=\"fr_FR\" \/>\n<meta property=\"og:type\" content=\"article\" \/>\n<meta property=\"og:title\" content=\"VISITES SCOLAIRES - Moll\u00f3 Parc\" \/>\n<meta property=\"og:description\" content=\"Visites scolaires au&nbsp;Moll\u00f3 Parc Au Moll\u00f3 Parc, les activit\u00e9s scolaires se d\u00e9roulent dans le cadre de l&rsquo;\u00c9ducation environnementale. Elles ont pour objectif de d\u00e9velopper l&rsquo;int\u00e9r\u00eat envers la protection et la sauvegarde des animaux sauvages qui habitent dans les Pyr\u00e9n\u00e9es et de leurs habitats. Information et connaissance sont des \u00e9l\u00e9ments fondamentaux pour qui veut inculquer le [&hellip;]\" \/>\n<meta property=\"og:url\" content=\"https:\/\/www.molloparc.com\/fr\/visites-escolares\/\" \/>\n<meta property=\"og:site_name\" content=\"Moll\u00f3 Parc\" \/>\n<meta property=\"article:modified_time\" content=\"2025-03-25T12:42:00+00:00\" \/>\n<meta property=\"og:image\" content=\"https:\/\/www.molloparc.com\/wp-content\/uploads\/2014\/03\/visites-escolars-mollo-parc.png\" \/>\n<meta name=\"twitter:card\" content=\"summary_large_image\" \/>\n<meta name=\"twitter:label1\" content=\"Dur\u00e9e de lecture estim\u00e9e\" \/>\n\t<meta name=\"twitter:data1\" content=\"3 minutes\" \/>\n<script type=\"application\/ld+json\" class=\"yoast-schema-graph\">{\"@context\":\"https:\/\/schema.org\",\"@graph\":[{\"@type\":\"WebPage\",\"@id\":\"https:\/\/www.molloparc.com\/fr\/visites-escolares\/\",\"url\":\"https:\/\/www.molloparc.com\/fr\/visites-escolares\/\",\"name\":\"VISITES SCOLAIRES - Moll\u00f3 Parc\",\"isPartOf\":{\"@id\":\"https:\/\/www.molloparc.com\/#website\"},\"datePublished\":\"2014-03-01T14:47:55+00:00\",\"dateModified\":\"2025-03-25T12:42:00+00:00\",\"breadcrumb\":{\"@id\":\"https:\/\/www.molloparc.com\/fr\/visites-escolares\/#breadcrumb\"},\"inLanguage\":\"fr-FR\",\"potentialAction\":[{\"@type\":\"ReadAction\",\"target\":[\"https:\/\/www.molloparc.com\/fr\/visites-escolares\/\"]}]},{\"@type\":\"BreadcrumbList\",\"@id\":\"https:\/\/www.molloparc.com\/fr\/visites-escolares\/#breadcrumb\",\"itemListElement\":[{\"@type\":\"ListItem\",\"position\":1,\"name\":\"Inici\",\"item\":\"https:\/\/www.molloparc.com\/fr\/\"},{\"@type\":\"ListItem\",\"position\":2,\"name\":\"VISITES SCOLAIRES\"}]},{\"@type\":\"WebSite\",\"@id\":\"https:\/\/www.molloparc.com\/#website\",\"url\":\"https:\/\/www.molloparc.com\/\",\"name\":\"Moll\u00f3 Parc\",\"description\":\"Parc d&#039;animals dels Prineus a la Vall de Camprodon\",\"potentialAction\":[{\"@type\":\"SearchAction\",\"target\":{\"@type\":\"EntryPoint\",\"urlTemplate\":\"https:\/\/www.molloparc.com\/?s={search_term_string}\"},\"query-input\":\"required name=search_term_string\"}],\"inLanguage\":\"fr-FR\"}]}<\/script>\n<!-- \/ Yoast SEO plugin. -->","yoast_head_json":{"title":"VISITES SCOLAIRES - Moll\u00f3 Parc","robots":{"index":"index","follow":"follow","max-snippet":"max-snippet:-1","max-image-preview":"max-image-preview:large","max-video-preview":"max-video-preview:-1"},"canonical":"https:\/\/www.molloparc.com\/fr\/visites-escolares\/","og_locale":"fr_FR","og_type":"article","og_title":"VISITES SCOLAIRES - Moll\u00f3 Parc","og_description":"Visites scolaires au&nbsp;Moll\u00f3 Parc Au Moll\u00f3 Parc, les activit\u00e9s scolaires se d\u00e9roulent dans le cadre de l&rsquo;\u00c9ducation environnementale. Elles ont pour objectif de d\u00e9velopper l&rsquo;int\u00e9r\u00eat envers la protection et la sauvegarde des animaux sauvages qui habitent dans les Pyr\u00e9n\u00e9es et de leurs habitats. Information et connaissance sont des \u00e9l\u00e9ments fondamentaux pour qui veut inculquer le [&hellip;]","og_url":"https:\/\/www.molloparc.com\/fr\/visites-escolares\/","og_site_name":"Moll\u00f3 Parc","article_modified_time":"2025-03-25T12:42:00+00:00","og_image":[{"url":"https:\/\/www.molloparc.com\/wp-content\/uploads\/2014\/03\/visites-escolars-mollo-parc.png"}],"twitter_card":"summary_large_image","twitter_misc":{"Dur\u00e9e de lecture estim\u00e9e":"3 minutes"},"schema":{"@context":"https:\/\/schema.org","@graph":[{"@type":"WebPage","@id":"https:\/\/www.molloparc.com\/fr\/visites-escolares\/","url":"https:\/\/www.molloparc.com\/fr\/visites-escolares\/","name":"VISITES SCOLAIRES - Moll\u00f3 Parc","isPartOf":{"@id":"https:\/\/www.molloparc.com\/#website"},"datePublished":"2014-03-01T14:47:55+00:00","dateModified":"2025-03-25T12:42:00+00:00","breadcrumb":{"@id":"https:\/\/www.molloparc.com\/fr\/visites-escolares\/#breadcrumb"},"inLanguage":"fr-FR","potentialAction":[{"@type":"ReadAction","target":["https:\/\/www.molloparc.com\/fr\/visites-escolares\/"]}]},{"@type":"BreadcrumbList","@id":"https:\/\/www.molloparc.com\/fr\/visites-escolares\/#breadcrumb","itemListElement":[{"@type":"ListItem","position":1,"name":"Inici","item":"https:\/\/www.molloparc.com\/fr\/"},{"@type":"ListItem","position":2,"name":"VISITES SCOLAIRES"}]},{"@type":"WebSite","@id":"https:\/\/www.molloparc.com\/#website","url":"https:\/\/www.molloparc.com\/","name":"Moll\u00f3 Parc","description":"Parc d&#039;animals dels Prineus a la Vall de Camprodon","potentialAction":[{"@type":"SearchAction","target":{"@type":"EntryPoint","urlTemplate":"https:\/\/www.molloparc.com\/?s={search_term_string}"},"query-input":"required name=search_term_string"}],"inLanguage":"fr-FR"}]}},"_links":{"self":[{"href":"https:\/\/www.molloparc.com\/fr\/wp-json\/wp\/v2\/pages\/1278"}],"collection":[{"href":"https:\/\/www.molloparc.com\/fr\/wp-json\/wp\/v2\/pages"}],"about":[{"href":"https:\/\/www.molloparc.com\/fr\/wp-json\/wp\/v2\/types\/page"}],"author":[{"embeddable":true,"href":"https:\/\/www.molloparc.com\/fr\/wp-json\/wp\/v2\/users\/1"}],"replies":[{"embeddable":true,"href":"https:\/\/www.molloparc.com\/fr\/wp-json\/wp\/v2\/comments?post=1278"}],"version-history":[{"count":5,"href":"https:\/\/www.molloparc.com\/fr\/wp-json\/wp\/v2\/pages\/1278\/revisions"}],"predecessor-version":[{"id":9333,"href":"https:\/\/www.molloparc.com\/fr\/wp-json\/wp\/v2\/pages\/1278\/revisions\/9333"}],"wp:attachment":[{"href":"https:\/\/www.molloparc.com\/fr\/wp-json\/wp\/v2\/media?parent=1278"}],"curies":[{"name":"wp","href":"https:\/\/api.w.org\/{rel}","templated":true}]}}