{"id":1287,"date":"2014-06-02T13:49:36","date_gmt":"2014-06-02T13:49:36","guid":{"rendered":"https:\/\/www.molloparc.com\/valors-2\/"},"modified":"2014-06-02T13:55:03","modified_gmt":"2014-06-02T13:55:03","slug":"valeurs","status":"publish","type":"page","link":"https:\/\/www.molloparc.com\/fr\/valeurs\/","title":{"rendered":"VALEURS"},"content":{"rendered":"<h1><strong>Valeurs de Moll\u00f3 Parc<br \/>\n<\/strong><\/h1>\n<p>On calcule que, chaque ann\u00e9e, 10% de la population mondiale visite un Parc Naturel. Ce chiffre fait de ces espaces des plates-formes id\u00e9ales de sensibilisation de l&rsquo;opinion publique sur le probl\u00e8me des esp\u00e8ces animales et de l&rsquo;environnement et, particuli\u00e8rement et sp\u00e9cifiquement, parmi les plus jeunes par le biais de programmes \u00e9ducatifs et de visites scolaires.<br \/>\nL&rsquo;une des grandes pr\u00e9occupations du\u00a0<strong>Moll\u00f3 Parc<\/strong>\u00a0concerne la possibilit\u00e9 de transmettre, aux futures g\u00e9n\u00e9rations, le sens de la fragilit\u00e9 des \u00e9cosyst\u00e8mes naturels et l&rsquo;incidence que l&rsquo;activit\u00e9 humaine exerce sur eux. C&rsquo;est la raison d&rsquo;\u00eatre du programme \u00e9ducatif con\u00e7u pour des scolaires \u00e0 des stades diff\u00e9rents. Il se focalise sur l&rsquo;\u00e9tude et la connaissance de la faune et de la flore de la for\u00eat mixte des Pyr\u00e9n\u00e9es et sur les probl\u00e8mes environnementaux de cette r\u00e9gion.<\/p>\n","protected":false},"excerpt":{"rendered":"<p>Valeurs de Moll\u00f3 Parc On calcule que, chaque ann\u00e9e, 10% de la population mondiale visite un Parc Naturel. Ce chiffre fait de ces espaces des plates-formes id\u00e9ales de sensibilisation de l&rsquo;opinion publique sur le probl\u00e8me des esp\u00e8ces animales et de l&rsquo;environnement et, particuli\u00e8rement et sp\u00e9cifiquement, parmi les plus jeunes par le biais de programmes \u00e9ducatifs [&hellip;]<\/p>\n","protected":false},"author":2,"featured_media":0,"parent":0,"menu_order":0,"comment_status":"open","ping_status":"closed","template":"","meta":{"ngg_post_thumbnail":0},"yoast_head":"<!-- This site is optimized with the Yoast SEO plugin v19.13 - https:\/\/yoast.com\/wordpress\/plugins\/seo\/ -->\n<title>VALEURS - Moll\u00f3 Parc<\/title>\n<meta name=\"robots\" content=\"index, follow, max-snippet:-1, max-image-preview:large, max-video-preview:-1\" \/>\n<link rel=\"canonical\" href=\"https:\/\/www.molloparc.com\/fr\/valeurs\/\" \/>\n<meta property=\"og:locale\" content=\"fr_FR\" \/>\n<meta property=\"og:type\" content=\"article\" \/>\n<meta property=\"og:title\" content=\"VALEURS - Moll\u00f3 Parc\" \/>\n<meta property=\"og:description\" content=\"Valeurs de Moll\u00f3 Parc On calcule que, chaque ann\u00e9e, 10% de la population mondiale visite un Parc Naturel. Ce chiffre fait de ces espaces des plates-formes id\u00e9ales de sensibilisation de l&rsquo;opinion publique sur le probl\u00e8me des esp\u00e8ces animales et de l&rsquo;environnement et, particuli\u00e8rement et sp\u00e9cifiquement, parmi les plus jeunes par le biais de programmes \u00e9ducatifs [&hellip;]\" \/>\n<meta property=\"og:url\" content=\"https:\/\/www.molloparc.com\/fr\/valeurs\/\" \/>\n<meta property=\"og:site_name\" content=\"Moll\u00f3 Parc\" \/>\n<meta property=\"article:modified_time\" content=\"2014-06-02T13:55:03+00:00\" \/>\n<meta name=\"twitter:card\" content=\"summary_large_image\" \/>\n<meta name=\"twitter:label1\" content=\"Dur\u00e9e de lecture estim\u00e9e\" \/>\n\t<meta name=\"twitter:data1\" content=\"1 minute\" \/>\n<script type=\"application\/ld+json\" class=\"yoast-schema-graph\">{\"@context\":\"https:\/\/schema.org\",\"@graph\":[{\"@type\":\"WebPage\",\"@id\":\"https:\/\/www.molloparc.com\/fr\/valeurs\/\",\"url\":\"https:\/\/www.molloparc.com\/fr\/valeurs\/\",\"name\":\"VALEURS - Moll\u00f3 Parc\",\"isPartOf\":{\"@id\":\"https:\/\/www.molloparc.com\/#website\"},\"datePublished\":\"2014-06-02T13:49:36+00:00\",\"dateModified\":\"2014-06-02T13:55:03+00:00\",\"breadcrumb\":{\"@id\":\"https:\/\/www.molloparc.com\/fr\/valeurs\/#breadcrumb\"},\"inLanguage\":\"fr-FR\",\"potentialAction\":[{\"@type\":\"ReadAction\",\"target\":[\"https:\/\/www.molloparc.com\/fr\/valeurs\/\"]}]},{\"@type\":\"BreadcrumbList\",\"@id\":\"https:\/\/www.molloparc.com\/fr\/valeurs\/#breadcrumb\",\"itemListElement\":[{\"@type\":\"ListItem\",\"position\":1,\"name\":\"Inici\",\"item\":\"https:\/\/www.molloparc.com\/fr\/\"},{\"@type\":\"ListItem\",\"position\":2,\"name\":\"VALEURS\"}]},{\"@type\":\"WebSite\",\"@id\":\"https:\/\/www.molloparc.com\/#website\",\"url\":\"https:\/\/www.molloparc.com\/\",\"name\":\"Moll\u00f3 Parc\",\"description\":\"Parc d&#039;animals dels Prineus a la Vall de Camprodon\",\"potentialAction\":[{\"@type\":\"SearchAction\",\"target\":{\"@type\":\"EntryPoint\",\"urlTemplate\":\"https:\/\/www.molloparc.com\/?s={search_term_string}\"},\"query-input\":\"required name=search_term_string\"}],\"inLanguage\":\"fr-FR\"}]}<\/script>\n<!-- \/ Yoast SEO plugin. -->","yoast_head_json":{"title":"VALEURS - Moll\u00f3 Parc","robots":{"index":"index","follow":"follow","max-snippet":"max-snippet:-1","max-image-preview":"max-image-preview:large","max-video-preview":"max-video-preview:-1"},"canonical":"https:\/\/www.molloparc.com\/fr\/valeurs\/","og_locale":"fr_FR","og_type":"article","og_title":"VALEURS - Moll\u00f3 Parc","og_description":"Valeurs de Moll\u00f3 Parc On calcule que, chaque ann\u00e9e, 10% de la population mondiale visite un Parc Naturel. Ce chiffre fait de ces espaces des plates-formes id\u00e9ales de sensibilisation de l&rsquo;opinion publique sur le probl\u00e8me des esp\u00e8ces animales et de l&rsquo;environnement et, particuli\u00e8rement et sp\u00e9cifiquement, parmi les plus jeunes par le biais de programmes \u00e9ducatifs [&hellip;]","og_url":"https:\/\/www.molloparc.com\/fr\/valeurs\/","og_site_name":"Moll\u00f3 Parc","article_modified_time":"2014-06-02T13:55:03+00:00","twitter_card":"summary_large_image","twitter_misc":{"Dur\u00e9e de lecture estim\u00e9e":"1 minute"},"schema":{"@context":"https:\/\/schema.org","@graph":[{"@type":"WebPage","@id":"https:\/\/www.molloparc.com\/fr\/valeurs\/","url":"https:\/\/www.molloparc.com\/fr\/valeurs\/","name":"VALEURS - Moll\u00f3 Parc","isPartOf":{"@id":"https:\/\/www.molloparc.com\/#website"},"datePublished":"2014-06-02T13:49:36+00:00","dateModified":"2014-06-02T13:55:03+00:00","breadcrumb":{"@id":"https:\/\/www.molloparc.com\/fr\/valeurs\/#breadcrumb"},"inLanguage":"fr-FR","potentialAction":[{"@type":"ReadAction","target":["https:\/\/www.molloparc.com\/fr\/valeurs\/"]}]},{"@type":"BreadcrumbList","@id":"https:\/\/www.molloparc.com\/fr\/valeurs\/#breadcrumb","itemListElement":[{"@type":"ListItem","position":1,"name":"Inici","item":"https:\/\/www.molloparc.com\/fr\/"},{"@type":"ListItem","position":2,"name":"VALEURS"}]},{"@type":"WebSite","@id":"https:\/\/www.molloparc.com\/#website","url":"https:\/\/www.molloparc.com\/","name":"Moll\u00f3 Parc","description":"Parc d&#039;animals dels Prineus a la Vall de Camprodon","potentialAction":[{"@type":"SearchAction","target":{"@type":"EntryPoint","urlTemplate":"https:\/\/www.molloparc.com\/?s={search_term_string}"},"query-input":"required name=search_term_string"}],"inLanguage":"fr-FR"}]}},"_links":{"self":[{"href":"https:\/\/www.molloparc.com\/fr\/wp-json\/wp\/v2\/pages\/1287"}],"collection":[{"href":"https:\/\/www.molloparc.com\/fr\/wp-json\/wp\/v2\/pages"}],"about":[{"href":"https:\/\/www.molloparc.com\/fr\/wp-json\/wp\/v2\/types\/page"}],"author":[{"embeddable":true,"href":"https:\/\/www.molloparc.com\/fr\/wp-json\/wp\/v2\/users\/2"}],"replies":[{"embeddable":true,"href":"https:\/\/www.molloparc.com\/fr\/wp-json\/wp\/v2\/comments?post=1287"}],"version-history":[{"count":2,"href":"https:\/\/www.molloparc.com\/fr\/wp-json\/wp\/v2\/pages\/1287\/revisions"}],"predecessor-version":[{"id":1293,"href":"https:\/\/www.molloparc.com\/fr\/wp-json\/wp\/v2\/pages\/1287\/revisions\/1293"}],"wp:attachment":[{"href":"https:\/\/www.molloparc.com\/fr\/wp-json\/wp\/v2\/media?parent=1287"}],"curies":[{"name":"wp","href":"https:\/\/api.w.org\/{rel}","templated":true}]}}