{"id":2097,"date":"2014-08-22T11:28:30","date_gmt":"2014-08-22T11:28:30","guid":{"rendered":"https:\/\/www.molloparc.com\/regala-mollo-parc-2\/"},"modified":"2017-11-28T09:56:13","modified_gmt":"2017-11-28T09:56:13","slug":"regala-mollo-parc","status":"publish","type":"page","link":"https:\/\/www.molloparc.com\/fr\/regala-mollo-parc\/","title":{"rendered":"Regala Moll\u00f3 Parc"},"content":{"rendered":"<p>Tu veux faire un cadeau original et qu&rsquo;il|elle surprenne \u00e0 qui le recevra :<br \/>\nOFFRE MOLL\u00d3 PARC!!<\/p>\n<p dir=\"ltr\" data-placeholder=\"Traducci\u00f3n\">Il vous suffit de remplir le formulaire ci-dessous et un maximum de sept jours, nous vous enverrons votre Charte cadeau.<\/p>\n<p dir=\"ltr\" data-placeholder=\"Traducci\u00f3n\"><div class=\"wpcf7 no-js\" id=\"wpcf7-f4871-o1\" lang=\"ca\" dir=\"ltr\">\n<div class=\"screen-reader-response\"><p role=\"status\" aria-live=\"polite\" aria-atomic=\"true\"><\/p> <ul><\/ul><\/div>\n<form action=\"\/fr\/wp-json\/wp\/v2\/pages\/2097#wpcf7-f4871-o1\" method=\"post\" class=\"wpcf7-form init\" aria-label=\"Formulari de contacte\" novalidate=\"novalidate\" data-status=\"init\">\n<div style=\"display: none;\">\n<input type=\"hidden\" name=\"_wpcf7\" value=\"4871\" \/>\n<input type=\"hidden\" name=\"_wpcf7_version\" value=\"5.7.2\" \/>\n<input type=\"hidden\" name=\"_wpcf7_locale\" value=\"ca\" \/>\n<input type=\"hidden\" name=\"_wpcf7_unit_tag\" value=\"wpcf7-f4871-o1\" \/>\n<input type=\"hidden\" name=\"_wpcf7_container_post\" value=\"0\" \/>\n<input type=\"hidden\" name=\"_wpcf7_posted_data_hash\" value=\"\" \/>\n<input type=\"hidden\" name=\"_wpcf7_recaptcha_response\" value=\"\" \/>\n<\/div>\n<p><label> Nom du r\u00e9cepteur<br \/>\n<span class=\"wpcf7-form-control-wrap\" data-name=\"Nombredelreceptor\"><input size=\"40\" class=\"wpcf7-form-control wpcf7-text\" aria-invalid=\"false\" value=\"\" type=\"text\" name=\"Nombredelreceptor\" \/><\/span><\/label>\n<\/p>\n<p><label> Nom de qui fait le cadeau (obligatoire)<br \/>\n<span class=\"wpcf7-form-control-wrap\" data-name=\"your-name\"><input size=\"40\" class=\"wpcf7-form-control wpcf7-text wpcf7-validates-as-required\" aria-required=\"true\" aria-invalid=\"false\" value=\"\" type=\"text\" name=\"your-name\" \/><\/span> <\/label>\n<\/p>\n<p><label> Courrier \u00e9lectronique de contact (obligatoire)<br \/>\n<span class=\"wpcf7-form-control-wrap\" data-name=\"your-email\"><input size=\"40\" class=\"wpcf7-form-control wpcf7-text wpcf7-email wpcf7-validates-as-required wpcf7-validates-as-email\" aria-required=\"true\" aria-invalid=\"false\" value=\"\" type=\"email\" name=\"your-email\" \/><\/span> <\/label>\n<\/p>\n<p><label> Num\u00e9ro d'entr\u00e9es d'adulte (de 14 \u00e0 64 ans)<br \/>\n<span class=\"wpcf7-form-control-wrap\" data-name=\"Numentradasadulto\"><input size=\"40\" class=\"wpcf7-form-control wpcf7-text\" aria-invalid=\"false\" value=\"\" type=\"text\" name=\"Numentradasadulto\" \/><\/span><\/label>\n<\/p>\n<p><label> Num\u00e9ro d'entr\u00e9es de mineur (enfants de 3 \u00e0 13 ans. Enfants de moins de 3 ans entr\u00e9e gratuite)<br \/>\n<span class=\"wpcf7-form-control-wrap\" data-name=\"Numentradasmenor\"><input size=\"40\" class=\"wpcf7-form-control wpcf7-text\" aria-invalid=\"false\" value=\"\" type=\"text\" name=\"Numentradasmenor\" \/><\/span><\/label>\n<\/p>\n<p><label> Num\u00e9ro de Visa (obligatoire)<br \/>\n<span class=\"wpcf7-form-control-wrap\" data-name=\"Numvisa\"><input size=\"40\" class=\"wpcf7-form-control wpcf7-text\" aria-invalid=\"false\" value=\"\" type=\"text\" name=\"Numvisa\" \/><\/span><\/label>\n<\/p>\n<p><label> Date de p\u00e9remption (obligatoire)<br \/>\n<span class=\"wpcf7-form-control-wrap\" data-name=\"fechacaducidad\"><input size=\"40\" class=\"wpcf7-form-control wpcf7-text\" aria-invalid=\"false\" value=\"\" type=\"text\" name=\"fechacaducidad\" \/><\/span><\/label>\n<\/p>\n<p>VOUS SOUHAITEZ AJOUTER DES BILLETS AU PARC AVENTURE?\n<\/p>\n<p><label>Num\u00e9ro d'entr\u00e9es de le circuit PETIT INFANTIL<br \/>\n<span class=\"wpcf7-form-control-wrap\" data-name=\"EntradasPetitInfantil\"><input size=\"40\" class=\"wpcf7-form-control wpcf7-text\" aria-invalid=\"false\" value=\"\" type=\"text\" name=\"EntradasPetitInfantil\" \/><\/span><\/label>\n<\/p>\n<p><label>Num\u00e9ro d'entr\u00e9es de le circuit INFANTIL<br \/>\n<span class=\"wpcf7-form-control-wrap\" data-name=\"EntradasInfantil\"><input size=\"40\" class=\"wpcf7-form-control wpcf7-text\" aria-invalid=\"false\" value=\"\" type=\"text\" name=\"EntradasInfantil\" \/><\/span><\/label>\n<\/p>\n<p><label>Num\u00e9ro d'entr\u00e9es de le circuit BLEU<br \/>\n<span class=\"wpcf7-form-control-wrap\" data-name=\"EntradasAzul\"><input size=\"40\" class=\"wpcf7-form-control wpcf7-text\" aria-invalid=\"false\" value=\"\" type=\"text\" name=\"EntradasAzul\" \/><\/span><\/label>\n<\/p>\n<p><label>Num\u00e9ro d'entr\u00e9es de le circuit ROUGE (Inclut le bleu)<br \/>\n<span class=\"wpcf7-form-control-wrap\" data-name=\"EntradasRojo\"><input size=\"40\" class=\"wpcf7-form-control wpcf7-text\" aria-invalid=\"false\" value=\"\" type=\"text\" name=\"EntradasRojo\" \/><\/span><\/label>\n<\/p>\n<p><label>Commentaires<br \/>\n<span class=\"wpcf7-form-control-wrap\" data-name=\"Comentarios\"><textarea cols=\"40\" rows=\"10\" class=\"wpcf7-form-control wpcf7-textarea\" aria-invalid=\"false\" name=\"Comentarios\"><\/textarea><\/span><\/label>\n<\/p>\n<p>\u00c9crit ce code de v\u00e9rification\n<\/p>\n\n<p><input class=\"wpcf7-form-control has-spinner wpcf7-submit\" type=\"submit\" value=\"Envoyer\" \/>\n<\/p><div class=\"wpcf7-response-output\" aria-hidden=\"true\"><\/div><\/form><\/div><\/p>\n","protected":false},"excerpt":{"rendered":"<p>Tu veux faire un cadeau original et qu&rsquo;il|elle surprenne \u00e0 qui le recevra : OFFRE MOLL\u00d3 PARC!! Il vous suffit de remplir le formulaire ci-dessous et un maximum de sept jours, nous vous enverrons votre Charte cadeau.<\/p>\n","protected":false},"author":2,"featured_media":0,"parent":0,"menu_order":0,"comment_status":"open","ping_status":"closed","template":"","meta":{"ngg_post_thumbnail":0},"yoast_head":"<!-- This site is optimized with the Yoast SEO plugin v19.13 - https:\/\/yoast.com\/wordpress\/plugins\/seo\/ -->\n<title>Regala Moll\u00f3 Parc - Moll\u00f3 Parc<\/title>\n<meta name=\"robots\" content=\"index, follow, max-snippet:-1, max-image-preview:large, max-video-preview:-1\" \/>\n<link rel=\"canonical\" href=\"https:\/\/www.molloparc.com\/fr\/regala-mollo-parc\/\" \/>\n<meta property=\"og:locale\" content=\"fr_FR\" \/>\n<meta property=\"og:type\" content=\"article\" \/>\n<meta property=\"og:title\" content=\"Regala Moll\u00f3 Parc - Moll\u00f3 Parc\" \/>\n<meta property=\"og:description\" content=\"Tu veux faire un cadeau original et qu&rsquo;il|elle surprenne \u00e0 qui le recevra : OFFRE MOLL\u00d3 PARC!! Il vous suffit de remplir le formulaire ci-dessous et un maximum de sept jours, nous vous enverrons votre Charte cadeau.\" \/>\n<meta property=\"og:url\" content=\"https:\/\/www.molloparc.com\/fr\/regala-mollo-parc\/\" \/>\n<meta property=\"og:site_name\" content=\"Moll\u00f3 Parc\" \/>\n<meta property=\"article:modified_time\" content=\"2017-11-28T09:56:13+00:00\" \/>\n<meta name=\"twitter:card\" content=\"summary_large_image\" \/>\n<script type=\"application\/ld+json\" class=\"yoast-schema-graph\">{\"@context\":\"https:\/\/schema.org\",\"@graph\":[{\"@type\":\"WebPage\",\"@id\":\"https:\/\/www.molloparc.com\/fr\/regala-mollo-parc\/\",\"url\":\"https:\/\/www.molloparc.com\/fr\/regala-mollo-parc\/\",\"name\":\"Regala Moll\u00f3 Parc - Moll\u00f3 Parc\",\"isPartOf\":{\"@id\":\"https:\/\/www.molloparc.com\/#website\"},\"datePublished\":\"2014-08-22T11:28:30+00:00\",\"dateModified\":\"2017-11-28T09:56:13+00:00\",\"breadcrumb\":{\"@id\":\"https:\/\/www.molloparc.com\/fr\/regala-mollo-parc\/#breadcrumb\"},\"inLanguage\":\"fr-FR\",\"potentialAction\":[{\"@type\":\"ReadAction\",\"target\":[\"https:\/\/www.molloparc.com\/fr\/regala-mollo-parc\/\"]}]},{\"@type\":\"BreadcrumbList\",\"@id\":\"https:\/\/www.molloparc.com\/fr\/regala-mollo-parc\/#breadcrumb\",\"itemListElement\":[{\"@type\":\"ListItem\",\"position\":1,\"name\":\"Inici\",\"item\":\"https:\/\/www.molloparc.com\/fr\/\"},{\"@type\":\"ListItem\",\"position\":2,\"name\":\"Regala Moll\u00f3 Parc\"}]},{\"@type\":\"WebSite\",\"@id\":\"https:\/\/www.molloparc.com\/#website\",\"url\":\"https:\/\/www.molloparc.com\/\",\"name\":\"Moll\u00f3 Parc\",\"description\":\"Parc d&#039;animals dels Prineus a la Vall de Camprodon\",\"potentialAction\":[{\"@type\":\"SearchAction\",\"target\":{\"@type\":\"EntryPoint\",\"urlTemplate\":\"https:\/\/www.molloparc.com\/?s={search_term_string}\"},\"query-input\":\"required name=search_term_string\"}],\"inLanguage\":\"fr-FR\"}]}<\/script>\n<!-- \/ Yoast SEO plugin. -->","yoast_head_json":{"title":"Regala Moll\u00f3 Parc - Moll\u00f3 Parc","robots":{"index":"index","follow":"follow","max-snippet":"max-snippet:-1","max-image-preview":"max-image-preview:large","max-video-preview":"max-video-preview:-1"},"canonical":"https:\/\/www.molloparc.com\/fr\/regala-mollo-parc\/","og_locale":"fr_FR","og_type":"article","og_title":"Regala Moll\u00f3 Parc - Moll\u00f3 Parc","og_description":"Tu veux faire un cadeau original et qu&rsquo;il|elle surprenne \u00e0 qui le recevra : OFFRE MOLL\u00d3 PARC!! Il vous suffit de remplir le formulaire ci-dessous et un maximum de sept jours, nous vous enverrons votre Charte cadeau.","og_url":"https:\/\/www.molloparc.com\/fr\/regala-mollo-parc\/","og_site_name":"Moll\u00f3 Parc","article_modified_time":"2017-11-28T09:56:13+00:00","twitter_card":"summary_large_image","schema":{"@context":"https:\/\/schema.org","@graph":[{"@type":"WebPage","@id":"https:\/\/www.molloparc.com\/fr\/regala-mollo-parc\/","url":"https:\/\/www.molloparc.com\/fr\/regala-mollo-parc\/","name":"Regala Moll\u00f3 Parc - Moll\u00f3 Parc","isPartOf":{"@id":"https:\/\/www.molloparc.com\/#website"},"datePublished":"2014-08-22T11:28:30+00:00","dateModified":"2017-11-28T09:56:13+00:00","breadcrumb":{"@id":"https:\/\/www.molloparc.com\/fr\/regala-mollo-parc\/#breadcrumb"},"inLanguage":"fr-FR","potentialAction":[{"@type":"ReadAction","target":["https:\/\/www.molloparc.com\/fr\/regala-mollo-parc\/"]}]},{"@type":"BreadcrumbList","@id":"https:\/\/www.molloparc.com\/fr\/regala-mollo-parc\/#breadcrumb","itemListElement":[{"@type":"ListItem","position":1,"name":"Inici","item":"https:\/\/www.molloparc.com\/fr\/"},{"@type":"ListItem","position":2,"name":"Regala Moll\u00f3 Parc"}]},{"@type":"WebSite","@id":"https:\/\/www.molloparc.com\/#website","url":"https:\/\/www.molloparc.com\/","name":"Moll\u00f3 Parc","description":"Parc d&#039;animals dels Prineus a la Vall de Camprodon","potentialAction":[{"@type":"SearchAction","target":{"@type":"EntryPoint","urlTemplate":"https:\/\/www.molloparc.com\/?s={search_term_string}"},"query-input":"required name=search_term_string"}],"inLanguage":"fr-FR"}]}},"_links":{"self":[{"href":"https:\/\/www.molloparc.com\/fr\/wp-json\/wp\/v2\/pages\/2097"}],"collection":[{"href":"https:\/\/www.molloparc.com\/fr\/wp-json\/wp\/v2\/pages"}],"about":[{"href":"https:\/\/www.molloparc.com\/fr\/wp-json\/wp\/v2\/types\/page"}],"author":[{"embeddable":true,"href":"https:\/\/www.molloparc.com\/fr\/wp-json\/wp\/v2\/users\/2"}],"replies":[{"embeddable":true,"href":"https:\/\/www.molloparc.com\/fr\/wp-json\/wp\/v2\/comments?post=2097"}],"version-history":[{"count":5,"href":"https:\/\/www.molloparc.com\/fr\/wp-json\/wp\/v2\/pages\/2097\/revisions"}],"predecessor-version":[{"id":4899,"href":"https:\/\/www.molloparc.com\/fr\/wp-json\/wp\/v2\/pages\/2097\/revisions\/4899"}],"wp:attachment":[{"href":"https:\/\/www.molloparc.com\/fr\/wp-json\/wp\/v2\/media?parent=2097"}],"curies":[{"name":"wp","href":"https:\/\/api.w.org\/{rel}","templated":true}]}}