{"id":4651,"date":"2017-07-25T07:46:41","date_gmt":"2017-07-25T07:46:41","guid":{"rendered":"https:\/\/www.molloparc.com\/mapa-interactiu-2-2\/"},"modified":"2024-08-22T15:04:16","modified_gmt":"2024-08-22T15:04:16","slug":"carta-interactive","status":"publish","type":"page","link":"https:\/\/www.molloparc.com\/fr\/carta-interactive\/","title":{"rendered":"CARTA INTERACTIVE"},"content":{"rendered":"<p>&nbsp;<\/p>\n<p><img decoding=\"async\" class=\"alignnone size-full wp-image-605\" title=\"Mapa interactivo de los animales de Moll\u00f3 Parc\" src=\"https:\/\/www.molloparc.com\/wp-content\/uploads\/2017\/04\/image003.jpg\" alt=\"Mapa interactivo de los animales de Moll\u00f3 Parc\" usemap=\"#Map\" width=\"100%\"><\/p>\n<map id=\"Map\" name=\"Map\">\n<area alt=\"Chat sauvage\" coords=\"839,675,935,766\" shape=\"rect\" href=\"https:\/\/www.molloparc.com\/fr\/portfolio\/chat-sauvage\/\">\n<area alt=\"Gall salvatge\" coords=\"746,675,839,766\" shape=\"rect\" href=\"#\">\n<area alt=\"Vautour\" coords=\"654,675,746,766\" shape=\"rect\" href=\"https:\/\/www.molloparc.com\/fr\/portfolio\/vautour\/\">\n<area alt=\"Ecureuil\" coords=\"567,675,654,766\" shape=\"rect\" href=\"https:\/\/www.molloparc.com\/fr\/portfolio\/ecureuil\/\">\n<area alt=\"Le renard\" coords=\"479,675,567,766\" shape=\"rect\" href=\"https:\/\/www.molloparc.com\/fr\/portfolio\/le-renard\/\">\n<area alt=\"Le lynx\" coords=\"391,675,479,766\" shape=\"rect\" href=\"https:\/\/www.molloparc.com\/fr\/portfolio\/le-lynx\/\">\n<area alt=\"\u00c0guila reial\" coords=\"301,675,391,766\" shape=\"rect\" href=\"#\">\n<area alt=\"La senglier\" coords=\"208,675,301,766\" shape=\"rect\" href=\"https:\/\/www.molloparc.com\/fr\/portfolio\/la-senglier\/\">\n<area alt=\"Oiseaux de proie\" coords=\"219,504,310,592\" shape=\"rect\" href=\"https:\/\/www.molloparc.com\/fr\/portfolio\/oiseaux-de-proie\/\">\n<area alt=\"Le loup\" coords=\"803,592,895,675\" shape=\"rect\" href=\"https:\/\/www.molloparc.com\/fr\/portfolio\/le-loup\/\">\n<area alt=\"La chevre sauvage\" coords=\"715,592,803,675\" shape=\"rect\" href=\"https:\/\/www.molloparc.com\/fr\/portfolio\/la-chevre-sauvage\/\">\n<area alt=\"Daims\" coords=\"624,592,715,675\" shape=\"rect\" href=\"https:\/\/www.molloparc.com\/fr\/portfolio\/daims\/\">\n<area alt=\"Les loutre\" coords=\"531,592,625,675\" shape=\"rect\" href=\"https:\/\/www.molloparc.com\/fr\/portfolio\/les-loutre\/\">\n<area alt=\"Le cerf\" coords=\"442,592,531,675\" shape=\"rect\" href=\"https:\/\/www.molloparc.com\/fr\/portfolio\/le-cerf\/\">\n<area alt=\"Isard\" coords=\"350,592,442,675\" shape=\"rect\" href=\"https:\/\/www.molloparc.com\/fr\/portfolio\/isard\/\">\n<area alt=\"Les marmottes\" coords=\"846,504,938,592\" shape=\"rect\" href=\"https:\/\/www.molloparc.com\/fr\/portfolio\/les-marmottes\/\">\n<area alt=\"Le chevreuil\" coords=\"756,504,846,592\" shape=\"rect\" href=\"https:\/\/www.molloparc.com\/fr\/portfolio\/le-chevreuil\/\">\n<area alt=\"Ours brun\" coords=\"667,504,756,592\" shape=\"rect\" href=\"https:\/\/www.molloparc.com\/fr\/portfolio\/ours-brun\/\">\n<area alt=\"Oiseaux de nuit\" coords=\"580,504,667,592\" shape=\"rect\" href=\"https:\/\/www.molloparc.com\/fr\/portfolio\/oiseaux-de-nuit\/\">\n<area alt=\"Poney\" coords=\"490,504,580,592\" shape=\"rect\" href=\"https:\/\/www.molloparc.com\/fr\/la-ferme\/\">\n<area alt=\"La ferme\" coords=\"400,504,490,592\" shape=\"rect\" href=\"https:\/\/www.molloparc.com\/fr\/la-ferme\/\">\n<area alt=\"La genette\" coords=\"310,504,400,592\" shape=\"rect\" href=\"https:\/\/www.molloparc.com\/fr\/portfolio\/la-genette\/\">\n<area alt=\"Mouflon\" coords=\"257,592,350,675\" shape=\"rect\" href=\"https:\/\/www.molloparc.com\/fr\/portfolio\/mouflon\/\">\n <\/map>\n<div class=\"magaziner-column magaziner-one-third magaziner-column-first \">\n<ul class=\"mapa-list\">\n<li><a href=\"https:\/\/www.molloparc.com\/fr\/portfolio\/oiseaux-de-proie\/\"><span class=\"num10\">1<\/span> Oiseaux de proie<\/a><\/li>\n<li><a href=\"https:\/\/www.molloparc.com\/fr\/portfolio\/la-genette\/\"><span class=\"num10\">2<\/span> La genette<\/a><\/li>\n<li><a href=\"https:\/\/www.molloparc.com\/fr\/la-ferme\/\"><span class=\"num10\">3<\/span> La ferme<\/a><\/li>\n<li><a href=\"https:\/\/www.molloparc.com\/fr\/la-ferme\/\"><span class=\"num10\">4<\/span> Poney<\/a><\/li>\n<li><a href=\"https:\/\/www.molloparc.com\/fr\/portfolio\/oiseaux-de-nuit\/\"><span class=\"num10\">5<\/span> Oiseaux de nuit<\/a><\/li>\n<li><a href=\"https:\/\/www.molloparc.com\/fr\/portfolio\/ours-brun\/\"><span class=\"num10\">6<\/span> Ours brun<\/a><\/li>\n<li><a href=\"https:\/\/www.molloparc.com\/fr\/portfolio\/le-chevreuil\/\"><span class=\"num10\">7<\/span> Le chevreuil<\/a><\/li>\n<li><a href=\"https:\/\/www.molloparc.com\/fr\/portfolio\/les-marmottes\/\"><span class=\"num10\">8<\/span> Les marmottes<\/a><\/li>\n<\/ul>\n<p><\/div><div class=\"magaziner-column magaziner-one-third magaziner-column-first \"><\/p>\n<ul class=\"mapa-list\">\n<li><a href=\"https:\/\/www.molloparc.com\/fr\/portfolio\/mouflon\/\"><span class=\"num10\">9<\/span> Mouflon<\/a><\/li>\n<li><a href=\"https:\/\/www.molloparc.com\/fr\/portfolio\/isard\/\"><span class=\"num\">10<\/span> Isard<\/a><\/li>\n<li><a href=\"https:\/\/www.molloparc.com\/fr\/portfolio\/les-loutre\/\"><span class=\"num\">12<\/span> Les loutre<\/a><\/li>\n<li><a href=\"https:\/\/www.molloparc.com\/fr\/portfolio\/le-cerf\/\"><span class=\"num\">11<\/span> Le cerf<\/a><\/li>\n<li><a href=\"https:\/\/www.molloparc.com\/fr\/portfolio\/daims\/\"><span class=\"num\">13<\/span> Daims<\/a><\/li>\n<li><a href=\"https:\/\/www.molloparc.com\/fr\/portfolio\/la-chevre-sauvage\/\"><span class=\"num\">14<\/span> La chevre sauvage<\/a><\/li>\n<li><a href=\"https:\/\/www.molloparc.com\/fr\/portfolio\/le-loup\/\"><span class=\"num\">15<\/span> Le loup<\/a><\/li>\n<li><a href=\"https:\/\/www.molloparc.com\/fr\/portfolio\/la-senglier\/\"><span class=\"num\">16<\/span> La senglier<\/a><\/li>\n<\/ul>\n<p><\/div><div class=\"magaziner-column magaziner-one-third magaziner-column-last \"><\/p>\n<ul class=\"mapa-list\">\n<li><a href=\"#\"><span class=\"num\">17<\/span> \u00c0guila Reial<\/a><\/li>\n<li><a href=\"https:\/\/www.molloparc.com\/fr\/portfolio\/le-lynx\/\"><span class=\"num\">18<\/span> Le lynx<\/a><\/li>\n<li><a href=\"https:\/\/www.molloparc.com\/fr\/portfolio\/le-renard\/\"><span class=\"num\">19<\/span> Le renard<\/a><\/li>\n<li><a href=\"https:\/\/www.molloparc.com\/fr\/portfolio\/ecureuil\/\"><span class=\"num\">20<\/span> Ecureuil<\/a><\/li>\n<li><a href=\"https:\/\/www.molloparc.com\/fr\/portfolio\/vautour\/\"><span class=\"num\">21<\/span> Vautour<\/a><\/li>\n<li><a href=\"https:\/\/www.molloparc.com\/fr\/portfolio\/chat-sauvage\/\"><span class=\"num\">23<\/span> Chat sauvage<\/a><\/li>\n<\/ul>\n<p><\/div><\/p>\n","protected":false},"excerpt":{"rendered":"<p>&nbsp;<\/p>\n","protected":false},"author":1,"featured_media":0,"parent":0,"menu_order":0,"comment_status":"open","ping_status":"closed","template":"page-templates\/template-full-width.php","meta":{"ngg_post_thumbnail":0},"yoast_head":"<!-- This site is optimized with the Yoast SEO plugin v19.13 - https:\/\/yoast.com\/wordpress\/plugins\/seo\/ -->\n<title>Mapa del parc | Moll\u00f3 Parc parc animalier des Pyr\u00e9n\u00e9es (vall\u00e9e de Camprodon)<\/title>\n<meta name=\"description\" content=\"Mapa Interactiu dels animals del Moll\u00f3 Parc\" \/>\n<meta name=\"robots\" content=\"index, follow, max-snippet:-1, max-image-preview:large, max-video-preview:-1\" \/>\n<link rel=\"canonical\" href=\"https:\/\/www.molloparc.com\/fr\/carta-interactive\/\" \/>\n<meta property=\"og:locale\" content=\"fr_FR\" \/>\n<meta property=\"og:type\" content=\"article\" \/>\n<meta property=\"og:title\" content=\"Mapa del parc | Moll\u00f3 Parc parc animalier des Pyr\u00e9n\u00e9es (vall\u00e9e de Camprodon)\" \/>\n<meta property=\"og:description\" content=\"Mapa Interactiu dels animals del Moll\u00f3 Parc\" \/>\n<meta property=\"og:url\" content=\"https:\/\/www.molloparc.com\/fr\/carta-interactive\/\" \/>\n<meta property=\"og:site_name\" content=\"Moll\u00f3 Parc\" \/>\n<meta property=\"article:modified_time\" content=\"2024-08-22T15:04:16+00:00\" \/>\n<meta property=\"og:image\" content=\"https:\/\/www.molloparc.com\/wp-content\/uploads\/2017\/04\/image003.jpg\" \/>\n<meta name=\"twitter:card\" content=\"summary_large_image\" \/>\n<meta name=\"twitter:label1\" content=\"Dur\u00e9e de lecture estim\u00e9e\" \/>\n\t<meta name=\"twitter:data1\" content=\"1 minute\" \/>\n<script type=\"application\/ld+json\" class=\"yoast-schema-graph\">{\"@context\":\"https:\/\/schema.org\",\"@graph\":[{\"@type\":\"WebPage\",\"@id\":\"https:\/\/www.molloparc.com\/fr\/carta-interactive\/\",\"url\":\"https:\/\/www.molloparc.com\/fr\/carta-interactive\/\",\"name\":\"Mapa del parc | Moll\u00f3 Parc parc animalier des Pyr\u00e9n\u00e9es (vall\u00e9e de Camprodon)\",\"isPartOf\":{\"@id\":\"https:\/\/www.molloparc.com\/#website\"},\"datePublished\":\"2017-07-25T07:46:41+00:00\",\"dateModified\":\"2024-08-22T15:04:16+00:00\",\"description\":\"Mapa Interactiu dels animals del Moll\u00f3 Parc\",\"breadcrumb\":{\"@id\":\"https:\/\/www.molloparc.com\/fr\/carta-interactive\/#breadcrumb\"},\"inLanguage\":\"fr-FR\",\"potentialAction\":[{\"@type\":\"ReadAction\",\"target\":[\"https:\/\/www.molloparc.com\/fr\/carta-interactive\/\"]}]},{\"@type\":\"BreadcrumbList\",\"@id\":\"https:\/\/www.molloparc.com\/fr\/carta-interactive\/#breadcrumb\",\"itemListElement\":[{\"@type\":\"ListItem\",\"position\":1,\"name\":\"Inici\",\"item\":\"https:\/\/www.molloparc.com\/fr\/\"},{\"@type\":\"ListItem\",\"position\":2,\"name\":\"CARTA INTERACTIVE\"}]},{\"@type\":\"WebSite\",\"@id\":\"https:\/\/www.molloparc.com\/#website\",\"url\":\"https:\/\/www.molloparc.com\/\",\"name\":\"Moll\u00f3 Parc\",\"description\":\"Parc d&#039;animals dels Prineus a la Vall de Camprodon\",\"potentialAction\":[{\"@type\":\"SearchAction\",\"target\":{\"@type\":\"EntryPoint\",\"urlTemplate\":\"https:\/\/www.molloparc.com\/?s={search_term_string}\"},\"query-input\":\"required name=search_term_string\"}],\"inLanguage\":\"fr-FR\"}]}<\/script>\n<!-- \/ Yoast SEO plugin. -->","yoast_head_json":{"title":"Mapa del parc | Moll\u00f3 Parc parc animalier des Pyr\u00e9n\u00e9es (vall\u00e9e de Camprodon)","description":"Mapa Interactiu dels animals del Moll\u00f3 Parc","robots":{"index":"index","follow":"follow","max-snippet":"max-snippet:-1","max-image-preview":"max-image-preview:large","max-video-preview":"max-video-preview:-1"},"canonical":"https:\/\/www.molloparc.com\/fr\/carta-interactive\/","og_locale":"fr_FR","og_type":"article","og_title":"Mapa del parc | Moll\u00f3 Parc parc animalier des Pyr\u00e9n\u00e9es (vall\u00e9e de Camprodon)","og_description":"Mapa Interactiu dels animals del Moll\u00f3 Parc","og_url":"https:\/\/www.molloparc.com\/fr\/carta-interactive\/","og_site_name":"Moll\u00f3 Parc","article_modified_time":"2024-08-22T15:04:16+00:00","og_image":[{"url":"https:\/\/www.molloparc.com\/wp-content\/uploads\/2017\/04\/image003.jpg"}],"twitter_card":"summary_large_image","twitter_misc":{"Dur\u00e9e de lecture estim\u00e9e":"1 minute"},"schema":{"@context":"https:\/\/schema.org","@graph":[{"@type":"WebPage","@id":"https:\/\/www.molloparc.com\/fr\/carta-interactive\/","url":"https:\/\/www.molloparc.com\/fr\/carta-interactive\/","name":"Mapa del parc | Moll\u00f3 Parc parc animalier des Pyr\u00e9n\u00e9es (vall\u00e9e de Camprodon)","isPartOf":{"@id":"https:\/\/www.molloparc.com\/#website"},"datePublished":"2017-07-25T07:46:41+00:00","dateModified":"2024-08-22T15:04:16+00:00","description":"Mapa Interactiu dels animals del Moll\u00f3 Parc","breadcrumb":{"@id":"https:\/\/www.molloparc.com\/fr\/carta-interactive\/#breadcrumb"},"inLanguage":"fr-FR","potentialAction":[{"@type":"ReadAction","target":["https:\/\/www.molloparc.com\/fr\/carta-interactive\/"]}]},{"@type":"BreadcrumbList","@id":"https:\/\/www.molloparc.com\/fr\/carta-interactive\/#breadcrumb","itemListElement":[{"@type":"ListItem","position":1,"name":"Inici","item":"https:\/\/www.molloparc.com\/fr\/"},{"@type":"ListItem","position":2,"name":"CARTA INTERACTIVE"}]},{"@type":"WebSite","@id":"https:\/\/www.molloparc.com\/#website","url":"https:\/\/www.molloparc.com\/","name":"Moll\u00f3 Parc","description":"Parc d&#039;animals dels Prineus a la Vall de Camprodon","potentialAction":[{"@type":"SearchAction","target":{"@type":"EntryPoint","urlTemplate":"https:\/\/www.molloparc.com\/?s={search_term_string}"},"query-input":"required name=search_term_string"}],"inLanguage":"fr-FR"}]}},"_links":{"self":[{"href":"https:\/\/www.molloparc.com\/fr\/wp-json\/wp\/v2\/pages\/4651"}],"collection":[{"href":"https:\/\/www.molloparc.com\/fr\/wp-json\/wp\/v2\/pages"}],"about":[{"href":"https:\/\/www.molloparc.com\/fr\/wp-json\/wp\/v2\/types\/page"}],"author":[{"embeddable":true,"href":"https:\/\/www.molloparc.com\/fr\/wp-json\/wp\/v2\/users\/1"}],"replies":[{"embeddable":true,"href":"https:\/\/www.molloparc.com\/fr\/wp-json\/wp\/v2\/comments?post=4651"}],"version-history":[{"count":5,"href":"https:\/\/www.molloparc.com\/fr\/wp-json\/wp\/v2\/pages\/4651\/revisions"}],"predecessor-version":[{"id":9111,"href":"https:\/\/www.molloparc.com\/fr\/wp-json\/wp\/v2\/pages\/4651\/revisions\/9111"}],"wp:attachment":[{"href":"https:\/\/www.molloparc.com\/fr\/wp-json\/wp\/v2\/media?parent=4651"}],"curies":[{"name":"wp","href":"https:\/\/api.w.org\/{rel}","templated":true}]}}