{"id":47,"date":"2014-03-01T14:54:40","date_gmt":"2014-03-01T14:54:40","guid":{"rendered":"https:\/\/www.molloparc.com\/?page_id=47"},"modified":"2025-03-26T15:46:20","modified_gmt":"2025-03-26T15:46:20","slug":"tarifs-et-horaires","status":"publish","type":"page","link":"https:\/\/www.molloparc.com\/fr\/tarifs-et-horaires\/","title":{"rendered":"TARIFS ET HORAIRES"},"content":{"rendered":"<div style=\"text-align: center;\"><span style=\"color: #ff0000;\"><strong><span style=\"font-size: 24px;\">POUR VENIR \u00c0 MOLL\u00d3 PARXC IL NE FAUT PAS RES\u00cbRVE<\/span><\/strong><\/span><\/div>\n<div style=\"text-align: center;\"><em>L\u2019entr\u00e9e se fermera deux heures et demie avant pour avoir du temps de faire le parcours.<\/em><\/div>\n<div style=\"text-align: center;\"><strong>OUVERT 361 jours \u00e0 l\u2019ann\u00e9e*<\/strong><\/div>\n<p style=\"text-align: center;\">Les tarifs indiqu\u00e9s dans ce paragraphe correspondent au Moll\u00f3 Parc&nbsp;Animaux . L\u2019entr\u00e9e au parc d\u2019aventure est ind\u00e9pendante, vous pouvez consulter les tarifs \u00e0&nbsp;<a href=\"http:\/\/www.molloparcaventura.com\/es\/tarifes-i-horaris\/\">Moll\u00f3 Parc Aventura<\/a>.<\/p>\n<p style=\"text-align: center;\"><div class=\"magaziner-column magaziner-one-fourth magaziner-column-first \"><br \/>\n<img decoding=\"async\" src=\"https:\/\/www.molloparc.com\/wp-content\/uploads\/2014\/03\/entree-mollo-parc-animax.png\" alt=\"entree-mollo-parc-animax\"><\/p>\n<p style=\"text-align: center;\"><strong>Visitez PARC D&rsquo;ANIMALS<\/strong><\/p>\n<p style=\"text-align: center;\">***<\/p>\n<ul>\n<li>Adultes du 14 a 64 ans : 18,00 \u20ac\/pers.<\/li>\n<li>Enfants de 3 \u00e0 13 ans : 13,50 \u20ac\/pers.<a href=\"https:\/\/www.molloparc.com\/fr\/politique-de-reductions\/\">Voir la politique de reductions.<\/a><\/li>\n<li>Enfants de moins de 3 ans: gratuit.<\/li>\n<li>\u00c0 partir de 65 ans: 13,50 \u20ac\/pers..<\/li>\n<li>Adultes avec diversit\u00e9 fonctionnelle: 13,50 \u20ac\/pers.<a href=\"https:\/\/www.molloparc.com\/fr\/politique-de-reductions\/\">Voir la politique de reductions.<\/a><\/li>\n<li>Enfants avec diversit\u00e9 fonctionnelle: 9,00 \u20ac\/pers.<a href=\"https:\/\/www.molloparc.com\/fr\/politique-de-reductions\/\">Voir la politique de reductions.<\/a><\/li>\n<\/ul>\n<p>*(Le parc met \u00e0 leur disposition un fauteuil \u00e9lectrique).<a href=\"https:\/\/www.molloparc.com\/fr\/contacte\/\">Avec r\u00e9serve pr\u00e9alable avec une anticipation de 7 jours au jour de la visite. )<\/a><\/p>\n<p><span style=\"line-height: 1.5em;\"><\/div><\/span><\/p>\n<p style=\"text-align: center;\"><div class=\"magaziner-column magaziner-one-fourth magaziner-column-second \"><br \/>\n<a href=\"https:\/\/www.molloparc.com\/wp-content\/uploads\/2018\/08\/abonament-anual-mollo-parc-FR.jpg\"><img decoding=\"async\" loading=\"lazy\" class=\"alignnone size-medium wp-image-5722\" src=\"https:\/\/www.molloparc.com\/wp-content\/uploads\/2018\/08\/abonament-anual-mollo-parc-FR-300x50.jpg\" alt=\"\" width=\"300\" height=\"50\"><\/a><\/p>\n<p style=\"text-align: center;\"><strong>Abonnement annuel au PARK OF ANIMALS<\/strong><\/p>\n<p style=\"text-align: center;\">***<\/p>\n<ul>\n<li>Adultes entre 14 et 64 ans (tous deux inclus): 51,00 \u20ac par pers.<\/li>\n<li>Enfants entre 3 et 13 ans (tous deux inclus): 39,00 \u20ac \/ pers.<\/li>\n<li>Les plus de 65 ans: 39,00 \u20ac \/ pers.<\/li>\n<\/ul>\n<p><span style=\"line-height: 1.5em;\"><\/div><\/span><\/p>\n<p style=\"text-align: center;\"><div class=\"magaziner-column magaziner-one-fourth magaziner-column-third \"><br \/>\n<img decoding=\"async\" src=\"https:\/\/www.molloparc.com\/wp-content\/uploads\/2014\/03\/entree-pour-des-groupes.png\" alt=\"entree-pour-des-groupes\"><\/p>\n<p style=\"text-align: center;\"><strong>\u00c9valuez la visite au PARK OF ANIMALS, UNIQUEMENT POUR LES GROUPES.<\/strong><\/p>\n<p style=\"text-align: center;\"><a href=\"https:\/\/www.molloparc.com\/fr\/politique-de-reductions\/\">Voir la politique de reductions.<\/a><\/p>\n<p style=\"text-align: center;\">***<\/p>\n<ul>\n<li>Adultes de 14 \u00e0 64 ans (tous deux inclus): 15,00 \u20ac par pers.<\/li>\n<li>Enfants entre 3 et 13 ans (tous deux inclus): 11,00 \u20ac par pers.<\/li>\n<li>Enfants de moins de 3 ans (maximum 4 enfants par groupe): gratuit.<\/li>\n<li>Les plus de 65 ans: 11,00 \u20ac par personne.<\/li>\n<li>Adultes avec diversit\u00e9 fonctionnelle: 11,00 \u20ac \/ pers.<\/li>\n<li>Enfants avec diversit\u00e9 fonctionnelle: 7,50 \u20ac \/ pers.<\/li>\n<\/ul>\n<p><strong>A partir de 20 personne<\/strong>s, pour \u00eatre admissible \u00e0 ces prix, il est obligatoire de faire une r\u00e9servation pr\u00e9alable avec une avance de 7 jours par jour de la visite.<\/p>\n<p><\/div><\/p>\n<p style=\"text-align: center;\"><div class=\"magaziner-column magaziner-one-fourth magaziner-column-last \"><\/p>\n<p style=\"text-align: center;\"><img decoding=\"async\" src=\"https:\/\/www.molloparc.com\/wp-content\/uploads\/2014\/03\/entree-mollo-parc-aventura.png\" alt=\"entree-mollo-parc-aventura\"><\/p>\n<p style=\"text-align: center;\"><strong>Tarif MOLL\u00d3 PARC AVENTURA<\/strong><\/p>\n<p style=\"text-align: center;\">***<\/p>\n<p>V\u00e9rifiez les prix et les r\u00e9ductions pour venir \u00e0 Moll\u00f3 Parc Aventura ici.<\/p>\n<p>Les r\u00e9ductions s&rsquo;appliquent \u00e0 l&rsquo;entr\u00e9e du Mollo Parc Aventura au cas o\u00f9 les animaux du parc Mollo auraient \u00e9t\u00e9 visit\u00e9s le m\u00eame jour et pr\u00e9senteraient le billet \u00e0 l&rsquo;entr\u00e9e.<\/p>\n<p><\/div><\/p>\n<hr class=\"magaziner-spacing \" style=\"height: 650px\" \/>\n<div style=\"text-align: center;\"><u><a href=\"https:\/\/www.molloparc.com\/fr\/politique-de-reductions\/\" target=\"_blank\" rel=\"noopener\"><span style=\"font-size: 36px;\"><span style=\"color: #fff0f5;\"><span style=\"background-color: #ff0000;\">&nbsp; &nbsp;POLITIQUE DE REMISE APPLICABLE <\/span><\/span><\/span><\/a><\/u><\/div>\n<hr class=\"magaziner-spacing \" style=\"height: 800px\" \/>\n<p>\u00c0 des dates de haute affluence touristique \u00e0 la vall\u00e9e, et en moments ponctuels, le parc ne peut pas garantir l\u2019encaissement avec carte bancaire d\u00fb \u00e0 des probl\u00e8mes de couverture&nbsp;wifi&nbsp;et t\u00e9l\u00e9phonique externes au parc. On conseille de pr\u00e9venir un possible paiement en esp\u00e8ces. Beaucoup.<\/p>\n<hr class=\"magaziner-spacing \" style=\"height: 40px\" \/>\n<p>&nbsp;<\/p>\n","protected":false},"excerpt":{"rendered":"<p>POUR VENIR \u00c0 MOLL\u00d3 PARXC IL NE FAUT PAS RES\u00cbRVE L\u2019entr\u00e9e se fermera deux heures et demie avant pour avoir du temps de faire le parcours. OUVERT 361 jours \u00e0 l\u2019ann\u00e9e* Les tarifs indiqu\u00e9s dans ce paragraphe correspondent au Moll\u00f3 Parc&nbsp;Animaux . L\u2019entr\u00e9e au parc d\u2019aventure est ind\u00e9pendante, vous pouvez consulter les tarifs \u00e0&nbsp;Moll\u00f3 Parc [&hellip;]<\/p>\n","protected":false},"author":1,"featured_media":0,"parent":0,"menu_order":0,"comment_status":"open","ping_status":"closed","template":"page-templates\/template-full-width.php","meta":{"ngg_post_thumbnail":0},"yoast_head":"<!-- This site is optimized with the Yoast SEO plugin v19.13 - https:\/\/yoast.com\/wordpress\/plugins\/seo\/ -->\n<title>TARIFS ET HORAIRES - Moll\u00f3 Parc<\/title>\n<meta name=\"robots\" content=\"index, follow, max-snippet:-1, max-image-preview:large, max-video-preview:-1\" \/>\n<link rel=\"canonical\" href=\"https:\/\/www.molloparc.com\/fr\/tarifs-et-horaires\/\" \/>\n<meta property=\"og:locale\" content=\"fr_FR\" \/>\n<meta property=\"og:type\" content=\"article\" \/>\n<meta property=\"og:title\" content=\"TARIFS ET HORAIRES - Moll\u00f3 Parc\" \/>\n<meta property=\"og:description\" content=\"POUR VENIR \u00c0 MOLL\u00d3 PARXC IL NE FAUT PAS RES\u00cbRVE L\u2019entr\u00e9e se fermera deux heures et demie avant pour avoir du temps de faire le parcours. OUVERT 361 jours \u00e0 l\u2019ann\u00e9e* Les tarifs indiqu\u00e9s dans ce paragraphe correspondent au Moll\u00f3 Parc&nbsp;Animaux . L\u2019entr\u00e9e au parc d\u2019aventure est ind\u00e9pendante, vous pouvez consulter les tarifs \u00e0&nbsp;Moll\u00f3 Parc [&hellip;]\" \/>\n<meta property=\"og:url\" content=\"https:\/\/www.molloparc.com\/fr\/tarifs-et-horaires\/\" \/>\n<meta property=\"og:site_name\" content=\"Moll\u00f3 Parc\" \/>\n<meta property=\"article:modified_time\" content=\"2025-03-26T15:46:20+00:00\" \/>\n<meta property=\"og:image\" content=\"https:\/\/www.molloparc.com\/wp-content\/uploads\/2014\/03\/entree-mollo-parc-animax.png\" \/>\n<meta name=\"twitter:card\" content=\"summary_large_image\" \/>\n<meta name=\"twitter:label1\" content=\"Dur\u00e9e de lecture estim\u00e9e\" \/>\n\t<meta name=\"twitter:data1\" content=\"4 minutes\" \/>\n<script type=\"application\/ld+json\" class=\"yoast-schema-graph\">{\"@context\":\"https:\/\/schema.org\",\"@graph\":[{\"@type\":\"WebPage\",\"@id\":\"https:\/\/www.molloparc.com\/fr\/tarifs-et-horaires\/\",\"url\":\"https:\/\/www.molloparc.com\/fr\/tarifs-et-horaires\/\",\"name\":\"TARIFS ET HORAIRES - Moll\u00f3 Parc\",\"isPartOf\":{\"@id\":\"https:\/\/www.molloparc.com\/#website\"},\"datePublished\":\"2014-03-01T14:54:40+00:00\",\"dateModified\":\"2025-03-26T15:46:20+00:00\",\"breadcrumb\":{\"@id\":\"https:\/\/www.molloparc.com\/fr\/tarifs-et-horaires\/#breadcrumb\"},\"inLanguage\":\"fr-FR\",\"potentialAction\":[{\"@type\":\"ReadAction\",\"target\":[\"https:\/\/www.molloparc.com\/fr\/tarifs-et-horaires\/\"]}]},{\"@type\":\"BreadcrumbList\",\"@id\":\"https:\/\/www.molloparc.com\/fr\/tarifs-et-horaires\/#breadcrumb\",\"itemListElement\":[{\"@type\":\"ListItem\",\"position\":1,\"name\":\"Inici\",\"item\":\"https:\/\/www.molloparc.com\/fr\/\"},{\"@type\":\"ListItem\",\"position\":2,\"name\":\"TARIFS ET HORAIRES\"}]},{\"@type\":\"WebSite\",\"@id\":\"https:\/\/www.molloparc.com\/#website\",\"url\":\"https:\/\/www.molloparc.com\/\",\"name\":\"Moll\u00f3 Parc\",\"description\":\"Parc d&#039;animals dels Prineus a la Vall de Camprodon\",\"potentialAction\":[{\"@type\":\"SearchAction\",\"target\":{\"@type\":\"EntryPoint\",\"urlTemplate\":\"https:\/\/www.molloparc.com\/?s={search_term_string}\"},\"query-input\":\"required name=search_term_string\"}],\"inLanguage\":\"fr-FR\"}]}<\/script>\n<!-- \/ Yoast SEO plugin. -->","yoast_head_json":{"title":"TARIFS ET HORAIRES - Moll\u00f3 Parc","robots":{"index":"index","follow":"follow","max-snippet":"max-snippet:-1","max-image-preview":"max-image-preview:large","max-video-preview":"max-video-preview:-1"},"canonical":"https:\/\/www.molloparc.com\/fr\/tarifs-et-horaires\/","og_locale":"fr_FR","og_type":"article","og_title":"TARIFS ET HORAIRES - Moll\u00f3 Parc","og_description":"POUR VENIR \u00c0 MOLL\u00d3 PARXC IL NE FAUT PAS RES\u00cbRVE L\u2019entr\u00e9e se fermera deux heures et demie avant pour avoir du temps de faire le parcours. OUVERT 361 jours \u00e0 l\u2019ann\u00e9e* Les tarifs indiqu\u00e9s dans ce paragraphe correspondent au Moll\u00f3 Parc&nbsp;Animaux . L\u2019entr\u00e9e au parc d\u2019aventure est ind\u00e9pendante, vous pouvez consulter les tarifs \u00e0&nbsp;Moll\u00f3 Parc [&hellip;]","og_url":"https:\/\/www.molloparc.com\/fr\/tarifs-et-horaires\/","og_site_name":"Moll\u00f3 Parc","article_modified_time":"2025-03-26T15:46:20+00:00","og_image":[{"url":"https:\/\/www.molloparc.com\/wp-content\/uploads\/2014\/03\/entree-mollo-parc-animax.png"}],"twitter_card":"summary_large_image","twitter_misc":{"Dur\u00e9e de lecture estim\u00e9e":"4 minutes"},"schema":{"@context":"https:\/\/schema.org","@graph":[{"@type":"WebPage","@id":"https:\/\/www.molloparc.com\/fr\/tarifs-et-horaires\/","url":"https:\/\/www.molloparc.com\/fr\/tarifs-et-horaires\/","name":"TARIFS ET HORAIRES - Moll\u00f3 Parc","isPartOf":{"@id":"https:\/\/www.molloparc.com\/#website"},"datePublished":"2014-03-01T14:54:40+00:00","dateModified":"2025-03-26T15:46:20+00:00","breadcrumb":{"@id":"https:\/\/www.molloparc.com\/fr\/tarifs-et-horaires\/#breadcrumb"},"inLanguage":"fr-FR","potentialAction":[{"@type":"ReadAction","target":["https:\/\/www.molloparc.com\/fr\/tarifs-et-horaires\/"]}]},{"@type":"BreadcrumbList","@id":"https:\/\/www.molloparc.com\/fr\/tarifs-et-horaires\/#breadcrumb","itemListElement":[{"@type":"ListItem","position":1,"name":"Inici","item":"https:\/\/www.molloparc.com\/fr\/"},{"@type":"ListItem","position":2,"name":"TARIFS ET HORAIRES"}]},{"@type":"WebSite","@id":"https:\/\/www.molloparc.com\/#website","url":"https:\/\/www.molloparc.com\/","name":"Moll\u00f3 Parc","description":"Parc d&#039;animals dels Prineus a la Vall de Camprodon","potentialAction":[{"@type":"SearchAction","target":{"@type":"EntryPoint","urlTemplate":"https:\/\/www.molloparc.com\/?s={search_term_string}"},"query-input":"required name=search_term_string"}],"inLanguage":"fr-FR"}]}},"_links":{"self":[{"href":"https:\/\/www.molloparc.com\/fr\/wp-json\/wp\/v2\/pages\/47"}],"collection":[{"href":"https:\/\/www.molloparc.com\/fr\/wp-json\/wp\/v2\/pages"}],"about":[{"href":"https:\/\/www.molloparc.com\/fr\/wp-json\/wp\/v2\/types\/page"}],"author":[{"embeddable":true,"href":"https:\/\/www.molloparc.com\/fr\/wp-json\/wp\/v2\/users\/1"}],"replies":[{"embeddable":true,"href":"https:\/\/www.molloparc.com\/fr\/wp-json\/wp\/v2\/comments?post=47"}],"version-history":[{"count":47,"href":"https:\/\/www.molloparc.com\/fr\/wp-json\/wp\/v2\/pages\/47\/revisions"}],"predecessor-version":[{"id":9348,"href":"https:\/\/www.molloparc.com\/fr\/wp-json\/wp\/v2\/pages\/47\/revisions\/9348"}],"wp:attachment":[{"href":"https:\/\/www.molloparc.com\/fr\/wp-json\/wp\/v2\/media?parent=47"}],"curies":[{"name":"wp","href":"https:\/\/api.w.org\/{rel}","templated":true}]}}