{"id":487,"date":"2014-03-01T14:35:06","date_gmt":"2014-03-01T14:35:06","guid":{"rendered":"https:\/\/www.molloparc.com\/?page_id=487"},"modified":"2021-12-01T11:36:52","modified_gmt":"2021-12-01T11:36:52","slug":"parc-animalier-pyrenees","status":"publish","type":"page","link":"https:\/\/www.molloparc.com\/fr\/parc-animalier-pyrenees\/","title":{"rendered":"LE PARC ANIMALIER DE PYR\u00c9N\u00c9ES-"},"content":{"rendered":"<div class=\"title_bg\">\n<h1>MOLL\u00d3 PARC- LE PARC ANIMALIER DE PYR\u00c9N\u00c9ES-<\/h1>\n<\/div>\n<p style=\"text-align: center;\"><span style=\"font-size: 32px;\"><span style=\"font-size: 42px;\"><strong><span style=\"color: #99cc00;\">Moll\u00f3 Parc, <strong>ouvert 360 jours \u00e0 l\u2019ann\u00e9e<\/strong>!<\/span><\/strong><\/span><\/span><\/p>\n<p style=\"text-align: center;\"><span style=\"font-size: 32px;\"><span style=\"font-size: 32px;\"><strong><span style=\"color: #99cc00;\">VIENS QUAND TU VOUDRAS!!!<\/span><\/strong><\/span><\/span><\/p>\n<p style=\"text-align: center;\"><span style=\"color: #ff0000;\"><span style=\"font-size: 26px;\">L\u2019entr\u00e9e sera ferm\u00e9e deux heures avant laisser le temps d\u2019effectuer le parcours.<\/span><\/span><\/p>\n<p style=\"text-align: center;\"><span style=\"color: #ff0000;\">(Il ne faut pas faire r\u00e9serve pr\u00e9alable)<\/span><\/p>\n<p><div class=\"magaziner-column magaziner-two-fifth magaziner-column-first \"><img decoding=\"async\" loading=\"lazy\" class=\"alignnone size-full wp-image-225\" title=\"LE PARC ANIMALIER DE PYR\u00c9N\u00c9ES-\" src=\"https:\/\/www.molloparc.com\/wp-content\/uploads\/2014\/03\/elparc.jpg\" alt=\"LE PARC ANIMALIER DE PYR\u00c9N\u00c9ES-\" width=\"252\" height=\"206\" \/><\/p>\n<p><strong>Moll\u00f3 Parc<\/strong>\u00a0n&rsquo;est ni un zoo ni un parc th\u00e9matique. C&rsquo;est un Parc Naturel situ\u00e9 dans une for\u00eat o\u00f9 l&rsquo;animation na\u00eet de l&rsquo;espace lui-m\u00eame, de par sa faune et sa flore. Un parc o\u00f9 le visiteur n&rsquo;est pas un quelconque spectateur mais devient un acteur de son propre parcours au grand air alors qu&rsquo;il se prom\u00e8ne dans la for\u00eat et les pr\u00e9s qui occupent le c\u0153ur du Vall de Camprodon.<\/p>\n<p><\/div><div class=\"magaziner-column magaziner-three-fifth magaziner-column-last \"><strong>Moll\u00f3 Parc<\/strong>\u00a0s&rsquo;\u00e9tend sur 10 hectares, sur la commune de Moll\u00f3 (Ripoll\u00e8s), \u00e0 quelques 600 m\u00e8tres de la localit\u00e9. Un parcours \u00e9tudi\u00e9, d&rsquo;une dur\u00e9e de 2 ou 3 heures, permet d&rsquo;admirer la nature. Mais si le visiteur veut passer la journ\u00e9e, le\u00a0<strong>Moll\u00f3 Parc<\/strong>\u00a0dispose de zones de repos et d&rsquo;une caf\u00e9t\u00e9ria o\u00f9 acheter sandwichs chauds ou froids, rafra\u00eechissements, caf\u00e9s et glaces \u00e0 consommer sur la zone de pique-nique.<\/p>\n<p>Le parcours signalis\u00e9 permet de cheminer entre cerfs, daims et chevreuils, de les voir manger et se reposer, jouer, soigner leurs petits et cohabiter. Le parc guide aussi le visiteur vers l&rsquo;enclos des caprins, occup\u00e9 par la ch\u00e8vre hispanique, et d&rsquo;autres enclos o\u00f9 vivent mouflons, ours, isards et marmottes.<\/p>\n<p>Amoureux de la nature, randonneurs, montagnards et un public fait de jeunes et d&rsquo;enfants viennent ici, au\u00a0<strong>Moll\u00f3 Parc<\/strong>; un public pour lequel ont \u00e9t\u00e9 con\u00e7ues des propositions \u00e9ducatives et culturelles diverses. En ce sens, au cours du parcours et par le biais de diverses activit\u00e9s, le visiteur peut appr\u00e9cier la flore, apprendre \u00e0 distinguer pins, ch\u00eanes, yeuses, fr\u00eanes, houx, peupliers, h\u00eatres, etc.; et \u00e0 appr\u00e9cier ses pr\u00e8s et le charme de la for\u00eat mixte des Pyr\u00e9n\u00e9es.<\/div><\/p>\n","protected":false},"excerpt":{"rendered":"<p>MOLL\u00d3 PARC- LE PARC ANIMALIER DE PYR\u00c9N\u00c9ES- Moll\u00f3 Parc, ouvert 360 jours \u00e0 l\u2019ann\u00e9e! VIENS QUAND TU VOUDRAS!!! L\u2019entr\u00e9e sera ferm\u00e9e deux heures avant laisser le temps d\u2019effectuer le parcours. (Il ne faut pas faire r\u00e9serve pr\u00e9alable)<\/p>\n","protected":false},"author":1,"featured_media":0,"parent":0,"menu_order":0,"comment_status":"closed","ping_status":"closed","template":"","meta":{"ngg_post_thumbnail":0},"yoast_head":"<!-- This site is optimized with the Yoast SEO plugin v19.13 - https:\/\/yoast.com\/wordpress\/plugins\/seo\/ -->\n<title>Le Parc animalier de Pyr\u00e9n\u00e9es| Moll\u00f3 Parc (Vall\u00e9e de Camprodon)<\/title>\n<meta name=\"description\" content=\"Moll\u00f3 Parc n&#039;est ni un zoo ni un parc th\u00e9matique. C&#039;est un Parc Naturel situ\u00e9 dans une for\u00eat o\u00f9 l&#039;animation na\u00eet de l&#039;espace lui-m\u00eame, de par sa faune et sa flore.\" \/>\n<meta name=\"robots\" content=\"index, follow, max-snippet:-1, max-image-preview:large, max-video-preview:-1\" \/>\n<link rel=\"canonical\" href=\"https:\/\/www.molloparc.com\/fr\/parc-animalier-pyrenees\/\" \/>\n<meta property=\"og:locale\" content=\"fr_FR\" \/>\n<meta property=\"og:type\" content=\"article\" \/>\n<meta property=\"og:title\" content=\"Le Parc animalier de Pyr\u00e9n\u00e9es| Moll\u00f3 Parc (Vall\u00e9e de Camprodon)\" \/>\n<meta property=\"og:description\" content=\"Moll\u00f3 Parc n&#039;est ni un zoo ni un parc th\u00e9matique. C&#039;est un Parc Naturel situ\u00e9 dans une for\u00eat o\u00f9 l&#039;animation na\u00eet de l&#039;espace lui-m\u00eame, de par sa faune et sa flore.\" \/>\n<meta property=\"og:url\" content=\"https:\/\/www.molloparc.com\/fr\/parc-animalier-pyrenees\/\" \/>\n<meta property=\"og:site_name\" content=\"Moll\u00f3 Parc\" \/>\n<meta property=\"article:modified_time\" content=\"2021-12-01T11:36:52+00:00\" \/>\n<meta property=\"og:image\" content=\"https:\/\/www.molloparc.com\/wp-content\/uploads\/2014\/03\/elparc.jpg\" \/>\n<meta name=\"twitter:card\" content=\"summary_large_image\" \/>\n<meta name=\"twitter:label1\" content=\"Dur\u00e9e de lecture estim\u00e9e\" \/>\n\t<meta name=\"twitter:data1\" content=\"2 minutes\" \/>\n<script type=\"application\/ld+json\" class=\"yoast-schema-graph\">{\"@context\":\"https:\/\/schema.org\",\"@graph\":[{\"@type\":\"WebPage\",\"@id\":\"https:\/\/www.molloparc.com\/fr\/parc-animalier-pyrenees\/\",\"url\":\"https:\/\/www.molloparc.com\/fr\/parc-animalier-pyrenees\/\",\"name\":\"Le Parc animalier de Pyr\u00e9n\u00e9es| Moll\u00f3 Parc (Vall\u00e9e de Camprodon)\",\"isPartOf\":{\"@id\":\"https:\/\/www.molloparc.com\/#website\"},\"datePublished\":\"2014-03-01T14:35:06+00:00\",\"dateModified\":\"2021-12-01T11:36:52+00:00\",\"description\":\"Moll\u00f3 Parc n'est ni un zoo ni un parc th\u00e9matique. C'est un Parc Naturel situ\u00e9 dans une for\u00eat o\u00f9 l'animation na\u00eet de l'espace lui-m\u00eame, de par sa faune et sa flore.\",\"breadcrumb\":{\"@id\":\"https:\/\/www.molloparc.com\/fr\/parc-animalier-pyrenees\/#breadcrumb\"},\"inLanguage\":\"fr-FR\",\"potentialAction\":[{\"@type\":\"ReadAction\",\"target\":[\"https:\/\/www.molloparc.com\/fr\/parc-animalier-pyrenees\/\"]}]},{\"@type\":\"BreadcrumbList\",\"@id\":\"https:\/\/www.molloparc.com\/fr\/parc-animalier-pyrenees\/#breadcrumb\",\"itemListElement\":[{\"@type\":\"ListItem\",\"position\":1,\"name\":\"Inici\",\"item\":\"https:\/\/www.molloparc.com\/fr\/\"},{\"@type\":\"ListItem\",\"position\":2,\"name\":\"LE PARC ANIMALIER DE PYR\u00c9N\u00c9ES-\"}]},{\"@type\":\"WebSite\",\"@id\":\"https:\/\/www.molloparc.com\/#website\",\"url\":\"https:\/\/www.molloparc.com\/\",\"name\":\"Moll\u00f3 Parc\",\"description\":\"Parc d&#039;animals dels Prineus a la Vall de Camprodon\",\"potentialAction\":[{\"@type\":\"SearchAction\",\"target\":{\"@type\":\"EntryPoint\",\"urlTemplate\":\"https:\/\/www.molloparc.com\/?s={search_term_string}\"},\"query-input\":\"required name=search_term_string\"}],\"inLanguage\":\"fr-FR\"}]}<\/script>\n<!-- \/ Yoast SEO plugin. -->","yoast_head_json":{"title":"Le Parc animalier de Pyr\u00e9n\u00e9es| Moll\u00f3 Parc (Vall\u00e9e de Camprodon)","description":"Moll\u00f3 Parc n'est ni un zoo ni un parc th\u00e9matique. C'est un Parc Naturel situ\u00e9 dans une for\u00eat o\u00f9 l'animation na\u00eet de l'espace lui-m\u00eame, de par sa faune et sa flore.","robots":{"index":"index","follow":"follow","max-snippet":"max-snippet:-1","max-image-preview":"max-image-preview:large","max-video-preview":"max-video-preview:-1"},"canonical":"https:\/\/www.molloparc.com\/fr\/parc-animalier-pyrenees\/","og_locale":"fr_FR","og_type":"article","og_title":"Le Parc animalier de Pyr\u00e9n\u00e9es| Moll\u00f3 Parc (Vall\u00e9e de Camprodon)","og_description":"Moll\u00f3 Parc n'est ni un zoo ni un parc th\u00e9matique. C'est un Parc Naturel situ\u00e9 dans une for\u00eat o\u00f9 l'animation na\u00eet de l'espace lui-m\u00eame, de par sa faune et sa flore.","og_url":"https:\/\/www.molloparc.com\/fr\/parc-animalier-pyrenees\/","og_site_name":"Moll\u00f3 Parc","article_modified_time":"2021-12-01T11:36:52+00:00","og_image":[{"url":"https:\/\/www.molloparc.com\/wp-content\/uploads\/2014\/03\/elparc.jpg"}],"twitter_card":"summary_large_image","twitter_misc":{"Dur\u00e9e de lecture estim\u00e9e":"2 minutes"},"schema":{"@context":"https:\/\/schema.org","@graph":[{"@type":"WebPage","@id":"https:\/\/www.molloparc.com\/fr\/parc-animalier-pyrenees\/","url":"https:\/\/www.molloparc.com\/fr\/parc-animalier-pyrenees\/","name":"Le Parc animalier de Pyr\u00e9n\u00e9es| Moll\u00f3 Parc (Vall\u00e9e de Camprodon)","isPartOf":{"@id":"https:\/\/www.molloparc.com\/#website"},"datePublished":"2014-03-01T14:35:06+00:00","dateModified":"2021-12-01T11:36:52+00:00","description":"Moll\u00f3 Parc n'est ni un zoo ni un parc th\u00e9matique. C'est un Parc Naturel situ\u00e9 dans une for\u00eat o\u00f9 l'animation na\u00eet de l'espace lui-m\u00eame, de par sa faune et sa flore.","breadcrumb":{"@id":"https:\/\/www.molloparc.com\/fr\/parc-animalier-pyrenees\/#breadcrumb"},"inLanguage":"fr-FR","potentialAction":[{"@type":"ReadAction","target":["https:\/\/www.molloparc.com\/fr\/parc-animalier-pyrenees\/"]}]},{"@type":"BreadcrumbList","@id":"https:\/\/www.molloparc.com\/fr\/parc-animalier-pyrenees\/#breadcrumb","itemListElement":[{"@type":"ListItem","position":1,"name":"Inici","item":"https:\/\/www.molloparc.com\/fr\/"},{"@type":"ListItem","position":2,"name":"LE PARC ANIMALIER DE PYR\u00c9N\u00c9ES-"}]},{"@type":"WebSite","@id":"https:\/\/www.molloparc.com\/#website","url":"https:\/\/www.molloparc.com\/","name":"Moll\u00f3 Parc","description":"Parc d&#039;animals dels Prineus a la Vall de Camprodon","potentialAction":[{"@type":"SearchAction","target":{"@type":"EntryPoint","urlTemplate":"https:\/\/www.molloparc.com\/?s={search_term_string}"},"query-input":"required name=search_term_string"}],"inLanguage":"fr-FR"}]}},"_links":{"self":[{"href":"https:\/\/www.molloparc.com\/fr\/wp-json\/wp\/v2\/pages\/487"}],"collection":[{"href":"https:\/\/www.molloparc.com\/fr\/wp-json\/wp\/v2\/pages"}],"about":[{"href":"https:\/\/www.molloparc.com\/fr\/wp-json\/wp\/v2\/types\/page"}],"author":[{"embeddable":true,"href":"https:\/\/www.molloparc.com\/fr\/wp-json\/wp\/v2\/users\/1"}],"replies":[{"embeddable":true,"href":"https:\/\/www.molloparc.com\/fr\/wp-json\/wp\/v2\/comments?post=487"}],"version-history":[{"count":8,"href":"https:\/\/www.molloparc.com\/fr\/wp-json\/wp\/v2\/pages\/487\/revisions"}],"predecessor-version":[{"id":6718,"href":"https:\/\/www.molloparc.com\/fr\/wp-json\/wp\/v2\/pages\/487\/revisions\/6718"}],"wp:attachment":[{"href":"https:\/\/www.molloparc.com\/fr\/wp-json\/wp\/v2\/media?parent=487"}],"curies":[{"name":"wp","href":"https:\/\/api.w.org\/{rel}","templated":true}]}}