{"id":5681,"date":"2018-08-02T11:12:24","date_gmt":"2018-08-02T11:12:24","guid":{"rendered":"https:\/\/www.molloparc.com\/politica-de-descomptes\/"},"modified":"2025-03-26T16:10:38","modified_gmt":"2025-03-26T16:10:38","slug":"politique-de-reductions","status":"publish","type":"page","link":"https:\/\/www.molloparc.com\/fr\/politique-de-reductions\/","title":{"rendered":"Politique de R\u00e9ductions"},"content":{"rendered":"<h1 style=\"text-align: center;\">Politique de R\u00e9ductions applicable aux tarifs du Moll\u00f3 Parc<\/h1>\n<p style=\"text-align: center;\">Moll\u00f3 Parc applique les r\u00e9ductions suivantes dans chaque type de billet.<\/p>\n<p style=\"text-align: center;\"><div class=\"magaziner-column magaziner-one-third magaziner-column-first \"><br \/>\n<img decoding=\"async\" loading=\"lazy\" class=\"aligncenter\" src=\"https:\/\/www.molloparc.com\/wp-content\/uploads\/2014\/03\/entree-mollo-parc-animax.png\" alt=\"entree-mollo-parc-animax\" width=\"300\" height=\"50\"><\/p>\n<p style=\"text-align: center;\"><strong>R\u00e9ductions pour la visite \u00e0 PARC D&rsquo;ANIMALS<\/strong><\/p>\n<p>&nbsp;<\/p>\n<p style=\"text-align: center;\">***<\/p>\n<ul>\n<li style=\"text-align: left;\">Enfants moins de 3 ans: gratuit.<\/li>\n<li style=\"text-align: left;\">Les grandes familles\/parent seul: les enfants 33%. ATTENTION : l\u2019escompte s\u2019appliquera seulement si l\u2019enfant va correctement document\u00e9 avec le carnet personnel ou familier de famille nombreuse et le DNI, en d\u00e9faut de ce dernier document un document s\u2019acceptera o\u00f9 figure nom accompli et il photographie du membre en question).<\/li>\n<li style=\"text-align: left;\">Adultes avec diversit\u00e9 fonctionnelle handicap\u00e9s (perte de 30% minimum). L\u2019escompte sera appliqu\u00e9 en pr\u00e9sentant la documentation accr\u00e9ditive (le parc met \u00e0 leur disposition un fauteuil \u00e9lectrique).<a href=\"https:\/\/www.molloparc.com\/fr\/contacte\/\">Avec r\u00e9serve pr\u00e9alable avec une anticipation de 7 jours au jour de la visite. )<\/a><\/li>\n<li style=\"text-align: left;\">Enfants avec diversit\u00e9 fonctionnelle (perte de 30% minimum). L\u2019escompte sera appliqu\u00e9 en pr\u00e9sentant la documentation accr\u00e9ditive (le parc met \u00e0 leur disposition un fauteuil \u00e9lectrique.<a href=\"https:\/\/www.molloparc.com\/fr\/contacte\/\">Avec r\u00e9serve pr\u00e9alable avec une anticipation de 7 jours au jour de la visite. )<\/a><\/li>\n<\/ul>\n<p>&nbsp;<\/p>\n<p><span style=\"line-height: 1.5em;\"><\/div><\/span><\/p>\n<p style=\"text-align: center;\"><div class=\"magaziner-column magaziner-one-third magaziner-column-second \"><br \/>\n<img decoding=\"async\" src=\"https:\/\/www.molloparc.com\/wp-content\/uploads\/2014\/03\/entree-pour-des-groupes.png\" alt=\"entree-pour-des-groupes\"><\/p>\n<p style=\"text-align: center;\"><strong>R\u00e9ductions pour la visite \u00e0 PARC D&rsquo;ANIMALS en groupe et sur r\u00e9servation.<\/strong><\/p>\n<p style=\"text-align: center;\">A partir de 20 personnes, pour \u00eatre admissible \u00e0 ces prix, il est obligatoire de faire une r\u00e9servation pr\u00e9alable avec une avance de 7 jours par jour de la visite.<\/p>\n<p style=\"text-align: center;\">***<\/p>\n<ul>\n<li>Enfants de moins de 3 ans (maximum 4 enfants par groupe): gratuit.<\/li>\n<li>Adultes avec diversit\u00e9 fonctionnelle (minimum 33% de personnes handicap\u00e9es). La remise sera appliqu\u00e9e en pr\u00e9sentant la documentation d&rsquo;accr\u00e9ditation. Le parc a une chaise \u00e9lectrique pour laisser le visiteur (<a href=\"https:\/\/www.molloparc.com\/fr\/contacte\/\">conseiller 7 jours \u00e0 l&rsquo;avance pour r\u00e9server<\/a>).<\/li>\n<li>Enfants avec diversit\u00e9 fonctionnelle handicap\u00e9s (handicap\u00e9s \u00e0 33% minimum). La remise sera appliqu\u00e9e en pr\u00e9sentant la documentation d&rsquo;accr\u00e9ditation. Le parc a une chaise \u00e9lectrique pour laisser le visiteus. (<a href=\"https:\/\/www.molloparc.com\/fr\/contacte\/\">conseiller 7 jours \u00e0 l&rsquo;avance pour r\u00e9server<\/a>).<\/li>\n<\/ul>\n<p>* Jusqu&rsquo;\u00e0 20 personnes, afin de pouvoir profiter de ces prix, il est obligatoire de faire une r\u00e9servation pr\u00e9alable avec une avance de 7 jours par jour de la visite.<\/p>\n<p><\/div><\/p>\n<p style=\"text-align: center;\"><div class=\"magaziner-column magaziner-one-third magaziner-column-last \"><br \/>\n<img decoding=\"async\" src=\"https:\/\/www.molloparc.com\/wp-content\/uploads\/2014\/03\/entree-mollo-parc-aventura.png\" alt=\"entree-mollo-parc-aventura\"><\/p>\n<p style=\"text-align: center;\"><strong>R\u00e9ductions pour MOLL\u00d3 PARC AVENTURA<\/strong><\/p>\n<p>&nbsp;<\/p>\n<p style=\"text-align: center;\">***<\/p>\n<p>Consulte les prix et escomptes&nbsp;pour venir au&nbsp;Moll\u00f3 Parc Aventura&nbsp;<a href=\"http:\/\/www.molloparcaventura.com\/es\/tarifes-i-horaris\/\">ici<\/a>.<\/p>\n<p>Les escomptes s\u2019appliquent \u00e0 l\u2019entr\u00e9e du&nbsp;Moll\u00f3 Parc&nbsp;aventure en cas que le&nbsp;Moll\u00f3 Parc&nbsp;se sera visit\u00e9 animaux le m\u00eame jour et pr\u00e9sentant le ticket de l\u2019entr\u00e9e.<\/p>\n<p><\/div><\/p>\n<p>&nbsp;<\/p>\n","protected":false},"excerpt":{"rendered":"<p>Politique de R\u00e9ductions applicable aux tarifs du Moll\u00f3 Parc Moll\u00f3 Parc applique les r\u00e9ductions suivantes dans chaque type de billet. &nbsp;<\/p>\n","protected":false},"author":2,"featured_media":0,"parent":0,"menu_order":0,"comment_status":"closed","ping_status":"closed","template":"page-templates\/template-full-width.php","meta":{"ngg_post_thumbnail":0},"yoast_head":"<!-- This site is optimized with the Yoast SEO plugin v19.13 - https:\/\/yoast.com\/wordpress\/plugins\/seo\/ -->\n<title>Politique de R\u00e9ductions - Moll\u00f3 Parc<\/title>\n<meta name=\"robots\" content=\"noindex, nofollow\" \/>\n<meta property=\"og:locale\" content=\"fr_FR\" \/>\n<meta property=\"og:type\" content=\"article\" \/>\n<meta property=\"og:title\" content=\"Politique de R\u00e9ductions - Moll\u00f3 Parc\" \/>\n<meta property=\"og:description\" content=\"Politique de R\u00e9ductions applicable aux tarifs du Moll\u00f3 Parc Moll\u00f3 Parc applique les r\u00e9ductions suivantes dans chaque type de billet. &nbsp;\" \/>\n<meta property=\"og:url\" content=\"https:\/\/www.molloparc.com\/fr\/politique-de-reductions\/\" \/>\n<meta property=\"og:site_name\" content=\"Moll\u00f3 Parc\" \/>\n<meta property=\"article:modified_time\" content=\"2025-03-26T16:10:38+00:00\" \/>\n<meta property=\"og:image\" content=\"https:\/\/www.molloparc.com\/wp-content\/uploads\/2014\/03\/entree-mollo-parc-animax.png\" \/>\n<meta name=\"twitter:card\" content=\"summary_large_image\" \/>\n<meta name=\"twitter:label1\" content=\"Dur\u00e9e de lecture estim\u00e9e\" \/>\n\t<meta name=\"twitter:data1\" content=\"3 minutes\" \/>\n<script type=\"application\/ld+json\" class=\"yoast-schema-graph\">{\"@context\":\"https:\/\/schema.org\",\"@graph\":[{\"@type\":\"WebPage\",\"@id\":\"https:\/\/www.molloparc.com\/fr\/politique-de-reductions\/\",\"url\":\"https:\/\/www.molloparc.com\/fr\/politique-de-reductions\/\",\"name\":\"Politique de R\u00e9ductions - Moll\u00f3 Parc\",\"isPartOf\":{\"@id\":\"https:\/\/www.molloparc.com\/#website\"},\"datePublished\":\"2018-08-02T11:12:24+00:00\",\"dateModified\":\"2025-03-26T16:10:38+00:00\",\"breadcrumb\":{\"@id\":\"https:\/\/www.molloparc.com\/fr\/politique-de-reductions\/#breadcrumb\"},\"inLanguage\":\"fr-FR\",\"potentialAction\":[{\"@type\":\"ReadAction\",\"target\":[\"https:\/\/www.molloparc.com\/fr\/politique-de-reductions\/\"]}]},{\"@type\":\"BreadcrumbList\",\"@id\":\"https:\/\/www.molloparc.com\/fr\/politique-de-reductions\/#breadcrumb\",\"itemListElement\":[{\"@type\":\"ListItem\",\"position\":1,\"name\":\"Inici\",\"item\":\"https:\/\/www.molloparc.com\/fr\/\"},{\"@type\":\"ListItem\",\"position\":2,\"name\":\"Politique de R\u00e9ductions\"}]},{\"@type\":\"WebSite\",\"@id\":\"https:\/\/www.molloparc.com\/#website\",\"url\":\"https:\/\/www.molloparc.com\/\",\"name\":\"Moll\u00f3 Parc\",\"description\":\"Parc d&#039;animals dels Prineus a la Vall de Camprodon\",\"potentialAction\":[{\"@type\":\"SearchAction\",\"target\":{\"@type\":\"EntryPoint\",\"urlTemplate\":\"https:\/\/www.molloparc.com\/?s={search_term_string}\"},\"query-input\":\"required name=search_term_string\"}],\"inLanguage\":\"fr-FR\"}]}<\/script>\n<!-- \/ Yoast SEO plugin. -->","yoast_head_json":{"title":"Politique de R\u00e9ductions - Moll\u00f3 Parc","robots":{"index":"noindex","follow":"nofollow"},"og_locale":"fr_FR","og_type":"article","og_title":"Politique de R\u00e9ductions - Moll\u00f3 Parc","og_description":"Politique de R\u00e9ductions applicable aux tarifs du Moll\u00f3 Parc Moll\u00f3 Parc applique les r\u00e9ductions suivantes dans chaque type de billet. &nbsp;","og_url":"https:\/\/www.molloparc.com\/fr\/politique-de-reductions\/","og_site_name":"Moll\u00f3 Parc","article_modified_time":"2025-03-26T16:10:38+00:00","og_image":[{"url":"https:\/\/www.molloparc.com\/wp-content\/uploads\/2014\/03\/entree-mollo-parc-animax.png"}],"twitter_card":"summary_large_image","twitter_misc":{"Dur\u00e9e de lecture estim\u00e9e":"3 minutes"},"schema":{"@context":"https:\/\/schema.org","@graph":[{"@type":"WebPage","@id":"https:\/\/www.molloparc.com\/fr\/politique-de-reductions\/","url":"https:\/\/www.molloparc.com\/fr\/politique-de-reductions\/","name":"Politique de R\u00e9ductions - Moll\u00f3 Parc","isPartOf":{"@id":"https:\/\/www.molloparc.com\/#website"},"datePublished":"2018-08-02T11:12:24+00:00","dateModified":"2025-03-26T16:10:38+00:00","breadcrumb":{"@id":"https:\/\/www.molloparc.com\/fr\/politique-de-reductions\/#breadcrumb"},"inLanguage":"fr-FR","potentialAction":[{"@type":"ReadAction","target":["https:\/\/www.molloparc.com\/fr\/politique-de-reductions\/"]}]},{"@type":"BreadcrumbList","@id":"https:\/\/www.molloparc.com\/fr\/politique-de-reductions\/#breadcrumb","itemListElement":[{"@type":"ListItem","position":1,"name":"Inici","item":"https:\/\/www.molloparc.com\/fr\/"},{"@type":"ListItem","position":2,"name":"Politique de R\u00e9ductions"}]},{"@type":"WebSite","@id":"https:\/\/www.molloparc.com\/#website","url":"https:\/\/www.molloparc.com\/","name":"Moll\u00f3 Parc","description":"Parc d&#039;animals dels Prineus a la Vall de Camprodon","potentialAction":[{"@type":"SearchAction","target":{"@type":"EntryPoint","urlTemplate":"https:\/\/www.molloparc.com\/?s={search_term_string}"},"query-input":"required name=search_term_string"}],"inLanguage":"fr-FR"}]}},"_links":{"self":[{"href":"https:\/\/www.molloparc.com\/fr\/wp-json\/wp\/v2\/pages\/5681"}],"collection":[{"href":"https:\/\/www.molloparc.com\/fr\/wp-json\/wp\/v2\/pages"}],"about":[{"href":"https:\/\/www.molloparc.com\/fr\/wp-json\/wp\/v2\/types\/page"}],"author":[{"embeddable":true,"href":"https:\/\/www.molloparc.com\/fr\/wp-json\/wp\/v2\/users\/2"}],"replies":[{"embeddable":true,"href":"https:\/\/www.molloparc.com\/fr\/wp-json\/wp\/v2\/comments?post=5681"}],"version-history":[{"count":8,"href":"https:\/\/www.molloparc.com\/fr\/wp-json\/wp\/v2\/pages\/5681\/revisions"}],"predecessor-version":[{"id":9351,"href":"https:\/\/www.molloparc.com\/fr\/wp-json\/wp\/v2\/pages\/5681\/revisions\/9351"}],"wp:attachment":[{"href":"https:\/\/www.molloparc.com\/fr\/wp-json\/wp\/v2\/media?parent=5681"}],"curies":[{"name":"wp","href":"https:\/\/api.w.org\/{rel}","templated":true}]}}